{"id":59987,"date":"2022-12-25T22:01:16","date_gmt":"2022-12-26T03:01:16","guid":{"rendered":"https:\/\/egyptianwisdomcenter.org\/?post_type=product&#038;p=59987"},"modified":"2024-06-01T04:34:18","modified_gmt":"2024-06-01T08:34:18","slug":"isis-the-divine-female","status":"publish","type":"product","link":"https:\/\/egyptianwisdomcenter.org\/es\/product\/isis-la-divina-hembra\/","title":{"rendered":"Isis: La Divina Hembra"},"content":{"rendered":"<div class=\"collapsible-synopsis gizmo-collapsible-with-header show-teaser open\" data-kobo-gizmo=\"Collapsible.Synopsis\" data-kobo-gizmo-config=\"{ &quot;isOpen&quot;: {&quot;small&quot;: false, &quot;medium&quot;: false, &quot;large&quot;: false, &quot;jumbo&quot;: false}, &quot;name&quot;: &quot;AboutItem&quot;, &quot;toggleClass&quot; : &quot;toggle-button-hitbox&quot; }\" data-gid=\"g_20\">\n<div class=\"synopsis-description\" translate=\"no\">\n<p>Esta edici\u00f3n ampliada del libro est\u00e1 dividida en ocho cap\u00edtulos y tres ap\u00e9ndices.<\/p>\n<p>Cap\u00edtulo 1: La Madre de la Creaci\u00f3n cubre el papel de Isis en la secuencia de la creaci\u00f3n, siendo una imagen de la totalidad de la creaci\u00f3n, y su relaci\u00f3n con Re y Osiris.<\/p>\n<p>Cap\u00edtulo 2: La Dualidad de Isis cubre su naturaleza dual b\u00e1sica como el Intelecto Divino, as\u00ed como en el ciclo de creaci\u00f3n y el \u00fatero universal.<\/p>\n<p>Cap\u00edtulo 3: Isis y Osiris: el d\u00fao din\u00e1mico cubre los roles combinados de Isis y Osiris en el desarrollo y generaci\u00f3n de todas las creaciones del universo.<\/p>\n<p>Cap\u00edtulo 4: Isis: La Virgen Madre de &#039;Dios&#039; cubre su papel en la Divina Inmaculada Concepci\u00f3n de su hijo Horus, el concepto de Virginidad, su huida y refugio, junto con su hijo beb\u00e9, de las amenazas de la fuerza del Mal y la sacrificio de la vida de su hijo.<\/p>\n<p>Cap\u00edtulo 5: La Numerolog\u00eda de Isis y Osiris cubre los n\u00fameros de Isis y Osiris (siendo 2 y 3, los n\u00fameros primarios de la creaci\u00f3n y el crecimiento) y c\u00f3mo estos dos n\u00fameros generan todas las formas, armon\u00edas musicales y los ritmos del universo. .<\/p>\n<p>Cap\u00edtulo 6: Multitud de atributos de Isis cubre diecis\u00e9is deidades femeninas, siendo la manifestaci\u00f3n de Isis como el principio femenino del universo creado.<\/p>\n<p>Cap\u00edtulo 7: El amado en todas las tierras cubre la difusi\u00f3n de la religi\u00f3n egipcia en todo el mundo, c\u00f3mo tales creencias perduran en el cristianismo y c\u00f3mo el cristianismo est\u00e1 adoptando las festividades religiosas relacionadas con Isis del antiguo Egipto para Mar\u00eda utilizando las mismas fechas que el calendario egipcio.<\/p>\n<p>Cap\u00edtulo 8: El Coraz\u00f3n Poderoso cubre el eterno y poderoso impacto de Isis en la humanidad como buscadora de consuelo y panacea.<\/p>\n<p>Ap\u00e9ndice 1: Alegor\u00eda y cosmolog\u00eda egipcia cubre c\u00f3mo las alegor\u00edas bien elaboradas son la mejor, si no la \u00fanica, manera de transmitir temas complejos para que todos obtengan informaci\u00f3n.<\/p>\n<p>Ap\u00e9ndice 2: La alegor\u00eda egipcia universal: Isis y Osiris cubre una versi\u00f3n abreviada de la historia de la alegor\u00eda egipcia de Isis y Osiris, con \u00e9nfasis en el papel de Isis como principio, manifestaciones y aplicaciones divinas femeninas. La narrativa est\u00e1 dividida en segmentos, cada uno seguido de una evaluaci\u00f3n metaf\u00edsica concisa de cada segmento.<\/p>\n<p>Ap\u00e9ndice 3: Coraz\u00f3n y alma: Reflexiones metaf\u00edsicas cubre los aspectos metaf\u00edsicos del coraz\u00f3n (Isis) y el alma (Osiris) y c\u00f3mo un ser humano es capaz de lograr la integraci\u00f3n del coraz\u00f3n y el alma en su interior.<\/p>\n<\/div>\n<\/div>","protected":false},"excerpt":{"rendered":"<div class=\"fb-page\" data-href=\"https:\/\/www.facebook.com\/IsisTheDivineFemale\" data-width=\"380\" data-hide-cover=\"false\" data-show-facepile=\"false\"><\/div>\n<p><span class=\"contributor-name-prefix\"><br \/>\npor<\/span>\u00a0<span class=\"visible-contributors\"><a class=\"contributor-name\" translate=\"no\" href=\"https:\/\/egyptianwisdomcenter.org\/es\/acerca-de\/\" data-force-track=\"\" data-track-info=\"{&quot;description&quot;:&quot;authorSearch&quot;,&quot;author&quot;:&quot;Moustafa Gadalla&quot;}\">Moustafa Gadalla<\/a><\/span><\/p>\n<hr \/>\n<p><strong>BREVE DESCRIPCI\u00d3N<\/strong><\/p>\n<p>Este libro explica el principio divino femenino como fuente de la creaci\u00f3n (tanto metaf\u00edsica como f\u00edsicamente); la naturaleza dual femenina de Isis con Neftis; la relaci\u00f3n (y unidad) de los principios femenino y masculino; la numerolog\u00eda de Isis y Osiris; el papel de Isis como Virgen Madre; explicaci\u00f3n de unas veinte deidades femeninas como manifestaciones de los atributos femeninos; el papel de la ideolog\u00eda de Isis en todo el mundo; la alegor\u00eda de Isis, Osiris y Horus; y mucho m\u00e1s. Este libro llenar\u00e1 tanto la mente con informaci\u00f3n completa como el coraz\u00f3n con todo el espectro de emociones.<\/p>\n<p><a href=\"https:\/\/egyptianwisdomcenter.org\/wp-content\/uploads\/2022\/12\/Isis-The-Divine-Female-Expanded-sample.pdf\">Vista previa ahora (PDF)<\/a><\/p>\n<hr \/>\n<p><center><br \/>\n<a class=\"button minimal\" href=\"https:\/\/books2read.com\/u\/47Jl58\" target=\"_blank\" rel=\"noopener\">Ver opciones de compra<\/a><\/center><\/p>","protected":false},"featured_media":59988,"comment_status":"open","ping_status":"closed","template":"","meta":{"_monsterinsights_skip_tracking":false,"_monsterinsights_sitenote_active":false,"_monsterinsights_sitenote_note":"","_monsterinsights_sitenote_category":0},"product_brand":[],"product_cat":[95],"product_tag":[],"class_list":{"0":"post-59987","1":"product","2":"type-product","3":"status-publish","4":"has-post-thumbnail","6":"product_cat-current-editions-in-english-language","8":"first","9":"instock","10":"shipping-taxable","11":"product-type-simple"},"aioseo_notices":[],"_links":{"self":[{"href":"https:\/\/egyptianwisdomcenter.org\/es\/wp-json\/wp\/v2\/product\/59987","targetHints":{"allow":["GET"]}}],"collection":[{"href":"https:\/\/egyptianwisdomcenter.org\/es\/wp-json\/wp\/v2\/product"}],"about":[{"href":"https:\/\/egyptianwisdomcenter.org\/es\/wp-json\/wp\/v2\/types\/product"}],"replies":[{"embeddable":true,"href":"https:\/\/egyptianwisdomcenter.org\/es\/wp-json\/wp\/v2\/comments?post=59987"}],"wp:featuredmedia":[{"embeddable":true,"href":"https:\/\/egyptianwisdomcenter.org\/es\/wp-json\/wp\/v2\/media\/59988"}],"wp:attachment":[{"href":"https:\/\/egyptianwisdomcenter.org\/es\/wp-json\/wp\/v2\/media?parent=59987"}],"wp:term":[{"taxonomy":"product_brand","embeddable":true,"href":"https:\/\/egyptianwisdomcenter.org\/es\/wp-json\/wp\/v2\/product_brand?post=59987"},{"taxonomy":"product_cat","embeddable":true,"href":"https:\/\/egyptianwisdomcenter.org\/es\/wp-json\/wp\/v2\/product_cat?post=59987"},{"taxonomy":"product_tag","embeddable":true,"href":"https:\/\/egyptianwisdomcenter.org\/es\/wp-json\/wp\/v2\/product_tag?post=59987"}],"curies":[{"name":"wp","href":"https:\/\/api.w.org\/{rel}","templated":true}]}}