{"id":60013,"date":"2022-12-25T22:16:01","date_gmt":"2022-12-26T03:16:01","guid":{"rendered":"https:\/\/egyptianwisdomcenter.org\/?post_type=product&#038;p=60013"},"modified":"2024-06-01T04:35:15","modified_gmt":"2024-06-01T08:35:15","slug":"the-ancient-egyptian-metaphysical-architecture","status":"publish","type":"product","link":"https:\/\/egyptianwisdomcenter.org\/es\/producto\/la-arquitectura-metafisica-del-antiguo-egipto-2\/","title":{"rendered":"La arquitectura metaf\u00edsica del antiguo Egipto"},"content":{"rendered":"<div class=\"collapsible-synopsis gizmo-collapsible-with-header show-teaser open\" data-kobo-gizmo=\"Collapsible.Synopsis\" data-kobo-gizmo-config=\"{ &quot;isOpen&quot;: {&quot;small&quot;: false, &quot;medium&quot;: false, &quot;large&quot;: false, &quot;jumbo&quot;: false}, &quot;name&quot;: &quot;AboutItem&quot;, &quot;toggleClass&quot; : &quot;toggle-button-hitbox&quot; }\" data-gid=\"g_20\">\n<div class=\"synopsis-description\" translate=\"no\">\n<p>Todo lo que los antiguos egipcios construyeron\/moldearon\/esculpieron ten\u00eda el prop\u00f3sito de generar energ\u00edas y\/o encarnar energ\u00edas. Y al igual que nuestro sistema el\u00e9ctrico que necesita activaci\u00f3n al encender un interruptor, todas las obras egipcias tambi\u00e9n requieren activaci\u00f3n mediante las acciones correctas [sonidos, gestos, etc.]. Y si bien estas maravillas de &#039;piedra&#039; parecen est\u00e1ticas porque parecen estacionarias, no son diferentes de las unidades generadoras de energ\u00eda [estacionarias], como nuestros paneles solares que absorben la energ\u00eda solar del sol y la convierten en suministro de energ\u00eda para nuestras necesidades humanas terrenales.<\/p>\n<p>Este libro revela el conocimiento del Antiguo Egipto sobre la proporci\u00f3n arm\u00f3nica, la geometr\u00eda sagrada y el misticismo num\u00e9rico, tal como se manifiesta en sus textos, templos, tumbas, arte, etc., a lo largo de su historia conocida. Muestra c\u00f3mo los egipcios dise\u00f1aron sus edificios para generar energ\u00eda c\u00f3smica y la aplicaci\u00f3n m\u00edstica de los n\u00fameros en las obras egipcias. El libro explica en detalle la proporci\u00f3n arm\u00f3nica de unos 20 edificios del Antiguo Egipto a lo largo de su historia registrada.<\/p>\n<p>El objetivo de este libro es proporcionar una exposici\u00f3n que, si bien se basa en una s\u00f3lida erudici\u00f3n, presente los problemas en un lenguaje comprensible para lectores no especializados. Los t\u00e9rminos t\u00e9cnicos se han reducido al m\u00ednimo. Estos se explican, de la forma menos t\u00e9cnica posible, en el glosario. Esta edici\u00f3n ampliada del libro est\u00e1 dividida en tres partes que contienen un total de 13 cap\u00edtulos, adem\u00e1s de 10 ap\u00e9ndices que van del A al I.<\/p>\n<p>Parte I: Conceptos arquitect\u00f3nicos: funci\u00f3n y forma consta de cinco cap\u00edtulos, del 1 al 5:<\/p>\n<p>Cap\u00edtulo 1: El Canon Arquitect\u00f3nico cubrir\u00e1 las creencias egipcias profundamente arraigadas de &quot;Como es arriba, es abajo&quot; y su aplicaci\u00f3n al arte y la arquitectura egipcios y la existencia y cumplimiento de un c\u00f3digo de construcci\u00f3n divino, as\u00ed como la utilizaci\u00f3n de planos de dise\u00f1o y construcci\u00f3n antes de as\u00ed como durante las etapas de construcci\u00f3n, que se extendieron a lo largo de varios siglos para los grandes proyectos.<\/p>\n<p>Cap\u00edtulo 2: La Estructura Metaf\u00edsica del Universo cubrir\u00e1 los reinos de la creaci\u00f3n y su correspondencia en el Hombre como imagen de toda la creaci\u00f3n.<\/p>\n<p>Cap\u00edtulo 3: Sitios de visita de la Corte Celestial Inferior cubrir\u00e1 las interacciones entre los seres vivos terrestres y los reinos inferiores de la estructura c\u00f3smica metaf\u00edsica, la importancia de la arquitectura del paisaje en tales interacciones y los principales tipos de edificios para visitas (tanto funerarios como no). sitios de entierro) para facilitar dichas interacciones.<\/p>\n<p>Cap\u00edtulo 4: Las Tumbas Selladas de los Faraones cubrir\u00e1 el concepto y el papel de los faraones que requieren que sus tumbas est\u00e9n selladas y sean inaccesibles para futuras comunicaciones despu\u00e9s de su existencia terrenal, adem\u00e1s de dar muestras de algunas tumbas fara\u00f3nicas.<\/p>\n<p>Cap\u00edtulo 5: Templos Egipcios de las Fuerzas Divinas cubrir\u00e1 la funci\u00f3n principal de los templos egipcios (ser generaci\u00f3n divina), el dise\u00f1o conceptual general del templo, el dise\u00f1o del conducto del embudo metaf\u00edsico, el significado generativo de los patrones de uni\u00f3n, la protecci\u00f3n f\u00edsica\/metaf\u00edsica de las paredes exteriores, y las ra\u00edces fundacionales org\u00e1nicas del templo egipcio.<\/p>\n<p>Parte II: La manifestaci\u00f3n f\u00edsica de los conceptos metaf\u00edsicos consta de cinco cap\u00edtulos, del 6 al 11:<\/p>\n<p>Cap\u00edtulo 6: Formas arquitect\u00f3nicas constituyentes de funciones metaf\u00edsicas cubrir\u00e1 las diversas formas arquitect\u00f3nicas como manifestaci\u00f3n de sus funciones correspondientes [tanto f\u00edsica como metaf\u00edsicamente] para \u201cpuertas falsas\u201d, paneles de pared empotrados, columnas y pilares, capiteles de columnas, p\u00f3rticos, peristilos, columnatas. formaciones en cuatro lugares diferentes, obeliscos, im\u00e1genes estatuarias, diversas formas de techo (plano, a dos aguas, en m\u00e9nsula, arco y b\u00f3veda), detalles arquitect\u00f3nicos estil\u00edsticos (arquitrabe, cornisa y toroide) y ornamentaci\u00f3n y decoraci\u00f3n estil\u00edstica como techos estrellados, florales, geom\u00e9tricos. Patrones de l\u00edneas labradas, figurativos, o una combinaci\u00f3n de dos o los tres, (mal llamado borde toscano), galones y volutas.<\/p>\n<p>Cap\u00edtulo 7: Las Formas Geom\u00e9tricas Primarias cubrir\u00e1 los principios y la aplicaci\u00f3n de la geometr\u00eda sagrada de la Arquitectura Divina, el cord\u00f3n [herramienta] sagrado egipcio, un dise\u00f1o general de ejemplos de formas geom\u00e9tricas, el c\u00edrculo sagrado como arquetipo de la Creaci\u00f3n, la cuadratura del c\u00edrculo. , los tri\u00e1ngulos primarios y las pir\u00e1mides tridimensionales de tri\u00e1ngulos cuadrados combinadas.<\/p>\n<p>Cap\u00edtulo 8: Los rect\u00e1ngulos generativos de ra\u00edz cuadrada: \u201cN\u00fameros irracionales\u201d cubrir\u00e1 los rect\u00e1ngulos generativos de ra\u00edz como la hipotenusa de tri\u00e1ngulos de \u00e1ngulo recto, comenzando con un cuadrado y generando ra\u00edces cuadradas de 2, 3 y 5; la formaci\u00f3n de s\u00f3lidos c\u00f3smicos; la generaci\u00f3n de la Proporci\u00f3n \u00c1urea a partir del rect\u00e1ngulo ra\u00edz cinco; la construcci\u00f3n de espirales cuadradas giratorias; y ejemplos de aplicaciones de esta forma de dise\u00f1o din\u00e1mico en cuatro ubicaciones de monumentos del Antiguo Egipto.<\/p>\n<p>Cap\u00edtulo 9: La Progresi\u00f3n Generativa Aritm\u00e9tica cubrir\u00e1 el papel de los n\u00fameros como generadores de crecimiento y progresi\u00f3n ordenados, la Serie Sumatoria y la Proporci\u00f3n \u00c1urea, y la Proporci\u00f3n C\u00f3smica de la Figura Humana.<\/p>\n<p>Cap\u00edtulo 10: Dise\u00f1o arm\u00f3nico aritm\u00e9tico y gr\u00e1fico combinado de edificios egipcios cubrir\u00e1 la combinaci\u00f3n de elementos aritm\u00e9ticos y gr\u00e1ficos en un dise\u00f1o arm\u00f3nico de las partes y la totalidad de un templo egipcio que incluye: ejes activos, puntos significativos, tri\u00e1ngulos telesc\u00f3picos y Per\u00edmetros rectangulares tanto en el plano horizontal como en el vertical.<\/p>\n<p>Cap\u00edtulo 11: An\u00e1lisis arm\u00f3nico de obras del Antiguo Egipto cubrir\u00e1 varios ejemplos del Antiguo Egipto de todas las \u00e9pocas y de todo Egipto que muestran las aplicaciones egipcias de los elementos de dise\u00f1o discutidos en este libro. Los ejemplos incluyen templos, tumbas, pir\u00e1mides, santuarios, capiteles de columnas, estelas, torres de alta tensi\u00f3n y portales.<\/p>\n<p>Parte III: The Spirited Communications tiene dos cap\u00edtulos: 12 y 13:<\/p>\n<p>Cap\u00edtulo 12: Las im\u00e1genes metaf\u00edsicas animadas en las paredes cubrir\u00e1 el significado metaf\u00edsico de las decoraciones de las paredes, as\u00ed como explicaciones de varias representaciones.<\/p>\n<p>Cap\u00edtulo 13: Actividades humanas cubrir\u00e1 los roles de los humanos en la activaci\u00f3n, el mantenimiento y la participaci\u00f3n en diversos rituales y festividades, as\u00ed como en la desactivaci\u00f3n de los poderes del templo cuando los templos y todo Egipto est\u00e9n bajo asedio.<\/p>\n<p>Ap\u00e9ndices tiene diez ap\u00e9ndices, del A al J:<\/p>\n<p>Ap\u00e9ndice A: Planos generales de ejemplos de templos egipcios cubre los planos de distribuci\u00f3n de varios templos egipcios, con una breve descripci\u00f3n de cada uno.<\/p>\n<p>Ap\u00e9ndice B: Matem\u00e1ticas pr\u00e1cticas en el Antiguo Egipto se refiere a los cuatro papiros \u201cmatem\u00e1ticos\u201d del Antiguo Egipto m\u00e1s reconocidos y los contenidos matem\u00e1ticos pr\u00e1cticos dentro de dichos papiros.<\/p>\n<p>Ap\u00e9ndice C: El misticismo de las fracciones cubre las razones por las que, en Egipto, una fracci\u00f3n (cualquier fracci\u00f3n) s\u00f3lo pod\u00eda ser una fracci\u00f3n de la unidad y las tablas egipcias para tratar con fracciones &quot;complejas&quot; que son similares a las tablas logar\u00edtmicas modernas.<\/p>\n<p>Ap\u00e9ndice D: \u201cIrregularidades\u201d intencionales en obras egipcias cubre las razones religiosas de lo que parecen ser \u201cirregularidades\u201d en las obras egipcias altamente ejecutadas.<\/p>\n<p>Ap\u00e9ndice E: Reconsideraci\u00f3n de apropiaciones de monumentos aclara lo que parece ser una apropiaci\u00f3n de monumentos por parte de un fara\u00f3n o de otro.<\/p>\n<p>Ap\u00e9ndice F: Muestras de obras de escultura egipcia cubre una lista muy breve de esculturas egipcias reconocibles.<\/p>\n<p>Ap\u00e9ndice G: Varios tipos de bloques de hormig\u00f3n cubre el conocimiento egipcio avanzado de las mezclas de hormig\u00f3n y ejemplos de aplicaci\u00f3n de dicho conocimiento en todo el Antiguo Egipto.<\/p>\n<p>Ap\u00e9ndice H: Las ra\u00edces mas\u00f3nicas egipcias cubre las ra\u00edces egipcias de la extendida sociedad fraternal secreta llamada &#039;masones libres y aceptados&#039; (conocida popularmente como masoner\u00eda).<\/p>\n<p>Ap\u00e9ndice I: Influencia egipcia en la arquitectura moderna cubre varios ejemplos mundiales de dicha influencia.<\/p>\n<p>Ap\u00e9ndice J: Tipos y formas de edificios de los mortales cubrir\u00e1 los tipos y formas de edificios residenciales, privados, comunales y p\u00fablicos asociados con la funci\u00f3n de su existencia terrenal, adem\u00e1s de resaltar que los mortales de todas las clases, incluidos los faraones y el personal sacerdotal, resid\u00edan en casas de adobe.<\/p>\n<\/div>\n<\/div>","protected":false},"excerpt":{"rendered":"<div class=\"fb-page\" data-href=\"https:\/\/www.facebook.com\/AncientEgyptianMetaphysicalArchitecture\" data-width=\"380\" data-hide-cover=\"false\" data-show-facepile=\"false\"><\/div>\n<p><span class=\"contributor-name-prefix\"><br \/>\npor<\/span>\u00a0<span class=\"visible-contributors\"><a class=\"contributor-name\" translate=\"no\" href=\"https:\/\/egyptianwisdomcenter.org\/es\/acerca-de\/\" data-force-track=\"\" data-track-info=\"{&quot;description&quot;:&quot;authorSearch&quot;,&quot;author&quot;:&quot;Moustafa Gadalla&quot;}\">Moustafa Gadalla<\/a><\/span><\/p>\n<hr \/>\n<p><strong>BREVE DESCRIPCI\u00d3N<\/strong><\/p>\n<p>Esta nueva edici\u00f3n ampliada revela el conocimiento del Antiguo Egipto sobre la proporci\u00f3n arm\u00f3nica, la geometr\u00eda sagrada y el misticismo num\u00e9rico tal como se manifiesta en sus textos, templos, tumbas, arte, jerogl\u00edficos, etc., a lo largo de su historia conocida. Muestra c\u00f3mo los egipcios dise\u00f1aron sus edificios para generar energ\u00eda c\u00f3smica; y la aplicaci\u00f3n m\u00edstica de los n\u00fameros en las obras egipcias. El libro explica en detalle la proporci\u00f3n arm\u00f3nica de unos 20 edificios del Antiguo Egipto a lo largo de su historia registrada. Tambi\u00e9n incluye discusiones adicionales y detalles del simbolismo en las paredes; las interacciones entre los humanos y las fuerzas divinas; Tumbas, santuarios y viviendas egipcias; as\u00ed como varios art\u00edculos diversos relacionados.<\/p>\n<p><a href=\"https:\/\/egyptianwisdomcenter.org\/wp-content\/uploads\/2022\/12\/The-Ancient-Egyptian-Metaphysical-Architecture-sample.pdf\">Vista previa ahora (PDF)<\/a><\/p>\n<hr \/>\n<p><center><br \/>\n<a class=\"button minimal\" href=\"https:\/\/books2read.com\/u\/4XjLVe\" target=\"_blank\" rel=\"noopener\">Ver opciones de compra<\/a><\/center><\/p>\n<div id='wpsr-reviews-slider-68942' class='wpsr-reviews-68942  wpsr-reviews-wrapper wpsr-feed-wrap wpsr_content  wpsr-reviews-slider-wrapper   wpsr-reviews-template-grid2 wpsr-reviews-layout-slider wpsr-header-enable' data-column='4' data-platforms='amazon' data-slider_settings='{&quot;autoplay&quot;:&quot;false&quot;,&quot;autoplay_speed&quot;:3000,&quot;slides_to_show&quot;:3,&quot;spaceBetween&quot;:20,&quot;responsive_slides_to_show&quot;:{&quot;desktop&quot;:2,&quot;tablet&quot;:2,&quot;mobile&quot;:1},&quot;slides_to_scroll&quot;:3,&quot;responsive_slides_to_scroll&quot;:{&quot;desktop&quot;:5,&quot;tablet&quot;:2,&quot;mobile&quot;:1},&quot;navigation&quot;:&quot;dot&quot;}'>\n<div class=\"wpsr-container wpsr-fixed-height\" style=\"\" >\n<div class=\"wpsr-business-info-wrapper\">\n<div class=\"wpsr-row\">\n<div class=\"wpsr-business-info  amazon\">\n<div class=\"wpsr-business-info-left\">\n<div class=\"wpsr-business-info-paltforms\"><img decoding=\"async\" src=\"https:\/\/egyptianwisdomcenter.org\/wp-content\/plugins\/wp-social-reviews\/assets\/images\/icon\/icon-amazon.png\" alt=\"amazon\"><\/div>\n<div class=\"wpsr-rating-and-count\"><span class=\"wpsr-total-rating\">3.9<\/span><span class=\"wpsr-rating\"><\/p>\n<div class=\"wpsr-star-container wpsr-star-background-filled\" style=\"--wpsr-review-star-fill: 100%;\">\n<div class=\"wpsr-star-empty\"><\/div>\n<div class=\"wpsr-star-filled\"><\/div>\n<\/p><\/div>\n<div class=\"wpsr-star-container wpsr-star-background-filled\" style=\"--wpsr-review-star-fill: 100%;\">\n<div class=\"wpsr-star-empty\"><\/div>\n<div class=\"wpsr-star-filled\"><\/div>\n<\/p><\/div>\n<div class=\"wpsr-star-container wpsr-star-background-filled\" style=\"--wpsr-review-star-fill: 100%;\">\n<div class=\"wpsr-star-empty\"><\/div>\n<div class=\"wpsr-star-filled\"><\/div>\n<\/p><\/div>\n<div class=\"wpsr-star-container wpsr-star-background-filled\" style=\"--wpsr-review-star-fill: 90%;\">\n<div class=\"wpsr-star-empty\"><\/div>\n<div class=\"wpsr-star-filled\"><\/div>\n<\/p><\/div>\n<div class=\"wpsr-star-container wpsr-star-background-empty\" style=\"--wpsr-review-star-fill: 0%;\">\n<div class=\"wpsr-star-empty\"><\/div>\n<div class=\"wpsr-star-filled\"><\/div>\n<\/p><\/div>\n<p><\/span><\/p>\n<div class=\"wpsr-total-reviews\">Based on <span>6<\/span> Reviews<\/div>\n<\/div>\n<\/div>\n<div class=\"wpsr-business-info-right\">\n<div class=\"wpsr-write-review-modal-wrapper\"><\/div>\n<\/div>\n<\/div>\n<\/div>\n<\/div>\n<div class=\"wpsr-row\" style=\"\">\n<div class=\"wpsr-reviews-slider-wrapper-inner\">\n<div class=\"wpsr-reviews-slider swiper-container wpsr-ai-summary-enabled-slider\" tabindex=\"0\">\n<div class=\"swiper-wrapper\">\n<div class=\"swiper-slide\" role=\"group\">\n<div class=\"wpsr-review-template wpsr-review-template-two wpsr-review-template-amazon\"\n                 style=\"\"\n                 data-index=\"0\"\n                 data-source_id=\"B07YGYDVD1\"\n                 data-media_id=\"\"\n                 data-review_platform=\"amazon\"\n                 data-product_thumbnail=\"\"\n                 data-product_name=\"\"\n                 data-image_resize=\"full\"\n            ><\/p>\n<div class=\"wpsr-review-platform\">\n                <img decoding=\"async\" class=\"wpsr-review-platform-icon\" width=\"20\" height=\"20\" src=\"https:\/\/egyptianwisdomcenter.org\/wp-content\/plugins\/wp-social-reviews\/assets\/images\/icon\/icon-amazon-small.png\" alt=\"amazon\">\n    <\/div>\n<div class=\"wpsr-reviewer-image\">\n    <a class=\"wpsr-reviewer-image-url\" target=\"_blank\" rel=\"noopener noreferrer nofollow\" href=\"https:\/\/www.amazon.com\/The-Ancient-Egyptian-Metaphysical-Architecture\/dp\/B07YGYDVD1\/\"><br \/>\n                                    <img decoding=\"async\" class=\"wpsr-reviewer-avatar\" src=\"https:\/\/images-eu.ssl-images-amazon.com\/images\/S\/amazon-avatars-global\/default._CR0,0,1024,1024_SX48_.png\" alt=\"AFT\"\/><br \/>\n                        <\/a>\n<\/div>\n<div class=\"wpsr-review-info\">\n                        <a class=\"wpsr-reviewer-name-url\" target=\"_blank\" rel=\"noopener noreferrer nofollow\" href=\"https:\/\/www.amazon.com\/The-Ancient-Egyptian-Metaphysical-Architecture\/dp\/B07YGYDVD1\/\"><br \/>\n    <span class=\"wpsr-reviewer-name\">AFT<\/span><br \/>\n    <\/a><\/p>\n<div data-rating=\"1\" class=\"wpsr-rating-wrapper wpsr-rating\">\n<div class=\"wpsr-star-container wpsr-star-background-filled\" style=\"--wpsr-review-star-fill: 100%;\">\n<div class=\"wpsr-star-empty\"><\/div>\n<div class=\"wpsr-star-filled\"><\/div>\n<\/p><\/div>\n<div class=\"wpsr-star-container wpsr-star-background-empty\" style=\"--wpsr-review-star-fill: 0%;\">\n<div class=\"wpsr-star-empty\"><\/div>\n<div class=\"wpsr-star-filled\"><\/div>\n<\/p><\/div>\n<div class=\"wpsr-star-container wpsr-star-background-empty\" style=\"--wpsr-review-star-fill: 0%;\">\n<div class=\"wpsr-star-empty\"><\/div>\n<div class=\"wpsr-star-filled\"><\/div>\n<\/p><\/div>\n<div class=\"wpsr-star-container wpsr-star-background-empty\" style=\"--wpsr-review-star-fill: 0%;\">\n<div class=\"wpsr-star-empty\"><\/div>\n<div class=\"wpsr-star-filled\"><\/div>\n<\/p><\/div>\n<div class=\"wpsr-star-container wpsr-star-background-empty\" style=\"--wpsr-review-star-fill: 0%;\">\n<div class=\"wpsr-star-empty\"><\/div>\n<div class=\"wpsr-star-filled\"><\/div>\n<\/p><\/div>\n<\/p><\/div>\n<p><span data-time=\"3 a\u00f1os ago\" class=\"wpsr-review-date\"><br \/>\n     mayo 1, 2023<\/span>                        <\/p><\/div>\n<div class=\"wpsr-reviews-content-footer\">\n<h3 class=\"wpsr-review-title\">\n    Metaphysical theories are  by definition unproven.<\/h3>\n<div class=\"wpsr-review-content\" tabindex=\"0\">\n<p class=\"wpsr_add_read_more wpsr_show_less_content\" data-num-words-trim=\"10\">Total nonsense and a waste of money. Now I have seen its content I have binned it because I would be ashamed to have it on my bookshelves. If you are genuinely interested in Ancient Egyptian Architecture and geometry the only useful content is a few plans that are easily available elsewhere. By definition metaphysical means unproven. <\/p>\n<\/p><\/div>\n<\/p><\/div>\n<\/p><\/div>\n<\/p><\/div>\n<\/div>\n<\/div>\n<div class=\"wpsr-swiper-carousel-wrapper\">\n<div class=\"wpsr-swiper-pagination swiper-pagination\"><\/div>\n<\/div>\n<\/div>\n<\/div>\n<\/div>\n<\/div>","protected":false},"featured_media":60014,"comment_status":"open","ping_status":"closed","template":"","meta":[],"product_brand":[],"product_cat":[95],"product_tag":[],"class_list":{"0":"post-60013","1":"product","2":"type-product","3":"status-publish","4":"has-post-thumbnail","6":"product_cat-current-editions-in-english-language","8":"first","9":"instock","10":"shipping-taxable","11":"product-type-simple"},"aioseo_notices":[],"_links":{"self":[{"href":"https:\/\/egyptianwisdomcenter.org\/es\/wp-json\/wp\/v2\/product\/60013","targetHints":{"allow":["GET"]}}],"collection":[{"href":"https:\/\/egyptianwisdomcenter.org\/es\/wp-json\/wp\/v2\/product"}],"about":[{"href":"https:\/\/egyptianwisdomcenter.org\/es\/wp-json\/wp\/v2\/types\/product"}],"replies":[{"embeddable":true,"href":"https:\/\/egyptianwisdomcenter.org\/es\/wp-json\/wp\/v2\/comments?post=60013"}],"wp:featuredmedia":[{"embeddable":true,"href":"https:\/\/egyptianwisdomcenter.org\/es\/wp-json\/wp\/v2\/media\/60014"}],"wp:attachment":[{"href":"https:\/\/egyptianwisdomcenter.org\/es\/wp-json\/wp\/v2\/media?parent=60013"}],"wp:term":[{"taxonomy":"product_brand","embeddable":true,"href":"https:\/\/egyptianwisdomcenter.org\/es\/wp-json\/wp\/v2\/product_brand?post=60013"},{"taxonomy":"product_cat","embeddable":true,"href":"https:\/\/egyptianwisdomcenter.org\/es\/wp-json\/wp\/v2\/product_cat?post=60013"},{"taxonomy":"product_tag","embeddable":true,"href":"https:\/\/egyptianwisdomcenter.org\/es\/wp-json\/wp\/v2\/product_tag?post=60013"}],"curies":[{"name":"wp","href":"https:\/\/api.w.org\/{rel}","templated":true}]}}