{"id":60039,"date":"2022-12-25T22:25:10","date_gmt":"2022-12-26T03:25:10","guid":{"rendered":"https:\/\/egyptianwisdomcenter.org\/?post_type=product&#038;p=60039"},"modified":"2024-06-01T04:35:56","modified_gmt":"2024-06-01T08:35:56","slug":"the-egyptian-hieroglyph-metaphysical-language","status":"publish","type":"product","link":"https:\/\/egyptianwisdomcenter.org\/es\/producto\/el-lenguaje-metafisico-de-los-jeroglificos-egipcios\/","title":{"rendered":"El lenguaje metaf\u00edsico de los jerogl\u00edficos egipcios"},"content":{"rendered":"<div class=\"collapsible-synopsis gizmo-collapsible-with-header show-teaser open\" data-kobo-gizmo=\"Collapsible.Synopsis\" data-kobo-gizmo-config=\"{ &quot;isOpen&quot;: {&quot;small&quot;: false, &quot;medium&quot;: false, &quot;large&quot;: false, &quot;jumbo&quot;: false}, &quot;name&quot;: &quot;AboutItem&quot;, &quot;toggleClass&quot; : &quot;toggle-button-hitbox&quot; }\" data-gid=\"g_20\">\n<div class=\"synopsis-description\" translate=\"no\">\n<p>Una imagen vale m\u00e1s que 1.000 palabras. Una imagen representa un concepto\/idea y no una sola letra\/sonido.<\/p>\n<p>Decimos &quot;imagina esto&quot; o &quot;imagina aquello&quot; porque las im\u00e1genes son representaciones de conceptos e ideas m\u00e1s all\u00e1 de las palabras. La imagen transmite informaci\u00f3n de manera m\u00e1s eficiente que las letras o palabras.<\/p>\n<p>Este libro cubre el lenguaje metaf\u00edsico de im\u00e1genes\/cuadros de los jerogl\u00edficos egipcios, que es el lenguaje de la mente\/intelecto\/divino.<\/p>\n<p>El objetivo de este libro es proporcionar tal exposici\u00f3n; uno que, si bien se basa en una s\u00f3lida erudici\u00f3n, presentar\u00e1 los temas en un lenguaje comprensible para lectores no especializados. Los t\u00e9rminos t\u00e9cnicos se han reducido al m\u00ednimo.<\/p>\n<p>Este libro est\u00e1 dividido en 8 cap\u00edtulos.<\/p>\n<p>Cap\u00edtulo 1: El enga\u00f1o hist\u00f3rico de la ling\u00fc\u00edstica (antigua) egipcia aclarar\u00e1 la confusi\u00f3n que pretende tergiversar los jerogl\u00edficos egipcios como una forma primitiva de escritura con valores sonoros individuales. Los Jerogl\u00edficos Egipcios son ideogramas diferentes y no tienen nada que ver con el sistema alfab\u00e9tico egipcio.<\/p>\n<p>Cap\u00edtulo 2: Las realidades cient\u00edficas\/metaf\u00edsicas de las im\u00e1genes pict\u00f3ricas (jerogl\u00edficos) explica c\u00f3mo los seres humanos procesan la informaci\u00f3n recibida de los cinco sentidos hasta el cerebro a trav\u00e9s de im\u00e1genes visualizadas; c\u00f3mo cada imagen jerogl\u00edfica tiene significados imitativos y simb\u00f3licos (figurativos y aleg\u00f3ricos); la concurrencia en la ciencia moderna de significados tan m\u00faltiples de cada imagen; y c\u00f3mo una serie de im\u00e1genes se procesan en la conciencia de la misma manera, como se procesa un sue\u00f1o.<\/p>\n<p>Cap\u00edtulo 3: Representaciones de pensamientos en im\u00e1genes jerogl\u00edficas egipcias explica c\u00f3mo las im\u00e1genes jerogl\u00edficas egipcias representan conceptos metaf\u00edsicos; relaciones entre sus funciones y formas geom\u00e9tricas; y proporciona una descripci\u00f3n general de la formaci\u00f3n egipcia de tales ideogramas.<\/p>\n<p>Cap\u00edtulo 4: Im\u00e1genes jerogl\u00edficas de animales explica el significado metaf\u00edsico de tales im\u00e1genes y destaca el significado de m\u00e1s de 30 im\u00e1genes jerogl\u00edficas egipcias relacionadas.<\/p>\n<p>Cap\u00edtulo 5: Im\u00e1genes jerogl\u00edficas humanas y con cabeza de animal explica el significado metaf\u00edsico de tales im\u00e1genes y destaca el significado de alrededor de 10 im\u00e1genes jerogl\u00edficas egipcias relacionadas.<\/p>\n<p>Cap\u00edtulo 6: Im\u00e1genes jerogl\u00edficas de partes del cuerpo humano explica el significado metaf\u00edsico de dichas im\u00e1genes y destaca el significado de m\u00e1s de 10 im\u00e1genes jerogl\u00edficas egipcias relacionadas.<\/p>\n<p>Cap\u00edtulo 7: Naturaleza y figuras geom\u00e9tricas Im\u00e1genes jerogl\u00edficas explica el significado metaf\u00edsico de tales im\u00e1genes y destaca el significado de m\u00e1s de 10 im\u00e1genes jerogl\u00edficas egipcias relacionadas.<\/p>\n<p>Cap\u00edtulo 8: Im\u00e1genes jerogl\u00edficas de objetos creados por el hombre explica el significado metaf\u00edsico de tales im\u00e1genes y destaca el significado de unas 20 im\u00e1genes jerogl\u00edficas egipcias relacionadas.<\/p>\n<\/div>\n<\/div>","protected":false},"excerpt":{"rendered":"<div class=\"fb-page\" data-href=\"https:\/\/www.facebook.com\/profile.php?id=100031967752121\" data-width=\"380\" data-hide-cover=\"false\" data-show-facepile=\"false\"><\/div>\n<p><span class=\"contributor-name-prefix\"><br \/>\npor<\/span>\u00a0<span class=\"visible-contributors\"><a class=\"contributor-name\" translate=\"no\" href=\"https:\/\/egyptianwisdomcenter.org\/es\/acerca-de\/\" data-force-track=\"\" data-track-info=\"{&quot;description&quot;:&quot;authorSearch&quot;,&quot;author&quot;:&quot;Moustafa Gadalla&quot;}\">Moustafa Gadalla<\/a><\/span><\/p>\n<hr \/>\n<p><strong>BREVE DESCRIPCI\u00d3N<\/strong><\/p>\n<p>Este libro cubre el lenguaje metaf\u00edsico de im\u00e1genes\/dibujos jerogl\u00edficos egipcios; el lenguaje de la mente\/intelecto\/divino; las realidades cient\u00edficas\/metaf\u00edsicas de las im\u00e1genes pict\u00f3ricas (Jerogl\u00edficos) como el medio \u00faltimo para la conciencia humana que interpreta, procesa y mantiene los significados de dichas im\u00e1genes; c\u00f3mo cada imagen jerogl\u00edfica tiene significados imitativos y simb\u00f3licos (figurativos y aleg\u00f3ricos); la concurrencia de la ciencia moderna sobre significados tan m\u00faltiples de cada imagen; c\u00f3mo las im\u00e1genes jerogl\u00edficas egipcias representan conceptos metaf\u00edsicos; y el significado metaf\u00edsico de una variedad de alrededor de 80 im\u00e1genes jerogl\u00edficas egipcias.<\/p>\n<p><a href=\"https:\/\/egyptianwisdomcenter.org\/wp-content\/uploads\/2022\/12\/The-Egyptian-Hieroglyph-Metaphysical-Language-sample.pdf\">Vista previa ahora (PDF)<\/a><\/p>\n<hr \/>\n<p><center><br \/>\n<a class=\"button minimal\" href=\"https:\/\/books2read.com\/u\/bMEXev\" target=\"_blank\" rel=\"noopener\">Ver opciones de compra<\/a><\/center><\/p>\n<div id='wpsr-reviews-slider-68936' class='wpsr-reviews-68936  wpsr-reviews-wrapper wpsr-feed-wrap wpsr_content  wpsr-reviews-slider-wrapper   wpsr-reviews-template-grid2 wpsr-reviews-layout-slider wpsr-header-enable' data-column='4' data-platforms='amazon' data-slider_settings='{&quot;autoplay&quot;:&quot;false&quot;,&quot;autoplay_speed&quot;:3000,&quot;slides_to_show&quot;:3,&quot;spaceBetween&quot;:20,&quot;responsive_slides_to_show&quot;:{&quot;desktop&quot;:2,&quot;tablet&quot;:2,&quot;mobile&quot;:1},&quot;slides_to_scroll&quot;:3,&quot;responsive_slides_to_scroll&quot;:{&quot;desktop&quot;:5,&quot;tablet&quot;:2,&quot;mobile&quot;:1},&quot;navigation&quot;:&quot;dot&quot;}'>\n<div class=\"wpsr-container wpsr-fixed-height\" style=\"\" >\n<div class=\"wpsr-business-info-wrapper\">\n<div class=\"wpsr-row\">\n<div class=\"wpsr-business-info  amazon\">\n<div class=\"wpsr-business-info-left\">\n<div class=\"wpsr-business-info-paltforms\"><img decoding=\"async\" src=\"https:\/\/egyptianwisdomcenter.org\/wp-content\/plugins\/wp-social-reviews\/assets\/images\/icon\/icon-amazon.png\" alt=\"amazon\"><\/div>\n<div class=\"wpsr-rating-and-count\"><span class=\"wpsr-total-rating\">4.3<\/span><span class=\"wpsr-rating\"><\/p>\n<div class=\"wpsr-star-container wpsr-star-background-filled\" style=\"--wpsr-review-star-fill: 100%;\">\n<div class=\"wpsr-star-empty\"><\/div>\n<div class=\"wpsr-star-filled\"><\/div>\n<\/p><\/div>\n<div class=\"wpsr-star-container wpsr-star-background-filled\" style=\"--wpsr-review-star-fill: 100%;\">\n<div class=\"wpsr-star-empty\"><\/div>\n<div class=\"wpsr-star-filled\"><\/div>\n<\/p><\/div>\n<div class=\"wpsr-star-container wpsr-star-background-filled\" style=\"--wpsr-review-star-fill: 100%;\">\n<div class=\"wpsr-star-empty\"><\/div>\n<div class=\"wpsr-star-filled\"><\/div>\n<\/p><\/div>\n<div class=\"wpsr-star-container wpsr-star-background-filled\" style=\"--wpsr-review-star-fill: 100%;\">\n<div class=\"wpsr-star-empty\"><\/div>\n<div class=\"wpsr-star-filled\"><\/div>\n<\/p><\/div>\n<div class=\"wpsr-star-container wpsr-star-background-filled\" style=\"--wpsr-review-star-fill: 30%;\">\n<div class=\"wpsr-star-empty\"><\/div>\n<div class=\"wpsr-star-filled\"><\/div>\n<\/p><\/div>\n<p><\/span><\/p>\n<div class=\"wpsr-total-reviews\">Based on <span>30<\/span> Reviews<\/div>\n<\/div>\n<\/div>\n<div class=\"wpsr-business-info-right\">\n<div class=\"wpsr-write-review-modal-wrapper\"><\/div>\n<\/div>\n<\/div>\n<\/div>\n<\/div>\n<div class=\"wpsr-row\" style=\"\">\n<div class=\"wpsr-reviews-slider-wrapper-inner\">\n<div class=\"wpsr-reviews-slider swiper-container wpsr-ai-summary-enabled-slider\" tabindex=\"0\">\n<div class=\"swiper-wrapper\">\n<div class=\"swiper-slide\" role=\"group\">\n<div class=\"wpsr-review-template wpsr-review-template-two wpsr-review-template-amazon\"\n                 style=\"\"\n                 data-index=\"0\"\n                 data-source_id=\"1931446970\"\n                 data-media_id=\"\"\n                 data-review_platform=\"amazon\"\n                 data-product_thumbnail=\"\"\n                 data-product_name=\"\"\n                 data-image_resize=\"full\"\n            ><\/p>\n<div class=\"wpsr-review-platform\">\n                <img decoding=\"async\" class=\"wpsr-review-platform-icon\" width=\"20\" height=\"20\" src=\"https:\/\/egyptianwisdomcenter.org\/wp-content\/plugins\/wp-social-reviews\/assets\/images\/icon\/icon-amazon-small.png\" alt=\"amazon\">\n    <\/div>\n<div class=\"wpsr-reviewer-image\">\n    <a class=\"wpsr-reviewer-image-url\" target=\"_blank\" rel=\"noopener noreferrer nofollow\" href=\"https:\/\/www.amazon.com\/Egyptian-Hieroglyph-Metaphysical-Language\/dp\/1931446970\/\"><br \/>\n                                    <img decoding=\"async\" class=\"wpsr-reviewer-avatar\" src=\"https:\/\/images-na.ssl-images-amazon.com\/images\/S\/amazon-avatars-global\/default._CR0,0,1024,1024_SX48_.png\" alt=\"curtis v.\"\/><br \/>\n                        <\/a>\n<\/div>\n<div class=\"wpsr-review-info\">\n                        <a class=\"wpsr-reviewer-name-url\" target=\"_blank\" rel=\"noopener noreferrer nofollow\" href=\"https:\/\/www.amazon.com\/Egyptian-Hieroglyph-Metaphysical-Language\/dp\/1931446970\/\"><br \/>\n    <span class=\"wpsr-reviewer-name\">curtis v.<\/span><br \/>\n    <\/a><\/p>\n<div data-rating=\"5\" class=\"wpsr-rating-wrapper wpsr-rating\">\n<div class=\"wpsr-star-container wpsr-star-background-filled\" style=\"--wpsr-review-star-fill: 100%;\">\n<div class=\"wpsr-star-empty\"><\/div>\n<div class=\"wpsr-star-filled\"><\/div>\n<\/p><\/div>\n<div class=\"wpsr-star-container wpsr-star-background-filled\" style=\"--wpsr-review-star-fill: 100%;\">\n<div class=\"wpsr-star-empty\"><\/div>\n<div class=\"wpsr-star-filled\"><\/div>\n<\/p><\/div>\n<div class=\"wpsr-star-container wpsr-star-background-filled\" style=\"--wpsr-review-star-fill: 100%;\">\n<div class=\"wpsr-star-empty\"><\/div>\n<div class=\"wpsr-star-filled\"><\/div>\n<\/p><\/div>\n<div class=\"wpsr-star-container wpsr-star-background-filled\" style=\"--wpsr-review-star-fill: 100%;\">\n<div class=\"wpsr-star-empty\"><\/div>\n<div class=\"wpsr-star-filled\"><\/div>\n<\/p><\/div>\n<div class=\"wpsr-star-container wpsr-star-background-filled\" style=\"--wpsr-review-star-fill: 100%;\">\n<div class=\"wpsr-star-empty\"><\/div>\n<div class=\"wpsr-star-filled\"><\/div>\n<\/p><\/div>\n<\/p><\/div>\n<p><span data-time=\"8 a\u00f1os ago\" class=\"wpsr-review-date\"><br \/>\n     octubre 4, 2018<\/span>                        <\/p><\/div>\n<div class=\"wpsr-reviews-content-footer\">\n<h3 class=\"wpsr-review-title\">\n    5.0 out of 5 stars                    Good book<\/h3>\n<div class=\"wpsr-review-content\" tabindex=\"0\">\n<p class=\"wpsr_add_read_more wpsr_show_less_content\" data-num-words-trim=\"10\">A good book of\/on hieroglyphs <\/p>\n<\/p><\/div>\n<\/p><\/div>\n<\/p><\/div>\n<\/p><\/div>\n<\/div>\n<\/div>\n<div class=\"wpsr-swiper-carousel-wrapper\">\n<div class=\"wpsr-swiper-pagination swiper-pagination\"><\/div>\n<\/div>\n<\/div>\n<\/div>\n<\/div>\n<\/div>","protected":false},"featured_media":60040,"comment_status":"open","ping_status":"closed","template":"","meta":[],"product_brand":[],"product_cat":[95],"product_tag":[],"class_list":{"0":"post-60039","1":"product","2":"type-product","3":"status-publish","4":"has-post-thumbnail","6":"product_cat-current-editions-in-english-language","8":"first","9":"instock","10":"shipping-taxable","11":"product-type-simple"},"aioseo_notices":[],"_links":{"self":[{"href":"https:\/\/egyptianwisdomcenter.org\/es\/wp-json\/wp\/v2\/product\/60039","targetHints":{"allow":["GET"]}}],"collection":[{"href":"https:\/\/egyptianwisdomcenter.org\/es\/wp-json\/wp\/v2\/product"}],"about":[{"href":"https:\/\/egyptianwisdomcenter.org\/es\/wp-json\/wp\/v2\/types\/product"}],"replies":[{"embeddable":true,"href":"https:\/\/egyptianwisdomcenter.org\/es\/wp-json\/wp\/v2\/comments?post=60039"}],"wp:featuredmedia":[{"embeddable":true,"href":"https:\/\/egyptianwisdomcenter.org\/es\/wp-json\/wp\/v2\/media\/60040"}],"wp:attachment":[{"href":"https:\/\/egyptianwisdomcenter.org\/es\/wp-json\/wp\/v2\/media?parent=60039"}],"wp:term":[{"taxonomy":"product_brand","embeddable":true,"href":"https:\/\/egyptianwisdomcenter.org\/es\/wp-json\/wp\/v2\/product_brand?post=60039"},{"taxonomy":"product_cat","embeddable":true,"href":"https:\/\/egyptianwisdomcenter.org\/es\/wp-json\/wp\/v2\/product_cat?post=60039"},{"taxonomy":"product_tag","embeddable":true,"href":"https:\/\/egyptianwisdomcenter.org\/es\/wp-json\/wp\/v2\/product_tag?post=60039"}],"curies":[{"name":"wp","href":"https:\/\/api.w.org\/{rel}","templated":true}]}}