{"id":61858,"date":"2023-01-06T12:14:23","date_gmt":"2023-01-06T17:14:23","guid":{"rendered":"https:\/\/egyptianwisdomcenter.org\/?post_type=product&#038;p=61858"},"modified":"2024-06-01T04:59:28","modified_gmt":"2024-06-01T08:59:28","slug":"aegyptische-musikinstrumente","status":"publish","type":"product","link":"https:\/\/egyptianwisdomcenter.org\/es\/producto\/aegyptische-musikinstrumente\/","title":{"rendered":"Instrumentos de m\u00fasica egipcia"},"content":{"rendered":"<p><strong>LANGE BESCHREIBUNG<\/strong><\/p>\n<p>Dieses Buch besteht aus f\u00fcnf Kapiteln:<\/p>\n<p>Kapitel 1: Der Reichtum der Instrumente<br \/>\numfasst die allgemeinen Merkmale der \u00e4gyptischen Instrumente sowie die Hauptkomponenten des Musikorchesters.<\/p>\n<p>Kapitel 2: Saiteninstrumente<br \/>\numfasst die verschiedenen alt\u00e4gyptischen Saiteninstrumente wie die Leier, das Tri-Gonon (Zither), die Harfen einschlie\u00dflich der Spieltechniken: Harfen-Spieltechniken; Die allumfassenden Kapazit\u00e4ten des Alten \u00c4gyptens; Streichinstrumente mit Hals &#8211; wie die Kurzhalslaute, die langhalsige \u00e4gyptische Gitarre und die Streichinstrumente [Kamanga, Rababa].<\/p>\n<p>Kapitel 3: Blasinstrumente<br \/>\numfasst die endgeblasene Fl\u00f6te\/L\u00e4ngsfl\u00f6te, die Querfl\u00f6te, die Panfl\u00f6te, die Rohrpfeife (Klarinette), die gedoppelte Rohrpfeife, die Doppelklarinette, die Doppeloboe, das Arghul, andere wie Dudelsack und Orgel sowie H\u00f6rner und Trompeten.<\/p>\n<p>Kapitel 4: Percussioninstrumente<br \/>\numfasst die membranophonen Instrumente wie Trommeln und Tamburine und die nicht-membranophonen Instrumente wie Percussion-Sticks, Klappern, Sistrums \/ Sistra, Becken (Zimbeln), Kastagnetten, Glocken (Glockenspiel), Xylophon und Glockenspiel und menschliche K\u00f6rperteile (H\u00e4nde, Finger, Oberschenkel, F\u00fc\u00dfe usw.).<\/p>\n<p>Kapitel 5: Die musikalische Auff\u00fchrung<br \/>\numfasst die Bedeutung und die Rollen der Fingerkn\u00f6chel bei der Herstellung und Leitung von musikalischen Darbietungen sowie die vielf\u00e4ltigen Methoden zur Aufrechterhaltung des rhythmischen Zeitma\u00dfes\/Tempos &#8211; einschlie\u00dflich der Verwendung von Silben.<\/p>","protected":false},"excerpt":{"rendered":"<p>von <a href=\"https:\/\/egyptianwisdomcenter.org\/de\/uber-mich\/\">Moustafa Gadalla<\/a><\/p>\n<hr \/>\n<p><strong>Zusammenfassung<\/strong><\/p>\n<p>Das ins Deutsche \u00fcbersetzte Buch bedeutendsten alt\u00e4gyptischen Musikinstrumente vor, ihren jeweiligen Tonumfang und ihre Spieltechniken.<\/p>\n<p>&nbsp;<\/p>\n<hr \/>\n<p><center><br \/>\n<a class=\"button minimal\" href=\"https:\/\/books2read.com\/u\/mZgavp\" target=\"_blank\" rel=\"noopener\">Opciones de compra<\/a><\/center><center><\/center><center><a href=\"https:\/\/www.amazon.com\/%C3%84gyptische-Musikinstrumente-German-Moustafa-Gadalla\/dp\/B0B92QYZNF\" target=\"_blank\" rel=\"noopener\"><img decoding=\"async\" class=\"alignnone size-full wp-image-69132\" src=\"https:\/\/egyptianwisdomcenter.org\/wp-content\/uploads\/2023\/01\/Capture-9.png\" alt=\"\" width=\"140\" height=\"26\" srcset=\"https:\/\/egyptianwisdomcenter.org\/wp-content\/uploads\/2023\/01\/Capture-9.png 140w, https:\/\/egyptianwisdomcenter.org\/wp-content\/uploads\/2023\/01\/Capture-9-18x3.png 18w\" sizes=\"(max-width: 140px) 100vw, 140px\" \/><\/a><\/center><\/p>","protected":false},"featured_media":61859,"comment_status":"open","ping_status":"closed","template":"","meta":[],"product_brand":[],"product_cat":[104,105],"product_tag":[],"class_list":{"0":"post-61858","1":"product","2":"type-product","3":"status-publish","4":"has-post-thumbnail","6":"product_cat-deutsch","7":"product_cat-deutsche-ausgabe","9":"first","10":"instock","11":"shipping-taxable","12":"product-type-simple"},"aioseo_notices":[],"_links":{"self":[{"href":"https:\/\/egyptianwisdomcenter.org\/es\/wp-json\/wp\/v2\/product\/61858","targetHints":{"allow":["GET"]}}],"collection":[{"href":"https:\/\/egyptianwisdomcenter.org\/es\/wp-json\/wp\/v2\/product"}],"about":[{"href":"https:\/\/egyptianwisdomcenter.org\/es\/wp-json\/wp\/v2\/types\/product"}],"replies":[{"embeddable":true,"href":"https:\/\/egyptianwisdomcenter.org\/es\/wp-json\/wp\/v2\/comments?post=61858"}],"wp:featuredmedia":[{"embeddable":true,"href":"https:\/\/egyptianwisdomcenter.org\/es\/wp-json\/wp\/v2\/media\/61859"}],"wp:attachment":[{"href":"https:\/\/egyptianwisdomcenter.org\/es\/wp-json\/wp\/v2\/media?parent=61858"}],"wp:term":[{"taxonomy":"product_brand","embeddable":true,"href":"https:\/\/egyptianwisdomcenter.org\/es\/wp-json\/wp\/v2\/product_brand?post=61858"},{"taxonomy":"product_cat","embeddable":true,"href":"https:\/\/egyptianwisdomcenter.org\/es\/wp-json\/wp\/v2\/product_cat?post=61858"},{"taxonomy":"product_tag","embeddable":true,"href":"https:\/\/egyptianwisdomcenter.org\/es\/wp-json\/wp\/v2\/product_tag?post=61858"}],"curies":[{"name":"wp","href":"https:\/\/api.w.org\/{rel}","templated":true}]}}