{"id":62477,"date":"2023-01-09T15:27:07","date_gmt":"2023-01-09T20:27:07","guid":{"rendered":"https:\/\/egyptianwisdomcenter.org\/?post_type=product&#038;p=62477"},"modified":"2024-06-01T05:10:29","modified_gmt":"2024-06-01T09:10:29","slug":"cosmologia-egizia-luniverso-animato-terza-edizione","status":"publish","type":"product","link":"https:\/\/egyptianwisdomcenter.org\/es\/producto\/cosmologia-egizia-luniverso-animato-terza-edizione\/","title":{"rendered":"Cosmologia Egizia \u2013 L\u2019Universo Animato \u2013 Terza Edizione"},"content":{"rendered":"<p><strong>Descrizione Completa<\/strong><\/p>\n<p>Il libro \u00e8 diviso in cinque parti per un totale di diciassette capitoli.<\/p>\n<p>Parte I: Il monoteismo mistico egizio, composta da un capitolo:<\/p>\n<p>Capitolo 1: I pi\u00f9 religiosi tratter\u00e0 il profondo significato mistico del monoteismo per i religiosissimi egiziani, proponendo una panoramica della loro consapevolezza cosmica.<\/p>\n<p>Parte II: I principi della creazione, composta da due capitoli \u2013 2 e 3:<\/p>\n<p>Capitolo 2: Le Energie che animano l\u2019universo tratter\u00e0 le conoscenze scientifiche degli Egizi sullo stato del mondo prima della creazione e le energie divine che animano il ciclo della creazione.<\/p>\n<p>Capitolo 3: Considerazioni sul processo egizio della creazione illustrer\u00e0 una panoramica delle tre principali fasi del ciclo della Creazione.<\/p>\n<p>Parte III: I codici numerici della Creazione, composta da dieci capitoli \u2013 dal 4 al 13:<\/p>\n<p>Capitolo 4: Numerologia del processo della creazione tratter\u00e0 il misticismo numerico nell\u2019Antico Egitto, e analizzer\u00e0 i numeri due, tre e cinque.<\/p>\n<p>Capitolo 5: La Natura dualistica tratter\u00e0 la natura duale della creazione e ne analizzer\u00e0 quattordici diverse applicazioni nel sistema egiziano antico.<\/p>\n<p>Capitolo 6: Tre \u2013 La Trinit\u00e0 nell\u2019Unit\u00e0 tratter\u00e0 il primo numero dispari [uno non \u00e8 un numero], il significato dei triplici poteri di una trinit\u00e0 nell\u2019universo, e alcune applicazioni di tale principio nel sistema dell\u2019Antico Egitto.<\/p>\n<p>I capitoli dal 7 al 13 tratteranno gli aspetti mistici dei numeri dal quattro al dieci.<\/p>\n<p>Parte IV: Come sopra cos\u00ec sotto, composta da due capitoli \u2013 14 e 15:<\/p>\n<p>Capitolo 14: L\u2019essere umano \u2013 La riproduzione universale esaminer\u00e0 il modo in cui gli elementi fisici e metafisici dell\u2019uomo costituiscono l\u2019immagine di tutta la creazione.<\/p>\n<p>Capitolo 15: La consapevolezza astronomica illustrer\u00e0 le avanzate conoscenze astronomiche e di calcolo del tempo nell\u2019Antico Egitto, lo zodiaco e il ciclo sotiaco, nonch\u00e9 la natura dell\u2019armonia delle (sette) sfere e la partecipazione popolare alla sua conservazione.<\/p>\n<p>Parte V: Da mortali a immortali, composta da due capitoli \u2013 16 e 17:<\/p>\n<p>Capitolo 16: Il nostro viaggio terreno tratter\u00e0 le modalit\u00e0 con cui l\u2019individuo pu\u00f2 ricongiungersi con la Fonte divina, tra cui il sufismo, l\u2019alchimia ecc.<\/p>\n<p>Capitolo 17: Ascendere la scala celeste tratter\u00e0 la vita ultraterrena, la trasmigrazione dell\u2019anima, la progressione attraverso i vari regni verso la riunificazione e la deificazione.<\/p>","protected":false},"excerpt":{"rendered":"<p>di <a href=\"https:\/\/egyptianwisdomcenter.org\/it\/chi-siamo\/\">Moustafa Gadalla<\/a><\/p>\n<hr \/>\n<p><strong>Riepilogo<\/strong><\/p>\n<p>Il libro esamina l\u2019applicabilit\u00e0 dei concetti cosmologici egizi al nostro modo moderno di comprendere la natura dell\u2019universo, la creazione, la scienza e la filosofia. La cosmologia egizia \u00e8 umanistica, coerente, globale, consistente, logica, analitica e razionale. Scopri il concetto egizio della matrice dell\u2019energia universale e i racconti sul processo della creazione. Approfondisci le nozioni di numerologia, dualit\u00e0, trinit\u00e0 ecc., di come l\u2019essere umano sia legato all\u2019universo; di consapevolezza astronomica egizia e di viaggio terreno, di come salire la scala celeste per riunirsi con la fonte ecc.<\/p>\n<hr \/>\n<p><center><br \/>\n<a class=\"button minimal\" href=\"https:\/\/books2read.com\/u\/mYzAJV\" target=\"_blank\" rel=\"noopener\">visualizza le opzioni di acquisto<\/a><\/center><center><\/center><center><\/p>\n<div id='wpsr-reviews-slider-69116' class='wpsr-reviews-69116  wpsr-reviews-wrapper wpsr-feed-wrap wpsr_content  wpsr-reviews-slider-wrapper   wpsr-reviews-template-grid2 wpsr-reviews-layout-slider wpsr-header-enable' data-column='4' data-platforms='amazon' data-slider_settings='{&quot;autoplay&quot;:&quot;false&quot;,&quot;autoplay_speed&quot;:3000,&quot;slides_to_show&quot;:3,&quot;spaceBetween&quot;:20,&quot;responsive_slides_to_show&quot;:{&quot;desktop&quot;:2,&quot;tablet&quot;:2,&quot;mobile&quot;:1},&quot;slides_to_scroll&quot;:3,&quot;responsive_slides_to_scroll&quot;:{&quot;desktop&quot;:5,&quot;tablet&quot;:2,&quot;mobile&quot;:1},&quot;navigation&quot;:&quot;dot&quot;}'>\n<div class=\"wpsr-container wpsr-fixed-height\" style=\"\" >\n<div class=\"wpsr-row\" style=\"\">\n<div class=\"wpsr-reviews-slider-wrapper-inner\">\n<div class=\"wpsr-reviews-slider swiper-container wpsr-ai-summary-enabled-slider\" tabindex=\"0\">\n<div class=\"swiper-wrapper\"><\/div>\n<\/div>\n<div class=\"wpsr-swiper-carousel-wrapper\">\n<div class=\"wpsr-swiper-pagination swiper-pagination\"><\/div>\n<\/div>\n<\/div>\n<\/div>\n<\/div>\n<\/div>\n<p><\/center><\/p>","protected":false},"featured_media":62478,"comment_status":"open","ping_status":"closed","template":"","meta":[],"product_brand":[],"product_cat":[107,106],"product_tag":[],"class_list":{"0":"post-62477","1":"product","2":"type-product","3":"status-publish","4":"has-post-thumbnail","6":"product_cat-edizione-italiana","7":"product_cat-italiano","9":"first","10":"instock","11":"shipping-taxable","12":"product-type-simple"},"aioseo_notices":[],"_links":{"self":[{"href":"https:\/\/egyptianwisdomcenter.org\/es\/wp-json\/wp\/v2\/product\/62477","targetHints":{"allow":["GET"]}}],"collection":[{"href":"https:\/\/egyptianwisdomcenter.org\/es\/wp-json\/wp\/v2\/product"}],"about":[{"href":"https:\/\/egyptianwisdomcenter.org\/es\/wp-json\/wp\/v2\/types\/product"}],"replies":[{"embeddable":true,"href":"https:\/\/egyptianwisdomcenter.org\/es\/wp-json\/wp\/v2\/comments?post=62477"}],"wp:featuredmedia":[{"embeddable":true,"href":"https:\/\/egyptianwisdomcenter.org\/es\/wp-json\/wp\/v2\/media\/62478"}],"wp:attachment":[{"href":"https:\/\/egyptianwisdomcenter.org\/es\/wp-json\/wp\/v2\/media?parent=62477"}],"wp:term":[{"taxonomy":"product_brand","embeddable":true,"href":"https:\/\/egyptianwisdomcenter.org\/es\/wp-json\/wp\/v2\/product_brand?post=62477"},{"taxonomy":"product_cat","embeddable":true,"href":"https:\/\/egyptianwisdomcenter.org\/es\/wp-json\/wp\/v2\/product_cat?post=62477"},{"taxonomy":"product_tag","embeddable":true,"href":"https:\/\/egyptianwisdomcenter.org\/es\/wp-json\/wp\/v2\/product_tag?post=62477"}],"curies":[{"name":"wp","href":"https:\/\/api.w.org\/{rel}","templated":true}]}}