{"id":62985,"date":"2023-01-10T16:33:38","date_gmt":"2023-01-10T21:33:38","guid":{"rendered":"https:\/\/egyptianwisdomcenter.org\/?post_type=product&#038;p=62985"},"modified":"2024-06-01T04:45:47","modified_gmt":"2024-06-01T08:45:47","slug":"la-arquitectura-metafisica-del-antiguo-egipto","status":"publish","type":"product","link":"https:\/\/egyptianwisdomcenter.org\/es\/producto\/la-arquitectura-metafisica-del-antiguo-egipto\/","title":{"rendered":"La Arquitectura Metaf\u00edsica Del Antiguo Egipto"},"content":{"rendered":"<p><strong>DESCRIPCI\u00d3N LARGA<\/strong><\/p>\n<p>Todo aquello que los antiguos egipcios construyeron, moldearon, esculpieron ten\u00eda como prop\u00f3sito generar energ\u00eda. Y, exactamente como el moderno sistema el\u00e9ctrico que requiere para ser activado un bot\u00f3n de encendido, todas las obras egipcias, tambi\u00e9n requieren y requer\u00edan activaci\u00f3n a trav\u00e9s de acciones espec\u00edficas (sonidos, gestos, etc.). Estas maravillas en piedra, que lucen inertes, no difieren de la energ\u00eda (estacionaria) presente en las unidades generadoras de energ\u00eda, como por ejemplo los paneles solares que absorben la energ\u00eda del sol y la convierten en energ\u00eda para artefactos el\u00e9ctricos de uso ordinario.<\/p>\n<p>Este libro revela la sabidur\u00eda antigua egipcia de la proporci\u00f3n arm\u00f3nica, la geometr\u00eda sagrada y la numerolog\u00eda m\u00edstica presentes en sus textos, templos, tumbas, arte, etc. Esto demuestra de qu\u00e9 manera los antiguos egipcios dise\u00f1aron sus edificaciones para generar la energ\u00eda c\u00f3smica y la aplicaci\u00f3n m\u00edstica de los n\u00fameros. Este libro explica en detalle la proporci\u00f3n arm\u00f3nica presente en aproximadamente 20 edificaciones del antiguo Egipto y sus registros hist\u00f3ricos.<\/p>\n<p>El objetivo de este libro es, a modo de exposici\u00f3n, tratar dichos temas en lenguaje sencillo para comprensi\u00f3n de lectores ne\u00f3fitos. Algunos t\u00e9rminos t\u00e9cnicos ser\u00e1n empleados al m\u00ednimo y ser\u00e1n explicados de manera no t\u00e9cnica en el glosario.<\/p>\n<p>Esta versi\u00f3n extendida del libro consta de tres partes contenidas en 13 cap\u00edtulos:<\/p>\n<p>Parte I: Conceptos Arquitect\u00f3nicos \u2013 funci\u00f3n y forma Consta de cinco cap\u00edtulos \u2013 del 1 al 5:<\/p>\n<p>Cap\u00edtulo 1: El Canon Arquitect\u00f3nico expresar\u00e1 el principio fundamental de la cosmovisi\u00f3n Egipcia \u201ccomo que es arriba, es abajo\u201d, su aplicaci\u00f3n en el arte y arquitectura Egipcia, su existencia y estricta adherencia a un c\u00f3digo divino de edificaci\u00f3n, as\u00ed como la utilizaci\u00f3n de dise\u00f1o y planos de construcci\u00f3n, aplicados durante los diversos estadios de la construcci\u00f3n, que pod\u00eda extenderse a lo largo de siglos en el caso de proyectos grandes.<\/p>\n<p>Cap\u00edtulo 2: La estructura metaf\u00edsica del universo presente en el reino de la creaci\u00f3n y su correspondencia en el hombre como imagen de toda creaci\u00f3n.<\/p>\n<p>Cap\u00edtulo 3: Los espacios de visitaci\u00f3n para cortes celestiales de rango menor, explicar\u00e1 sobre las interacciones de seres terrenales con los reinos menores de la estructura metaf\u00edsica c\u00f3smica. La importancia de la arquitectura en el paisaje, propicios para estas interacciones. Y los principales tipos de edificaciones para visitar (ambas, edificaciones funerarias y no funerarias) con el fin de facilitar dichas interacciones.<\/p>\n<p>Cap\u00edtulo 4: El sellado de la tumba del Fara\u00f3n explicar\u00e1 sobre el concepto y rol de los Faraones, quienes precisan el sellado y la inaccesibilidad a sus tumbas, a fin de evitar la posterior comunicaci\u00f3n con la existencia terrenal, se dar\u00e1n ejemplos de algunas tumbas fara\u00f3nicas.<\/p>\n<p>Cap\u00edtulo 5: Templos Egipcios de las Fuerzas Divinas explicar\u00e1 las razones principales de los templos Egipcios (siendo generador divino) , la totalidad conceptual del dise\u00f1o del templo, el dise\u00f1o de condensador metaf\u00edsico, el significado generador en los patrones de uni\u00f3n o empalmes , los muros exteriores de protecci\u00f3n f\u00edsicos\/metaf\u00edsicos y las ra\u00edces org\u00e1nicas en los cimientos de los templos.<\/p>\n<p>Parte II: La manifestaci\u00f3n f\u00edsica de lo Metaf\u00edsico Consta de 5 cap\u00edtulos, del 6 al 11:<\/p>\n<p>Cap\u00edtulo 6: Las Formas Arquitect\u00f3nicas con funciones Metaf\u00edsicas explicar\u00e1 sobre las varias formas arquitect\u00f3nicas como manifestaci\u00f3n de sus respectivas funciones (tanto f\u00edsicas y metaf\u00edsicas) de \u201cpuertas falsas\u201d, paneles murales clausurados, columnas y pilares, capiteles de columnas, p\u00f3rticos, peristilos, formaciones de columnas en cuatro diferentes locaciones. Obeliscos, estatuas, variadas formas en techos (planos, tumbados a dos aguas, arqueados y abovedados). Detalles estil\u00edsticos de ornamentaci\u00f3n y decoraci\u00f3n, como tumbados estrellados, florales, geom\u00e9tricos, figurativos o la combinaci\u00f3n de dos y m\u00e1s. Patrones decorativos como el Guilloch\u00e9 (err\u00f3neamente llamado decorado toscano), el chevron y la voluta.<\/p>\n<p>Cap\u00edtulo 7: Las formas Geom\u00e9tricas B\u00e1sicas explicar\u00e1 los principios y aplicaci\u00f3n de la Geometr\u00eda Sagrada en la Arquitectura Divina, la cuerda sagrada (herramienta) Egipcia. El dise\u00f1o general de figuras geom\u00e9tricas simples, el sagrado c\u00edrculo como arquetipo de la Creaci\u00f3n, encuadre del c\u00edrculo, y la combinaci\u00f3n de tri\u00e1ngulos y cuadrados a pir\u00e1mides 3D.<\/p>\n<p>Cap\u00edtulo 8: Las ra\u00edces cuadradas generadoras de rect\u00e1ngulos \u2013 n\u00fameros irracionales explicar\u00e1 los rect\u00e1ngulos generados por la ra\u00edz cuadrada, como la hipotenusa de tri\u00e1ngulos en \u00e1ngulo recto, comenzando con un cuadrado y generando ra\u00edces cuadradas de 2, 3 y 5; la formaci\u00f3n de s\u00f3lidos c\u00f3smicos; la generaci\u00f3n de la Proporci\u00f3n Dorada desde el rect\u00e1ngulo ra\u00edz cinco; la construcci\u00f3n de espirales partiendo de cuadrados giratorios; y ejemplos de aplicaciones de esta forma de dise\u00f1o din\u00e1mico, en cuatro en monumentos del Antiguo Egipto.<\/p>\n<p>Cap\u00edtulo 9: La Progresi\u00f3n Aritm\u00e9tica generadora explicar\u00e1 el rol de los n\u00fameros generadores de crecimiento ordenado y progresi\u00f3n, la serie sumatoria de la proporci\u00f3n dorada o aurea y la proporci\u00f3n c\u00f3smica de la figura humana.<\/p>\n<p>Cap\u00edtulo 10: Combinaci\u00f3n Aritm\u00e9tica y Grafico Arm\u00f3nico en el dise\u00f1o de edificaciones Egipcias explicar\u00e1 sobre la combinaci\u00f3n de aritm\u00e9tica y elementos gr\u00e1ficos presentes en el dise\u00f1o arm\u00f3nico en las partes as\u00ed como la totalidad del templo Egipcio, esto incluye: ejes activos, puntos significativos, tri\u00e1ngulos telesc\u00f3picos y per\u00edmetros rectangulares tanto en planos horizontales como en planos verticales.<\/p>\n<p>Cap\u00edtulo 11: An\u00e1lisis de la armon\u00eda en las obras Egipcias citar\u00e1 varios ejemplos a lo largo de las diversas eras del antiguo Egipto que evidencian la aplicaci\u00f3n de los elementos de dise\u00f1o presentados en este libro. Los ejemplos incluyen templos, tumbas, pir\u00e1mides, santuarios, capiteles, estelas, pilares y puertas.<\/p>\n<p>Parte III: Las comunicaciones espirituales Consta de dos cap\u00edtulos, del 12 al 13:<\/p>\n<p>Cap\u00edtulo 12: Las im\u00e1genes murales Metaf\u00edsicamente animadas explicar\u00e1 el significado metaf\u00edsica de las decoraciones murales as\u00ed como la explicaci\u00f3n de varias representaciones.<\/p>\n<p>Cap\u00edtulo 13: Actividad humana explicar\u00e1 sobre los roles de los humanos en la activaci\u00f3n, preservaci\u00f3n y participaci\u00f3n en varios rituales y festividades as\u00ed como la desactivaci\u00f3n de los poderes en los templos en el caso de que todo Egipto se encuentre bajo amenaza.<\/p>","protected":false},"excerpt":{"rendered":"<p>por <a href=\"https:\/\/egyptianwisdomcenter.org\/es\/sobre\/\">Moustafa Gadalla<\/a><\/p>\n<hr \/>\n<p><strong>Resumen<\/strong><\/p>\n<p>Todo aquello que los antiguos egipcios construyeron, moldearon, esculpieron ten\u00eda como prop\u00f3sito generar energ\u00eda. Y, exactamente como el moderno sistema el\u00e9ctrico que requiere para ser activado un bot\u00f3n de encendido, todas las obras egipcias, tambi\u00e9n requieren y requer\u00edan activaci\u00f3n a trav\u00e9s de acciones espec\u00edficas (sonidos, gestos, etc.). Estas maravillas en piedra, que lucen inertes, no difieren de la energ\u00eda (estacionaria) presente en las unidades generadoras de energ\u00eda, como por ejemplo los paneles solares que absorben la energ\u00eda del sol y la convierten en energ\u00eda para artefactos el\u00e9ctricos de uso ordinario&#8230;<\/p>\n<hr \/>\n<p><center><br \/>\n<a class=\"button minimal\" href=\"https:\/\/books2read.com\/u\/boMDOA\" target=\"_blank\" rel=\"noopener\">Ver opciones de compra<\/a><\/center><center><\/center><center><\/center><center><a href=\"https:\/\/www.amazon.fr\/ARQUITECTURA-METAF%C3%8DSICA-ANTIGUO-EGIPTO-Spanish-ebook\/dp\/B07MHFJM4P\" target=\"_blank\" rel=\"noopener\"><img decoding=\"async\" class=\"alignnone size-full wp-image-69012\" src=\"https:\/\/egyptianwisdomcenter.org\/wp-content\/uploads\/2023\/01\/Capture-1.png\" alt=\"\" width=\"242\" height=\"25\" srcset=\"https:\/\/egyptianwisdomcenter.org\/wp-content\/uploads\/2023\/01\/Capture-1.png 242w, https:\/\/egyptianwisdomcenter.org\/wp-content\/uploads\/2023\/01\/Capture-1-18x2.png 18w, https:\/\/egyptianwisdomcenter.org\/wp-content\/uploads\/2023\/01\/Capture-1-230x24.png 230w\" sizes=\"(max-width: 242px) 100vw, 242px\" \/><\/a><\/center><\/p>","protected":false},"featured_media":62986,"comment_status":"open","ping_status":"closed","template":"","meta":[],"product_brand":[],"product_cat":[112,111],"product_tag":[],"class_list":{"0":"post-62985","1":"product","2":"type-product","3":"status-publish","4":"has-post-thumbnail","6":"product_cat-edicion-espanola","7":"product_cat-espanol","9":"first","10":"instock","11":"shipping-taxable","12":"product-type-simple"},"aioseo_notices":[],"_links":{"self":[{"href":"https:\/\/egyptianwisdomcenter.org\/es\/wp-json\/wp\/v2\/product\/62985","targetHints":{"allow":["GET"]}}],"collection":[{"href":"https:\/\/egyptianwisdomcenter.org\/es\/wp-json\/wp\/v2\/product"}],"about":[{"href":"https:\/\/egyptianwisdomcenter.org\/es\/wp-json\/wp\/v2\/types\/product"}],"replies":[{"embeddable":true,"href":"https:\/\/egyptianwisdomcenter.org\/es\/wp-json\/wp\/v2\/comments?post=62985"}],"wp:featuredmedia":[{"embeddable":true,"href":"https:\/\/egyptianwisdomcenter.org\/es\/wp-json\/wp\/v2\/media\/62986"}],"wp:attachment":[{"href":"https:\/\/egyptianwisdomcenter.org\/es\/wp-json\/wp\/v2\/media?parent=62985"}],"wp:term":[{"taxonomy":"product_brand","embeddable":true,"href":"https:\/\/egyptianwisdomcenter.org\/es\/wp-json\/wp\/v2\/product_brand?post=62985"},{"taxonomy":"product_cat","embeddable":true,"href":"https:\/\/egyptianwisdomcenter.org\/es\/wp-json\/wp\/v2\/product_cat?post=62985"},{"taxonomy":"product_tag","embeddable":true,"href":"https:\/\/egyptianwisdomcenter.org\/es\/wp-json\/wp\/v2\/product_tag?post=62985"}],"curies":[{"name":"wp","href":"https:\/\/api.w.org\/{rel}","templated":true}]}}