{"id":63037,"date":"2023-01-10T16:55:35","date_gmt":"2023-01-10T21:55:35","guid":{"rendered":"https:\/\/egyptianwisdomcenter.org\/?post_type=product&#038;p=63037"},"modified":"2024-06-01T04:49:22","modified_gmt":"2024-06-01T08:49:22","slug":"redescubriendo-las-piramides-egipcias","status":"publish","type":"product","link":"https:\/\/egyptianwisdomcenter.org\/es\/producto\/redescubriendo-las-piramides-egipcias\/","title":{"rendered":"Redescubriendo Las Pir\u00e1mides Egipcias"},"content":{"rendered":"<p><strong>DESCRIPCI\u00d3N LARGA<\/strong><\/p>\n<p>Informaci\u00f3n ilustrada de los interiores y exteriores de las pir\u00e1mides, su construcci\u00f3n y sus fines verdaderos.<\/p>\n<p>Un manual completo sobre las pir\u00e1mides del Antiguo Egipto durante la Edad de las Pir\u00e1mides. Contiene: las ubicaciones y dimensiones de los interiores y exteriores de estas pir\u00e1mides; la historia y los constructores de las pir\u00e1mides; las teor\u00edas de su construcci\u00f3n; las teor\u00edas sobre su finalidad y funci\u00f3n; la geometr\u00eda sagrada que se incorpor\u00f3 al dise\u00f1o de las pir\u00e1mides; y mucho, mucho m\u00e1s.<\/p>\n<p>Esta edici\u00f3n ampliada del libro consta de siete partes completamente ilustradas con un total de 18 cap\u00edtulos.<\/p>\n<p>Parte I: Perspectiva general se compone de dos cap\u00edtulos, 1 y 2, de la siguiente manera:<\/p>\n<p>Cap\u00edtulo 1: Los antecedentes que ofrece una breve declaraci\u00f3n introductoria sobre las \u201cteor\u00edas\u201d comunes y los contrapuntos basados en los hechos reales.<\/p>\n<p>Cap\u00edtulo 2: Las pir\u00e1mides de mamposter\u00eda genuinas que enumera las pir\u00e1mides egipcias que se construyeron durante la Dinast\u00eda IV hace unos 4.500 a\u00f1os.<\/p>\n<p>Parte II: Las pir\u00e1mides frente a las tumbas consta de dos cap\u00edtulos, 3 y 4, de la siguiente manera:<\/p>\n<p>Cap\u00edtulo 3: La \u201cpir\u00e1mide\u201d escalonada de Zoser que describe los detalles de su superestructura y de sus c\u00e1maras subterr\u00e1neas.<\/p>\n<p>Cap\u00edtulo 4: Las tumbas ficticias que abarca los detalles de una t\u00edpica tumba del Antiguo Egipto y lo totalmente diferente que es de los interiores de las pir\u00e1mides de mamposter\u00eda egipcias de la Dinast\u00eda IV.<\/p>\n<p>Parte III: Las pir\u00e1mides \u2013 Funciones y formas consta de dos cap\u00edtulos, 5 y 6, de la siguiente manera:<\/p>\n<p>Cap\u00edtulo 5: El complejo de la pir\u00e1mide que muestra c\u00f3mo la pir\u00e1mide egipcia era un componente de un complejo que estaba conectada a otros templos; y las diferentes funciones y formas entre una pir\u00e1mide y un templo; as\u00ed como la dosificaci\u00f3n energ\u00e9tica de tales estructuras.<\/p>\n<p>Cap\u00edtulo 6: El poder de la pir\u00e1mide que describe las diferentes formas de las pir\u00e1mides de mamposter\u00eda egipcias; y c\u00f3mo tales formas atraen, mantienen y canalizan las energ\u00edas c\u00f3smicas.<\/p>\n<p>Parte IV: Las t\u00e9cnicas de construcci\u00f3n de la pir\u00e1mide consta de dos cap\u00edtulos, 7 y 8, de la siguiente manera:<\/p>\n<p>Cap\u00edtulo 7: La \u201cteor\u00eda com\u00fan\u201d equivocada que abarca los detalles de la \u201cTeor\u00eda\u201d com\u00fan; el \u201corigen\u201d no identificado de los bloques extra\u00eddos; las imposibilidades de cortar y conformar los bloques de la pir\u00e1mide; las log\u00edsticas imposibles de la teor\u00eda de las rampas fabricadas; las convenientemente ignoradas tres enormes pir\u00e1mides de Seneferu; y un resumen que rebate la \u201cTeor\u00eda com\u00fan\u201d occidental.<\/p>\n<p>Cap\u00edtulo 8: Los hechos materiales que abarca las consideraciones de Her\u00f3doto de la construcci\u00f3n de la pir\u00e1mide; las t\u00e9cnicas de moldeado egipcias; las diferencias entre los bloques sint\u00e9ticos y los naturales; los diferentes tipos de bloques de hormig\u00f3n sint\u00e9ticos; las cualidades \u00fanicas de las piedras que recubren las pir\u00e1mides; hechos probatorios adicionales de los bloques sint\u00e9ticos de la pir\u00e1mide; as\u00ed como incluso aportar luz sobre detalles de mayor importancia de los antiguos e incre\u00edbles trabajos de mamposter\u00eda de Saqqara.<\/p>\n<p>Parte V: Las tres pir\u00e1mides de Seneferu consta de tres cap\u00edtulos, 9 al 11, de la siguiente manera:<\/p>\n<p>Cap\u00edtulo 9: La pir\u00e1mide de Meidum de Seneferu abarca sus detalles exteriores e interiores.<\/p>\n<p>Cap\u00edtulo 10: La Pir\u00e1mide Acodada de Seneferu abarca sus detalles exteriores e interiores.<\/p>\n<p>Cap\u00edtulo 11: La Pir\u00e1mide Roja de Seneferu abarca sus detalles exteriores e interiores.<\/p>\n<p>Parte VI: Las tres pir\u00e1mides de Guiza consta de cuatro cap\u00edtulos, 12 al 15, de la siguiente manera:<\/p>\n<p>Cap\u00edtulo 12: La meseta de Guiza ofrece un diagrama global de los puntos principales de inter\u00e9s en la meseta de Guiza.<\/p>\n<p>Cap\u00edtulo 13: La Gran Pir\u00e1mide de Keops abarca sus detalles exteriores e interiores.<\/p>\n<p>Cap\u00edtulo 14: La pir\u00e1mide de Kefr\u00e9n abarca sus detalles exteriores e interiores.<\/p>\n<p>Cap\u00edtulo 15: La pir\u00e1mide de Menkaura (Micerino) abarca sus detalles exteriores e interiores.<\/p>\n<p>Parte VII: Despu\u00e9s de las pir\u00e1mides consta de tres cap\u00edtulos, 16 al 18, de la siguiente manera:<\/p>\n<p>Cap\u00edtulo 16: La misi\u00f3n cumplida se\u00f1ala los objetivos de construcci\u00f3n de las pir\u00e1mides de los egipcios.<\/p>\n<p>Cap\u00edtulo 17: Los Textos de las \u201cPir\u00e1mides\u201d abarca el origen de la incorrecta caracterizaci\u00f3n occidental de tales textos.<\/p>\n<p>Cap\u00edtulo 18: Los m\u00e1s grandes faraones posteriores ofrece relatos de los m\u00e1s gryes y poderosos constructores posteriores que nunca construyeron una pir\u00e1mide ya que los objetivos aut\u00e9nticos de la construcci\u00f3n de las pir\u00e1mides se lograron durante la \u00e9poca de la Dinast\u00eda IV.<\/p>","protected":false},"excerpt":{"rendered":"<p>por <a href=\"https:\/\/egyptianwisdomcenter.org\/es\/sobre\/\">Moustafa Gadalla<\/a><\/p>\n<hr \/>\n<p><strong>Resumen<\/strong><\/p>\n<p>Informaci\u00f3n ilustrada de los interiores y exteriores de las pir\u00e1mides, su construcci\u00f3n y sus fines verdaderos.<\/p>\n<p>Un manual completo sobre las pir\u00e1mides del Antiguo Egipto durante la Edad de las Pir\u00e1mides. Contiene: las ubicaciones y dimensiones de los interiores y exteriores de estas pir\u00e1mides; la historia y los constructores de las pir\u00e1mides; las teor\u00edas de su construcci\u00f3n; las teor\u00edas sobre su finalidad y funci\u00f3n; la geometr\u00eda sagrada que se incorpor\u00f3 al dise\u00f1o de las pir\u00e1mides; y mucho, mucho m\u00e1s..<\/p>\n<hr \/>\n<p><center><br \/>\n<a class=\"button minimal\" href=\"https:\/\/books2read.com\/u\/bQGdve\" target=\"_blank\" rel=\"noopener\">Ver opciones de compra<\/a><\/center><center><\/center><center><\/p>\n<div id='wpsr-reviews-slider-69094' class='wpsr-reviews-69094  wpsr-reviews-wrapper wpsr-feed-wrap wpsr_content  wpsr-reviews-slider-wrapper   wpsr-reviews-template-grid2 wpsr-reviews-layout-slider wpsr-header-enable' data-column='4' data-platforms='amazon' data-slider_settings='{&quot;autoplay&quot;:&quot;false&quot;,&quot;autoplay_speed&quot;:3000,&quot;slides_to_show&quot;:3,&quot;spaceBetween&quot;:20,&quot;responsive_slides_to_show&quot;:{&quot;desktop&quot;:2,&quot;tablet&quot;:2,&quot;mobile&quot;:1},&quot;slides_to_scroll&quot;:3,&quot;responsive_slides_to_scroll&quot;:{&quot;desktop&quot;:5,&quot;tablet&quot;:2,&quot;mobile&quot;:1},&quot;navigation&quot;:&quot;dot&quot;}'>\n<div class=\"wpsr-container wpsr-fixed-height\" style=\"\" >\n<div class=\"wpsr-row\" style=\"\">\n<div class=\"wpsr-reviews-slider-wrapper-inner\">\n<div class=\"wpsr-reviews-slider swiper-container wpsr-ai-summary-enabled-slider\" tabindex=\"0\">\n<div class=\"swiper-wrapper\"><\/div>\n<\/div>\n<div class=\"wpsr-swiper-carousel-wrapper\">\n<div class=\"wpsr-swiper-pagination swiper-pagination\"><\/div>\n<\/div>\n<\/div>\n<\/div>\n<\/div>\n<\/div>\n<p><\/center><\/p>","protected":false},"featured_media":63038,"comment_status":"open","ping_status":"closed","template":"","meta":[],"product_brand":[],"product_cat":[112,111],"product_tag":[],"class_list":{"0":"post-63037","1":"product","2":"type-product","3":"status-publish","4":"has-post-thumbnail","6":"product_cat-edicion-espanola","7":"product_cat-espanol","9":"first","10":"instock","11":"shipping-taxable","12":"product-type-simple"},"aioseo_notices":[],"_links":{"self":[{"href":"https:\/\/egyptianwisdomcenter.org\/es\/wp-json\/wp\/v2\/product\/63037","targetHints":{"allow":["GET"]}}],"collection":[{"href":"https:\/\/egyptianwisdomcenter.org\/es\/wp-json\/wp\/v2\/product"}],"about":[{"href":"https:\/\/egyptianwisdomcenter.org\/es\/wp-json\/wp\/v2\/types\/product"}],"replies":[{"embeddable":true,"href":"https:\/\/egyptianwisdomcenter.org\/es\/wp-json\/wp\/v2\/comments?post=63037"}],"wp:featuredmedia":[{"embeddable":true,"href":"https:\/\/egyptianwisdomcenter.org\/es\/wp-json\/wp\/v2\/media\/63038"}],"wp:attachment":[{"href":"https:\/\/egyptianwisdomcenter.org\/es\/wp-json\/wp\/v2\/media?parent=63037"}],"wp:term":[{"taxonomy":"product_brand","embeddable":true,"href":"https:\/\/egyptianwisdomcenter.org\/es\/wp-json\/wp\/v2\/product_brand?post=63037"},{"taxonomy":"product_cat","embeddable":true,"href":"https:\/\/egyptianwisdomcenter.org\/es\/wp-json\/wp\/v2\/product_cat?post=63037"},{"taxonomy":"product_tag","embeddable":true,"href":"https:\/\/egyptianwisdomcenter.org\/es\/wp-json\/wp\/v2\/product_tag?post=63037"}],"curies":[{"name":"wp","href":"https:\/\/api.w.org\/{rel}","templated":true}]}}