{"id":69803,"date":"2025-12-17T18:01:34","date_gmt":"2025-12-17T23:01:34","guid":{"rendered":"https:\/\/egyptianwisdomcenter.org\/?post_type=product&#038;p=69803"},"modified":"2025-12-22T14:19:34","modified_gmt":"2025-12-22T19:19:34","slug":"originea-nealterata-a-culturii-egiptene","status":"publish","type":"product","link":"https:\/\/egyptianwisdomcenter.org\/es\/producto\/originea-nealterata-a-culturii-egiptene\/","title":{"rendered":"Originea Nealterat\u0103 a Culturii Egiptene &#8211; De Ce Egiptul Antic Conteaz\u0103"},"content":{"rendered":"<div class=\"collapsible-synopsis gizmo-collapsible-with-header show-teaser open\" data-kobo-gizmo=\"Collapsible.Synopsis\" data-kobo-gizmo-config=\"{ &quot;isOpen&quot;: {&quot;small&quot;: false, &quot;medium&quot;: false, &quot;large&quot;: false, &quot;jumbo&quot;: false}, &quot;name&quot;: &quot;AboutItem&quot;, &quot;toggleClass&quot; : &quot;toggle-button-hitbox&quot; }\" data-gid=\"g_20\">\n<div class=\"synopsis-description\" translate=\"no\">\n<p>Descriere Detaliat\u0103<\/p>\n<p>&nbsp;<\/p>\n<\/div>\n<\/div>","protected":false},"excerpt":{"rendered":"<div class=\"fb-page\" data-href=\"https:\/\/www.facebook.com\/UntaintedEgyptianOriginOfAllThingsThatMatter\" data-width=\"380\" data-hide-cover=\"false\" data-show-facepile=\"false\"><\/div>\n<p><span class=\"contributor-name-prefix\"><br \/>\nDe Moustafa Gadalla<br \/>\n<\/span><\/p>\n<hr \/>\n<p><strong>SCURTA DESCRIERE<\/strong><\/p>\n<p dir=\"ltr\">O scurt\u0103 prezentare general\u0103 a unor aspecte ale civiliza\u021biei Egiptului Antic care ne pot fi utile \u0219i ast\u0103zi \u00een via\u021ba de zi cu zi, indiferent de locul din lume \u00een care ne afl\u0103m.<\/p>\n<p dir=\"ltr\">Aceast\u0103 carte are scopul de a oferi o prezentare scurt\u0103 \u0219i concis\u0103 a unor aspecte ale civiliza\u021biei Egiptului Antic care ne pot fi de folos ast\u0103zi \u00een via\u021ba de zi cu zi, indiferent de locul \u00een care ne afl\u0103m \u00een lume. Cartea abordeaz\u0103 subiecte precum \u00eemputernicirea personal\u0103, \u00eembun\u0103t\u0103\u021birea problemelor politice, sociale, economice \u0219i de mediu actuale, recunoa\u0219terea \u0219i implementarea principiilor armoniei \u00een activit\u0103\u021bile \u0219i ac\u021biunile noastre etc.<\/p>\n<p>&nbsp;<\/p>\n<hr \/>\n<p>&nbsp;<\/p>\n<p>Vezi Op\u021biuni de Cump\u0103rare<\/p>","protected":false},"featured_media":69804,"comment_status":"open","ping_status":"closed","template":"","meta":[],"product_brand":[],"product_cat":[140],"product_tag":[],"class_list":{"0":"post-69803","1":"product","2":"type-product","3":"status-publish","4":"has-post-thumbnail","6":"product_cat-editii-romana","8":"first","9":"instock","10":"shipping-taxable","11":"product-type-simple"},"aioseo_notices":[],"_links":{"self":[{"href":"https:\/\/egyptianwisdomcenter.org\/es\/wp-json\/wp\/v2\/product\/69803","targetHints":{"allow":["GET"]}}],"collection":[{"href":"https:\/\/egyptianwisdomcenter.org\/es\/wp-json\/wp\/v2\/product"}],"about":[{"href":"https:\/\/egyptianwisdomcenter.org\/es\/wp-json\/wp\/v2\/types\/product"}],"replies":[{"embeddable":true,"href":"https:\/\/egyptianwisdomcenter.org\/es\/wp-json\/wp\/v2\/comments?post=69803"}],"wp:featuredmedia":[{"embeddable":true,"href":"https:\/\/egyptianwisdomcenter.org\/es\/wp-json\/wp\/v2\/media\/69804"}],"wp:attachment":[{"href":"https:\/\/egyptianwisdomcenter.org\/es\/wp-json\/wp\/v2\/media?parent=69803"}],"wp:term":[{"taxonomy":"product_brand","embeddable":true,"href":"https:\/\/egyptianwisdomcenter.org\/es\/wp-json\/wp\/v2\/product_brand?post=69803"},{"taxonomy":"product_cat","embeddable":true,"href":"https:\/\/egyptianwisdomcenter.org\/es\/wp-json\/wp\/v2\/product_cat?post=69803"},{"taxonomy":"product_tag","embeddable":true,"href":"https:\/\/egyptianwisdomcenter.org\/es\/wp-json\/wp\/v2\/product_tag?post=69803"}],"curies":[{"name":"wp","href":"https:\/\/api.w.org\/{rel}","templated":true}]}}