{"id":103,"date":"2018-10-29T00:00:00","date_gmt":"2018-10-29T04:00:00","guid":{"rendered":"http:\/\/egyptianwisdomcenter.org\/the-social-and-political-system\/"},"modified":"2019-02-24T16:10:44","modified_gmt":"2019-02-24T21:10:44","slug":"the-social-and-political-system","status":"publish","type":"page","link":"https:\/\/egyptianwisdomcenter.org\/fr\/le-systeme-social-et-politique-2\/","title":{"rendered":"Le syst\u00e8me social et politique"},"content":{"rendered":"<h2>Le syst\u00e8me social et politique<\/h2>\n<ul>\n<li><a href=\"https:\/\/egyptianwisdomcenter.org\/fr\/isis-est-le-siege-de-la-legitimite-2\/\">Isis : le si\u00e8ge de la l\u00e9gitimit\u00e9<\/a><\/li>\n<li><a href=\"https:\/\/egyptianwisdomcenter.org\/fr\/societe-matriarcale-matrilineaire-2\/\">Soci\u00e9t\u00e9 matrilin\u00e9aire\/matriarcale<\/a><\/li>\n<li><a href=\"https:\/\/egyptianwisdomcenter.org\/fr\/le-role-du-pharaon-le-maitre-serviteur-2\/\">Le r\u00f4le du pharaon \u2013 Le ma\u00eetre serviteur<\/a><\/li>\n<li><a href=\"https:\/\/egyptianwisdomcenter.org\/fr\/le-systeme-de-double-administration-2\/\">Le double syst\u00e8me de contr\u00f4le\/administration<\/a><\/li>\n<li><a href=\"https:\/\/egyptianwisdomcenter.org\/fr\/la-societe-metaphysique-physique-2\/\">La soci\u00e9t\u00e9 physique\/m\u00e9taphysique<\/a><\/li>\n<li><a href=\"https:\/\/egyptianwisdomcenter.org\/fr\/les-fetes-du-renouveau-cyclique-2\/\">Les festivals du renouveau cyclique<\/a><\/li>\n<\/ul>","protected":false},"excerpt":{"rendered":"<p>The Social and Political System Isis: The Seat of Legitimacy Matrilineal\/Matriarchal Society The Pharaoh&#8217;s Role &#8211; The Master Servant The Dual Overseeing\/Administration [&hellip;]<\/p>","protected":false},"author":3,"featured_media":0,"parent":0,"menu_order":0,"comment_status":"closed","ping_status":"closed","template":"","meta":{"footnotes":""},"class_list":["post-103","page","type-page","status-publish","hentry"],"aioseo_notices":[],"_links":{"self":[{"href":"https:\/\/egyptianwisdomcenter.org\/fr\/wp-json\/wp\/v2\/pages\/103","targetHints":{"allow":["GET"]}}],"collection":[{"href":"https:\/\/egyptianwisdomcenter.org\/fr\/wp-json\/wp\/v2\/pages"}],"about":[{"href":"https:\/\/egyptianwisdomcenter.org\/fr\/wp-json\/wp\/v2\/types\/page"}],"author":[{"embeddable":true,"href":"https:\/\/egyptianwisdomcenter.org\/fr\/wp-json\/wp\/v2\/users\/3"}],"replies":[{"embeddable":true,"href":"https:\/\/egyptianwisdomcenter.org\/fr\/wp-json\/wp\/v2\/comments?post=103"}],"version-history":[{"count":0,"href":"https:\/\/egyptianwisdomcenter.org\/fr\/wp-json\/wp\/v2\/pages\/103\/revisions"}],"wp:attachment":[{"href":"https:\/\/egyptianwisdomcenter.org\/fr\/wp-json\/wp\/v2\/media?parent=103"}],"curies":[{"name":"wp","href":"https:\/\/api.w.org\/{rel}","templated":true}]}}