{"id":104,"date":"2018-10-29T00:00:00","date_gmt":"2018-10-29T04:00:00","guid":{"rendered":"http:\/\/egyptianwisdomcenter.org\/egyptian-architecture-function-and-form-sacred-geometryetc\/"},"modified":"2023-02-14T20:09:40","modified_gmt":"2023-02-15T01:09:40","slug":"egyptian-architecture-function-and-form-sacred-geometryetc","status":"publish","type":"page","link":"https:\/\/egyptianwisdomcenter.org\/fr\/fonction-de-larchitecture-egyptienne-et-forme-de-la-geometrie-sacree-etc\/","title":{"rendered":"Architecture \u00e9gyptienne [Fonction et forme, g\u00e9om\u00e9trie sacr\u00e9e, etc.]"},"content":{"rendered":"<h2>Architecture \u00e9gyptienne [Fonction et forme, g\u00e9om\u00e9trie sacr\u00e9e, etc.]<\/h2>\n<ul>\n<li style=\"list-style-type: none;\">\n<ul>\n<li><a href=\"https:\/\/egyptianwisdomcenter.org\/fr\/lobjectif-fonctionnel-du-temple-2\/\">La fonction\/objectif du temple<\/a><\/li>\n<li><a href=\"https:\/\/egyptianwisdomcenter.org\/fr\/les-parametres-de-conception-harmonique-2\/\">Les param\u00e8tres de conception harmonique<\/a><\/li>\n<li><a href=\"https:\/\/egyptianwisdomcenter.org\/fr\/la-proportion-cosmique-de-la-figure-humaine-2\/\">La proportion cosmique de la figure humaine<\/a><\/li>\n<li><a href=\"https:\/\/egyptianwisdomcenter.org\/fr\/la-conception-du-conduit-dentonnoir-metaphysique-2\/\">La conception du conduit d&#039;entonnoir m\u00e9taphysique<\/a><\/li>\n<li><a href=\"https:\/\/egyptianwisdomcenter.org\/fr\/flux-denergie-et-connectivite-dans-les-oeuvres-egyptiennes-2\/\">Flux d&#039;\u00e9nergie et connectivit\u00e9 dans les \u0153uvres \u00e9gyptiennes<\/a><\/li>\n<li><a href=\"https:\/\/egyptianwisdomcenter.org\/fr\/fausses-portes-le-seuil-metaphysique-physique-2\/\">Les \u00ab fausses portes \u00bb : le seuil physique et m\u00e9taphysique<\/a><\/li>\n<li><a href=\"https:\/\/egyptianwisdomcenter.org\/fr\/ornementation-stylistique-et-decoration-2\/\">Ornementation stylistique et d\u00e9coration<\/a><\/li>\n<li><a href=\"https:\/\/egyptianwisdomcenter.org\/fr\/puissance-pyramidale-2\/\">Puissance pyramidale<\/a><\/li>\n<li><a href=\"https:\/\/egyptianwisdomcenter.org\/fr\/la-theorie-commune-erronee-de-la-construction-des-pyramides-2\/\">La \u00ab th\u00e9orie commune de la construction \u00bb erron\u00e9e des pyramides<\/a><\/li>\n<li><a href=\"https:\/\/egyptianwisdomcenter.org\/fr\/les-blocs-de-beton-synthetique-des-pyramides-2\/\">Les blocs de b\u00e9ton synth\u00e9tique des pyramides<\/a><\/li>\n<li><a href=\"https:\/\/egyptianwisdomcenter.org\/fr\/la-quadrature-du-cercle\/\">La quadrature du cercle<\/a><\/li>\n<li><a href=\"https:\/\/egyptianwisdomcenter.org\/fr\/geometrie-sacree-2\/\">G\u00e9om\u00e9trie sacr\u00e9e<\/a><\/li>\n<\/ul>\n<\/li>\n<\/ul>","protected":false},"excerpt":{"rendered":"<p>Egyptian Architecture [Function and Form, Sacred Geometry, etc.] The Function\/Objective of the Temple The Harmonic Design Parameters The Cosmic Proportion of the [&hellip;]<\/p>","protected":false},"author":3,"featured_media":0,"parent":0,"menu_order":0,"comment_status":"closed","ping_status":"closed","template":"","meta":{"footnotes":""},"class_list":["post-104","page","type-page","status-publish","hentry"],"aioseo_notices":[],"_links":{"self":[{"href":"https:\/\/egyptianwisdomcenter.org\/fr\/wp-json\/wp\/v2\/pages\/104","targetHints":{"allow":["GET"]}}],"collection":[{"href":"https:\/\/egyptianwisdomcenter.org\/fr\/wp-json\/wp\/v2\/pages"}],"about":[{"href":"https:\/\/egyptianwisdomcenter.org\/fr\/wp-json\/wp\/v2\/types\/page"}],"author":[{"embeddable":true,"href":"https:\/\/egyptianwisdomcenter.org\/fr\/wp-json\/wp\/v2\/users\/3"}],"replies":[{"embeddable":true,"href":"https:\/\/egyptianwisdomcenter.org\/fr\/wp-json\/wp\/v2\/comments?post=104"}],"version-history":[{"count":0,"href":"https:\/\/egyptianwisdomcenter.org\/fr\/wp-json\/wp\/v2\/pages\/104\/revisions"}],"wp:attachment":[{"href":"https:\/\/egyptianwisdomcenter.org\/fr\/wp-json\/wp\/v2\/media?parent=104"}],"curies":[{"name":"wp","href":"https:\/\/api.w.org\/{rel}","templated":true}]}}