{"id":105,"date":"2018-10-29T00:00:00","date_gmt":"2018-10-29T04:00:00","guid":{"rendered":"http:\/\/egyptianwisdomcenter.org\/egyptian-ideograms-pictorial-representations-and-meanings\/"},"modified":"2023-10-20T10:28:13","modified_gmt":"2023-10-20T14:28:13","slug":"egyptian-ideograms-pictorial-representations-and-meanings","status":"publish","type":"page","link":"https:\/\/egyptianwisdomcenter.org\/fr\/ideogrammes-egyptiens-representations-picturales-et-significations-2\/","title":{"rendered":"Id\u00e9ogrammes \u00e9gyptiens [Repr\u00e9sentations picturales et significations]"},"content":{"rendered":"<h2>Id\u00e9ogrammes \u00e9gyptiens [Repr\u00e9sentations picturales et significations]<\/h2>\n<ul>\n<li><a href=\"https:\/\/egyptianwisdomcenter.org\/fr\/les-modes-dimagerie-et-decriture-alphabetique-2\/\">Les modes d\u2019imagerie et d\u2019\u00e9criture alphab\u00e9tique<\/a><\/li>\n<li><a href=\"https:\/\/egyptianwisdomcenter.org\/fr\/images-langage-de-lesprit-conscience-divine-2\/\">Images\u00a0: Langage de l\u2019esprit\/Conscience\/Divin<\/a><\/li>\n<li><a href=\"https:\/\/egyptianwisdomcenter.org\/fr\/le-script-dimages-metaphysiques-picturales-egyptiennes-2\/\">Les images\/scripts m\u00e9taphysiques picturaux \u00e9gyptiens<\/a><\/li>\n<li><a href=\"https:\/\/egyptianwisdomcenter.org\/fr\/les-trois-roles-de-chaque-image-hieroglyphique-egyptienne-2\/\">Les trois r\u00f4les de chaque image hi\u00e9roglyphique \u00e9gyptienne<\/a><\/li>\n<li><a href=\"https:\/\/egyptianwisdomcenter.org\/fr\/un-apercu-de-la-formation-egyptienne-des-ideogrammes-2\/\">Un aper\u00e7u de la formation \u00e9gyptienne des id\u00e9ogrammes<\/a><\/li>\n<\/ul>","protected":false},"excerpt":{"rendered":"<p>Egyptian Ideograms [Pictorial Representations and Meanings] The Imagery and Alphabetical Writing Modes Images: Language of the Mind\/Consciousness\/Divine The Egyptian Pictorial Metaphysical Images\/Script [&hellip;]<\/p>","protected":false},"author":3,"featured_media":0,"parent":0,"menu_order":0,"comment_status":"closed","ping_status":"closed","template":"","meta":{"footnotes":""},"class_list":["post-105","page","type-page","status-publish","hentry"],"aioseo_notices":[],"_links":{"self":[{"href":"https:\/\/egyptianwisdomcenter.org\/fr\/wp-json\/wp\/v2\/pages\/105","targetHints":{"allow":["GET"]}}],"collection":[{"href":"https:\/\/egyptianwisdomcenter.org\/fr\/wp-json\/wp\/v2\/pages"}],"about":[{"href":"https:\/\/egyptianwisdomcenter.org\/fr\/wp-json\/wp\/v2\/types\/page"}],"author":[{"embeddable":true,"href":"https:\/\/egyptianwisdomcenter.org\/fr\/wp-json\/wp\/v2\/users\/3"}],"replies":[{"embeddable":true,"href":"https:\/\/egyptianwisdomcenter.org\/fr\/wp-json\/wp\/v2\/comments?post=105"}],"version-history":[{"count":1,"href":"https:\/\/egyptianwisdomcenter.org\/fr\/wp-json\/wp\/v2\/pages\/105\/revisions"}],"predecessor-version":[{"id":68343,"href":"https:\/\/egyptianwisdomcenter.org\/fr\/wp-json\/wp\/v2\/pages\/105\/revisions\/68343"}],"wp:attachment":[{"href":"https:\/\/egyptianwisdomcenter.org\/fr\/wp-json\/wp\/v2\/media?parent=105"}],"curies":[{"name":"wp","href":"https:\/\/api.w.org\/{rel}","templated":true}]}}