{"id":106,"date":"2018-10-29T00:00:00","date_gmt":"2018-10-29T04:00:00","guid":{"rendered":"http:\/\/egyptianwisdomcenter.org\/the-egyptian-musical-heritage\/"},"modified":"2019-04-29T17:15:21","modified_gmt":"2019-04-29T21:15:21","slug":"the-egyptian-musical-heritage","status":"publish","type":"page","link":"https:\/\/egyptianwisdomcenter.org\/fr\/le-patrimoine-musical-egyptien-2\/","title":{"rendered":"Le patrimoine musical \u00e9gyptien"},"content":{"rendered":"<h1 style=\"text-align: center;\">Le patrimoine musical \u00e9gyptien<\/h1>\n<ul>\n<li><a href=\"https:\/\/egyptianwisdomcenter.org\/fr\/un-apercu-du-patrimoine-musical-egyptien-2\/\">Un aper\u00e7u du patrimoine musical \u00e9gyptien<\/a><\/li>\n<li><a href=\"https:\/\/egyptianwisdomcenter.org\/fr\/larchetype-du-systeme-musical-cosmique-harmonie-des-spheres-2\/\">Le syst\u00e8me musical cosmique arch\u00e9typal \u2013 Harmonie des sph\u00e8res<\/a><\/li>\n<li><a href=\"https:\/\/egyptianwisdomcenter.org\/fr\/dynamiser-la-semaine-diatonique-2\/\">Dynamiser la semaine diatonique<\/a><\/li>\n<li><a href=\"https:\/\/egyptianwisdomcenter.org\/fr\/le-cycle-des-quintes-et-lunite-de-mesure-musicale-egyptienne-2\/\">Le cycle des quintes et l&#039;unit\u00e9 de mesure musicale \u00e9gyptienne<\/a><\/li>\n<li><a href=\"https:\/\/egyptianwisdomcenter.org\/fr\/les-capacites-globales-des-harpes-egyptiennes-anciennes-2\/\">Les capacit\u00e9s globales des harpes \u00e9gyptiennes antiques<\/a><\/li>\n<li><a href=\"https:\/\/egyptianwisdomcenter.org\/fr\/les-orchestres-musicaux-2\/\">Les orchestres musicaux<\/a><\/li>\n<li><a href=\"https:\/\/egyptianwisdomcenter.org\/fr\/le-timing-rythmique-2\/\">Le timing rythmique<\/a><\/li>\n<li><a href=\"https:\/\/egyptianwisdomcenter.org\/fr\/le-systeme-complet-decriture-musicale-tonale-egyptienne-2\/\">Le syst\u00e8me d&#039;\u00e9criture tonal [musical] \u00e9gyptien complet<\/a><\/li>\n<\/ul>","protected":false},"excerpt":{"rendered":"<p>The Egyptian Musical Heritage An overview of the Egyptian Musical Heritage The Archetypal Cosmic Musical System &#8211; Harmony of The Spheres Energizing [&hellip;]<\/p>","protected":false},"author":3,"featured_media":0,"parent":0,"menu_order":0,"comment_status":"closed","ping_status":"closed","template":"","meta":{"footnotes":""},"class_list":["post-106","page","type-page","status-publish","hentry"],"aioseo_notices":[],"_links":{"self":[{"href":"https:\/\/egyptianwisdomcenter.org\/fr\/wp-json\/wp\/v2\/pages\/106","targetHints":{"allow":["GET"]}}],"collection":[{"href":"https:\/\/egyptianwisdomcenter.org\/fr\/wp-json\/wp\/v2\/pages"}],"about":[{"href":"https:\/\/egyptianwisdomcenter.org\/fr\/wp-json\/wp\/v2\/types\/page"}],"author":[{"embeddable":true,"href":"https:\/\/egyptianwisdomcenter.org\/fr\/wp-json\/wp\/v2\/users\/3"}],"replies":[{"embeddable":true,"href":"https:\/\/egyptianwisdomcenter.org\/fr\/wp-json\/wp\/v2\/comments?post=106"}],"version-history":[{"count":0,"href":"https:\/\/egyptianwisdomcenter.org\/fr\/wp-json\/wp\/v2\/pages\/106\/revisions"}],"wp:attachment":[{"href":"https:\/\/egyptianwisdomcenter.org\/fr\/wp-json\/wp\/v2\/media?parent=106"}],"curies":[{"name":"wp","href":"https:\/\/api.w.org\/{rel}","templated":true}]}}