{"id":117,"date":"2018-10-30T00:00:00","date_gmt":"2018-10-30T04:00:00","guid":{"rendered":"http:\/\/egyptianwisdomcenter.org\/the-perfect-egyptian-calendar\/"},"modified":"2023-01-02T01:09:23","modified_gmt":"2023-01-02T06:09:23","slug":"the-perfect-egyptian-calendar-2","status":"publish","type":"page","link":"https:\/\/egyptianwisdomcenter.org\/fr\/le-calendrier-egyptien-parfait-2\/","title":{"rendered":"Le calendrier \u00e9gyptien parfait"},"content":{"rendered":"<h2 style=\"text-align: center;\"><span style=\"color: #ff0000;\"><strong>Le calendrier \u00e9gyptien parfait<\/strong><\/span><\/h2>\n<p>&nbsp;<\/p>\n<p>Nous tournons maintenant notre attention vers la recherche de l\u2019\u00e2ge de l\u2019Antiquit\u00e9 \u00e9gyptienne en examinant le calendrier \u00e9gyptien antique.<\/p>\n<p>Les connaissances avanc\u00e9es des \u00c9gyptiens en astronomie, refl\u00e9t\u00e9es dans leur calendrier le plus pr\u00e9cis, ont \u00e9t\u00e9 reconnues par le grand Strabon (64 avant notre \u00e8re \u2013 25 apr\u00e8s J.-C.), qui a \u00e9crit :<\/p>\n<p style=\"padding-left: 30px;\"><strong><em>Ils (les pr\u00eatres \u00e9gyptiens) r\u00e9v\u00e9l\u00e8rent aux Grecs les secrets de l\u2019ann\u00e9e enti\u00e8re, que ces derniers ignoraient comme pour bien d\u2019autres choses\u2026<\/em><\/strong><\/p>\n<p>L&#039;ing\u00e9nieux (et tr\u00e8s pr\u00e9cis) calendrier \u00e9gyptien \u00e9tait bas\u00e9 sur l&#039;observation et l&#039;\u00e9tude des mouvements de Sabt (Sirius) dans le ciel. Le calendrier \u00e9gyptien antique est donc appel\u00e9 calendrier sothique ; c&#039;est-\u00e0-dire d&#039;avoir \u00e0 voir avec Sirius (Sabt), le Dog Star.<\/p>\n<p>Les \u00c9gyptiens de l\u2019Antiquit\u00e9 savaient que l\u2019ann\u00e9e compl\u00e8te durait l\u00e9g\u00e8rement plus de 365 jours et quart. La Terre met 365,25636 jours pour effectuer une r\u00e9volution autour du soleil.<\/p>\n<p>Il convient de noter que la chronologie de 3 000 ans de l\u2019histoire de l\u2019\u00c9gypte ancienne, par les \u00e9gyptologues modernes, n\u2019a \u00e9t\u00e9 rendue possible que parce que les \u00c9gyptiens de l\u2019Antiquit\u00e9 suivaient l\u2019ann\u00e9e sothique pr\u00e9cise de 365,25636 jours. De plus, c\u2019est le calendrier \u00e9gyptien qui a permis aux \u00e9tudiants en histoire du monde entier d\u2019estimer les dates des \u00e9v\u00e9nements dans tous les autres pays du monde \u2013 des pays qui n\u2019avaient jamais eu de calendrier correct (ou aucun).<\/p>\n<p>Les anciens \u00c9gyptiens pratiques utilisaient un calendrier compos\u00e9 de 12 mois, chacun \u00e9quivalant \u00e0 30 jours. Les ajustements n\u00e9cessaires pour faire une ann\u00e9e compl\u00e8te \u2013 c&#039;est-\u00e0-dire la diff\u00e9rence entre 365,25636 jours et les 360 (30 x 12) jours \u2013 ont \u00e9t\u00e9 effectu\u00e9s comme suit\u00a0:<\/p>\n<ol>\n<li>La diff\u00e9rence de 5,25 jours intervient \u00e0 la fin de l&#039;ann\u00e9e \u00e9gyptienne, en ajoutant 5 jours chaque ann\u00e9e et un jour suppl\u00e9mentaire tous les 4 ans. L&#039;Ann\u00e9e de l&#039;\u00c9gypte ancienne commence actuellement (en 2007) le 11 septembre. Les 5\/6 jours suppl\u00e9mentaires commencent le 6 septembre.<\/li>\n<li>La diff\u00e9rence de 0,00636 jour (365,25636 \u2013 365\u00bc jours) pour chaque ann\u00e9e n\u00e9cessite d\u2019ajouter un jour suppl\u00e9mentaire tous les (1\/0,00636) 157\u00bc ans, ce que les \u00c9gyptiens ont continu\u00e9 \u00e0 faire jusqu\u2019\u00e0 nos jours. Ceci est accompli en ajoutant un jour suppl\u00e9mentaire tous les cycles de 157, 314, 471 et 629 ans. Les ajustements ci-dessus effectu\u00e9s par les \u00c9gyptiens sont clairement visibles au cours des 2 000 derni\u00e8res ann\u00e9es lorsque l\u2019on compare le calendrier \u00e9gyptien antique avec le calendrier \u00ab latin \u00bb [comme expliqu\u00e9 ci-dessous].<\/li>\n<\/ol>\n<p>Apr\u00e8s que Jules C\u00e9sar ait visit\u00e9 l&#039;\u00c9gypte en 48 avant notre \u00e8re, il a charg\u00e9 l&#039;astronome Sosig\u00e8ne (d&#039;Alexandrie) d&#039;introduire un calendrier dans l&#039;Empire romain. Cela a abouti au calendrier julien de 365 jours par an et de 366 jours chaque ann\u00e9e bissextile. Le calendrier romain (julien) a \u00e9t\u00e9 litt\u00e9ralement adapt\u00e9 \u00e0 un roi. Le premier jour de l&#039;ann\u00e9e \u00e9tait le jour du couronnement du roi \u00e9gyptien \u00e0 la fin du jubil\u00e9 annuel du rajeunissement [Voir <em>Mystiques \u00e9gyptiens : chercheurs de la Voie<\/em>, de ce m\u00eame auteur, pour plus d&#039;informations].<\/p>\n<p>Cependant, le calendrier latin ne tenait pas compte du fait que l\u2019ann\u00e9e est un peu plus longue que 365\u00bc jours. La diff\u00e9rence entre 365,25 jours et 365,25636 jours, depuis l&#039;adoption du calendrier julien jusqu&#039;\u00e0 nos jours, est de 13 jours. Une telle diff\u00e9rence explique la variation de 13 jours dans les observations annuelles de nombreuses f\u00eates chr\u00e9tiennes entre les \u00e9glises orthodoxes et non orthodoxes. La raison en est qu\u2019un groupe suivait le calendrier \u00e9gyptien pr\u00e9cis, tandis que l\u2019autre groupe suivait le calendrier julien inexact.<\/p>\n<p>Lorsque le calendrier latin a \u00e9t\u00e9 adopt\u00e9 en 48 avant notre \u00e8re, le premier jour du calendrier \u00e9gyptien \u00e9tait le 29 ao\u00fbt. Aujourd&#039;hui, nous sommes le 11 septembre, soit une diff\u00e9rence de 13 jours, qui vient d&#039;\u00eatre expliqu\u00e9e.<\/p>\n<p>Afin de trouver la date de d\u00e9but du calendrier \u00e9gyptien antique (en termes du calendrier latin (d\u00e9ficient), nous devons tenir compte de la diff\u00e9rence de 0,00636 jour (365,25636 \u2013 365,25 jours) pour chaque ann\u00e9e entre le 29 ao\u00fbt et le 21 juin. 21 signifie le solstice d&#039;\u00e9t\u00e9, qui marque le d\u00e9but du calendrier \u00e9gyptien antique, qui marque le d\u00e9but du cycle sothique. Le cycle sothique \u00e9gyptien a commenc\u00e9 avec le lever h\u00e9liaque de Sabt (Sirius) \u00e0 l&#039;horizon, en m\u00eame temps que le soleil, et est rest\u00e9 visible pendant quelques instants jusqu&#039;\u00e0 ce qu&#039;il s&#039;efface avec l&#039;avanc\u00e9e de l&#039;aube.<\/p>\n<p>On constate tout d&#039;abord que la diff\u00e9rence entre le 29 ao\u00fbt et le 21 juin est de 69 jours. En divisant 69 jours par 0,00636, le r\u00e9sultat est 10\u00a0849 ann\u00e9es. Ainsi, le 29 ao\u00fbt de l\u2019an 48 avant notre \u00e8re, le calendrier \u00e9gyptien \u00e9tait au moins en 10\u00a0897 avant notre \u00e8re (10\u00a0849 + 48).<\/p>\n<p>Comparons nos calculs calendaires sothiques de 10 897 aux calculs du Zodiaque. Comme indiqu\u00e9 pr\u00e9c\u00e9demment, le cycle zodiacal actuel a commenc\u00e9 en 10\u00a0948 avant notre \u00e8re. La diff\u00e9rence entre 10\u00a0897 avant notre \u00e8re et le d\u00e9but de l\u2019\u00e8re du Lion [10\u00a0948 avant notre \u00e8re] est de 51 ans. En d\u2019autres termes, en 48 avant notre \u00e8re, le calendrier \u00e9gyptien antique s\u2019\u00e9tendait sur un tiers du cycle d\u2019une p\u00e9riode de 157 ans.<\/p>\n<p>L&#039;ann\u00e9e 10\u00a0948 avant notre \u00e8re, qui marque le d\u00e9but de l&#039;\u00e8re du Lion, est coh\u00e9rente avec les d\u00e9clarations de tous les premiers \u00e9crivains grecs et romains, comme Platon, dont <em>Dialogues collect\u00e9s<\/em> indiquent que le canon \u00e9gyptien antique de proportion pour les arts et l&#039;architecture n&#039;a pas chang\u00e9 au cours des 10 000 ann\u00e9es pr\u00e9c\u00e9dant l&#039;\u00e9poque de Platon [428-347 avant notre \u00e8re]. Platon a d\u00e9clar\u00e9 :<\/p>\n<p style=\"padding-left: 30px;\"><strong><em>Que les tableaux et les statues r\u00e9alis\u00e9s il y a dix mille ans ne sont en aucun cas meilleurs ou pires que ce qu\u2019ils font aujourd\u2019hui.<\/em><\/strong><\/p>\n<p>Depuis l\u2019occupation islamique\/arabe de l\u2019\u00c9gypte [641 CE], le calendrier \u00e9gyptien antique est devenu connu sous le nom de calendrier \u00ab copte \u00bb, m\u00eame s\u2019il a \u00e9t\u00e9 d\u00e9velopp\u00e9 des milliers d\u2019ann\u00e9es avant le christianisme. Les \u00c9gyptiens d\u2019aujourd\u2019hui suivent toujours le calendrier \u00e9gyptien antique pour pratiquement toutes les innombrables f\u00eates annuelles, l\u2019agriculture, la m\u00e9t\u00e9o et d\u2019autres sujets (\u00e0 quelques exceptions pr\u00e8s). C\u2019est de loin le calendrier le plus pratique et le plus pr\u00e9cis utilis\u00e9 au monde.<\/p>\n<p>&nbsp;<\/p>\n<p><strong><span style=\"color: #ff0000;\">[Un extrait de\u00a0<\/span><\/strong><strong>\u00c9gyptien ancien : la culture r\u00e9v\u00e9l\u00e9e, deuxi\u00e8me \u00e9dition<span style=\"color: #ff0000;\"> par Moustafa Gadalla]<br \/>\n<a href=\"https:\/\/egyptianwisdomcenter.org\/fr\/produit\/la-culture-de-legypte-ancienne-revelee-2\/\"><span style=\"color: #0000ff;\">https:\/\/egyptianwisdomcenter.org\/product\/la-culture-de-legypte-ancienne-revelee\/<\/span><\/a><br \/>\n<\/span><\/strong><\/p>\n<p><img decoding=\"async\" class=\"aligncenter\" src=\"https:\/\/egyptianwisdomcenter.org\/wp-content\/uploads\/2023\/01\/la-culture-de-l-egypte-ancienne-revelee-4.jpg\" \/><\/p>\n<div dir=\"auto\" style=\"text-align: center;\"><a href=\"https:\/\/egyptianwisdomcenter.org\/fr\/produit\/la-culture-de-legypte-ancienne-revelee-2\/\"><span style=\"color: #0000ff;\"><strong>https:\/\/egyptianwisdomcenter.org\/product\/la-culture-de-legypte-ancienne-revelee\/<\/strong><\/span><\/a><\/div>","protected":false},"excerpt":{"rendered":"<p>The Perfect Egyptian Calendar &nbsp; Now we turn our attention to finding the age of Egyptian antiquity by reviewing the Ancient Egyptian [&hellip;]<\/p>","protected":false},"author":3,"featured_media":0,"parent":0,"menu_order":0,"comment_status":"closed","ping_status":"closed","template":"","meta":{"footnotes":""},"class_list":["post-117","page","type-page","status-publish","hentry"],"aioseo_notices":[],"_links":{"self":[{"href":"https:\/\/egyptianwisdomcenter.org\/fr\/wp-json\/wp\/v2\/pages\/117","targetHints":{"allow":["GET"]}}],"collection":[{"href":"https:\/\/egyptianwisdomcenter.org\/fr\/wp-json\/wp\/v2\/pages"}],"about":[{"href":"https:\/\/egyptianwisdomcenter.org\/fr\/wp-json\/wp\/v2\/types\/page"}],"author":[{"embeddable":true,"href":"https:\/\/egyptianwisdomcenter.org\/fr\/wp-json\/wp\/v2\/users\/3"}],"replies":[{"embeddable":true,"href":"https:\/\/egyptianwisdomcenter.org\/fr\/wp-json\/wp\/v2\/comments?post=117"}],"version-history":[{"count":0,"href":"https:\/\/egyptianwisdomcenter.org\/fr\/wp-json\/wp\/v2\/pages\/117\/revisions"}],"wp:attachment":[{"href":"https:\/\/egyptianwisdomcenter.org\/fr\/wp-json\/wp\/v2\/media?parent=117"}],"curies":[{"name":"wp","href":"https:\/\/api.w.org\/{rel}","templated":true}]}}