{"id":120,"date":"2018-10-30T00:00:00","date_gmt":"2018-10-30T04:00:00","guid":{"rendered":"http:\/\/egyptianwisdomcenter.org\/the-two-lands\/"},"modified":"2023-01-02T01:13:50","modified_gmt":"2023-01-02T06:13:50","slug":"the-two-lands-2","status":"publish","type":"page","link":"https:\/\/egyptianwisdomcenter.org\/fr\/les-deux-terres-2\/","title":{"rendered":"Les deux terres"},"content":{"rendered":"<h2 style=\"text-align: center;\"><span style=\"color: #ff0000;\"><strong>Les deux terres<\/strong><\/span><\/h2>\n<p>&nbsp;<\/p>\n<p>Le pharaon \u00e9gyptien a toujours \u00e9t\u00e9 appel\u00e9 le Seigneur des Deux Terres. Les universitaires occidentaux ont d\u00e9clar\u00e9 cavali\u00e8rement que les Deux Terres sont litt\u00e9ralement et g\u00e9ographiquement la Haute et la Basse \u00c9gypte. Il n\u2019existe pas une seule r\u00e9f\u00e9rence \u00e0 l\u2019\u00c9gypte ancienne pour confirmer leur id\u00e9e, ni m\u00eame pour d\u00e9finir une fronti\u00e8re entre la Haute et la Basse-\u00c9gypte.<\/p>\n<p>Dans les temples de l&#039;\u00c9gypte ancienne, vous trouverez de nombreuses repr\u00e9sentations symboliques li\u00e9es \u00e0 la c\u00e9r\u00e9monie de l&#039;unification des deux terres, o\u00f9 deux neteru attachent les papyrus et les lotus. Aucune des deux plantes n\u2019est originaire d\u2019une r\u00e9gion sp\u00e9cifique d\u2019\u00c9gypte. La repr\u00e9sentation la plus courante montre les jumeaux neteru Hapi (une image miroir l&#039;un de l&#039;autre)\u00a0; chacun en version unisexe, avec un sein.<\/p>\n<p><a href=\"http:\/\/egyptianwisdomcenter.org\/wp-content\/uploads\/2019\/02\/ec3-41.jpg\"><img decoding=\"async\" class=\"wp-image-832 aligncenter\" src=\"http:\/\/egyptianwisdomcenter.org\/wp-content\/uploads\/2019\/02\/ec3-41.jpg\" alt=\"\" width=\"169\" height=\"170\" \/><\/a><\/p>\n<p>Le terme Deux Terres est tr\u00e8s familier aux \u00c9gyptiens Baladi, qui y font r\u00e9f\u00e9rence dans leur vie quotidienne. Ils croient fermement qu&#039;il existe deux terres : celle sur laquelle nous vivons tous et une autre o\u00f9 vivent nos jumeaux identiques (du sexe oppos\u00e9). Les jumeaux sont soumis aux m\u00eames exp\u00e9riences depuis leur naissance jusqu\u2019\u00e0 leur d\u00e9c\u00e8s.<\/p>\n<p>Vous et votre jumeau \u00ab siamois \u00bb, qui \u00ab apparemment \u00bb vous s\u00e9parez \u00e0 la naissance, vous r\u00e9unirez \u00e0 nouveau au moment de la mort. Les enqu\u00eateurs \u00e9gyptiens Baladi d\u00e9crivent, dans leurs lamentations apr\u00e8s le d\u00e9c\u00e8s d&#039;une personne, comment le d\u00e9funt est pr\u00e9par\u00e9 \u00e0 rejoindre son homologue (du sexe oppos\u00e9) COMME s&#039;il s&#039;agissait d&#039;une c\u00e9r\u00e9monie de mariage. Cela n\u2019est pas sans rappeler les nombreuses illustrations symboliques de l\u2019\u00c9gypte ancienne repr\u00e9sentant le n\u0153ud des Deux Terres. Se marier, c&#039;est se marier. [Pour en savoir plus sur ce concept, voir <span style=\"color: #ff0000;\"><strong>Cosmologie \u00e9gyptienne : l&#039;univers anim\u00e9, troisi\u00e8me \u00e9dition par Moustafa Gadalla<\/strong><\/span> ]<\/p>\n<p>&nbsp;<\/p>\n<p><strong><span style=\"color: #ff0000;\">[Un extrait de\u00a0<\/span><\/strong><strong>\u00c9gyptien ancien : la culture r\u00e9v\u00e9l\u00e9e, deuxi\u00e8me \u00e9dition<span style=\"color: #ff0000;\"> par Moustafa Gadalla]<br \/>\n<a href=\"https:\/\/egyptianwisdomcenter.org\/fr\/produit\/la-culture-de-legypte-ancienne-revelee-2\/\"><span style=\"color: #0000ff;\">https:\/\/egyptianwisdomcenter.org\/product\/la-culture-de-legypte-ancienne-revelee\/<\/span><\/a><br \/>\n<\/span><\/strong><\/p>\n<p><img decoding=\"async\" class=\"aligncenter\" src=\"https:\/\/egyptianwisdomcenter.org\/wp-content\/uploads\/2023\/01\/la-culture-de-l-egypte-ancienne-revelee-4.jpg\" \/><\/p>\n<div dir=\"auto\" style=\"text-align: center;\"><a href=\"https:\/\/egyptianwisdomcenter.org\/fr\/produit\/la-culture-de-legypte-ancienne-revelee-2\/\"><span style=\"color: #0000ff;\"><strong>https:\/\/egyptianwisdomcenter.org\/product\/la-culture-de-legypte-ancienne-revelee\/<\/strong><\/span><\/a><\/div>\n<p>&nbsp;<\/p>\n<p><strong><span style=\"color: #ff0000;\">Cosmologie \u00e9gyptienne : l&#039;univers anim\u00e9, troisi\u00e8me \u00e9dition<\/span> par Moustafa Gadalla<\/strong><br \/>\n<a href=\"https:\/\/egyptianwisdomcenter.org\/fr\/produit\/cosmologie-egyptienne-2\/\"><span style=\"color: #0000ff;\"><strong>https:\/\/egyptianwisdomcenter.org\/product\/cosmologie-egyptienne\/<\/strong><\/span><\/a><\/p>\n<p><img decoding=\"async\" class=\"aligncenter\" src=\"https:\/\/egyptianwisdomcenter.org\/wp-content\/uploads\/2023\/01\/cosmologie-egyptienne.jpg\" \/><\/p>\n<div dir=\"auto\">\n<p style=\"text-align: center;\"><a href=\"https:\/\/egyptianwisdomcenter.org\/fr\/produit\/cosmologie-egyptienne-2\/\"><span style=\"color: #0000ff;\"><strong>https:\/\/egyptianwisdomcenter.org\/product\/cosmologie-egyptienne\/<\/strong><\/span><\/a><\/p>\n<\/div>","protected":false},"excerpt":{"rendered":"<p>The Two Lands &nbsp; The Egyptian Pharaoh was always referred to as the Lord of the Two Lands. Western academia cavalierly stated [&hellip;]<\/p>","protected":false},"author":3,"featured_media":0,"parent":0,"menu_order":0,"comment_status":"closed","ping_status":"closed","template":"","meta":{"footnotes":""},"class_list":["post-120","page","type-page","status-publish","hentry"],"aioseo_notices":[],"_links":{"self":[{"href":"https:\/\/egyptianwisdomcenter.org\/fr\/wp-json\/wp\/v2\/pages\/120","targetHints":{"allow":["GET"]}}],"collection":[{"href":"https:\/\/egyptianwisdomcenter.org\/fr\/wp-json\/wp\/v2\/pages"}],"about":[{"href":"https:\/\/egyptianwisdomcenter.org\/fr\/wp-json\/wp\/v2\/types\/page"}],"author":[{"embeddable":true,"href":"https:\/\/egyptianwisdomcenter.org\/fr\/wp-json\/wp\/v2\/users\/3"}],"replies":[{"embeddable":true,"href":"https:\/\/egyptianwisdomcenter.org\/fr\/wp-json\/wp\/v2\/comments?post=120"}],"version-history":[{"count":0,"href":"https:\/\/egyptianwisdomcenter.org\/fr\/wp-json\/wp\/v2\/pages\/120\/revisions"}],"wp:attachment":[{"href":"https:\/\/egyptianwisdomcenter.org\/fr\/wp-json\/wp\/v2\/media?parent=120"}],"curies":[{"name":"wp","href":"https:\/\/api.w.org\/{rel}","templated":true}]}}