{"id":124,"date":"2018-10-30T00:00:00","date_gmt":"2018-10-30T04:00:00","guid":{"rendered":"http:\/\/egyptianwisdomcenter.org\/isis-the-seat-of-legitimacy\/"},"modified":"2023-01-03T00:54:25","modified_gmt":"2023-01-03T05:54:25","slug":"isis-the-seat-of-legitimacy-2","status":"publish","type":"page","link":"https:\/\/egyptianwisdomcenter.org\/fr\/isis-est-le-siege-de-la-legitimite-2\/","title":{"rendered":"Isis : le si\u00e8ge de la l\u00e9gitimit\u00e9"},"content":{"rendered":"<h2 style=\"text-align: center;\"><span style=\"color: #ff0000;\">Isis : le si\u00e8ge de la l\u00e9gitimit\u00e9<\/span><\/h2>\n<p>&nbsp;<\/p>\n<p>Dans l\u2019Egypte ancienne, ainsi que dans tous les pays d\u2019aujourd\u2019hui, le si\u00e8ge\/tr\u00f4ne\/chaise symbolise la l\u00e9gitimit\u00e9\/autorit\u00e9. La ville principale d&#039;un comt\u00e9 est appel\u00e9e \u00ab le si\u00e8ge du comt\u00e9 \u00bb. Le titre du chef des chefs s\u2019appelle \u00ab<b>Chaise<\/b>homme du conseil d\u2019administration \u00bb. C\u2019est l\u2019une des innombrables influences de l\u2019\u00c9gypte ancienne sur le monde, pass\u00e9 et pr\u00e9sent.<\/p>\n<p><img decoding=\"async\" class=\"aligncenter\" src=\"http:\/\/egyptianwisdomcenter.org\/wp-content\/uploads\/2019\/02\/isis-ch1-72c-1.jpg\" \/><\/p>\n<p>En \u00c9gypte, cependant, l\u2019importance d\u2019Isis en tant que si\u00e8ge\/autorit\u00e9\/l\u00e9gitimit\u00e9 a \u00e9t\u00e9 la base de l\u2019adoption par l\u2019\u00c9gypte du principe matrilin\u00e9aire\/matriarcal dans leur soci\u00e9t\u00e9.<\/p>\n<p>Tout au long de l\u2019histoire \u00e9gyptienne, c\u2019est la reine qui transmettait le sang solaire. La reine \u00e9tait la v\u00e9ritable souveraine, propri\u00e9taire terrienne, gardienne de la royaut\u00e9 et gardienne de la puret\u00e9 du lignage. L&#039;homme qui \u00e9pousa la princesse \u00e9gyptienne a\u00een\u00e9e revendiquait un droit au tr\u00f4ne. Par son mariage, elle a transmis la couronne \u00e0 son mari, qui n&#039;a agi que comme son agent ex\u00e9cutif. Cette loi sociale\/politique a \u00e9t\u00e9 incorpor\u00e9e dans l\u2019histoire mod\u00e8le \u00e9gyptienne, selon laquelle Osiris est devenu le premier pharaon d\u2019\u00c9gypte, \u00e0 la suite de son mariage avec Isis. Les pharaons, ainsi que les dirigeants des petites localit\u00e9s, adh\u00e9raient \u00e0 ce syst\u00e8me. Si le Pharaon\/chef n&#039;avait pas de filles, une dynastie prenait fin et une nouvelle dynastie commen\u00e7ait, avec une nouvelle femme v\u00e9n\u00e9r\u00e9e comme nouvelle graine pour une nouvelle dynastie. Les pratiques matrilin\u00e9aires s&#039;appliquaient \u00e9galement \u00e0 l&#039;ensemble de la soci\u00e9t\u00e9, comme en t\u00e9moignent les st\u00e8les fun\u00e9raires de toutes sortes de personnes, o\u00f9 il est d&#039;usage de retracer la descendance du d\u00e9funt du c\u00f4t\u00e9 de la m\u00e8re, et non du c\u00f4t\u00e9 du p\u00e8re. La m\u00e8re de la personne est pr\u00e9cis\u00e9e, mais pas le p\u00e8re, ou bien il n&#039;est mentionn\u00e9 qu&#039;accessoirement. Cette tradition perdure encore secr\u00e8tement parmi les\u00a0<i>Baladi<\/i>\u00a0\u00c9gyptiens.<\/p>\n<p><a href=\"https:\/\/egypt-tehuti.org\/wp-admin\/post.php?post=13748&amp;action=edit&amp;lang=en&amp;classic-editor\" target=\"_blank\" rel=\"noopener\">Moustafa Gadalla<\/a><\/p>\n<hr \/>\n<p><center><\/center><span style=\"color: #ff0000;\"><b>Pour plus d\u2019informations, lisez\u00a0: <\/b><\/span><strong>Isis : la divine femelle de Moustafa Gadalla<\/strong><span style=\"color: #ff0000;\"><strong>]<br \/>\n<a href=\"https:\/\/egyptianwisdomcenter.org\/fr\/produit\/isis-femme-divine-2\/\"><span style=\"color: #0000ff;\">https:\/\/egyptianwisdomcenter.org\/product\/isis-femme-divine\/<\/span><\/a><br \/>\n<\/strong><\/span><\/p>\n<p><img decoding=\"async\" class=\"aligncenter\" src=\"https:\/\/egyptianwisdomcenter.org\/wp-content\/uploads\/2023\/01\/isis-femme-divine-4.jpg\" \/><\/p>\n<div dir=\"auto\">\n<p style=\"text-align: center;\"><a href=\"https:\/\/egyptianwisdomcenter.org\/fr\/produit\/isis-femme-divine-2\/\"><span style=\"color: #ff0000;\"><strong><span style=\"color: #0000ff;\">https:\/\/egyptianwisdomcenter.org\/product\/isis-femme-divine\/<\/span><\/strong><\/span><\/a><\/p>\n<\/div>\n<p>&nbsp;<\/p>\n<p><strong><span style=\"color: #ff0000;\">Cosmologie \u00e9gyptienne : l&#039;univers anim\u00e9, troisi\u00e8me \u00e9dition par Moustafa Gadalla<\/span><\/strong><br \/>\n<a href=\"https:\/\/egyptianwisdomcenter.org\/fr\/produit\/cosmologie-egyptienne-2\/\"><span style=\"color: #0000ff;\"><strong>https:\/\/egyptianwisdomcenter.org\/product\/cosmologie-egyptienne\/<\/strong><\/span><\/a><\/p>\n<p><img decoding=\"async\" class=\"aligncenter\" src=\"https:\/\/egyptianwisdomcenter.org\/wp-content\/uploads\/2023\/01\/cosmologie-egyptienne.jpg\" \/><\/p>\n<div dir=\"auto\">\n<div dir=\"auto\" style=\"text-align: center;\"><a href=\"https:\/\/egyptianwisdomcenter.org\/fr\/produit\/cosmologie-egyptienne-2\/\"><span style=\"color: #0000ff;\"><strong>https:\/\/egyptianwisdomcenter.org\/product\/cosmologie-egyptienne\/<\/strong><\/span><\/a><\/div>\n<\/div>","protected":false},"excerpt":{"rendered":"<p>Isis: The Seat Of Legitimacy &nbsp; In Ancient Egypt, as well as in all countries nowadays, the seat\/throne\/chair symbolizes legitimacy\/authority. The principle [&hellip;]<\/p>","protected":false},"author":3,"featured_media":0,"parent":0,"menu_order":0,"comment_status":"closed","ping_status":"closed","template":"","meta":{"footnotes":""},"class_list":["post-124","page","type-page","status-publish","hentry"],"aioseo_notices":[],"_links":{"self":[{"href":"https:\/\/egyptianwisdomcenter.org\/fr\/wp-json\/wp\/v2\/pages\/124","targetHints":{"allow":["GET"]}}],"collection":[{"href":"https:\/\/egyptianwisdomcenter.org\/fr\/wp-json\/wp\/v2\/pages"}],"about":[{"href":"https:\/\/egyptianwisdomcenter.org\/fr\/wp-json\/wp\/v2\/types\/page"}],"author":[{"embeddable":true,"href":"https:\/\/egyptianwisdomcenter.org\/fr\/wp-json\/wp\/v2\/users\/3"}],"replies":[{"embeddable":true,"href":"https:\/\/egyptianwisdomcenter.org\/fr\/wp-json\/wp\/v2\/comments?post=124"}],"version-history":[{"count":0,"href":"https:\/\/egyptianwisdomcenter.org\/fr\/wp-json\/wp\/v2\/pages\/124\/revisions"}],"wp:attachment":[{"href":"https:\/\/egyptianwisdomcenter.org\/fr\/wp-json\/wp\/v2\/media?parent=124"}],"curies":[{"name":"wp","href":"https:\/\/api.w.org\/{rel}","templated":true}]}}