{"id":1244,"date":"2019-03-01T13:25:05","date_gmt":"2019-03-01T18:25:05","guid":{"rendered":"http:\/\/egyptianwisdomcenter.org\/isis-la-divina-hembra\/"},"modified":"2023-01-12T12:54:44","modified_gmt":"2023-01-12T17:54:44","slug":"isis-la-divina-hembra","status":"publish","type":"page","link":"https:\/\/egyptianwisdomcenter.org\/fr\/isis-la-divina-hembra\/","title":{"rendered":"Isis La Divina Hembra"},"content":{"rendered":"<h2 style=\"text-align: center;\"><span style=\"color: #0000ff;\"><strong>Isis La Divina Hembra<\/strong><\/span><\/h2>\n<p>&nbsp;<\/p>\n<h3><span style=\"color: #ff0000;\"><strong>Su Nombre<\/strong><\/span><\/h3>\n<p>El uso com\u00fan de hoy en d\u00eda del nombre, Isis, se limita a su aspecto de devoci\u00f3n materna, fidelidad y ternura. Pero ella es mucho m\u00e1s que eso, ella representa el principio femenino divino que incluye el poder creador que concibi\u00f3 \u2014 tanto f\u00edsica como metaf\u00edsicamente \u2014 y produjo a todas las criaturas vivientes.<\/p>\n<p>Los antiguos egipcios ve\u00edan a Isis como el s\u00edmbolo del principio femenino c\u00f3smico. Este principio abarca miles de las cualidades femeninas y atributos, y el egipcio ten\u00eda t\u00e9rminos para describir cada manifestaci\u00f3n de este principio femenino.<\/p>\n<p>En la cultura de los pueblos de habla inglesa, un nombre no es m\u00e1s que una etiqueta para distinguir a alguien o algo de otro. Sin embargo, para los egipcios, tanto la mayor\u00eda silenciosa antigua como la actual, un \u201cnombre\u201d com\u00fan representa el curriculum o sinopsis de las cualidades y atributos de una entidad. <em>Los nombres comunes<\/em> egipcios son los atributos y cualidades de cualquier entidad. Esto es similar a las palabras en ingl\u00e9s para carpintero, agricultor, etc., que representan una actividad espec\u00edfica.<\/p>\n<p>En el idioma y en la cultura ingl\u00e9s nos referimos a su nombre como Isis, pero los egipcios ten\u00edan un t\u00e9rmino representativo que reconoce la totalidad de su principio femenino c\u00f3smico. Esta palabra\/t\u00e9rmino global egipcio es <strong>Auset<\/strong>. Entonces, \u00bfqu\u00e9 hay en este \u201cnombre\u201d del Antiguo Egipto? Veamos el significado de Auset, para demostrar c\u00f3mo un nombre representa cualidades y atributos.<\/p>\n<p>Auset consiste en la palabra principal <strong>Aus <\/strong>y el sufijo <strong>et<\/strong>. Aus significa <em>la fuente, la potencia<\/em>. En matem\u00e1ticas, decimos 2 a la potencia de 2. Esta potencia matem\u00e1tica se llama <strong><em>Aus<\/em><\/strong>. El sufijo \u201cet\u201d al final de Aus \u2014 et, es una terminaci\u00f3n femenina.<\/p>\n<p>Adem\u00e1s de que <strong>Aus<\/strong> significa la fuente y la potencia, tambi\u00e9n significa el <em>origen, la causa.<\/em><\/p>\n<p>En este sentido, vamos a demostrar que Auset es la fuente, la potencia, y la causa del universo creado, incluyendo todo dentro de este universo.<\/p>\n<p>Otro significado interesante para Au-set es <strong>La Se\u00f1ora<\/strong>, y de hecho ella es la Se\u00f1ora del Cielo y de la Tierra. Ella representa el principio femenino en el universo. Este principio se manifiesta de diferentes formas y maneras, y por lo tanto Isis fue llamada por los antiguos egipcios como <strong><em>Auset [Isis] de los 10.000 Nombres (significando atributos).<\/em><\/strong><\/p>\n<p>Varias palabras se derivan directamente del nombre egipcio Auset, tales como <strong><em>S\u00e9ta<\/em><\/strong>, lo que significa el n\u00famero 6. Esto es muy importante porque 6 es el n\u00famero m\u00e1ximo de espacio, volumen, y tiempo. El cubo con sus seis superficies es el modelo de la tierra. Como tal, representa el vientre del universo, as\u00ed como el de la Tierra, como veremos en detalle m\u00e1s adelante.<\/p>\n<p>Otro significado relacionado con el nombre Auset es la palabra \u201c<strong>asiento<\/strong>\u201d. Isis es representada siempre llevando un asiento o trono en la cabeza, s\u00edmboliz\u00e1ndola a ella como la fuente de legitimidad, que se manifiesta en el Antiguo Egipto (al igual que la mayor\u00eda silenciosa de hoy en d\u00eda) como adherencia a la sociedad matrilineal y matriarcal. Este tema ser\u00e1 discutido m\u00e1s adelante en este libro.<\/p>\n<p><img decoding=\"async\" class=\"size-full wp-image-191 aligncenter\" src=\"https:\/\/isisspanish.pressbooks.com\/wp-content\/uploads\/sites\/51917\/2016\/06\/isis-seat.png\" alt=\"isis-seat\" width=\"63\" height=\"90\" \/><\/p>\n<p>Como hemos se\u00f1alado, el uso del nombre com\u00fan en el idioma ingl\u00e9s de Isis dificulta nuestra comprensi\u00f3n de informaci\u00f3n valiosa, conocimiento y sabidur\u00eda. Sin embargo, para que sea m\u00e1s f\u00e1cil para el lector de habla inglesa, vamos a seguir utilizando la palabra, Isis, y otros nombres del Antiguo Egipto m\u00e1s usados en el idioma ingl\u00e9s.<\/p>\n<p>El rol de Isis como el principio femenino divino en el proceso de creaci\u00f3n ha sido reconocido por todos. Ella existe en todas partes y es reconocida por todos desde tiempos inmemoriales. Plutarco hizo nota de esto en su <em>Moralia Vol. V<\/em>,<\/p>\n<p style=\"padding-left: 30px;\"><strong><em>\u201cIsis es, en efecto, el principio femenino de la naturaleza y susceptible de recibir toda forma de generaci\u00f3n, y por la mayor\u00eda \u2018la de mil nombres\u2019 debido a que es conducida por la raz\u00f3n a recibir todo tipo de formas y figuras.\u201d<\/em><\/strong><\/p>\n<p>Para apreciar el papel de Isis como el principio <strong>femenino<\/strong> de la naturaleza, tenemos que encontrar su papel c\u00f3smico primario en la secuencia ordenada de la creaci\u00f3n del universo.<\/p>\n<p>&nbsp;<\/p>\n<p><span style=\"color: #ff0000;\"><strong>[Un extracto de Isis : La F\u00e9mina Divina <\/strong><\/span><span style=\"color: #ff0000;\"><strong>por Moustafa Gadalla]<\/strong><\/span><\/p>\n<p><span style=\"color: #0000ff;\"><strong>https:\/\/egyptianwisdomcenter.org\/product\/isis-la-femina-divina\/<\/strong><\/span><\/p>\n<p><img decoding=\"async\" class=\"aligncenter\" src=\"https:\/\/egypt-tehuti.org\/wp-content\/uploads\/2016\/10\/cover-spanish-e1514494030447-225x338.jpg\" \/><\/p>\n<p style=\"text-align: center;\"><span style=\"color: #0000ff;\"><strong>https:\/\/egyptianwisdomcenter.org\/product\/isis-la-femina-divina\/<\/strong><\/span><\/p>\n<div dir=\"auto\"><\/div>","protected":false},"excerpt":{"rendered":"<p>Isis La Divina Hembra &nbsp; Su Nombre El uso com\u00fan de hoy en d\u00eda del nombre, Isis, se limita a su aspecto [&hellip;]<\/p>","protected":false},"author":3,"featured_media":0,"parent":0,"menu_order":0,"comment_status":"closed","ping_status":"closed","template":"","meta":{"footnotes":""},"class_list":["post-1244","page","type-page","status-publish","hentry"],"aioseo_notices":[],"_links":{"self":[{"href":"https:\/\/egyptianwisdomcenter.org\/fr\/wp-json\/wp\/v2\/pages\/1244","targetHints":{"allow":["GET"]}}],"collection":[{"href":"https:\/\/egyptianwisdomcenter.org\/fr\/wp-json\/wp\/v2\/pages"}],"about":[{"href":"https:\/\/egyptianwisdomcenter.org\/fr\/wp-json\/wp\/v2\/types\/page"}],"author":[{"embeddable":true,"href":"https:\/\/egyptianwisdomcenter.org\/fr\/wp-json\/wp\/v2\/users\/3"}],"replies":[{"embeddable":true,"href":"https:\/\/egyptianwisdomcenter.org\/fr\/wp-json\/wp\/v2\/comments?post=1244"}],"version-history":[{"count":0,"href":"https:\/\/egyptianwisdomcenter.org\/fr\/wp-json\/wp\/v2\/pages\/1244\/revisions"}],"wp:attachment":[{"href":"https:\/\/egyptianwisdomcenter.org\/fr\/wp-json\/wp\/v2\/media?parent=1244"}],"curies":[{"name":"wp","href":"https:\/\/api.w.org\/{rel}","templated":true}]}}