{"id":127,"date":"2018-10-30T00:00:00","date_gmt":"2018-10-30T04:00:00","guid":{"rendered":"http:\/\/egyptianwisdomcenter.org\/matrilineal-matriarchal-society\/"},"modified":"2023-01-03T00:56:05","modified_gmt":"2023-01-03T05:56:05","slug":"matrilineal-matriarchal-society-2","status":"publish","type":"page","link":"https:\/\/egyptianwisdomcenter.org\/fr\/societe-matriarcale-matrilineaire-2\/","title":{"rendered":"Soci\u00e9t\u00e9 matrilin\u00e9aire\/matriarcale"},"content":{"rendered":"<h2 style=\"text-align: center;\"><span style=\"color: #ff0000;\"><strong>Soci\u00e9t\u00e9 matrilin\u00e9aire\/matriarcale<\/strong><\/span><\/h2>\n<p>&nbsp;<\/p>\n<p>H\u00e9rodote, en 500 avant notre \u00e8re, a d\u00e9clar\u00e9 : \u00ab De toutes les nations du monde, les \u00c9gyptiens sont les plus heureux, les plus sains et les plus religieux \u00bb. Ce sont les trois \u00e9l\u00e9ments \u2013 heureux, sain et religieux \u2013 de la soci\u00e9t\u00e9 id\u00e9ale. La raison d\u2019une telle soci\u00e9t\u00e9 id\u00e9ale est leur conscience cosmique totale.<\/p>\n<p>Ce que nous consid\u00e9rons comme une structure \u00ab politique \u00bb \u00e9tait pour eux un aspect naturel de leur structure sociale. Afin de parvenir \u00e0 une parfaite harmonie universelle, la structure sociale doit refl\u00e9ter la m\u00eame hi\u00e9rarchie ordonn\u00e9e de l\u2019univers cr\u00e9\u00e9. La survie et le succ\u00e8s de l\u2019humanit\u00e9 n\u00e9cessitent le maintien de la m\u00eame structure ordonn\u00e9e.<\/p>\n<p><em>Comme ci-dessus donc ci-dessous <\/em>est le seul moyen de parvenir \u00e0 l\u2019ordre et \u00e0 l\u2019harmonie. En cons\u00e9quence, les anciens \u00c9gyptiens (et Baladi) ont adopt\u00e9 le syst\u00e8me matrilin\u00e9aire\/matriarcal comme manifestation sociale des lois plan\u00e9taires.<\/p>\n<p>Comme nous l&#039;avons vu pr\u00e9c\u00e9demment, le principe f\u00e9minin Divin est qu&#039;Isis repr\u00e9sente le soleil et son mari Osiris repr\u00e9sente la lune. La lumi\u00e8re de la lune (Osiris-m\u00e2le) est un reflet de la lumi\u00e8re du soleil (Isis-femelle). Le syst\u00e8me social\/politique de l\u2019\u00c9gypte ancienne respecte la relation entre le soleil (femelle) et la lune (m\u00e2le).<\/p>\n<p>Le nom \u00e9gyptien d&#039;Isis signifie <em>si\u00e8ge<\/em> (c&#039;est \u00e0 dire, <em>autorit\u00e9<\/em>) et constitue le principe de l\u00e9gitimit\u00e9 \u2013 le v\u00e9ritable tr\u00f4ne physique, tel que repr\u00e9sent\u00e9 dans le symbolisme \u00e9gyptien antique avec Isis portant un tr\u00f4ne\/si\u00e8ge sur sa t\u00eate.<\/p>\n<p><a href=\"http:\/\/egyptianwisdomcenter.org\/wp-content\/uploads\/2019\/02\/isis-throne-crown.png\"><img decoding=\"async\" class=\"size-full wp-image-394 aligncenter\" src=\"http:\/\/egyptianwisdomcenter.org\/wp-content\/uploads\/2019\/02\/isis-throne-crown.png\" alt=\"\" width=\"138\" height=\"92\" \/><\/a><\/p>\n<p><strong>Ausar<\/strong> (Osiris) est \u00e9crit en hi\u00e9roglyphes avec le glyphe du tr\u00f4ne et de l&#039;\u0153il, combinant les concepts de l\u00e9gitimit\u00e9 et de divinit\u00e9.<\/p>\n<p><a href=\"http:\/\/egyptianwisdomcenter.org\/wp-content\/uploads\/2019\/02\/aerx-124top-72c-1-1.jpg\"><img decoding=\"async\" class=\"size-full wp-image-846 aligncenter\" src=\"http:\/\/egyptianwisdomcenter.org\/wp-content\/uploads\/2019\/02\/aerx-124top-72c-1-1.jpg\" alt=\"\" width=\"18\" height=\"33\" \/><\/a><\/p>\n<p><a href=\"http:\/\/egyptianwisdomcenter.org\/wp-content\/uploads\/2019\/02\/aerx-124bot-72c-1.jpg\"><img decoding=\"async\" class=\"size-full wp-image-847 aligncenter\" src=\"http:\/\/egyptianwisdomcenter.org\/wp-content\/uploads\/2019\/02\/aerx-124bot-72c-1.jpg\" alt=\"\" width=\"50\" height=\"14\" \/><\/a><\/p>\n<p>Tout au long de l\u2019histoire \u00e9gyptienne, c\u2019est la reine qui transmettait le sang solaire. La reine \u00e9tait la v\u00e9ritable souveraine, gardienne de la royaut\u00e9 et gardienne de la puret\u00e9 du lignage. Les rois \u00e9gyptiens revendiquaient un droit au tr\u00f4ne en se mariant avec la princesse \u00e9gyptienne a\u00een\u00e9e. Par mariage, elle a transmis la couronne \u00e0 son mari, mais celui-ci n&#039;a agi que comme son agent ex\u00e9cutif.<\/p>\n<p>Les pharaons, ainsi que les dirigeants des petites localit\u00e9s, adh\u00e9raient \u00e0 ce syst\u00e8me matriarcal. Si le pharaon\/chef n\u2019avait pas de filles, alors une dynastie prenait fin et une nouvelle dynastie commen\u00e7ait, avec une nouvelle jeune fille v\u00e9n\u00e9r\u00e9e comme nouvelle graine pour une nouvelle dynastie.<\/p>\n<p>\u00c9tant donn\u00e9 que les femmes \u00e9taient les h\u00e9riti\u00e8res l\u00e9gales du tr\u00f4ne, elles jouaient un r\u00f4le important dans les affaires de l\u2019\u00c9tat, agissant comme une sorte d\u2019interm\u00e9diaires de pouvoir. Les reines d\u2019\u00c9gypte exer\u00e7aient une influence exceptionnelle en tant que conseill\u00e8res des pharaons.<\/p>\n<p>Les documents survivants de l&#039;Empire du Milieu (2040-1783 avant notre \u00e8re) montrent que les nomes (provinces) d&#039;\u00c9gypte sont pass\u00e9s d&#039;une famille \u00e0 l&#039;autre par l&#039;interm\u00e9diaire des h\u00e9riti\u00e8res ; ainsi, celui qui \u00e9pouserait l&#039;h\u00e9riti\u00e8re gouvernerait la province.<\/p>\n<p>Les pratiques matrilin\u00e9aires en \u00c9gypte s&#039;appliquaient \u00e9galement \u00e0 l&#039;ensemble de la soci\u00e9t\u00e9, comme en t\u00e9moignent les st\u00e8les fun\u00e9raires de toutes sortes de personnes tout au long de l&#039;histoire connue de l&#039;\u00c9gypte, o\u00f9 il est d&#039;usage de retracer la descendance du d\u00e9funt du c\u00f4t\u00e9 de la m\u00e8re et non du c\u00f4t\u00e9 de la m\u00e8re. sur celui du p\u00e8re. La m\u00e8re de la personne est pr\u00e9cis\u00e9e, mais pas le p\u00e8re ; ou s&#039;il est mentionn\u00e9, ce n&#039;est qu&#039;accessoirement.<\/p>\n<p>Cette tradition perdure encore secr\u00e8tement (car contraire \u00e0 l\u2019Islam) parmi les \u00c9gyptiens Baladi.<\/p>\n<p>[Pour plus d&#039;informations sur les communaut\u00e9s matrilocales en \u00c9gypte, lire <strong><span style=\"color: #ff0000;\">\u00c9gyptien ancien : la culture r\u00e9v\u00e9l\u00e9e, deuxi\u00e8me \u00e9dition<\/span> par Moustafa Gadalla]<\/strong><\/p>\n<p><strong><span style=\"color: #ff0000;\">[Un extrait de <span style=\"color: #000000;\">Cosmologie \u00e9gyptienne : l&#039;univers anim\u00e9, troisi\u00e8me \u00e9dition<\/span> par Moustafa Gadalla]<br \/>\n<a href=\"https:\/\/egyptianwisdomcenter.org\/fr\/produit\/cosmologie-egyptienne-2\/\"><span style=\"color: #0000ff;\">https:\/\/egyptianwisdomcenter.org\/product\/cosmologie-egyptienne\/<\/span><\/a><\/span><\/strong><\/p>\n<p><img decoding=\"async\" class=\"aligncenter\" src=\"https:\/\/egyptianwisdomcenter.org\/wp-content\/uploads\/2023\/01\/cosmologie-egyptienne.jpg\" \/><\/p>\n<p style=\"text-align: center;\"><a href=\"https:\/\/egyptianwisdomcenter.org\/fr\/produit\/cosmologie-egyptienne-2\/\"><strong><span style=\"color: #ff0000;\"><span style=\"color: #0000ff;\">https:\/\/egyptianwisdomcenter.org\/product\/cosmologie-egyptienne\/<\/span><\/span><\/strong><\/a><\/p>\n<hr \/>\n<p>&nbsp;<\/p>\n<p><strong><span style=\"color: #ff0000;\">\u00c9gyptien ancien : la culture r\u00e9v\u00e9l\u00e9e, deuxi\u00e8me \u00e9dition<\/span> par Moustafa Gadalla<\/strong><br \/>\n<a href=\"https:\/\/egyptianwisdomcenter.org\/fr\/produit\/la-culture-de-legypte-ancienne-revelee-2\/\"><span style=\"color: #0000ff;\"><strong>https:\/\/egyptianwisdomcenter.org\/product\/la-culture-de-legypte-ancienne-revelee\/<\/strong><\/span><\/a><\/p>\n<p><img decoding=\"async\" class=\"aligncenter\" src=\"https:\/\/egyptianwisdomcenter.org\/wp-content\/uploads\/2023\/01\/la-culture-de-l-egypte-ancienne-revelee-4.jpg\" \/><\/p>\n<p style=\"text-align: center;\"><a href=\"https:\/\/egyptianwisdomcenter.org\/fr\/produit\/la-culture-de-legypte-ancienne-revelee-2\/\"><span style=\"color: #ff0000;\"><strong><span style=\"color: #0000ff;\">https:\/\/egyptianwisdomcenter.org\/product\/la-culture-de-legypte-ancienne-revelee\/<\/span><\/strong><\/span><\/a><\/p>\n<p>&nbsp;<\/p>\n<p>&nbsp;<\/p>\n<p>&nbsp;<\/p>\n<div dir=\"auto\">\n<div dir=\"auto\"><\/div>\n<\/div>","protected":false},"excerpt":{"rendered":"<p>Matrilineal\/Matriarchal Society &nbsp; Herodotus, in 500 BCE, stated: \u201cOf all the nations of the world, Egyptians are the happiest, healthiest, and most [&hellip;]<\/p>","protected":false},"author":3,"featured_media":0,"parent":0,"menu_order":0,"comment_status":"closed","ping_status":"closed","template":"","meta":{"footnotes":""},"class_list":["post-127","page","type-page","status-publish","hentry"],"aioseo_notices":[],"_links":{"self":[{"href":"https:\/\/egyptianwisdomcenter.org\/fr\/wp-json\/wp\/v2\/pages\/127","targetHints":{"allow":["GET"]}}],"collection":[{"href":"https:\/\/egyptianwisdomcenter.org\/fr\/wp-json\/wp\/v2\/pages"}],"about":[{"href":"https:\/\/egyptianwisdomcenter.org\/fr\/wp-json\/wp\/v2\/types\/page"}],"author":[{"embeddable":true,"href":"https:\/\/egyptianwisdomcenter.org\/fr\/wp-json\/wp\/v2\/users\/3"}],"replies":[{"embeddable":true,"href":"https:\/\/egyptianwisdomcenter.org\/fr\/wp-json\/wp\/v2\/comments?post=127"}],"version-history":[{"count":0,"href":"https:\/\/egyptianwisdomcenter.org\/fr\/wp-json\/wp\/v2\/pages\/127\/revisions"}],"wp:attachment":[{"href":"https:\/\/egyptianwisdomcenter.org\/fr\/wp-json\/wp\/v2\/media?parent=127"}],"curies":[{"name":"wp","href":"https:\/\/api.w.org\/{rel}","templated":true}]}}