{"id":137,"date":"2018-10-30T00:00:00","date_gmt":"2018-10-30T04:00:00","guid":{"rendered":"http:\/\/egyptianwisdomcenter.org\/the-cyclical-renewal-festivals\/"},"modified":"2023-01-03T01:00:08","modified_gmt":"2023-01-03T06:00:08","slug":"the-cyclical-renewal-festivals-2","status":"publish","type":"page","link":"https:\/\/egyptianwisdomcenter.org\/fr\/les-fetes-du-renouveau-cyclique-2\/","title":{"rendered":"Les festivals du renouveau cyclique"},"content":{"rendered":"<h2 style=\"text-align: center;\"><span style=\"color: #ff0000;\"><strong>Les festivals du renouveau cyclique<\/strong><\/span><\/h2>\n<p>&nbsp;<\/p>\n<p>Le th\u00e8me principal des textes \u00e9gyptiens anciens est la nature cyclique de l\u2019univers et le besoin constant de renouveler ces cycles \u00e0 travers des f\u00eates bien d\u00e9sign\u00e9es.<\/p>\n<p>Les \u00c9gyptiens consid\u00e9raient ces f\u00eates comme faisant partie de l&#039;existence humaine, qui constitue le rythme de la vie de la communaut\u00e9 et de l&#039;individu. Ce rythme r\u00e9sulte de l&#039;ordre de la vie cosmique.<\/p>\n<p>Le renouveau et le rajeunissement de la vie du cosmos, de la communaut\u00e9 et de l&#039;individu sont affect\u00e9s par les rites. Ces rites avaient\/ont le pouvoir de provoquer le rajeunissement et la renaissance de la vie divine. Ne pas organiser les festivals aux dates et heures appropri\u00e9es pourrait tr\u00e8s bien susciter des sentiments de culpabilit\u00e9 individuels ou collectifs. En tant que telles, les f\u00eates \u00e9gyptiennes sont devenues la fonction de mises en sc\u00e8ne de renouveau cosmologique (religieux).<\/p>\n<p>La plupart des \u00c9gyptiens non seulement s&#039;attendent \u00e0 ce qu&#039;une b\u00e9n\u00e9diction suive leur participation, mais ils redoutent \u00e9galement qu&#039;un malheur ne leur arrive s&#039;ils n\u00e9gligent cet acte.<\/p>\n<p>Le but des f\u00eates \u00e9gyptiennes \u00e9tait (et continue d&#039;\u00eatre) le rajeunissement et le renouvellement des \u00e9nergies cosmiques. Lors des nombreuses f\u00eates religieuses de l&#039;\u00c9gypte ancienne, les participants se rabattent sur la v\u00e9rit\u00e9 arch\u00e9typale de leur conscience cosmique (comme en haut comme en bas, et comme en bas comme en haut). Chaque f\u00eate sacr\u00e9e actualise le cycle sacr\u00e9 arch\u00e9typal. Ces cycles sacr\u00e9s font d\u00e9sormais partie du calendrier. Plus pr\u00e9cis\u00e9ment, le calendrier servait \u00e0 indiquer quand les pouvoirs cosmologiques (neteru\/dieux) se manifestaient, ainsi que leurs cycles de renouvellement. Tous les premiers \u00e9crivains grecs et romains ont affirm\u00e9 ces corr\u00e9lations cosmiques de l&#039;\u00c9gypte ancienne, comme Plutarque, dans son <em>Moralia Vol. V <\/em>(377,65):<\/p>\n<p style=\"padding-left: 30px;\"><strong><em>\u2026 Ils [les \u00c9gyptiens] associent des concepts th\u00e9ologiques<\/em><\/strong><br \/>\n<strong><em>avec les changements saisonniers de l&#039;atmosph\u00e8re environnante,<\/em><\/strong><br \/>\n<strong><em>ou avec la croissance des cultures et les p\u00e9riodes de semis et de labour.<\/em><\/strong><\/p>\n<p>Tous les \u00e9l\u00e9ments et r\u00e8gles r\u00e9gissant les f\u00eates \u00e9gyptiennes antiques sont exactement applicables aux f\u00eates actuelles avec des sch\u00e9mas organis\u00e9s et d\u00e9taill\u00e9s. Les \u00c9gyptiens Baladi continuent de consid\u00e9rer les f\u00eates et leurs rituels comme le point culminant de leurs pratiques religieuses, qui sont tr\u00e8s essentielles \u00e0 l&#039;ordre et \u00e0 l&#039;harmonie du cosmos et, par extension, au bien-\u00eatre de tous.<\/p>\n<p>Toutes les f\u00eates actuelles (\u00e0 l&#039;exception de celles de Mahomet et de sa famille imm\u00e9diate) sont une continuation des f\u00eates \u00e9gyptiennes antiques, camoufl\u00e9es sous des noms islamiques.<\/p>\n<p>Le nombre annuel officiel de f\u00eates (mouleds) dans l&#039;\u00c9gypte actuelle, bien que contraires \u00e0 l&#039;islam, est estim\u00e9 \u00e0 plus de 3 000. Il n&#039;y a pas un seul jour en Egypte sans un moulage quelque part, et la participation est tr\u00e8s profonde. Le grand mouled d&#039;automne d&#039;elBadawi est fr\u00e9quent\u00e9 par plus de deux millions de personnes et chacun des deux autres mouleds sont fr\u00e9quent\u00e9s respectivement par plus d&#039;un million de visiteurs.<\/p>\n<p>Tout cela est r\u00e9v\u00e9lateur de l&#039;adh\u00e9sion de millions d&#039;\u00c9gyptiens Baladi \u00e0 leurs anciennes traditions.<\/p>\n<p>&nbsp;<\/p>\n<div dir=\"auto\">\n<p><span style=\"color: #ff0000;\"><strong>[Un extrait de <\/strong><\/span><strong>Mystiques \u00e9gyptiens : Chercheurs de la Voie, 2e \u00e9dition<\/strong><span style=\"color: #ff0000;\"><strong> par Moustafa Gadalla]<br \/>\n<a href=\"https:\/\/egyptianwisdomcenter.org\/fr\/produit\/mystiques-egyptiens-chercheurs-de-la-voie-2\/\"><span style=\"color: #0000ff;\">https:\/\/egyptianwisdomcenter.org\/product\/egyptian-mystics-seekers-of-the-way-2nd-edition\/<\/span><\/a><br \/>\n<\/strong><\/span><\/p>\n<p><img decoding=\"async\" class=\"aligncenter\" src=\"https:\/\/egyptianwisdomcenter.org\/wp-content\/uploads\/2023\/01\/mystiques-egyptiens-chercheurs-de-la-voie-1.jpg\" \/><\/p>\n<div dir=\"auto\" style=\"text-align: center;\"><a href=\"https:\/\/egyptianwisdomcenter.org\/fr\/produit\/mystiques-egyptiens-chercheurs-de-la-voie-2\/\"><span style=\"color: #ff0000;\"><strong><span style=\"color: #0000ff;\">https:\/\/egyptianwisdomcenter.org\/product\/egyptian-mystics-seekers-of-the-way-2nd-edition\/<\/span><\/strong><\/span><\/a><\/div>\n<\/div>","protected":false},"excerpt":{"rendered":"<p>The Cyclical Renewal Festivals &nbsp; The main theme of the Ancient Egyptian texts is the cyclical nature of the universe and the [&hellip;]<\/p>","protected":false},"author":3,"featured_media":0,"parent":0,"menu_order":0,"comment_status":"closed","ping_status":"closed","template":"","meta":{"footnotes":""},"class_list":["post-137","page","type-page","status-publish","hentry"],"aioseo_notices":[],"_links":{"self":[{"href":"https:\/\/egyptianwisdomcenter.org\/fr\/wp-json\/wp\/v2\/pages\/137","targetHints":{"allow":["GET"]}}],"collection":[{"href":"https:\/\/egyptianwisdomcenter.org\/fr\/wp-json\/wp\/v2\/pages"}],"about":[{"href":"https:\/\/egyptianwisdomcenter.org\/fr\/wp-json\/wp\/v2\/types\/page"}],"author":[{"embeddable":true,"href":"https:\/\/egyptianwisdomcenter.org\/fr\/wp-json\/wp\/v2\/users\/3"}],"replies":[{"embeddable":true,"href":"https:\/\/egyptianwisdomcenter.org\/fr\/wp-json\/wp\/v2\/comments?post=137"}],"version-history":[{"count":0,"href":"https:\/\/egyptianwisdomcenter.org\/fr\/wp-json\/wp\/v2\/pages\/137\/revisions"}],"wp:attachment":[{"href":"https:\/\/egyptianwisdomcenter.org\/fr\/wp-json\/wp\/v2\/media?parent=137"}],"curies":[{"name":"wp","href":"https:\/\/api.w.org\/{rel}","templated":true}]}}