{"id":138,"date":"2018-10-30T00:00:00","date_gmt":"2018-10-30T04:00:00","guid":{"rendered":"http:\/\/egyptianwisdomcenter.org\/amen-renef-the-indefinable\/"},"modified":"2023-02-07T12:34:45","modified_gmt":"2023-02-07T17:34:45","slug":"amen-renef-the-indefinable-2","status":"publish","type":"page","link":"https:\/\/egyptianwisdomcenter.org\/fr\/amen-renef-lindefinissable-2\/","title":{"rendered":"Amen-Renef : L&#039;Ind\u00e9finissable"},"content":{"rendered":"<h2 style=\"text-align: center;\"><span style=\"color: #ff0000;\"><strong>Amen-Renef <\/strong><\/span><strong>:<\/strong><span style=\"color: #ff0000;\"><strong> <span style=\"color: #0000ff;\">L&#039;Ind\u00e9finissable<\/span><\/strong><\/span><\/h2>\n<p>&nbsp;<\/p>\n<p>Les \u00c9gyptiens profond\u00e9ment religieux, reconnaissant qu&#039;aucun \u00eatre humain ne peut d\u00e9finir l&#039;ind\u00e9finissable, croyaient en la pr\u00e9sence d&#039;un pouvoir illimit\u00e9 et inconnaissable, trop majestueux pour communiquer avec l&#039;univers cr\u00e9\u00e9 ; mais sans ce pouvoir, aucune cr\u00e9ation ne peut exister.<\/p>\n<p>En dehors de l&#039;univers et de sa nature cyclique se trouve ce que les anciens \u00c9gyptiens appelaient \u00ab Amen-Renef \u00bb, qui n&#039;est pas le nom d&#039;une entit\u00e9, mais une phrase qui signifie <em>Celui avec une essence inconnue<\/em>. Dans ce domaine de l&#039;inconnaissable, aucun mot en termes de pens\u00e9e humaine ne pouvait \u00eatre prononc\u00e9, et les \u00c9gyptiens profond\u00e9ment religieux ne le faisaient jamais, de sorte qu&#039;ils ne pouvaient \u00eatre transmis que par la n\u00e9gation de toutes les qualit\u00e9s. Les \u00c9gyptiens diraient :<\/p>\n<p style=\"padding-left: 30px;\"><em><strong>\u2013 Dont le nom est inconnu de tous les neteru\u00a0<\/strong><\/em>(dieux, d\u00e9esses)<br \/>\n<em><strong>\u2013 Qui n\u2019a pas de d\u00e9finition, <\/strong><\/em>[c&#039;est-\u00e0-dire ne peut \u00eatre d\u00e9fini\/d\u00e9crit par aucun terme humain]<br \/>\n<em><strong>\u2013 Qui n\u2019a pas d\u2019image.<\/strong><\/em><br \/>\n<em><strong>\u2013 Qui n\u2019a aucune forme.<\/strong><\/em><br \/>\n<em><strong>\u2013 Qui n\u2019a ni d\u00e9but ni fin ; etc.<\/strong><\/em><\/p>\n<p>Ainsi, l\u2019\u00c9gypte ancienne <em>expression<\/em> Amen-Renef transcende m\u00eame la qualit\u00e9 de l&#039;\u00eatre. Amen-Renef n&#039;est pas le Cr\u00e9ateur ou la Cause Premi\u00e8re. Tous les termes : Dieu, Cr\u00e9ateur, Ma\u00eetre de l&#039;Univers, Cause Premi\u00e8re, La Premi\u00e8re, sont des principes inf\u00e9rieurs et distincts d&#039;Amen-Renef.<\/p>\n<p>Les \u00c9gyptiens n&#039;en pronon\u00e7aient plus \u2014 et encore avec une infinie r\u00e9serve, faisant toujours appel \u00e0 un sens profond derri\u00e8re les mots : qu&#039;Amen-Renef est partout, au sens o\u00f9 sans sa Supra-Existence, rien ne pourrait exister.<\/p>\n<p>Reconnaissant maintenant Amen-Renef, dont l&#039;essence est inconnue, nous pouvons entrer dans les royaumes des cycles de cr\u00e9ation, dont nous faisons partie.<\/p>\n<p>&nbsp;<\/p>\n<p><strong><span style=\"color: #ff0000;\">[Un extrait de <span style=\"color: #333300;\">Cosmologie \u00e9gyptienne : l&#039;univers anim\u00e9, troisi\u00e8me \u00e9dition <\/span><span style=\"color: #333300;\">par Moustafa Gadalla<\/span><br \/>\n<\/span><\/strong><\/p>\n<p><a href=\"https:\/\/egyptianwisdomcenter.org\/fr\/produit\/cosmologie-egyptienne-2\/\"><span style=\"color: #0000ff;\"><strong>https:\/\/egyptianwisdomcenter.org\/product\/cosmologie-egyptienne\/<\/strong><\/span><\/a><\/p>\n<p><img decoding=\"async\" class=\"aligncenter\" src=\"https:\/\/egyptianwisdomcenter.org\/wp-content\/uploads\/2023\/01\/cosmologie-egyptienne.jpg\" \/><\/p>\n<div dir=\"auto\">\n<div dir=\"auto\" style=\"text-align: center;\"><a href=\"https:\/\/egyptianwisdomcenter.org\/fr\/produit\/cosmologie-egyptienne-2\/\"><span style=\"color: #0000ff;\"><strong>https:\/\/egyptianwisdomcenter.org\/product\/cosmologie-egyptienne\/<\/strong><\/span><\/a><\/div>\n<\/div>","protected":false},"excerpt":{"rendered":"<p>Amen-Renef : The Indefinable &nbsp; The deeply religious Egyptians, recognizing that no human being can define the indefinable, believed in the presence [&hellip;]<\/p>","protected":false},"author":3,"featured_media":0,"parent":0,"menu_order":0,"comment_status":"closed","ping_status":"closed","template":"","meta":{"footnotes":""},"class_list":["post-138","page","type-page","status-publish","hentry"],"aioseo_notices":[],"_links":{"self":[{"href":"https:\/\/egyptianwisdomcenter.org\/fr\/wp-json\/wp\/v2\/pages\/138","targetHints":{"allow":["GET"]}}],"collection":[{"href":"https:\/\/egyptianwisdomcenter.org\/fr\/wp-json\/wp\/v2\/pages"}],"about":[{"href":"https:\/\/egyptianwisdomcenter.org\/fr\/wp-json\/wp\/v2\/types\/page"}],"author":[{"embeddable":true,"href":"https:\/\/egyptianwisdomcenter.org\/fr\/wp-json\/wp\/v2\/users\/3"}],"replies":[{"embeddable":true,"href":"https:\/\/egyptianwisdomcenter.org\/fr\/wp-json\/wp\/v2\/comments?post=138"}],"version-history":[{"count":0,"href":"https:\/\/egyptianwisdomcenter.org\/fr\/wp-json\/wp\/v2\/pages\/138\/revisions"}],"wp:attachment":[{"href":"https:\/\/egyptianwisdomcenter.org\/fr\/wp-json\/wp\/v2\/media?parent=138"}],"curies":[{"name":"wp","href":"https:\/\/api.w.org\/{rel}","templated":true}]}}