{"id":140,"date":"2018-10-30T00:00:00","date_gmt":"2018-10-30T04:00:00","guid":{"rendered":"http:\/\/egyptianwisdomcenter.org\/the-archetypal-synergies\/"},"modified":"2023-01-02T01:19:27","modified_gmt":"2023-01-02T06:19:27","slug":"the-archetypal-synergies-2","status":"publish","type":"page","link":"https:\/\/egyptianwisdomcenter.org\/fr\/les-synergies-archetypales-2\/","title":{"rendered":"Les synergies arch\u00e9typales"},"content":{"rendered":"<h2 style=\"text-align: center;\"><span style=\"color: #0000ff;\">Les synergies arch\u00e9typales<\/span><\/h2>\n<p>&nbsp;<\/p>\n<h3><span style=\"color: #ff0000;\"><strong>1. Associations et manifestations<\/strong><\/span><\/h3>\n<p>Les \u00e9nergies repr\u00e9sent\u00e9es par les diff\u00e9rents neteru (dieux\/d\u00e9esses) fonctionnent rarement individuellement, mais sont souvent alli\u00e9es ou fusionn\u00e9es avec d&#039;autres neteru (dieux\/d\u00e9esses). L&#039;union de certains couples d&#039;\u00e9nergies\/attributs compl\u00e9mentaires (formes masculine et f\u00e9minine) aboutit \u00e0 une troisi\u00e8me \u00e9nergie\/attribut. Les trinit\u00e9s sont parfois repr\u00e9sent\u00e9es ensemble comme une seule entit\u00e9 composite\u00a0; parfois s\u00e9par\u00e9ment et parfois sous forme binaire.<\/p>\n<p>En termes humains, une famille se compose d\u2019un homme, d\u2019une femme et d\u2019un enfant. Les trois forment une seule unit\u00e9 : une famille. Il existe \u00e9galement des relations binaires telles que : mari-femme (mariage), p\u00e8re-enfant (paternit\u00e9) et m\u00e8re-enfant (maternit\u00e9).<\/p>\n<p>Les divinit\u00e9s \u00e9gyptiennes sont li\u00e9es dans un ensemble complexe et changeant de relations. Les connexions et interactions d&#039;un neter avec d&#039;autres divinit\u00e9s aident \u00e0 d\u00e9finir son caract\u00e8re. De telles relations constituaient le mat\u00e9riau de base \u00e0 partir duquel les all\u00e9gories \u00e9gyptiennes \u00e9taient form\u00e9es.<\/p>\n<p>Une distinction doit \u00eatre faite entre les associations de divinit\u00e9s et les manifestations d&#039;un principe neter dans d&#039;autres principes\/formes neteru. Par exemple, il est faux de supposer que Re-Sebek est une association de deux divinit\u00e9s. Lorsque nous r\u00e9alisons ce que Re REPR\u00c9SENTE, alors nous pouvons comprendre que Re-Sebek est la manifestation de la force de cr\u00e9ation [\u00e9tant Re] dans la forme\/aspect Sebek. Comme mentionn\u00e9 pr\u00e9c\u00e9demment, le <em>Litanies de R\u00e9 <\/em>montre sa manifestation sous 75 formes\/aspects.<\/p>\n<p>Les combinaisons synergiques n\u2019\u00e9taient pas permanentes. Un neter\/netert impliqu\u00e9 dans une combinaison continuait \u00e0 appara\u00eetre s\u00e9par\u00e9ment et formait de nouvelles combinaisons avec d&#039;autres divinit\u00e9s.<\/p>\n<p>Les synergies combin\u00e9es se retrouvent essentiellement dans des combinaisons dual, triple, octad et ennead, \u00e0 d\u00e9tailler comme suit :<\/p>\n<p>&nbsp;<\/p>\n<h3><span style=\"color: #ff0000;\"><strong>2. Dualit\u00e9s<\/strong><\/span><\/h3>\n<p>La double nature universelle de la cr\u00e9ation se manifeste dans diverses applications, telles qu\u2019identifi\u00e9es dans l\u2019\u00c9gypte ancienne. Chaque aspect dualisant du processus de cr\u00e9ation est repr\u00e9sent\u00e9 par deux attributs divins : neteru. En fonction de chaque aspect sp\u00e9cifique, le neteru dualisant [mais toujours une combinaison solaire et lunaire] peut \u00eatre :<\/p>\n<p style=\"padding-left: 30px;\">\u2013 Une femelle et un m\u00e2le<br \/>\n\u2013 2 femelles<br \/>\n\u2013 2 m\u00e2les<br \/>\n\u2013 2 moiti\u00e9s unisexes<\/p>\n<p>Certaines dualit\u00e9s ont \u00e9t\u00e9 abord\u00e9es tout au long de ce livre. Pour des informations d\u00e9taill\u00e9es, lisez <em>Cosmologie \u00e9gyptienne\u00a0: l&#039;univers anim\u00e9 <\/em>[Troisi\u00e8me \u00e9dition] de Moustafa Gadalla, o\u00f9 vous trouverez une discussion d\u00e9taill\u00e9e de plusieurs dualit\u00e9s ; les trois domaines distinctifs \u00e9tant :<\/p>\n<p style=\"padding-left: 30px;\"><strong>A. Cr\u00e9ation \u2013 Aspects formatifs<\/strong><br \/>\n\u2013 Dualit\u00e9s de genre jumelles pr\u00e9-cr\u00e9ation<br \/>\n\u2013 Shu et Tefnut \u2013 Les faiseurs de bulles<br \/>\n\u2013 Isis et Nephthys \u2013 s\u0153urs jumelles<br \/>\n-Maati<br \/>\n\u2013 R\u00e9 et Thot<br \/>\n\u2013 Isis et Osiris \u2013 Le Dual Dynamique<br \/>\n\u2013 Seth \u2013 y compris avec Maat avec Horus avec Osiris avec Ptah<\/p>\n<p style=\"padding-left: 30px;\"><strong>B. Aspects de l&#039;unification<\/strong><br \/>\n\u2013 Les \u00ab Deux Plantes \u00bb<br \/>\n\u2013 Horus et Thot<br \/>\n\u2013 Deux Hapis [Unisexe]<br \/>\n\u2013 Qareens des Deux Terres<\/p>\n<p style=\"padding-left: 30px;\"><strong>C. Aspects cycliques<\/strong><br \/>\n\u2013 Osiris et Horus<br \/>\n\u2013 R\u00e9 et Osiris<br \/>\n\u2013 Aker \u2013 Lions jumeaux<\/p>\n<p>&nbsp;<\/p>\n<h3><span style=\"color: #ff0000;\"><strong>3. Trinit\u00e9s<\/strong><\/span><\/h3>\n<p>Les anciens \u00c9gyptiens reconnaissaient l\u2019importance de la trinit\u00e9 dans le processus de cr\u00e9ation. Ainsi, les textes \u00e9gyptiens anciens rendaient la trinit\u00e9 comme une unit\u00e9 exprim\u00e9e par le pronom singulier : ce sont les Trois qui sont Deux qui sont Un.<\/p>\n<p>Les principes de la cr\u00e9ation sont l&#039;unit\u00e9, la dualit\u00e9 et la trinit\u00e9. Ceci est clairement indiqu\u00e9 dans le papyrus \u00e9gyptien antique connu sous le nom de <em>Papyrus Bremner-Rhind<\/em>:<\/p>\n<p style=\"padding-left: 30px;\">&#8220;<strong><em>Apr\u00e8s \u00eatre devenu un neter <\/em><\/strong>(Dieu)<strong><em>, il y avait [maintenant] trois neteru <\/em><\/strong>(dieux, d\u00e9esses)<strong> <em>en moi \u2026&quot;<\/em><\/strong>\u2014 faisant r\u00e9f\u00e9rence \u00e0 la triade d&#039;Atoum et au double Shu-et Tefnout.<\/p>\n<p>Les diff\u00e9rentes trinit\u00e9s sont li\u00e9es \u00e0 la nature diff\u00e9rente de la dualit\u00e9 au sein de chaque trinit\u00e9.<\/p>\n<p>Certaines trinit\u00e9s ont \u00e9t\u00e9 abord\u00e9es tout au long de ce livre. Pour des exemples plus d\u00e9taill\u00e9s, lisez <em>Cosmologie \u00e9gyptienne\u00a0: l&#039;univers anim\u00e9 <\/em>[Troisi\u00e8me \u00e9dition] de Moustafa Gadalla.<\/p>\n<p>&nbsp;<\/p>\n<h3><span style=\"color: #ff0000;\"><strong>4. Ogdoades<\/strong><\/span><\/h3>\n<p>Au num\u00e9ro 8, nous trouvons l&#039;\u00eatre humain cr\u00e9\u00e9 \u00e0 l&#039;image de Dieu, le Premier Principe. Notre existence terrestre au 8\u00e8me royaume est une r\u00e9plication et non une duplication \u2013 une octave. Une octave est l&#039;\u00e9tat futur du pass\u00e9. La continuit\u00e9 de la cr\u00e9ation est une s\u00e9rie de r\u00e9plications \u2013 des octaves. Huit correspond donc au monde physique manifest\u00e9 tel que nous en faisons l\u2019exp\u00e9rience.<\/p>\n<p>En Egypte, le texte bien connu <em>Cercueil de Petamon <\/em>[Article n\u00b0 du Mus\u00e9e du Caire. 1160] d\u00e9clare :<\/p>\n<p style=\"padding-left: 30px;\"><strong><em>Je suis Un qui devient Deux,<\/em><\/strong><br \/>\n<strong><em>qui devient Quatre,<\/em><\/strong><br \/>\n<strong><em>qui devient Huit,<\/em><\/strong><br \/>\n<strong><em>et puis je suis \u00e0 nouveau Un.<\/em><\/strong><\/p>\n<p>Cette nouvelle unit\u00e9 (Un encore) n&#039;est pas identique, mais analogue \u00e0 la premi\u00e8re unit\u00e9 (Je suis Un). L\u2019ancienne unit\u00e9 n\u2019existe plus, une nouvelle unit\u00e9 a pris sa place : Le Roi est Mort, Vive le Roi. C&#039;est un renouveau ou une auto-r\u00e9plication. Et pour rendre compte du principe d\u2019auto-r\u00e9plication, 8 termes sont n\u00e9cessaires.<\/p>\n<p>Huit est le nombre de Thot et de Khmunu (Hermopolis). Thot (alias Herm\u00e8s\/Mercure) est appel\u00e9 le <em><strong>Ma\u00eetre de la Cit\u00e9 des Huit<\/strong><\/em>.<\/p>\n<p>Thot \u00e9tait le messager des neteru (dieux, d\u00e9esses) de l&#039;\u00e9criture, du langage et de la connaissance. Thot a donn\u00e9 \u00e0 l&#039;homme l&#039;acc\u00e8s aux myst\u00e8res du monde manifest\u00e9, symbolis\u00e9s par le chiffre Huit.<\/p>\n<p>Strophe 80 de l&#039;\u00c9gyptien ancien <em>Papyrus de Leyde J350 <\/em>retrace la Cr\u00e9ation racont\u00e9e dans Khmunu (Hermopolis), qui traite de l&#039;Ogdoade \u2013 le Huit Primordial qui constitua la premi\u00e8re m\u00e9tamorphose d&#039;Amon-R\u00ea, le myst\u00e9rieux et cach\u00e9 qui est reconnu comme Ta-Tenen \u00e0 Men-Nefer (Memphis) ; puis Ka-Mut-f \u00e0 Ta-Apet (Th\u00e8bes) \u2013 tout en restant Un.<\/p>\n<p>Par cons\u00e9quent, la manifestation de la cr\u00e9ation en 8 termes est pr\u00e9sente dans les quatre centres cosmologiques de l\u2019\u00c9gypte ancienne :<\/p>\n<ul>\n<li>A Memphis, Ptah, sous ses 8 formes, a cr\u00e9\u00e9 l&#039;univers.<\/li>\n<li>A H\u00e9liopolis, Atam cr\u00e9a les 8 \u00eatres divins.<\/li>\n<li>\u00c0 Khmunu (Hermopolis), 8 neteru primitifs \u2013 l&#039;Ogdoad \u2013 ont cr\u00e9\u00e9 l&#039;univers. Ils \u00e9taient la repr\u00e9sentation de l\u2019\u00e9tat primitif de l\u2019univers.<\/li>\n<li>A Louxor (Th\u00e8bes), Amon\/Amen apr\u00e8s s&#039;\u00eatre cr\u00e9\u00e9 en secret, cr\u00e9a l&#039;Ogdoade.<\/li>\n<\/ul>\n<p>La manifestation de la cr\u00e9ation \u00e0 travers 8 termes se refl\u00e8te \u00e9galement dans le processus mystique de la quadrature du cercle. [Voir les d\u00e9tails dans un chapitre pr\u00e9c\u00e9dent en ce qui concerne la dualit\u00e9 de Re &amp; Thoth].<\/p>\n<p><span style=\"text-decoration: underline;\"><em>Dualit\u00e9s de genre jumelles avant la cr\u00e9ation<\/em><\/span><\/p>\n<p>Les textes \u00e9gyptiens d\u00e9clarent que Nun \u2013 le chaos pr\u00e9-cr\u00e9ation \u2013 poss\u00e9dait des caract\u00e9ristiques identifi\u00e9es \u00e0 quatre paires de pouvoirs\/forces primordiales. Chaque paire repr\u00e9sente les jumeaux primitifs \u00e0 double sexe : les aspects masculin\/f\u00e9minin.<\/p>\n<p>Les quatre m\u00e2les des couples sont repr\u00e9sent\u00e9s comme des grenouilles. Les quatre femelles des couples sont repr\u00e9sent\u00e9es comme des serpents. Les huit \u00eatres sont repr\u00e9sent\u00e9s avec les jambes li\u00e9es, ce qui indique leur nature essentielle d&#039;action\u00a0; mais tant qu&#039;ils sont dans le domaine subjectif (avant la cr\u00e9ation), ils sont inertes. Avoir les jambes li\u00e9es repr\u00e9sente leurs \u00e9nergies potentielles.<\/p>\n<p>&nbsp;<\/p>\n<h3><span style=\"color: #ff0000;\"><strong>5. Enn\u00e9ades<\/strong><\/span><\/h3>\n<p>Le chiffre neuf marque la fin de la gestation et la fin de chaque s\u00e9rie de nombres. S&#039;il est multipli\u00e9 par un autre nombre, il se reproduit toujours (3 x 9 = 27 et 2 + 7 = 9 ou 6 x 9 = 54 et 5 + 4 = 9 et ainsi de suite).<\/p>\n<p>Neuf marque le passage d&#039;une \u00e9chelle (les nombres de 1 \u00e0 9) \u00e0 une \u00e9chelle sup\u00e9rieure (en commen\u00e7ant par 10), c&#039;est donc le nombre de l&#039;initiation, qui s&#039;apparente encore une fois \u00e0 la naissance d&#039;un b\u00e9b\u00e9 apr\u00e8s neuf mois.<\/p>\n<p>Un enfant humain est normalement con\u00e7u, form\u00e9 et n\u00e9 en neuf mois ; un fait qui a beaucoup \u00e0 voir avec le r\u00f4le et l&#039;importance attach\u00e9s au chiffre neuf dans l&#039;Egypte ancienne.<\/p>\n<p>De mani\u00e8re correspondante, l\u2019\u00c9gyptien ancien se r\u00e9f\u00e8re \u00e0 un groupe de neuf divinit\u00e9s comme une seule unit\u00e9 : une Enn\u00e9ade. Comme indiqu\u00e9 pr\u00e9c\u00e9demment, nous constatons qu&#039;il y a au moins 5 000 ans, les textes des pyramides r\u00e9v\u00e8lent l&#039;existence de trois groupes de dieux, et chaque groupe \u00e9tait compos\u00e9 de 9 neteru (dieux, d\u00e9esses).<\/p>\n<p>Les textes \u00e9gyptiens parlent de trois Enn\u00e9ades, chacune repr\u00e9sentant une phase du cycle de cr\u00e9ation.<\/p>\n<p>Les neuf aspects d\u2019une Enn\u00e9ade ne constituent pas une s\u00e9quence, mais une unit\u00e9 \u2013 s\u2019interp\u00e9n\u00e9trant, interagissant et imbriqu\u00e9s.<\/p>\n<p>[Pour plus d&#039;informations sur le mysticisme des nombres en \u00c9gypte, lisez <span style=\"color: #ff0000;\"><em>Cosmologie \u00e9gyptienne\u00a0: l&#039;univers anim\u00e9 <\/em>par Moustafa Gadalla<\/span>.]<\/p>\n<p>&nbsp;<\/p>\n<p><strong><span style=\"color: #ff0000;\">[Un extrait de <\/span>Divinit\u00e9s \u00e9gyptiennes\u00a0: Tous ceux qui sont l&#039;UN, 2e \u00e9dition<span style=\"color: #ff0000;\"> par Moustafa Gadalla]<br \/>\n<a href=\"https:\/\/egyptianwisdomcenter.org\/fr\/produit\/divinites-egyptiennes-tous-ceux-qui-sont-un-2e-edition\/\"><span style=\"color: #0000ff;\">https:\/\/egyptianwisdomcenter.org\/product\/egyptian-divinities-the-all-who-are-the-one-2nd-edition\/<\/span><\/a><br \/>\n<\/span><\/strong><\/p>\n<p><img decoding=\"async\" class=\"aligncenter\" src=\"https:\/\/books2read-prod.s3.amazonaws.com\/CACHE\/images\/ubl_book_images\/book_display_image_qOuT56H\/40d95446cc17340ec7b02939eaa44c10\" \/><\/p>\n<div dir=\"auto\">\n<div dir=\"auto\">\n<p style=\"text-align: center;\"><a href=\"https:\/\/egyptianwisdomcenter.org\/fr\/produit\/divinites-egyptiennes-tous-ceux-qui-sont-un-2e-edition\/\"><span style=\"color: #ff0000;\"><strong><span style=\"color: #0000ff;\">https:\/\/egyptianwisdomcenter.org\/product\/egyptian-divinities-the-all-who-are-the-one-2nd-edition\/<\/span><\/strong><\/span><\/a><\/p>\n<\/div>\n<\/div>","protected":false},"excerpt":{"rendered":"<p>The Archetypal Synergies &nbsp; 1. Associations And Manifestations The energies represented by the various neteru (gods\/ goddesses) rarely function individually, but are [&hellip;]<\/p>","protected":false},"author":3,"featured_media":0,"parent":0,"menu_order":0,"comment_status":"closed","ping_status":"closed","template":"","meta":{"footnotes":""},"class_list":["post-140","page","type-page","status-publish","hentry"],"aioseo_notices":[],"_links":{"self":[{"href":"https:\/\/egyptianwisdomcenter.org\/fr\/wp-json\/wp\/v2\/pages\/140","targetHints":{"allow":["GET"]}}],"collection":[{"href":"https:\/\/egyptianwisdomcenter.org\/fr\/wp-json\/wp\/v2\/pages"}],"about":[{"href":"https:\/\/egyptianwisdomcenter.org\/fr\/wp-json\/wp\/v2\/types\/page"}],"author":[{"embeddable":true,"href":"https:\/\/egyptianwisdomcenter.org\/fr\/wp-json\/wp\/v2\/users\/3"}],"replies":[{"embeddable":true,"href":"https:\/\/egyptianwisdomcenter.org\/fr\/wp-json\/wp\/v2\/comments?post=140"}],"version-history":[{"count":0,"href":"https:\/\/egyptianwisdomcenter.org\/fr\/wp-json\/wp\/v2\/pages\/140\/revisions"}],"wp:attachment":[{"href":"https:\/\/egyptianwisdomcenter.org\/fr\/wp-json\/wp\/v2\/media?parent=140"}],"curies":[{"name":"wp","href":"https:\/\/api.w.org\/{rel}","templated":true}]}}