{"id":141,"date":"2018-10-30T00:00:00","date_gmt":"2018-10-30T04:00:00","guid":{"rendered":"http:\/\/egyptianwisdomcenter.org\/the-egyptian-creation-process-accounts\/"},"modified":"2023-01-02T01:20:40","modified_gmt":"2023-01-02T06:20:40","slug":"the-egyptian-creation-process-accounts-2","status":"publish","type":"page","link":"https:\/\/egyptianwisdomcenter.org\/fr\/le-processus-de-creation-egyptien-compte-2\/","title":{"rendered":"Les comptes du processus de cr\u00e9ation \u00e9gyptien"},"content":{"rendered":"<h2 style=\"text-align: center;\"><span style=\"color: #0000ff;\">Les comptes du processus de cr\u00e9ation \u00e9gyptien<\/span><\/h2>\n<p>&nbsp;<\/p>\n<h3><span style=\"color: #ff0000;\"><strong>1. Divers aspects\/formes de manifestation<\/strong><\/span><\/h3>\n<p>Comme nous l&#039;avons montr\u00e9 pr\u00e9c\u00e9demment, la matrice universelle des \u00e9nergies est le r\u00e9sultat de l&#039;acte initial de cr\u00e9ation et des effets ult\u00e9rieurs qui ont cr\u00e9\u00e9 l&#039;univers. Cette matrice est constitu\u00e9e d&#039;une hi\u00e9rarchie organis\u00e9e. Chaque niveau de la hi\u00e9rarchie de l&#039;existence est une th\u00e9ophanie \u2013 une cr\u00e9ation par la conscience du niveau d&#039;\u00eatre situ\u00e9 au-dessus de lui. En tant que telle, la hi\u00e9rarchie des \u00e9nergies est interd\u00e9pendante et chaque niveau est soutenu par le niveau inf\u00e9rieur. Cette hi\u00e9rarchie d\u2019\u00e9nergies s\u2019inscrit parfaitement dans une vaste matrice de lois naturelles profond\u00e9ment interconnect\u00e9es. C\u2019est \u00e0 la fois physique et m\u00e9taphysique.<\/p>\n<p>L&#039;origine du monde et la nature des neteru (dieux, d\u00e9esses) qui ont particip\u00e9 \u00e0 sa cr\u00e9ation \u00e9taient des sujets d&#039;int\u00e9r\u00eat constant pour les \u00c9gyptiens.<\/p>\n<p>Les \u00c9gyptiens de l\u2019Antiquit\u00e9 disposaient de quatre centres principaux d\u2019enseignement cosmologique : H\u00e9liopolis, Memphis, Th\u00e8bes et Khmunu (Hermopolis). Chaque centre a r\u00e9v\u00e9l\u00e9 l&#039;une des principales phases ou aspects de la gen\u00e8se. En tant que tels, les r\u00e9cits de cr\u00e9ation sont tous coh\u00e9rents avec la formation ordonn\u00e9e de\/au sein de la matrice \u00e9nerg\u00e9tique universelle.<\/p>\n<p>&nbsp;<\/p>\n<h3><span style=\"color: #ff0000;\"><strong>2. Cosmologie et all\u00e9gories \u00e9gyptiennes<\/strong><\/span><\/h3>\n<p>La totalit\u00e9 de la civilisation \u00e9gyptienne s\u2019est construite sur une compr\u00e9hension compl\u00e8te et pr\u00e9cise des lois universelles. Cette compr\u00e9hension profonde s\u2019est manifest\u00e9e dans un syst\u00e8me coh\u00e9rent et interd\u00e9pendant o\u00f9 l\u2019art, la science, la philosophie et la religion \u00e9taient entrelac\u00e9s et utilis\u00e9s simultan\u00e9ment dans une seule unit\u00e9 organique.<\/p>\n<p>La cosmologie \u00e9gyptienne repose sur des principes scientifiques et philosophiques coh\u00e9rents. La connaissance cosmologique de l\u2019\u00c9gypte ancienne \u00e9tait exprim\u00e9e sous forme d\u2019histoire, ce qui constitue un moyen sup\u00e9rieur pour exprimer des concepts physiques et m\u00e9taphysiques. Tout bon \u00e9crivain ou conf\u00e9rencier sait que les histoires valent mieux que les expos\u00e9s pour expliquer le comportement des choses, car les relations entre les parties (et avec le tout) sont mieux entretenues par l&#039;esprit. L\u2019information seule est inutile si elle n\u2019est pas transform\u00e9e en compr\u00e9hension.<\/p>\n<p>Les sagas \u00e9gyptiennes transformaient les noms et adjectifs factuels courants (indicateurs de qualit\u00e9s) en noms propres mais conceptuels. Ceux-ci \u00e9taient en outre personnifi\u00e9s afin de pouvoir \u00eatre int\u00e9gr\u00e9s dans des r\u00e9cits coh\u00e9rents et significatifs. La personnification est bas\u00e9e sur la connaissance que l&#039;homme a \u00e9t\u00e9 cr\u00e9\u00e9 \u00e0 l&#039;image de Dieu et, en tant que tel, l&#039;homme repr\u00e9sentait l&#039;image cr\u00e9\u00e9e de toute la cr\u00e9ation.<\/p>\n<p>Les all\u00e9gories sont un moyen intentionnellement choisi pour communiquer des connaissances. Les all\u00e9gories dramatisent les lois, les principes, les processus, les relations et les fonctions cosmiques et les expriment d&#039;une mani\u00e8re facile \u00e0 comprendre. Une fois r\u00e9v\u00e9l\u00e9es les significations int\u00e9rieures des all\u00e9gories, elles deviennent des merveilles d\u2019exhaustivit\u00e9 et de concision \u00e0 la fois scientifiques et philosophiques. Plus ils sont \u00e9tudi\u00e9s, plus ils s\u2019enrichissent. La \u00ab dimension int\u00e9rieure \u00bb des enseignements int\u00e9gr\u00e9s dans chaque histoire est capable de r\u00e9v\u00e9ler plusieurs niveaux de connaissances, selon le stade de d\u00e9veloppement de l&#039;auditeur. Les \u00ab secrets \u00bb sont r\u00e9v\u00e9l\u00e9s \u00e0 mesure que l\u2019on \u00e9volue plus haut. Plus nous montons, plus nous voyons. C&#039;est toujours l\u00e0.<\/p>\n<p>Les \u00c9gyptiens (Baladi ancien et actuel) ne croyaient\/ne croyaient pas \u00e0 leurs all\u00e9gories comme des faits historiques. Ils y croyaient, dans le sens o\u00f9 ils croyaient \u00e0 la v\u00e9rit\u00e9 cach\u00e9e dans les histoires.<\/p>\n<p>Tout au long de ce livre, plusieurs sujets seront expliqu\u00e9s sous forme d&#039;histoires en utilisant quatre concepts personnifi\u00e9s : Isis, Osiris, Horus et Seth. Quatre de ces sujets seront\u00a0:<\/p>\n<p style=\"padding-left: 30px;\">1 \u2013 Les principes solaires et lunaires repr\u00e9sent\u00e9s par Isis et Osiris.<\/p>\n<p style=\"padding-left: 30px;\">2 \u2013 Les quatre \u00e9l\u00e9ments du monde (eau, feu, terre et air) assimil\u00e9s respectivement \u00e0 Osiris, Seth, Isis et Horus.<\/p>\n<p style=\"padding-left: 30px;\">3 \u2013 Le cadre soci\u00e9tal mod\u00e8le s\u2019exprime dans le conte l\u00e9gendaire d\u2019Osiris et Isis, de leur fils Horus et de son oncle Seth.<\/p>\n<p style=\"padding-left: 30px;\">4 \u2013 La num\u00e9rologie et la trigonom\u00e9trie, ainsi que le r\u00f4le cosmique trinit\u00e9\/triade\/triangle, tel que d\u00e9crit dans la relation entre le p\u00e8re [Osiris], la m\u00e8re [Isis] et le fils [Horus] sont analogues au triangle rectangle 3 : 4:5.<\/p>\n<p>Les pi\u00e8ces de myst\u00e8re \u00e9gyptiennes, bien con\u00e7ues, sont un moyen intentionnellement choisi pour communiquer des connaissances.<\/p>\n<p>Le sens et l\u2019exp\u00e9rience mystique ne sont pas li\u00e9s \u00e0 une interpr\u00e9tation litt\u00e9rale des \u00e9v\u00e9nements. Une fois r\u00e9v\u00e9l\u00e9es les significations int\u00e9rieures des r\u00e9cits, ils deviennent des merveilles d\u2019exhaustivit\u00e9 et de concision \u00e0 la fois scientifiques et philosophiques. Plus ils sont \u00e9tudi\u00e9s, plus ils s\u2019enrichissent.<\/p>\n<p>Et, enracin\u00e9e dans le r\u00e9cit tel qu\u2019il est, la partie ne peut jamais \u00eatre confondue avec le tout ; sa signification fonctionnelle ne peut pas non plus \u00eatre oubli\u00e9e ou d\u00e9form\u00e9e.<\/p>\n<p>&nbsp;<\/p>\n<h3><span style=\"color: #ff0000;\"><strong>3. Les trois phases principales du cycle de cr\u00e9ation<\/strong><\/span><\/h3>\n<p>La s\u00e9quence du cycle de cr\u00e9ation est d\u00e9limit\u00e9e en trois phases principales, dans les textes \u00e9gyptiens anciens. Les m\u00eames d\u00e9limitations ont ensuite \u00e9t\u00e9 reproduites dans les \u00e9crits soufis (et autres).<\/p>\n<p>Voici trois sources principales de l\u2019\u00c9gypte ancienne pour de telles triples d\u00e9limitations\u00a0:<\/p>\n<p><strong>A- Textes de la Pyramide :<\/strong> Conform\u00e9ment au th\u00e8me des trois phases du cycle de cr\u00e9ation, nous constatons que, il y a au moins 5 000 ans, les textes de la \u00ab Pyramide \u00bb r\u00e9v\u00e8lent l&#039;existence de trois compagnies de neteru (dieux, d\u00e9esses), et chaque compagnie \u00e9tait compos\u00e9e de 9 neteru (dieux, d\u00e9esses). Tout au long des Textes de la \u00ab Pyramide \u00bb, il est fr\u00e9quemment fait mention d&#039;un groupe, ou de 2 ou 3 groupes, de 9 neteru (dieux, d\u00e9esses).<\/p>\n<p>Les textes \u00e9gyptiens parlent de trois Enn\u00e9ades, chacune repr\u00e9sentant une phase du cycle de cr\u00e9ation. Neuf est le nombre de chaque phase \u2013 chaque phase engendre la phase suivante en 9 termes.<\/p>\n<p><strong>La premi\u00e8re<\/strong> (Grand) Enn\u00e9ad repr\u00e9sente le stade conceptuel ou divin. Ceci est r\u00e9gi par Re.<\/p>\n<p><strong>La deuxi\u00e8me<\/strong> Enn\u00e9ade repr\u00e9sente l\u2019\u00e9tape de manifestation. Ceci est r\u00e9gi par Osiris.<\/p>\n<p><strong>Le troisi\u00e8me<\/strong> Enn\u00e9ad repr\u00e9sente le retour \u00e0 la Source, combinant \u00e0 la fois R\u00ea et Osiris.<\/p>\n<p>Dans Le Livre de la Venue Par la Lumi\u00e8re, les \u00e2mes d&#039;Osiris et de Re se rencontrent et sont unies pour former une entit\u00e9, d\u00e9crite avec tant d&#039;\u00e9loquence\u00a0:<\/p>\n<p><strong><em>\u00a0 \u00a0 \u00a0 \u00a0 \u00a0 \u00a0 Je suis ses deux \u00e2mes dans ses jumeaux.<\/em><\/strong><\/p>\n<p><strong>B- Litanies de R\u00e9 :<\/strong> Apr\u00e8s une br\u00e8ve pr\u00e9face, la Litanie s&#039;ouvre sur soixante-quinze invocations aux formes de R\u00ea, suivies d&#039;une s\u00e9rie de pri\u00e8res et d&#039;hymnes dans lesquels l&#039;identit\u00e9 de R\u00ea et d&#039;Osiris est constamment soulign\u00e9e.<\/p>\n<p>Le cycle perp\u00e9tuel d&#039;Osiris et de R\u00ea domine les textes \u00e9gyptiens anciens. La premi\u00e8re \u00e9tape est la manifestation de R\u00ea sous ses diff\u00e9rentes formes. La deuxi\u00e8me \u00e9tape est la manifestation d&#039;Osiris dans ses formes. La troisi\u00e8me et derni\u00e8re \u00e9tape se d\u00e9roule aux Pays-Bas pour se r\u00e9unir et ressusciter en tant que nouveau ReHerakhuti des Deux Horizons.<\/p>\n<p><strong>C- Papyrus de Leyde J350\u00a0:<\/strong> Ce document \u00e9gyptien antique survivant est dat\u00e9 d&#039;au moins depuis l&#039;Ancien Empire (2575-2150 avant notre \u00e8re), dont une copie a \u00e9t\u00e9 reproduite sous le r\u00e8gne de Rams\u00e8s II au 13<sup>\u00e8me<\/sup> si\u00e8cle avant notre \u00e8re.<\/p>\n<p>Le Papyrus de Leiden J350 consiste en une composition \u00e9tendue d\u00e9crivant les principaux aspects des r\u00e9cits de la cr\u00e9ation antique. Le syst\u00e8me de num\u00e9ration du Papyrus identifie le principe\/aspect de la cr\u00e9ation et associe \u00e0 chacun son num\u00e9ro symbolique.<\/p>\n<p>Le manuscrit est divis\u00e9 en une s\u00e9rie de \u00ab strophes \u00bb num\u00e9rot\u00e9es. Chacune est intitul\u00e9e \u00ab Demeures [de la lune], num\u00e9ro xx \u00bb.<\/p>\n<p>Le syst\u00e8me de num\u00e9rotation de ce papyrus \u00e9gyptien, en lui-m\u00eame, est significatif. Ils sont num\u00e9rot\u00e9s en trois niveaux \u2013 de 1 \u00e0 9 \u2013 puis les puissances 10, 20, 30, \u00e0 90, pour constituer les fondements \u00e9nerg\u00e9tiques des formes physiques \u2013 et le troisi\u00e8me niveau est num\u00e9rot\u00e9 par centaines.<\/p>\n<p>Ce syst\u00e8me de num\u00e9rotation montre les trois phases du cycle de cr\u00e9ation\u00a0:<\/p>\n<p style=\"padding-left: 30px;\">1. La Phase de Conception\/Enn\u00e9ade dont le th\u00e8me est l&#039;objectivation d&#039;une zone circonscrite d&#039;\u00e9nergie\/mati\u00e8re indiff\u00e9renci\u00e9e, dans laquelle le monde sera manifest\u00e9.<\/p>\n<p style=\"padding-left: 30px;\">2. La Phase de Manifestation Ordonn\u00e9e\/Enn\u00e9ade traite de la cr\u00e9ation des plans noum\u00e9nal et ph\u00e9nom\u00e9nal \u2013 les deux grandes subdivisions du monde manifest\u00e9.<\/p>\n<p style=\"padding-left: 30px;\">3. La Phase de R\u00e9unification\/Enn\u00e9ad dont le th\u00e8me est le retour \u00e0 la Source et le processus de r\u00e9unification ult\u00e9rieur qui m\u00e8ne \u00e0 un NOUVEL Alpha.<\/p>\n<p>[Pour les d\u00e9tails des trois phases du cycle de cr\u00e9ation, voir <span style=\"color: #ff0000;\"><strong>Cycle des lettres alphab\u00e9tiques \u00e9gyptiennes de la cr\u00e9ation par Moustafa Gadalla<\/strong><\/span>]<\/p>\n<p>&nbsp;<\/p>\n<p><strong><span style=\"color: #ff0000;\">[Un extrait de <\/span>Cosmologie \u00e9gyptienne : l&#039;univers anim\u00e9, troisi\u00e8me \u00e9dition par Moustafa Gadalla<span style=\"color: #ff0000;\">]<br \/>\n<a href=\"https:\/\/egyptianwisdomcenter.org\/fr\/produit\/cosmologie-egyptienne-2\/\"><span style=\"color: #0000ff;\">https:\/\/egyptianwisdomcenter.org\/product\/cosmologie-egyptienne\/<\/span><\/a><\/span><\/strong><\/p>\n<p><img decoding=\"async\" class=\"aligncenter\" src=\"https:\/\/egyptianwisdomcenter.org\/wp-content\/uploads\/2023\/01\/cosmologie-egyptienne.jpg\" \/><\/p>\n<div dir=\"auto\">\n<p style=\"text-align: center;\"><a href=\"https:\/\/egyptianwisdomcenter.org\/fr\/produit\/cosmologie-egyptienne-2\/\"><strong><span style=\"color: #ff0000;\"><span style=\"color: #0000ff;\">https:\/\/egyptianwisdomcenter.org\/product\/cosmologie-egyptienne\/<\/span><\/span><\/strong><\/a><\/p>\n<\/div>\n<p>&nbsp;<\/p>\n<p><span style=\"color: #ff0000;\"><strong>Alphab\u00e9tique \u00e9gyptien : Cycle des lettres de la cr\u00e9ation par Moustafa Gadalla<\/strong><\/span><br \/>\n<span style=\"color: #0000ff;\"><strong>https:\/\/egyptianwisdomcenter.org\/product\/egyptian-alphabetical-letters-of-creation-cycle\/<\/strong><\/span><\/p>\n<p><img decoding=\"async\" class=\"aligncenter\" src=\"https:\/\/books2read-prod.s3.amazonaws.com\/CACHE\/images\/ubl_book_images\/book_display_image_TJcU3M0\/80ec96c680e029339b2a4ac5fbacfe93\" \/><\/p>\n<div dir=\"auto\" style=\"text-align: center;\"><a href=\"https:\/\/egyptianwisdomcenter.org\/fr\/produit\/egyptian-alphabetical-letters-of-creation-cycle\/\"><span style=\"color: #0000ff;\"><strong>https:\/\/egyptianwisdomcenter.org\/product\/egyptian-alphabetical-letters-of-creation-cycle\/<\/strong><\/span><\/a><\/div>\n<div dir=\"auto\">\n<div dir=\"auto\">\n<p style=\"text-align: center;\">\n<\/div>\n<\/div>","protected":false},"excerpt":{"rendered":"<p>The Egyptian Creation Process Accounts &nbsp; 1. Various Aspects\/Forms Of Manifestation As was shown earlier the universal matrix of energies came as [&hellip;]<\/p>","protected":false},"author":3,"featured_media":0,"parent":0,"menu_order":0,"comment_status":"closed","ping_status":"closed","template":"","meta":{"footnotes":""},"class_list":["post-141","page","type-page","status-publish","hentry"],"aioseo_notices":[],"_links":{"self":[{"href":"https:\/\/egyptianwisdomcenter.org\/fr\/wp-json\/wp\/v2\/pages\/141","targetHints":{"allow":["GET"]}}],"collection":[{"href":"https:\/\/egyptianwisdomcenter.org\/fr\/wp-json\/wp\/v2\/pages"}],"about":[{"href":"https:\/\/egyptianwisdomcenter.org\/fr\/wp-json\/wp\/v2\/types\/page"}],"author":[{"embeddable":true,"href":"https:\/\/egyptianwisdomcenter.org\/fr\/wp-json\/wp\/v2\/users\/3"}],"replies":[{"embeddable":true,"href":"https:\/\/egyptianwisdomcenter.org\/fr\/wp-json\/wp\/v2\/comments?post=141"}],"version-history":[{"count":0,"href":"https:\/\/egyptianwisdomcenter.org\/fr\/wp-json\/wp\/v2\/pages\/141\/revisions"}],"wp:attachment":[{"href":"https:\/\/egyptianwisdomcenter.org\/fr\/wp-json\/wp\/v2\/media?parent=141"}],"curies":[{"name":"wp","href":"https:\/\/api.w.org\/{rel}","templated":true}]}}