{"id":144,"date":"2018-10-30T00:00:00","date_gmt":"2018-10-30T04:00:00","guid":{"rendered":"http:\/\/egyptianwisdomcenter.org\/the-spitting-image-of-the-one-shu-and-tef-nut\/"},"modified":"2023-01-02T01:23:18","modified_gmt":"2023-01-02T06:23:18","slug":"the-spitting-image-of-the-one-shu-and-tef-nut","status":"publish","type":"page","link":"https:\/\/egyptianwisdomcenter.org\/fr\/le-portrait-crache-de-celui-qui-shu-et-tef-nut\/","title":{"rendered":"Le portrait crach\u00e9 de celui-l\u00e0 \u2013 Shu et Tef-nut"},"content":{"rendered":"<h2 style=\"text-align: center;\"><span style=\"color: #ff0000;\"><strong>Le portrait crach\u00e9 de celui-l\u00e0 \u2013 Shu et Tef-nut<\/strong><\/span><\/h2>\n<p>&nbsp;<\/p>\n<p>Le double Shu et Tefnout repr\u00e9sentent l&#039;acte initial de cr\u00e9ation formant la bulle universelle. Le couple Shu et Tefnout repr\u00e9sent\u00e9 comme un mari et une femme est la mani\u00e8re typiquement \u00e9gyptienne d&#039;exprimer la dualit\u00e9 et la polarit\u00e9. Cette double nature se manifestait dans les textes et traditions de l\u2019\u00c9gypte ancienne, selon les d\u00e9couvertes arch\u00e9ologiques r\u00e9cup\u00e9r\u00e9es.<\/p>\n<p>Les textes les plus anciens de l&#039;Ancien Empire, \u00e0 savoir les Textes des Pyramides \u00a71652, expriment la double nature :<\/p>\n<p style=\"padding-left: 30px;\"><strong><em>\u2026 et tu as crach\u00e9 comme Shu, et tu as crach\u00e9 comme Tefnout.<\/em><\/strong><\/p>\n<p>C&#039;est une analogie tr\u00e8s puissante car nous utilisons le terme \u00ab portrait crach\u00e9 \u00bb pour d\u00e9signer <em>exactement comme l&#039;origine<\/em>.<\/p>\n<p>Le concept \u00e9gyptien antique de l\u2019univers est comme une bo\u00eete. La premi\u00e8re chose que le Divin a cr\u00e9\u00e9e est une sorte de bulle dans ce qui est par ailleurs un oc\u00e9an d\u2019eau infini. Le ciel est la peau de l\u2019oc\u00e9an infini qui contient ce que nous appelons l\u2019atmosph\u00e8re, provoqu\u00e9e par deux forces que les anciens \u00c9gyptiens appelaient Shu et Tefnout. Shu (chaleur) et Tefnout (eau\/humidit\u00e9) signifient \u00ab atmosph\u00e8re \u00bb. Nun (l&#039;oc\u00e9an cosmique de pr\u00e9-cr\u00e9ation) est la racine \u00e0 partir de laquelle Shu et Tefnout ont \u00e9t\u00e9 cr\u00e9\u00e9s.<\/p>\n<p><a href=\"http:\/\/egyptianwisdomcenter.org\/wp-content\/uploads\/2019\/02\/tefnut-shu.png\"><img decoding=\"async\" class=\"size-full wp-image-365 aligncenter\" src=\"http:\/\/egyptianwisdomcenter.org\/wp-content\/uploads\/2019\/02\/tefnut-shu.png\" alt=\"\" width=\"184\" height=\"196\" \/><\/a><\/p>\n<p>La chaleur (Shu) et l\u2019eau (Tefnout) sont les deux facteurs fa\u00e7onnant les formes de vie les plus universels. Ces termes correspondent respectivement au feu (chaleur) et \u00e0 l&#039;humidit\u00e9 et doivent \u00eatre compris comme des m\u00e9taphores et des correspondances r\u00e9elles pour les qualit\u00e9s abstraites qu&#039;ils repr\u00e9sentent. Shu, repr\u00e9sent\u00e9 par le feu, l&#039;air et la chaleur, correspond \u00e0 la qualit\u00e9 de l&#039;expansion, de l&#039;ascension, des forces centrifuges, positives, masculines, extraverties, extraverties, etc.<\/p>\n<p>Tefnout, repr\u00e9sent\u00e9 par l&#039;humidit\u00e9 et la base mat\u00e9rielle objective de la manifestation (Nut, le suffixe), correspond \u00e0 la contraction, au mouvement descendant, aux forces centrip\u00e8tes, n\u00e9gatives, f\u00e9minines, r\u00e9ceptives, int\u00e9rieures, introspectives, etc.<\/p>\n<p>Le concept \u00e9gyptien antique ci-dessus concorde avec les scientifiques modernes, qui nous disent que les galaxies sont d\u00e9sormais soumises principalement \u00e0 deux forces oppos\u00e9es : 1) les forces d\u2019expulsion, qui font que toutes les galaxies s\u2019\u00e9loignent de nous ; et 2) les forces gravitationnelles\/contractionnelles, qui rapprochent les galaxies.<\/p>\n<p>&nbsp;<\/p>\n<p><strong><span style=\"color: #ff0000;\">[Un extrait de <\/span>Cosmologie \u00e9gyptienne : l&#039;univers anim\u00e9, troisi\u00e8me \u00e9dition par Moustafa Gadalla<span style=\"color: #ff0000;\">]<br \/>\n<a href=\"https:\/\/egyptianwisdomcenter.org\/fr\/produit\/cosmologie-egyptienne-2\/\"><span style=\"color: #0000ff;\">https:\/\/egyptianwisdomcenter.org\/product\/cosmologie-egyptienne\/<\/span><\/a><\/span><\/strong><\/p>\n<p><img decoding=\"async\" class=\"aligncenter\" src=\"https:\/\/egyptianwisdomcenter.org\/wp-content\/uploads\/2023\/01\/cosmologie-egyptienne.jpg\" \/><\/p>\n<div dir=\"auto\">\n<p style=\"text-align: center;\"><a href=\"https:\/\/egyptianwisdomcenter.org\/fr\/produit\/cosmologie-egyptienne-2\/\"><strong><span style=\"color: #ff0000;\"><span style=\"color: #0000ff;\">https:\/\/egyptianwisdomcenter.org\/product\/cosmologie-egyptienne\/<\/span><\/span><\/strong><\/a><\/p>\n<\/div>\n<div dir=\"auto\">\n<p style=\"text-align: center;\">\n<\/div>","protected":false},"excerpt":{"rendered":"<p>The Spitting Image Of The One &#8211; Shu And Tef-nut &nbsp; The dual Shu and Tefnut represent the initial act of creation [&hellip;]<\/p>","protected":false},"author":3,"featured_media":0,"parent":0,"menu_order":0,"comment_status":"closed","ping_status":"closed","template":"","meta":{"footnotes":""},"class_list":["post-144","page","type-page","status-publish","hentry"],"aioseo_notices":[],"_links":{"self":[{"href":"https:\/\/egyptianwisdomcenter.org\/fr\/wp-json\/wp\/v2\/pages\/144","targetHints":{"allow":["GET"]}}],"collection":[{"href":"https:\/\/egyptianwisdomcenter.org\/fr\/wp-json\/wp\/v2\/pages"}],"about":[{"href":"https:\/\/egyptianwisdomcenter.org\/fr\/wp-json\/wp\/v2\/types\/page"}],"author":[{"embeddable":true,"href":"https:\/\/egyptianwisdomcenter.org\/fr\/wp-json\/wp\/v2\/users\/3"}],"replies":[{"embeddable":true,"href":"https:\/\/egyptianwisdomcenter.org\/fr\/wp-json\/wp\/v2\/comments?post=144"}],"version-history":[{"count":0,"href":"https:\/\/egyptianwisdomcenter.org\/fr\/wp-json\/wp\/v2\/pages\/144\/revisions"}],"wp:attachment":[{"href":"https:\/\/egyptianwisdomcenter.org\/fr\/wp-json\/wp\/v2\/media?parent=144"}],"curies":[{"name":"wp","href":"https:\/\/api.w.org\/{rel}","templated":true}]}}