{"id":146,"date":"2018-10-30T00:00:00","date_gmt":"2018-10-30T04:00:00","guid":{"rendered":"http:\/\/egyptianwisdomcenter.org\/the-duality-of-ra-and-osiris\/"},"modified":"2023-01-02T01:24:08","modified_gmt":"2023-01-02T06:24:08","slug":"the-duality-of-ra-and-osiris-2","status":"publish","type":"page","link":"https:\/\/egyptianwisdomcenter.org\/fr\/la-dualite-de-ra-et-osiris-2\/","title":{"rendered":"La dualit\u00e9 de Ra et Osiris"},"content":{"rendered":"<h2 style=\"text-align: center;\"><span style=\"color: #ff0000;\"><strong>La dualit\u00e9 de Ra et Osiris<\/strong><\/span><\/h2>\n<p>&nbsp;<\/p>\n<p>Les textes \u00e9gyptiens font r\u00e9f\u00e9rence \u00e0 R\u00ea et Osiris comme \u00e9tant les <em>\u00c2mes jumelles.<\/em><\/p>\n<p>\u00c9tymologiquement, la relation entre Re\/Ra et Osiris devient \u00e9vidente. Le mot \u00e9gyptien pour Osiris est Aus-Ra.<\/p>\n<p>Le mot Aus signifie <em>le pouvoir de<\/em>, ou <em>la racine de<\/em>. En tant que tel, le nom Ausar se compose de deux parties : Aus-Ra, signifiant <em>le pouvoir de R\u00e2<\/em>, c&#039;est-\u00e0-dire le <em>renaissance de Ra.<\/em><\/p>\n<p>Le cycle perp\u00e9tuel de l&#039;existence \u2013 le cycle de la vie et de la mort \u2013 est symbolis\u00e9 par Ra (Re) et Ausar (Osiris). Ra est le neter vivant qui descend dans la mort pour devenir Ausar, le neter des morts. Ausar monte et reprend vie sous le nom de Ra. La cr\u00e9ation est continue : c&#039;est un flux de vie progressant vers la mort. Mais de la mort, un nouveau Ra doit na\u00eetre, faisant germer une nouvelle vie. Ra est le principe cosmique de l&#039;\u00e9nergie qui se dirige vers la mort, et Ausar repr\u00e9sente le processus de renaissance. Ainsi, les termes de vie et de mort deviennent interchangeables : la vie signifie une mort lente, et la mort signifie la r\u00e9surrection \u00e0 une nouvelle vie. La personne d\u00e9c\u00e9d\u00e9e dans la mort est identifi\u00e9e \u00e0 Ausar, mais elle reviendra \u00e0 la vie et sera identifi\u00e9e \u00e0 Ra.<\/p>\n<p>Le cycle perp\u00e9tuel d&#039;Ausar et Ra domine les textes \u00e9gyptiens anciens, tels que :<\/p>\n<ul>\n<li>Dans <em>Le livre de la sortie par la lumi\u00e8re<\/em>, Ausar et Ra vivent, meurent et naissent de nouveau. Dans le Monde des Enfers, les \u00e2mes d&#039;Ausar et de Ra se rencontrent [voir l&#039;illustration du Papyrus d&#039;Ani, ci-dessous] et sont unies pour former une entit\u00e9, d\u00e9crite avec tant d&#039;\u00e9loquence\u00a0:<\/li>\n<\/ul>\n<p style=\"padding-left: 30px;\"><strong><em>Je suis ses deux \u00e2mes dans ses jumeaux.<\/em><\/strong><\/p>\n<p><a href=\"http:\/\/egyptianwisdomcenter.org\/wp-content\/uploads\/2019\/02\/ra-ausar.png\"><img fetchpriority=\"high\" decoding=\"async\" class=\"size-full wp-image-368 aligncenter\" src=\"http:\/\/egyptianwisdomcenter.org\/wp-content\/uploads\/2019\/02\/ra-ausar.png\" alt=\"\" width=\"341\" height=\"239\" \/><\/a><\/p>\n<p>Au chapitre 17 de <em>Le livre de la sortie par la lumi\u00e8re<\/em>, le d\u00e9funt, identifi\u00e9 \u00e0 Ausar, dit :<\/p>\n<p style=\"padding-left: 30px;\"><strong><em>Je suis hier, je connais le lendemain.<\/em><\/strong><\/p>\n<ul>\n<li>Et le commentaire \u00e9gyptien de ce passage explique :<\/li>\n<\/ul>\n<p style=\"padding-left: 30px;\"><em><strong>Qu\u2019est-ce que c\u2019est ? Ausar c\u2019est hier, Ra c\u2019est demain ?<\/strong><\/em><\/p>\n<ul>\n<li>Dans le tombeau de la reine N\u00e9fertari (\u00e9pouse de Rams\u00e8s II) se trouve une repr\u00e9sentation bien connue du neter solaire mort (dieu) sous la forme d&#039;un corps momiforme \u00e0 t\u00eate de b\u00e9lier, accompagn\u00e9 d&#039;une inscription, \u00e0 droite et \u00e0 gauche :<\/li>\n<\/ul>\n<p><a href=\"http:\/\/egyptianwisdomcenter.org\/wp-content\/uploads\/2019\/02\/ec3-ch6-1-72c.jpg\"><img decoding=\"async\" class=\"wp-image-876 aligncenter\" src=\"http:\/\/egyptianwisdomcenter.org\/wp-content\/uploads\/2019\/02\/ec3-ch6-1-72c.jpg\" alt=\"\" width=\"191\" height=\"242\" \/><\/a><\/p>\n<p style=\"text-align: center;\"><strong style=\"text-align: center;\"><em>C&#039;est Ra qui vient se reposer \u00e0 Ausar.<\/em><\/strong><\/p>\n<p style=\"padding-left: 30px; text-align: center;\"><strong><em>C&#039;est Ausar qui vient se reposer \u00e0 Ra.<\/em><\/strong><\/p>\n<ul>\n<li>La Litanie de R\u00ea est essentiellement une amplification d\u00e9taill\u00e9e d&#039;un court passage du chapitre 17 de La <em>Livre de la sortie par la lumi\u00e8re<\/em>, d\u00e9crivant la fusion d&#039;Ausar et Ra en un <em><strong>\u00c2me soeur<\/strong><\/em>.<\/li>\n<li><\/li>\n<\/ul>\n<p><strong><span style=\"color: #ff0000;\">[Un extrait de <\/span>Cosmologie \u00e9gyptienne : l&#039;univers anim\u00e9, troisi\u00e8me \u00e9dition par Moustafa Gadalla<span style=\"color: #ff0000;\">]<br \/>\n<a href=\"https:\/\/egyptianwisdomcenter.org\/fr\/produit\/cosmologie-egyptienne-2\/\"><span style=\"color: #0000ff;\">https:\/\/egyptianwisdomcenter.org\/product\/cosmologie-egyptienne\/<\/span><\/a><\/span><\/strong><\/p>\n<p><img decoding=\"async\" class=\"aligncenter\" src=\"https:\/\/egyptianwisdomcenter.org\/wp-content\/uploads\/2023\/01\/cosmologie-egyptienne.jpg\" \/><\/p>\n<div dir=\"auto\">\n<p style=\"text-align: center;\"><a href=\"https:\/\/egyptianwisdomcenter.org\/fr\/produit\/cosmologie-egyptienne-2\/\"><strong><span style=\"color: #ff0000;\"><span style=\"color: #0000ff;\">https:\/\/egyptianwisdomcenter.org\/product\/cosmologie-egyptienne\/<\/span><\/span><\/strong><\/a><\/p>\n<\/div>","protected":false},"excerpt":{"rendered":"<p>The Duality Of Ra And Osiris &nbsp; Egyptian texts refer to Re and Osiris as the Twin Souls. Etymologically, the relationship between [&hellip;]<\/p>","protected":false},"author":3,"featured_media":0,"parent":0,"menu_order":0,"comment_status":"closed","ping_status":"closed","template":"","meta":{"footnotes":""},"class_list":["post-146","page","type-page","status-publish","hentry"],"aioseo_notices":[],"_links":{"self":[{"href":"https:\/\/egyptianwisdomcenter.org\/fr\/wp-json\/wp\/v2\/pages\/146","targetHints":{"allow":["GET"]}}],"collection":[{"href":"https:\/\/egyptianwisdomcenter.org\/fr\/wp-json\/wp\/v2\/pages"}],"about":[{"href":"https:\/\/egyptianwisdomcenter.org\/fr\/wp-json\/wp\/v2\/types\/page"}],"author":[{"embeddable":true,"href":"https:\/\/egyptianwisdomcenter.org\/fr\/wp-json\/wp\/v2\/users\/3"}],"replies":[{"embeddable":true,"href":"https:\/\/egyptianwisdomcenter.org\/fr\/wp-json\/wp\/v2\/comments?post=146"}],"version-history":[{"count":0,"href":"https:\/\/egyptianwisdomcenter.org\/fr\/wp-json\/wp\/v2\/pages\/146\/revisions"}],"wp:attachment":[{"href":"https:\/\/egyptianwisdomcenter.org\/fr\/wp-json\/wp\/v2\/media?parent=146"}],"curies":[{"name":"wp","href":"https:\/\/api.w.org\/{rel}","templated":true}]}}