{"id":149,"date":"2018-10-30T00:00:00","date_gmt":"2018-10-30T04:00:00","guid":{"rendered":"http:\/\/egyptianwisdomcenter.org\/the-divine-overseer-of-the-created-universe\/"},"modified":"2023-01-02T01:25:23","modified_gmt":"2023-01-02T06:25:23","slug":"the-divine-overseer-of-the-created-universe-2","status":"publish","type":"page","link":"https:\/\/egyptianwisdomcenter.org\/fr\/le-divin-surveillant-de-lunivers-cree-2\/","title":{"rendered":"Le divin surveillant de l\u2019univers cr\u00e9\u00e9"},"content":{"rendered":"<h2 style=\"text-align: center;\"><span style=\"color: #ff0000;\"><strong>Le divin surveillant de l\u2019univers cr\u00e9\u00e9<\/strong><\/span><\/h2>\n<p>&nbsp;<\/p>\n<p>Cette sph\u00e8re 16\u00e8me sph\u00e8re\/lettre &#039;<span style=\"text-decoration: underline;\">UN.<\/span>&#039; est le lieu de manifestation des attributs du Surveillant Divin de l&#039;\u00eatre cr\u00e9\u00e9 \u2013 omniscient, omnipotent et omnipr\u00e9sent \u2013 qui prot\u00e8ge et renforce la foi dans le c\u0153ur pour d\u00e9fendre le monde des myst\u00e8res contre les forces des t\u00e9n\u00e8bres.<\/p>\n<p>Le symbole \u00e9gyptien le plus distinctif est l\u2019\u0153il, qui joue de nombreux r\u00f4les complexes et subtils. L&#039;\u0153il symbolise les significations suivantes :<\/p>\n<p><span style=\"text-decoration: underline;\">Omniscience<\/span>:\u2014Ce terme fait r\u00e9f\u00e9rence \u00e0 la nature omnisciente de Dieu. Webster le d\u00e9finit comme \u00ab la qualit\u00e9 de conna\u00eetre toutes choses \u00e0 la fois ; connaissance universelle; connaissance illimit\u00e9e ou infinie. En bref, Dieu poss\u00e8de une connaissance et une sagesse sup\u00e9rieures sur tout, et cette connaissance englobe tout.<\/p>\n<p><span style=\"text-decoration: underline;\">Omnipotence<\/span>: \u2014Ce terme fait r\u00e9f\u00e9rence \u00e0 la nature toute-puissante de Dieu. En regardant \u00e0 nouveau Webster, cela est d\u00e9fini comme \u00ab le pouvoir tout-puissant ; pouvoir illimit\u00e9 ou infini; un mot strictement applicable uniquement \u00e0 Dieu. Il est le Seigneur tout-puissant qui a cr\u00e9\u00e9 toutes choses et les soutient par sa Parole.<\/p>\n<p><span style=\"text-decoration: underline;\">Omnipr\u00e9sence<\/span>: \u2014Ce terme qui fait r\u00e9f\u00e9rence \u00e0 la nature illimit\u00e9e de Dieu ou \u00e0 sa capacit\u00e9 d&#039;\u00eatre partout et \u00e0 tout moment. En nous appuyant une fois de plus sur Webster, nous voyons l&#039;omnipr\u00e9sence d\u00e9finie comme \u00ab la pr\u00e9sence en tout lieu en m\u00eame temps ; pr\u00e9sence illimit\u00e9e ou universelle; ubiquit\u00e9.&quot;<\/p>\n<p>&nbsp;<\/p>\n<p><span style=\"color: #ff0000;\"><strong>[Un extrait de <\/strong><\/span><strong>Alphab\u00e9tique \u00e9gyptien : Cycle des lettres de la cr\u00e9ation par Moustafa Gadalla<\/strong><span style=\"color: #ff0000;\"><strong>]<br \/>\n<a href=\"https:\/\/egyptianwisdomcenter.org\/fr\/produit\/egyptian-alphabetical-letters-of-creation-cycle\/\"><span style=\"color: #0000ff;\">https:\/\/egyptianwisdomcenter.org\/product\/egyptian-alphabetical-letters-of-creation-cycle\/<\/span><\/a><\/strong><\/span><\/p>\n<p><img decoding=\"async\" class=\"aligncenter\" src=\"https:\/\/books2read-prod.s3.amazonaws.com\/CACHE\/images\/ubl_book_images\/book_display_image_TJcU3M0\/80ec96c680e029339b2a4ac5fbacfe93\" \/><\/p>\n<div dir=\"auto\">\n<p style=\"text-align: center;\"><a href=\"https:\/\/egyptianwisdomcenter.org\/fr\/produit\/egyptian-alphabetical-letters-of-creation-cycle\/\"><span style=\"color: #ff0000;\"><strong><span style=\"color: #0000ff;\">https:\/\/egyptianwisdomcenter.org\/product\/egyptian-alphabetical-letters-of-creation-cycle\/<\/span><\/strong><\/span><\/a><\/p>\n<\/div>","protected":false},"excerpt":{"rendered":"<p>The Divine Overseer Of The Created Universe &nbsp; This sphere 16th sphere\/letter \u2018A.\u2018 is the locus of manifestation of the attributes of [&hellip;]<\/p>","protected":false},"author":3,"featured_media":0,"parent":0,"menu_order":0,"comment_status":"closed","ping_status":"closed","template":"","meta":{"footnotes":""},"class_list":["post-149","page","type-page","status-publish","hentry"],"aioseo_notices":[],"_links":{"self":[{"href":"https:\/\/egyptianwisdomcenter.org\/fr\/wp-json\/wp\/v2\/pages\/149","targetHints":{"allow":["GET"]}}],"collection":[{"href":"https:\/\/egyptianwisdomcenter.org\/fr\/wp-json\/wp\/v2\/pages"}],"about":[{"href":"https:\/\/egyptianwisdomcenter.org\/fr\/wp-json\/wp\/v2\/types\/page"}],"author":[{"embeddable":true,"href":"https:\/\/egyptianwisdomcenter.org\/fr\/wp-json\/wp\/v2\/users\/3"}],"replies":[{"embeddable":true,"href":"https:\/\/egyptianwisdomcenter.org\/fr\/wp-json\/wp\/v2\/comments?post=149"}],"version-history":[{"count":0,"href":"https:\/\/egyptianwisdomcenter.org\/fr\/wp-json\/wp\/v2\/pages\/149\/revisions"}],"wp:attachment":[{"href":"https:\/\/egyptianwisdomcenter.org\/fr\/wp-json\/wp\/v2\/media?parent=149"}],"curies":[{"name":"wp","href":"https:\/\/api.w.org\/{rel}","templated":true}]}}