{"id":161,"date":"2018-10-30T00:00:00","date_gmt":"2018-10-30T04:00:00","guid":{"rendered":"http:\/\/egyptianwisdomcenter.org\/baboon\/"},"modified":"2023-10-20T10:11:01","modified_gmt":"2023-10-20T14:11:01","slug":"baboon","status":"publish","type":"page","link":"https:\/\/egyptianwisdomcenter.org\/fr\/babouin-2\/","title":{"rendered":"Babouin"},"content":{"rendered":"<h2 style=\"text-align: center;\"><span style=\"color: #ff0000;\"><strong>Babouin<\/strong><\/span><\/h2>\n<p>&nbsp;<\/p>\n<p>Le babouin repr\u00e9sente le point de d\u00e9part d&#039;un Cycle (un cycle de cr\u00e9ation ou un cycle quotidien).<\/p>\n<p>Le babouin repr\u00e9sente extr\u00eamement bien ce point de d\u00e9part. Le babouin est presque humain ; et \u00e0 ce titre, il repr\u00e9sente ce moment crucial qui pr\u00e9c\u00e8de le r\u00e9veil du soleil.<\/p>\n<p>Le babouin \u00e9met un cr\u00e9pitement \u00e0 l&#039;aube, Le Point de d\u00e9part.<\/p>\n<p>Dans ce r\u00f4le, le babouin est associ\u00e9 \u00e0 Thot [Tehuti] \u2013 l&#039;interm\u00e9diaire divin entre le m\u00e9taphysique (l&#039;obscurit\u00e9 avant le cr\u00e9puscule) et le physique (lorsque la lumi\u00e8re appara\u00eet).<\/p>\n<p>Dans les traditions \u00e9gyptiennes antiques, les paroles de R\u00ea (Ra), r\u00e9v\u00e9l\u00e9es \u00e0 travers Thot (Herm\u00e8s, Mercure), sont devenues les choses et les cr\u00e9atures de ce monde ; c&#039;est-\u00e0-dire que les mots (qui signifient les \u00e9nergies sonores) ont cr\u00e9\u00e9 les formes dans l&#039;univers. A ce titre, Thot repr\u00e9sente le lien entre le m\u00e9taphysique (extra-humain) et le physique (terrestre). Un tel lien par Thot repr\u00e9sente l\u2019aube, et donc Thot est li\u00e9 au babouin.<\/p>\n<p>Le babouin est g\u00e9n\u00e9ralement repr\u00e9sent\u00e9 assis, attendant le moment z\u00e9ro,<\/p>\n<p><a href=\"http:\/\/egyptianwisdomcenter.org\/wp-content\/uploads\/2019\/02\/ed-ch9-photo1-96c.jpg\"><img fetchpriority=\"high\" decoding=\"async\" class=\"size-medium wp-image-897 aligncenter\" src=\"http:\/\/egyptianwisdomcenter.org\/wp-content\/uploads\/2019\/02\/ed-ch9-photo1-96c-179x300.jpg\" alt=\"\" width=\"179\" height=\"300\" \/><\/a><\/p>\n<p>ou se lever, saluant l&#039;arriv\u00e9e d&#039;un nouveau cycle.<\/p>\n<p><a href=\"http:\/\/egyptianwisdomcenter.org\/wp-content\/uploads\/2019\/02\/ed-ch9-photo2-96c.jpg\"><img decoding=\"async\" class=\"size-medium wp-image-898 aligncenter\" src=\"http:\/\/egyptianwisdomcenter.org\/wp-content\/uploads\/2019\/02\/ed-ch9-photo2-96c-167x300.jpg\" alt=\"\" width=\"167\" height=\"300\" \/><\/a><\/p>\n<p>Conform\u00e9ment au r\u00f4le du babouin, nous constatons que l&#039;un des quatre disciples d&#039;Horus a une t\u00eate de babouin. Son r\u00f4le est de veiller sur le quadrant Est, la r\u00e9gion o\u00f9 surgit la cr\u00e9ation nouvelle\/renouvel\u00e9e.<\/p>\n<p><a href=\"https:\/\/trfed2.pressbooks.com\/wp-content\/uploads\/sites\/42625\/2015\/11\/uncg-31c-Ani-008c-263x300.gif\"><img decoding=\"async\" class=\"aligncenter wp-image-517\" src=\"http:\/\/egyptianwisdomcenter.org\/wp-content\/uploads\/2019\/02\/uncg-31c-Ani-008c-263x300-e1519754199749.gif\" alt=\"\" width=\"213\" height=\"89\" \/><\/a><\/p>\n<p>&nbsp;<\/p>\n<p><span style=\"color: #ff0000;\"><strong>[Un extrait de <\/strong><\/span><strong>Divinit\u00e9s \u00e9gyptiennes : Tous ceux qui sont l&#039;UN, 2e \u00e9dition par Moustafa Gadalla<\/strong><span style=\"color: #ff0000;\"><strong>]<br \/>\n<a href=\"https:\/\/egyptianwisdomcenter.org\/fr\/produit\/divinites-egyptiennes-tous-ceux-qui-sont-un-2e-edition\/\"><span style=\"color: #0000ff;\">https:\/\/egyptianwisdomcenter.org\/product\/egyptian-divinities-the-all-who-are-the-one-2nd-edition\/<\/span><\/a><\/strong><\/span><\/p>\n<p><img decoding=\"async\" class=\"aligncenter\" src=\"https:\/\/books2read-prod.s3.amazonaws.com\/CACHE\/images\/ubl_book_images\/book_display_image_qOuT56H\/40d95446cc17340ec7b02939eaa44c10\" \/><\/p>\n<div dir=\"auto\">\n<p style=\"text-align: center;\"><a href=\"https:\/\/egyptianwisdomcenter.org\/fr\/produit\/divinites-egyptiennes-tous-ceux-qui-sont-un-2e-edition\/\"><strong><span style=\"color: #ff0000;\"><span style=\"color: #0000ff;\">https:\/\/egyptianwisdomcenter.org\/product\/egyptian-divinities-the-all-who-are-the-one-2nd-edition\/<\/span><\/span><\/strong><\/a><\/p>\n<\/div>","protected":false},"excerpt":{"rendered":"<p>Baboon &nbsp; The baboon represents the starting point of a Cycle (a creation cycle or a daily cycle). The baboon represents this [&hellip;]<\/p>","protected":false},"author":3,"featured_media":0,"parent":0,"menu_order":0,"comment_status":"closed","ping_status":"closed","template":"","meta":{"footnotes":""},"class_list":["post-161","page","type-page","status-publish","hentry"],"aioseo_notices":[],"_links":{"self":[{"href":"https:\/\/egyptianwisdomcenter.org\/fr\/wp-json\/wp\/v2\/pages\/161","targetHints":{"allow":["GET"]}}],"collection":[{"href":"https:\/\/egyptianwisdomcenter.org\/fr\/wp-json\/wp\/v2\/pages"}],"about":[{"href":"https:\/\/egyptianwisdomcenter.org\/fr\/wp-json\/wp\/v2\/types\/page"}],"author":[{"embeddable":true,"href":"https:\/\/egyptianwisdomcenter.org\/fr\/wp-json\/wp\/v2\/users\/3"}],"replies":[{"embeddable":true,"href":"https:\/\/egyptianwisdomcenter.org\/fr\/wp-json\/wp\/v2\/comments?post=161"}],"version-history":[{"count":1,"href":"https:\/\/egyptianwisdomcenter.org\/fr\/wp-json\/wp\/v2\/pages\/161\/revisions"}],"predecessor-version":[{"id":68342,"href":"https:\/\/egyptianwisdomcenter.org\/fr\/wp-json\/wp\/v2\/pages\/161\/revisions\/68342"}],"wp:attachment":[{"href":"https:\/\/egyptianwisdomcenter.org\/fr\/wp-json\/wp\/v2\/media?parent=161"}],"curies":[{"name":"wp","href":"https:\/\/api.w.org\/{rel}","templated":true}]}}