{"id":165,"date":"2018-10-30T00:00:00","date_gmt":"2018-10-30T04:00:00","guid":{"rendered":"http:\/\/egyptianwisdomcenter.org\/horse\/"},"modified":"2023-01-02T01:30:53","modified_gmt":"2023-01-02T06:30:53","slug":"horse-2","status":"publish","type":"page","link":"https:\/\/egyptianwisdomcenter.org\/fr\/cheval-2\/","title":{"rendered":"Cheval"},"content":{"rendered":"<h2 style=\"text-align: center;\"><span style=\"color: #ff0000;\"><strong>Cheval<\/strong><\/span><\/h2>\n<p>&nbsp;<\/p>\n<p>Divers attributs sont tous li\u00e9s au cheval. L&#039;attribut sp\u00e9cifique sera d\u00e9termin\u00e9 dans le contexte.<\/p>\n<p>1. Le cheval symbolise le courage et la confiance, selon Cl\u00e9ment <em>Stromates, Livre V<\/em>, chapitre VII :<\/p>\n<p style=\"padding-left: 30px;\"><strong><em>&quot;Le cheval symbolise le courage et la confiance&quot;<\/em><\/strong><\/p>\n<p>2. Le cheval est le symbole hi\u00e9roglyphique de Noble.<\/p>\n<p>Le cheval repr\u00e9sente la force motrice qui, lorsqu\u2019elle est correctement dirig\u00e9e, m\u00e8nera \u00e0 la noblesse.<\/p>\n<p><a href=\"http:\/\/egyptianwisdomcenter.org\/wp-content\/uploads\/2019\/02\/ed-ch9-photo17-96c.jpg\"><img fetchpriority=\"high\" decoding=\"async\" class=\"size-full wp-image-912 aligncenter\" src=\"http:\/\/egyptianwisdomcenter.org\/wp-content\/uploads\/2019\/02\/ed-ch9-photo17-96c.jpg\" alt=\"\" width=\"269\" height=\"248\" \/><\/a><\/p>\n<p>3. Les personnes exceptionnelles sont KNIGHTED par le monarque.<\/p>\n<p>Ce concept \u00e9gyptien de noblesse se retrouve dans les traditions actuelles lorsque, en raison des accomplissements extraordinaires d&#039;une personne, cette personne n&#039;est fait chevalier que par le monarque.<\/p>\n<p>Ce n&#039;est pas une co\u00efncidence si le mot anglais \u00ab cheval \u00bb est fondamentalement le m\u00eame que celui de la divinit\u00e9 \u00e9gyptienne Horus.<\/p>\n<p>Horus signifie <em>qui il est AU-DESSUS.<\/em><\/p>\n<p>4. Le cheval est aussi un animal tr\u00e8s beau et gracieux.<\/p>\n<p>Le mot \u00e9gyptien MaHR signifie \u00e0 la fois un poney et une dot, car une jeune fille est <em>noble<\/em>.<\/p>\n<p>5. Repr\u00e9sent\u00e9 en train de vaincre les forces du chaos.<\/p>\n<p>L\u2019homme divin est repr\u00e9sent\u00e9 sur les temples \u00e9gyptiens chargeant et vainquant les forces chaotiques, repr\u00e9sent\u00e9es par des \u00e9trangers et des animaux sauvages.<\/p>\n<p>Ces repr\u00e9sentations sont des repr\u00e9sentations symboliques de la bataille int\u00e9rieure entre les forces du Bien et du mal.<\/p>\n<p><a href=\"http:\/\/egyptianwisdomcenter.org\/wp-content\/uploads\/2019\/02\/ed-ch9-photo9-96c.jpg\"><img decoding=\"async\" class=\"size-medium wp-image-905 aligncenter\" src=\"http:\/\/egyptianwisdomcenter.org\/wp-content\/uploads\/2019\/02\/ed-ch9-photo9-96c-300x195.jpg\" alt=\"\" width=\"300\" height=\"195\" \/><\/a><\/p>\n<p>Au sens ordinaire, la police mont\u00e9e utilise partout des chevaux pour guider et contr\u00f4ler les foules. La police utilise \u00e9galement la puissance des chevaux pour dissiper les foules d\u00e9sordonn\u00e9es.<\/p>\n<p>Nous utilisons le terme \u00ab puissance cheval \u00bb pour mesurer l&#039;\u00e9nergie.<\/p>\n<p>6. Dans les traditions \u00e9gyptiennes <strong>la langue humaine est assimil\u00e9e \u00e0 un cheval<\/strong>. La langue est le muscle le plus fort du corps humain. La force motrice du cheval ou de la langue contr\u00f4le votre destin.<\/p>\n<p>Le symbolisme du cheval en tant que force motrice est en effet tr\u00e8s puissant.<\/p>\n<p><a href=\"http:\/\/egyptianwisdomcenter.org\/wp-content\/uploads\/2019\/02\/ed-ch9-photo18-96c.jpg\"><img decoding=\"async\" class=\"size-full wp-image-913 aligncenter\" src=\"http:\/\/egyptianwisdomcenter.org\/wp-content\/uploads\/2019\/02\/ed-ch9-photo18-96c.jpg\" alt=\"\" width=\"269\" height=\"211\" \/><\/a><\/p>\n<p>7. L&#039;homme et le cheval sont si proches qu&#039;il y a longtemps, les anciens \u00c9gyptiens utilisaient du crin de cheval pour les cordes et les archets de leur famille d&#039;instruments de violon. Le son de cet instrument est aussi proche que possible de la voix humaine.<\/p>\n<p>&nbsp;<\/p>\n<p><span style=\"color: #ff0000;\"><strong>[Un extrait de <\/strong><\/span><strong>Divinit\u00e9s \u00e9gyptiennes : Tous ceux qui sont l&#039;UN, 2e \u00e9dition par Moustafa Gadalla<\/strong><span style=\"color: #ff0000;\"><strong>]<br \/>\n<a href=\"https:\/\/egyptianwisdomcenter.org\/fr\/produit\/divinites-egyptiennes-tous-ceux-qui-sont-un-2e-edition\/\"><span style=\"color: #0000ff;\">https:\/\/egyptianwisdomcenter.org\/product\/egyptian-divinities-the-all-who-are-the-one-2nd-edition\/<\/span><\/a><br \/>\n<\/strong><\/span><\/p>\n<p><img decoding=\"async\" class=\"aligncenter\" src=\"https:\/\/books2read-prod.s3.amazonaws.com\/CACHE\/images\/ubl_book_images\/book_display_image_qOuT56H\/40d95446cc17340ec7b02939eaa44c10\" \/><\/p>\n<div dir=\"auto\">\n<div dir=\"auto\">\n<p style=\"text-align: center;\"><a href=\"https:\/\/egyptianwisdomcenter.org\/fr\/produit\/divinites-egyptiennes-tous-ceux-qui-sont-un-2e-edition\/\"><strong><span style=\"color: #ff0000;\"><span style=\"color: #0000ff;\">https:\/\/egyptianwisdomcenter.org\/product\/egyptian-divinities-the-all-who-are-the-one-2nd-edition\/<\/span><\/span><\/strong><\/a><\/p>\n<\/div>\n<\/div>","protected":false},"excerpt":{"rendered":"<p>Horse &nbsp; Various attributes are all related to the horse. The specific attribute will be determined in the context. 1. The horse [&hellip;]<\/p>","protected":false},"author":3,"featured_media":0,"parent":0,"menu_order":0,"comment_status":"closed","ping_status":"closed","template":"","meta":{"footnotes":""},"class_list":["post-165","page","type-page","status-publish","hentry"],"aioseo_notices":[],"_links":{"self":[{"href":"https:\/\/egyptianwisdomcenter.org\/fr\/wp-json\/wp\/v2\/pages\/165","targetHints":{"allow":["GET"]}}],"collection":[{"href":"https:\/\/egyptianwisdomcenter.org\/fr\/wp-json\/wp\/v2\/pages"}],"about":[{"href":"https:\/\/egyptianwisdomcenter.org\/fr\/wp-json\/wp\/v2\/types\/page"}],"author":[{"embeddable":true,"href":"https:\/\/egyptianwisdomcenter.org\/fr\/wp-json\/wp\/v2\/users\/3"}],"replies":[{"embeddable":true,"href":"https:\/\/egyptianwisdomcenter.org\/fr\/wp-json\/wp\/v2\/comments?post=165"}],"version-history":[{"count":0,"href":"https:\/\/egyptianwisdomcenter.org\/fr\/wp-json\/wp\/v2\/pages\/165\/revisions"}],"wp:attachment":[{"href":"https:\/\/egyptianwisdomcenter.org\/fr\/wp-json\/wp\/v2\/media?parent=165"}],"curies":[{"name":"wp","href":"https:\/\/api.w.org\/{rel}","templated":true}]}}