{"id":169,"date":"2018-10-30T00:00:00","date_gmt":"2018-10-30T04:00:00","guid":{"rendered":"http:\/\/egyptianwisdomcenter.org\/scarab-beetle\/"},"modified":"2023-01-02T01:28:53","modified_gmt":"2023-01-02T06:28:53","slug":"scarab-beetle-2","status":"publish","type":"page","link":"https:\/\/egyptianwisdomcenter.org\/fr\/scarabee-2\/","title":{"rendered":"Scarab\u00e9e"},"content":{"rendered":"<h2 style=\"text-align: center;\"><span style=\"color: #ff0000;\"><strong>Scarab\u00e9e<\/strong><\/span><\/h2>\n<p>&nbsp;<\/p>\n<p>Re est fr\u00e9quemment repr\u00e9sent\u00e9 comme un grand scarab\u00e9e noir assis dans le bateau solaire et faisant rouler le disque solaire ; ou comme un homme dont la t\u00eate humaine est remplac\u00e9e par un scarab\u00e9e.<\/p>\n<p><a href=\"http:\/\/egyptianwisdomcenter.org\/wp-content\/uploads\/2019\/02\/ed-ch9-photo3-96c.jpg\"><img decoding=\"async\" class=\"size-medium wp-image-899 aligncenter\" src=\"http:\/\/egyptianwisdomcenter.org\/wp-content\/uploads\/2019\/02\/ed-ch9-photo3-96c-146x300.jpg\" alt=\"\" width=\"146\" height=\"300\" \/><\/a><\/p>\n<p>En tant que tel, Re est le scarab\u00e9e divin originel. Le nom \u00e9gyptien du scarab\u00e9e \u00e9tait Khepri, un mot multiple signifiant\u00a0:<\/p>\n<p style=\"padding-left: 30px;\"><strong><em>Ceci qui fait na\u00eetre.<\/em><\/strong><\/p>\n<p>Re (Ra) est d\u00e9crit dans le <em>Textes fun\u00e9raires (pyramides) d&#039;Ounas<\/em>:<\/p>\n<p style=\"padding-left: 30px;\"><strong><em>\u00abIls te font na\u00eetre en tant que R\u00ea, au nom de Khepri\u00bb.<\/em><\/strong><\/p>\n<p>Khepri le scarab\u00e9e est l&#039;une des 75 manifestations du processus de cr\u00e9ation, tous \u00e9tant des aspects de R\u00ea, la force cr\u00e9atrice divine.<\/p>\n<p>Horapollon Niliaeus explique ainsi le symbolisme du scarab\u00e9e :<\/p>\n<p style=\"padding-left: 30px;\"><strong><em>\u00ab Pour signifier le seul engendr\u00e9, ou la naissance, ou un p\u00e8re, ou le monde, ou l&#039;homme, ils [les \u00c9gyptiens] dessinent un scarab\u00e9e. Le seul engendr\u00e9, <span style=\"text-decoration: underline;\">parce que cet animal est auto-engendr\u00e9, non n\u00e9 de la femelle<\/span>. Car sa naissance n\u2019a lieu que de la mani\u00e8re suivante. Lorsque le m\u00e2le souhaite avoir une prog\u00e9niture, il prend de la bouse de vache et en fait une boule ronde, en forme de monde. En le faisant rouler avec ses pattes post\u00e9rieures d&#039;est en ouest, il fait face \u00e0 l&#039;est, de mani\u00e8re \u00e0 lui donner la forme du monde, car le monde est port\u00e9 de l&#039;est \u00e0 l&#039;ouest.<\/em><\/strong><\/p>\n<p>Dans les textes transformationnels (fun\u00e9raires) de l&#039;\u00c9gypte ancienne, le d\u00e9funt, identifi\u00e9 \u00e0 Osiris, passait par des \u00e9tapes analogues dans la nuit des enfers et renaissait sous la forme d&#039;un nouveau Ra (Re) sous sa forme de Khepri (le scarab\u00e9e) le matin. . L\u2019analogie avec le soleil \u2013 disparaissant la nuit et apparaissant le matin \u2013 est claire. Le scarab\u00e9e est le symbole de la qualit\u00e9 transformatrice du soleil ; la lumi\u00e8re qui sort des t\u00e9n\u00e8bres. Les amulettes scarab\u00e9es \u00e9taient habituellement enterr\u00e9es avec le d\u00e9funt pour favoriser la renaissance.<\/p>\n<p>Le scarab\u00e9e se trouve donc toujours en d\u00e9but de cycle.<\/p>\n<p>Ici, il est associ\u00e9 \u00e0 l\u2019\u0153uf cosmique.<\/p>\n<p><a href=\"http:\/\/egyptianwisdomcenter.org\/wp-content\/uploads\/2019\/02\/ed-ch9-photo4-96c.jpg\"><img fetchpriority=\"high\" decoding=\"async\" class=\"size-full wp-image-900 aligncenter\" src=\"http:\/\/egyptianwisdomcenter.org\/wp-content\/uploads\/2019\/02\/ed-ch9-photo4-96c.jpg\" alt=\"\" width=\"240\" height=\"220\" \/><\/a><\/p>\n<p>Ici, nous sommes au d\u00e9but d&#039;un cycle zodiacal qui dure environ 26 000 ans et commence avec l&#039;\u00e8re du Lion, le lion.<\/p>\n<p><a href=\"http:\/\/egyptianwisdomcenter.org\/wp-content\/uploads\/2019\/02\/ed-ch9-photo5-96c.jpg\"><img decoding=\"async\" class=\"size-medium wp-image-901 aligncenter\" src=\"http:\/\/egyptianwisdomcenter.org\/wp-content\/uploads\/2019\/02\/ed-ch9-photo5-96c-300x200.jpg\" alt=\"\" width=\"300\" height=\"200\" \/><\/a><\/p>\n<p>&nbsp;<\/p>\n<p><span style=\"color: #ff0000;\"><strong>[Un extrait de<\/strong><\/span><strong>Divinit\u00e9s \u00e9gyptiennes\u00a0: Tous ceux qui sont l&#039;UN, 2e \u00e9dition<\/strong><span style=\"color: #ff0000;\"><strong> par Moustafa Gadalla]<br \/>\n<a href=\"https:\/\/egyptianwisdomcenter.org\/fr\/produit\/divinites-egyptiennes-tous-ceux-qui-sont-un-2e-edition\/\"><span style=\"color: #0000ff;\">https:\/\/egyptianwisdomcenter.org\/product\/egyptian-divinities-the-all-who-are-the-one-2nd-edition\/<\/span><\/a><br \/>\n<\/strong><\/span><\/p>\n<p><img decoding=\"async\" class=\"aligncenter\" src=\"https:\/\/books2read-prod.s3.amazonaws.com\/CACHE\/images\/ubl_book_images\/book_display_image_qOuT56H\/40d95446cc17340ec7b02939eaa44c10\" \/><\/p>\n<div dir=\"auto\">\n<div dir=\"auto\">\n<p style=\"text-align: center;\"><a href=\"https:\/\/egyptianwisdomcenter.org\/fr\/produit\/divinites-egyptiennes-tous-ceux-qui-sont-un-2e-edition\/\"><span style=\"color: #ff0000;\"><strong><span style=\"color: #0000ff;\">https:\/\/egyptianwisdomcenter.org\/product\/egyptian-divinities-the-all-who-are-the-one-2nd-edition\/<\/span><\/strong><\/span><\/a><\/p>\n<\/div>\n<\/div>\n<div dir=\"auto\"><\/div>","protected":false},"excerpt":{"rendered":"<p>Scarab Beetle &nbsp; Re is frequently represented as a large black scarab beetle sitting in the solar boat and rolling the sun [&hellip;]<\/p>","protected":false},"author":3,"featured_media":0,"parent":0,"menu_order":0,"comment_status":"closed","ping_status":"closed","template":"","meta":{"footnotes":""},"class_list":["post-169","page","type-page","status-publish","hentry"],"aioseo_notices":[],"_links":{"self":[{"href":"https:\/\/egyptianwisdomcenter.org\/fr\/wp-json\/wp\/v2\/pages\/169","targetHints":{"allow":["GET"]}}],"collection":[{"href":"https:\/\/egyptianwisdomcenter.org\/fr\/wp-json\/wp\/v2\/pages"}],"about":[{"href":"https:\/\/egyptianwisdomcenter.org\/fr\/wp-json\/wp\/v2\/types\/page"}],"author":[{"embeddable":true,"href":"https:\/\/egyptianwisdomcenter.org\/fr\/wp-json\/wp\/v2\/users\/3"}],"replies":[{"embeddable":true,"href":"https:\/\/egyptianwisdomcenter.org\/fr\/wp-json\/wp\/v2\/comments?post=169"}],"version-history":[{"count":0,"href":"https:\/\/egyptianwisdomcenter.org\/fr\/wp-json\/wp\/v2\/pages\/169\/revisions"}],"wp:attachment":[{"href":"https:\/\/egyptianwisdomcenter.org\/fr\/wp-json\/wp\/v2\/media?parent=169"}],"curies":[{"name":"wp","href":"https:\/\/api.w.org\/{rel}","templated":true}]}}