{"id":173,"date":"2018-10-30T00:00:00","date_gmt":"2018-10-30T04:00:00","guid":{"rendered":"http:\/\/egyptianwisdomcenter.org\/logic-and-forms-of-animal-representation\/"},"modified":"2023-01-02T01:26:12","modified_gmt":"2023-01-02T06:26:12","slug":"logic-and-forms-of-animal-representation","status":"publish","type":"page","link":"https:\/\/egyptianwisdomcenter.org\/fr\/logique-et-formes-de-representation-animale\/","title":{"rendered":"Logique et formes de repr\u00e9sentation animale"},"content":{"rendered":"<h2 style=\"text-align: center;\"><span style=\"color: #ff0000;\"><strong>Logique et formes de repr\u00e9sentation animale<\/strong><\/span><\/h2>\n<p>&nbsp;<\/p>\n<p>Les observations minutieuses et la connaissance approfondie du monde naturel des \u00c9gyptiens leur ont permis d&#039;identifier certains animaux dot\u00e9s de qualit\u00e9s sp\u00e9cifiques qui pourraient symboliser certaines fonctions et principes divins d&#039;une mani\u00e8re particuli\u00e8rement pure et frappante. Ainsi, certains animaux ont \u00e9t\u00e9 choisis comme symboles de ces aspects particuliers de la divinit\u00e9.<\/p>\n<p>Quand vous dites que quelqu&#039;un est loyal, le mot \u00ab loyal \u00bb est si vague. Mais si vous dites \u00ab loyal comme un chien \u00bb, vous ne laissez aucun doute sur votre intention. C\u2019est le pouvoir de l\u2019analogie animale.<\/p>\n<p>Les neteru (dieux, d\u00e9esses) animaux ou \u00e0 t\u00eate d&#039;animal \u00e9taient des expressions symboliques d&#039;une profonde compr\u00e9hension spirituelle. Lorsqu\u2019un animal total est pr\u00e9sent\u00e9 dans l\u2019\u00c9gypte ancienne, il repr\u00e9sente une fonction\/un attribut particulier dans sa forme la plus pure. Lorsqu&#039;une figure \u00e0 t\u00eate d&#039;animal est pr\u00e9sent\u00e9e, elle transmet cette fonction\/attribut particulier chez l&#039;\u00eatre humain. Les deux formes d&#039;Anubis, dans les deux illustrations pr\u00e9sent\u00e9es ici, distinguent clairement ces deux aspects.<\/p>\n<p><a href=\"http:\/\/egyptianwisdomcenter.org\/wp-content\/uploads\/2019\/02\/anubis.png\"><img decoding=\"async\" class=\"wp-image-359 aligncenter\" src=\"http:\/\/egyptianwisdomcenter.org\/wp-content\/uploads\/2019\/02\/anubis.png\" alt=\"\" width=\"218\" height=\"166\" \/><\/a><\/p>\n<p>Cette troisi\u00e8me forme est \u00e0 l\u2019oppos\u00e9 de l\u2019humain \u00e0 t\u00eate animale. Dans ce cas, nous avons un oiseau \u00e0 t\u00eate humaine \u2013 c\u2019est le Ba \u2013 repr\u00e9sentant le corps\/\u00e2me planant au-dessus du corps.<\/p>\n<p><a href=\"http:\/\/egyptianwisdomcenter.org\/wp-content\/uploads\/2019\/02\/ba.png\"><img decoding=\"async\" class=\"wp-image-360 aligncenter\" src=\"http:\/\/egyptianwisdomcenter.org\/wp-content\/uploads\/2019\/02\/ba.png\" alt=\"\" width=\"184\" height=\"106\" \/><\/a><\/p>\n<p>La repr\u00e9sentation du Ba est donc l\u2019aspect divin du terrestre. Le Ba est repr\u00e9sent\u00e9 comme une cigogne. La cigogne est connue pour son instinct de migration et de retour au pays, et est \u00e9galement connue dans le monde entier comme l&#039;oiseau qui transporte les nouveau-n\u00e9s dans leurs nouvelles familles. La cigogne retourne dans son propre nid avec une pr\u00e9cision constante. C&#039;est donc un oiseau migrateur qui est le choix parfait pour repr\u00e9senter l&#039;\u00e2me.<\/p>\n<p>&nbsp;<\/p>\n<p><span style=\"color: #ff0000;\"><strong>[D&#039;autres exemples de symbolisme animal se trouvent dans <\/strong><\/span><strong>Divinit\u00e9s \u00e9gyptiennes\u00a0: Tous ceux qui sont l&#039;UN, 2e \u00e9dition<\/strong><span style=\"color: #ff0000;\"><strong> par Moustafa Gadalla]<br \/>\n<a href=\"https:\/\/egyptianwisdomcenter.org\/fr\/produit\/divinites-egyptiennes-tous-ceux-qui-sont-un-2e-edition\/\"><span style=\"color: #0000ff;\">https:\/\/egyptianwisdomcenter.org\/product\/egyptian-divinities-the-all-who-are-the-one-2nd-edition\/<\/span><\/a><\/strong><\/span><\/p>\n<p><img decoding=\"async\" class=\"aligncenter\" src=\"https:\/\/books2read-prod.s3.amazonaws.com\/CACHE\/images\/ubl_book_images\/book_display_image_qOuT56H\/40d95446cc17340ec7b02939eaa44c10\" \/><\/p>\n<div dir=\"auto\">\n<div dir=\"auto\">\n<p style=\"text-align: center;\"><a href=\"https:\/\/egyptianwisdomcenter.org\/fr\/produit\/divinites-egyptiennes-tous-ceux-qui-sont-un-2e-edition\/\"><span style=\"color: #ff0000;\"><strong><span style=\"color: #0000ff;\">https:\/\/egyptianwisdomcenter.org\/product\/egyptian-divinities-the-all-who-are-the-one-2nd-edition\/<\/span><\/strong><\/span><\/a><\/p>\n<\/div>\n<\/div>","protected":false},"excerpt":{"rendered":"<p>Logic And Forms Of Animal Representation &nbsp; Egyptians\u2019 careful observations and profound knowledge of the natural world enabled them to identify certain [&hellip;]<\/p>","protected":false},"author":3,"featured_media":0,"parent":0,"menu_order":0,"comment_status":"closed","ping_status":"closed","template":"","meta":{"footnotes":""},"class_list":["post-173","page","type-page","status-publish","hentry"],"aioseo_notices":[],"_links":{"self":[{"href":"https:\/\/egyptianwisdomcenter.org\/fr\/wp-json\/wp\/v2\/pages\/173","targetHints":{"allow":["GET"]}}],"collection":[{"href":"https:\/\/egyptianwisdomcenter.org\/fr\/wp-json\/wp\/v2\/pages"}],"about":[{"href":"https:\/\/egyptianwisdomcenter.org\/fr\/wp-json\/wp\/v2\/types\/page"}],"author":[{"embeddable":true,"href":"https:\/\/egyptianwisdomcenter.org\/fr\/wp-json\/wp\/v2\/users\/3"}],"replies":[{"embeddable":true,"href":"https:\/\/egyptianwisdomcenter.org\/fr\/wp-json\/wp\/v2\/comments?post=173"}],"version-history":[{"count":0,"href":"https:\/\/egyptianwisdomcenter.org\/fr\/wp-json\/wp\/v2\/pages\/173\/revisions"}],"wp:attachment":[{"href":"https:\/\/egyptianwisdomcenter.org\/fr\/wp-json\/wp\/v2\/media?parent=173"}],"curies":[{"name":"wp","href":"https:\/\/api.w.org\/{rel}","templated":true}]}}