{"id":186,"date":"2018-10-30T00:00:00","date_gmt":"2018-10-30T04:00:00","guid":{"rendered":"http:\/\/egyptianwisdomcenter.org\/isis-the-divine-female\/"},"modified":"2023-01-02T11:47:02","modified_gmt":"2023-01-02T16:47:02","slug":"isis-the-divine-female-2","status":"publish","type":"page","link":"https:\/\/egyptianwisdomcenter.org\/fr\/isis-la-divine-femelle-2\/","title":{"rendered":"Isis la femme divine"},"content":{"rendered":"<h2 style=\"text-align: center;\"><span style=\"color: #0000ff;\"><strong>Isis la femme divine<\/strong><\/span><\/h2>\n<h3><\/h3>\n<h3><span style=\"color: #ff0000;\"><strong>Son nom<\/strong><\/span><\/h3>\n<p>L\u2019usage courant actuel du nom Isis se limite \u00e0 son aspect de d\u00e9votion maternelle, de fid\u00e9lit\u00e9 et de tendresse. Mais elle est bien plus que cela : elle repr\u00e9sente le principe f\u00e9minin divin qui inclut le pouvoir cr\u00e9ateur qui a con\u00e7u (\u00e0 la fois physiquement et m\u00e9taphysiquement) et a donn\u00e9 naissance \u00e0 toutes les cr\u00e9atures vivantes.<\/p>\n<p>Les anciens \u00c9gyptiens consid\u00e9raient Isis comme le symbole du principe f\u00e9minin cosmique. Ce principe englobe des milliers de qualit\u00e9s et d&#039;attributs f\u00e9minins, et les \u00c9gyptiens disposaient de termes pour d\u00e9crire chaque manifestation de ce principe f\u00e9minin.<\/p>\n<p>Dans la culture des peuples anglophones, un <em>nom <\/em>n&#039;est qu&#039;une \u00e9tiquette pour distinguer quelqu&#039;un ou quelque chose d&#039;un autre. Mais pour les \u00c9gyptiens (\u00e0 la fois la majorit\u00e9 silencieuse ancienne et actuelle), un \u00ab nom \u00bb commun repr\u00e9sente le r\u00e9sum\u00e9 ou le r\u00e9sum\u00e9 des qualit\u00e9s et des attributs d\u2019une entit\u00e9. \u00e9gyptien <em>noms communs <\/em>sont les attributs et les qualit\u00e9s de toute entit\u00e9. Ce sera similaire aux mots anglais pour charpentier, agriculteur, etc., qui repr\u00e9sentent une activit\u00e9 sp\u00e9cifique.<\/p>\n<p>En anglais, nous nous r\u00e9f\u00e9rons \u00e0 elle <em>nom <\/em>comme Isis, mais les \u00c9gyptiens avaient un terme repr\u00e9sentatif qui reconna\u00eet la totalit\u00e9 de son principe f\u00e9minin cosmique. Ce mot\/terme \u00e9gyptien englobant tout est <strong>Auset<\/strong>. Alors, que contient ce \u00ab nom \u00bb de l\u2019\u00c9gypte ancienne ? Examinons la signification d&#039;Auset, pour d\u00e9montrer comment un nom repr\u00e9sente des qualit\u00e9s et des attributs.<\/p>\n<p>Auset se compose du mot principal <strong>Aus <\/strong>et le suffixe <strong>et<\/strong>. Aus signifie <em>la source<\/em>, <em>la puissance<\/em>. En math\u00e9matiques, on dit 2 \u00e0 la puissance 2. Cette puissance math\u00e9matique est appel\u00e9e <strong><em>Aus<\/em><\/strong>. Le suffixe \u00ab et \u00bb \u00e0 la fin d&#039;Aus-et est une terminaison f\u00e9minine.<\/p>\n<p>En plus de <strong>Aus <\/strong>signification <em>la source<\/em> et <em>la puissance<\/em>, cela signifie aussi <em>l&#039;origine<\/em>, <em>la cause<\/em>.<\/p>\n<p>\u00c0 cet \u00e9gard, nous montrerons qu\u2019Auset est la source, la puissance et la cause de l\u2019univers cr\u00e9\u00e9, incluant tout ce qui se trouve dans cet univers.<\/p>\n<p>Une autre signification int\u00e9ressante pour Au-set est <strong>La dame; <\/strong>et en effet, elle est la Dame du Ciel et de la Terre. Elle repr\u00e9sente le principe f\u00e9minin dans l&#039;univers. Ce principe se manifeste sous diff\u00e9rentes formes et mani\u00e8res, et c&#039;est pour cette raison qu&#039;Isis \u00e9tait appel\u00e9e, par les anciens \u00c9gyptiens, <strong><em>Auset [Isis] des 10 000 Noms (signifiant attributs)<\/em><\/strong>.<\/p>\n<p>Plusieurs mots d\u00e9rivent directement du nom \u00e9gyptien Auset, comme <strong><em>S\u00e9ta<\/em><\/strong>, ce qui signifie le nombre 6. Ceci est tr\u00e8s significatif car 6 est le nombre ultime d\u2019espace, de volume et de temps. Le cube avec ses six surfaces est le mod\u00e8le de la Terre. En tant que telle, elle repr\u00e9sente le ventre de l\u2019univers ainsi que la Terre, comme nous le verrons plus tard en d\u00e9tail.<\/p>\n<p>Une autre signification li\u00e9e au nom Auset est le mot anglais \u00ab<strong>si\u00e8ge<\/strong>&#039;. Isis est repr\u00e9sent\u00e9e comme portant toujours un si\u00e8ge ou un tr\u00f4ne sur la t\u00eate pour symboliser sa source de l\u00e9gitimit\u00e9, qui se manifeste dans l&#039;adh\u00e9sion de l&#039;\u00c9gypte ancienne (ainsi que de la majorit\u00e9 silencieuse d&#039;aujourd&#039;hui) \u00e0 la soci\u00e9t\u00e9 matrilin\u00e9aire et matriarcale. Ce sujet sera abord\u00e9 plus loin dans ce livre.<\/p>\n<p><a href=\"http:\/\/egyptianwisdomcenter.org\/wp-content\/uploads\/2019\/02\/isis-ch1-72c-1.jpg\"><img decoding=\"async\" class=\"size-full wp-image-663 aligncenter\" src=\"http:\/\/egyptianwisdomcenter.org\/wp-content\/uploads\/2019\/02\/isis-ch1-72c-1.jpg\" alt=\"\" width=\"63\" height=\"90\" \/><\/a><\/p>\n<p>Comme nous l\u2019avons not\u00e9, l\u2019utilisation du nom commun d\u2019Isis en anglais entrave notre compr\u00e9hension d\u2019informations, de connaissances et de sagesse pr\u00e9cieuses. Cependant, pour faciliter la t\u00e2che des lecteurs anglophones, nous continuerons \u00e0 utiliser le mot Isis et d\u2019autres noms \u00e9gyptiens anciens familiers au lecteur anglophone.<\/p>\n<p>Le r\u00f4le d\u2019Isis en tant que principe f\u00e9minin divin dans le processus de Cr\u00e9ation a \u00e9t\u00e9 reconnu par tous. Elle existe partout et est connue de tous depuis des temps imm\u00e9moriaux.<\/p>\n<p>Plutarque en a fait note dans son <em>Moralia, Vol. V<\/em>:<\/p>\n<p style=\"padding-left: 30px;\"><strong><em>\u00ab Isis est, en fait, le principe f\u00e9minin de la Nature, et est r\u00e9ceptive \u00e0 toutes les formes de g\u00e9n\u00e9ration, et la plupart des gens ont \u00e9t\u00e9 appel\u00e9es par d&#039;innombrables noms, car, \u00e0 cause de la force de la Raison, elle se tourne vers telle ou telle chose et est r\u00e9ceptif \u00e0 toutes sortes de formes.<\/em><\/strong><\/p>\n<p>Pour appr\u00e9cier les r\u00f4les d\u2019Isis <strong>comme principe f\u00e9minin <\/strong>de la nature, nous devons trouver son r\u00f4le cosmique primaire dans la s\u00e9quence ordonn\u00e9e de la Cr\u00e9ation de l&#039;univers.<\/p>\n<p>&nbsp;<\/p>\n<p><span style=\"color: #ff0000;\"><strong>[Un extrait de <\/strong><\/span><strong>Isis : la divine femelle de Moustafa Gadalla<\/strong><span style=\"color: #ff0000;\"><strong>]<br \/>\n<a href=\"https:\/\/egyptianwisdomcenter.org\/fr\/produit\/isis-femme-divine-2\/\"><span style=\"color: #0000ff;\">https:\/\/egyptianwisdomcenter.org\/product\/isis-femme-divine\/<\/span><\/a><br \/>\n<\/strong><\/span><\/p>\n<p><img decoding=\"async\" class=\"aligncenter\" src=\"https:\/\/egyptianwisdomcenter.org\/wp-content\/uploads\/2023\/01\/isis-femme-divine-4.jpg\" \/><\/p>\n<div dir=\"auto\">\n<p style=\"text-align: center;\"><a href=\"https:\/\/egyptianwisdomcenter.org\/fr\/produit\/isis-femme-divine-2\/\"><span style=\"color: #ff0000;\"><strong><span style=\"color: #0000ff;\">https:\/\/egyptianwisdomcenter.org\/product\/isis-femme-divine\/<\/span><\/strong><\/span><\/a><\/p>\n<\/div>","protected":false},"excerpt":{"rendered":"<p>Isis The Divine Female Her Name The present-day common use of the name Isis is limited to her aspect of maternal devotion, [&hellip;]<\/p>","protected":false},"author":3,"featured_media":0,"parent":0,"menu_order":0,"comment_status":"closed","ping_status":"closed","template":"","meta":{"footnotes":""},"class_list":["post-186","page","type-page","status-publish","hentry"],"aioseo_notices":[],"_links":{"self":[{"href":"https:\/\/egyptianwisdomcenter.org\/fr\/wp-json\/wp\/v2\/pages\/186","targetHints":{"allow":["GET"]}}],"collection":[{"href":"https:\/\/egyptianwisdomcenter.org\/fr\/wp-json\/wp\/v2\/pages"}],"about":[{"href":"https:\/\/egyptianwisdomcenter.org\/fr\/wp-json\/wp\/v2\/types\/page"}],"author":[{"embeddable":true,"href":"https:\/\/egyptianwisdomcenter.org\/fr\/wp-json\/wp\/v2\/users\/3"}],"replies":[{"embeddable":true,"href":"https:\/\/egyptianwisdomcenter.org\/fr\/wp-json\/wp\/v2\/comments?post=186"}],"version-history":[{"count":0,"href":"https:\/\/egyptianwisdomcenter.org\/fr\/wp-json\/wp\/v2\/pages\/186\/revisions"}],"wp:attachment":[{"href":"https:\/\/egyptianwisdomcenter.org\/fr\/wp-json\/wp\/v2\/media?parent=186"}],"curies":[{"name":"wp","href":"https:\/\/api.w.org\/{rel}","templated":true}]}}