{"id":187,"date":"2018-10-30T00:00:00","date_gmt":"2018-10-30T04:00:00","guid":{"rendered":"http:\/\/egyptianwisdomcenter.org\/lady-love-hathor-venus\/"},"modified":"2023-01-02T11:48:15","modified_gmt":"2023-01-02T16:48:15","slug":"lady-love-hathor-venus-2","status":"publish","type":"page","link":"https:\/\/egyptianwisdomcenter.org\/fr\/dame-amour-hathor-venus-2\/","title":{"rendered":"Lady Love\u00a0: Hathor \u2013 V\u00e9nus"},"content":{"rendered":"<h2 style=\"text-align: center;\"><span style=\"color: #ff0000;\"><strong>Lady Love\u00a0: Hathor \u2013 V\u00e9nus<\/strong><\/span><\/h2>\n<p>&nbsp;<\/p>\n<p>Isis, dans son r\u00f4le de Nourrissante, est reconnue comme Hathor.<\/p>\n<p>Hathor est en fait deux mots, Het-hor, qui sont commun\u00e9ment traduits par \u00ab<strong><em>maison d&#039;Horus<\/em><\/strong>\u00ab .<\/p>\n<p>La premi\u00e8re partie-<strong>Il<\/strong>, traduit par \u00ab maison \u00bb, a une signification plus grande qu\u2019une simple maison. Cela signifie en fait <em>l&#039;ut\u00e9rus comme matrice<\/em> au sein duquel quelque chose na\u00eet, prend forme et se d\u00e9veloppe jusqu&#039;\u00e0 sa pleine maturit\u00e9.<\/p>\n<p>L\u2019ut\u00e9rus fournit nourriture et protection. En tant que tel, Hethor fournit \u00e0 la fois nourriture et protection. Horus repr\u00e9sente le principe divin r\u00e9alis\u00e9, et Horus est reconnu sous divers noms\/attributs au fur et \u00e0 mesure qu&#039;il se d\u00e9veloppe de l&#039;enfance \u00e0 la maturit\u00e9 dans l&#039;ut\u00e9rus cosmique.<\/p>\n<p>Hathor repr\u00e9sente la matrice du principe spirituel m\u00e9taphysique, apportant nourriture spirituelle, gu\u00e9rison, joie, \u00e9bats amoureux, musique et gaiet\u00e9.<\/p>\n<p><a href=\"http:\/\/egyptianwisdomcenter.org\/wp-content\/uploads\/2019\/02\/isis-ch6-photo-36-96c.jpg\"><img decoding=\"async\" class=\"size-full wp-image-618 aligncenter\" src=\"http:\/\/egyptianwisdomcenter.org\/wp-content\/uploads\/2019\/02\/isis-ch6-photo-36-96c.jpg\" alt=\"\" width=\"164\" height=\"250\" \/><\/a><\/p>\n<p>Les textes \u00e9gyptiens anciens d\u00e9crivent Isis aux 10 000 noms dans son r\u00f4le de Het-heru comme\u00a0:<\/p>\n<p style=\"padding-left: 30px;\"><strong><em>La vache Heru-sekha, qui donne naissance \u00e0 toutes choses.<\/em><\/strong><br \/>\n<strong><em>Qui a nourri l&#039;enfant Horus de son lait.<\/em><\/strong><br \/>\n<strong><em>Dame de joie et de bonheur.<\/em><\/strong><br \/>\n<strong><em>Dame d&#039;Amour<\/em><\/strong><\/p>\n<p>En tant que mod\u00e8le de nourriture cosmique de toutes sortes, Hathor est associ\u00e9e \u00e0 plusieurs fonctions li\u00e9es. Nous mentionnerons bri\u00e8vement quelques-unes de ces applications\u00a0:<\/p>\n<p style=\"padding-left: 30px;\">A. Lady Love \u2013 V\u00e9nus<br \/>\nB. Le nourrisseur cosmique<br \/>\nC. Les sept jeunes filles c\u00e9lestes\/7 royaumes c\u00e9lestes<br \/>\nD. Le gu\u00e9risseur<br \/>\nE. Son arbre de vie<br \/>\nF. Le sanctuaire ultime \u2013 Maison d&#039;Horus\/Re-horakhti<br \/>\nG. Escorte de voyageurs \u2013 Astart\u00e9<\/p>\n<h3><strong>A. Lady Love \u2013 V\u00e9nus<\/strong><\/h3>\n<p>Le dictionnaire nous dit que l&#039;origine du nom (ou mot) V\u00e9nus est WENOS. Wenos ou Wanas est en fait un mot \u00e9gyptien signifiant \u00ab compagnie anim\u00e9e \u00bb, \u00ab g\u00e9nial \u00bb, \u00ab sociable \u00bb, \u00ab joyeux \u00bb et \u00ab agr\u00e9able \u00bb.<\/p>\n<p>La forme nominale de we-nos est A-nesa [Aa-NES-sa], signifiant \u00ab jeune fille \u00bb, avec tout ce que cela implique.<\/p>\n<p>La V\u00e9nus \u00e9gyptienne, dans son nom universel d&#039;Hathor, repr\u00e9sente la matrice du principe spirituel m\u00e9taphysique, apportant nourriture spirituelle, gu\u00e9rison, joie, \u00e9bats amoureux, musique et gaiet\u00e9.<\/p>\n<p>&nbsp;<\/p>\n<h3><span style=\"color: #ff0000;\">[Un extrait de <\/span>Isis : la divine femelle de Moustafa Gadalla<span style=\"color: #ff0000;\">]<br \/>\n<a href=\"https:\/\/egyptianwisdomcenter.org\/fr\/produit\/isis-femme-divine-2\/\"><span style=\"color: #0000ff;\">https:\/\/egyptianwisdomcenter.org\/product\/isis-femme-divine\/<\/span><\/a><br \/>\n<\/span><\/h3>\n<p><img decoding=\"async\" class=\"aligncenter\" src=\"https:\/\/egyptianwisdomcenter.org\/wp-content\/uploads\/2023\/01\/isis-femme-divine-4.jpg\" \/><\/p>\n<div dir=\"auto\">\n<h3 style=\"text-align: center;\"><a href=\"https:\/\/egyptianwisdomcenter.org\/fr\/produit\/isis-femme-divine-2\/\"><span style=\"color: #ff0000;\"><span style=\"color: #0000ff;\">https:\/\/egyptianwisdomcenter.org\/product\/isis-femme-divine\/<\/span><\/span><\/a><\/h3>\n<\/div>","protected":false},"excerpt":{"rendered":"<p>Lady Love: Hathor\u2014Venus &nbsp; Isis, in her role as the Nourisher, is recognized as Hathor. Hathor is actually two words, Het-hor, which [&hellip;]<\/p>","protected":false},"author":3,"featured_media":0,"parent":0,"menu_order":0,"comment_status":"closed","ping_status":"closed","template":"","meta":{"footnotes":""},"class_list":["post-187","page","type-page","status-publish","hentry"],"aioseo_notices":[],"_links":{"self":[{"href":"https:\/\/egyptianwisdomcenter.org\/fr\/wp-json\/wp\/v2\/pages\/187","targetHints":{"allow":["GET"]}}],"collection":[{"href":"https:\/\/egyptianwisdomcenter.org\/fr\/wp-json\/wp\/v2\/pages"}],"about":[{"href":"https:\/\/egyptianwisdomcenter.org\/fr\/wp-json\/wp\/v2\/types\/page"}],"author":[{"embeddable":true,"href":"https:\/\/egyptianwisdomcenter.org\/fr\/wp-json\/wp\/v2\/users\/3"}],"replies":[{"embeddable":true,"href":"https:\/\/egyptianwisdomcenter.org\/fr\/wp-json\/wp\/v2\/comments?post=187"}],"version-history":[{"count":0,"href":"https:\/\/egyptianwisdomcenter.org\/fr\/wp-json\/wp\/v2\/pages\/187\/revisions"}],"wp:attachment":[{"href":"https:\/\/egyptianwisdomcenter.org\/fr\/wp-json\/wp\/v2\/media?parent=187"}],"curies":[{"name":"wp","href":"https:\/\/api.w.org\/{rel}","templated":true}]}}