{"id":189,"date":"2018-10-30T00:00:00","date_gmt":"2018-10-30T04:00:00","guid":{"rendered":"http:\/\/egyptianwisdomcenter.org\/our-holy-lady-of-the-sea-notre-dame-de-la-mer\/"},"modified":"2023-01-02T11:49:50","modified_gmt":"2023-01-02T16:49:50","slug":"our-holy-lady-of-the-sea-notre-dame-de-la-mer-2","status":"publish","type":"page","link":"https:\/\/egyptianwisdomcenter.org\/fr\/notre-sainte-dame-de-la-mer-notre-dame-de-la-mer-2\/","title":{"rendered":"Notre (Sainte) Dame de la Mer \u2014 Notre Dame De La Mer"},"content":{"rendered":"<h2 style=\"text-align: center;\"><span style=\"color: #ff0000;\"><strong>Notre (Sainte) Dame de la Mer \u2013<\/strong><\/span><\/h2>\n<h2 style=\"text-align: center;\"><span style=\"color: #ff0000;\"><strong>\u00a0Notre-Dame-de-la-Mer<\/strong><\/span><\/h2>\n<p>&nbsp;<\/p>\n<p>En tant que mod\u00e8le de nourriture cosmique de toutes sortes, Hathor est associ\u00e9e \u00e0 plusieurs fonctions li\u00e9es. Nous mentionnerons bri\u00e8vement quelques-unes de ces applications\u00a0:<\/p>\n<p style=\"padding-left: 30px;\">A. Lady Love \u2013 V\u00e9nus<br \/>\nB. Le nourrisseur cosmique<br \/>\nC. Les sept jeunes filles c\u00e9lestes\/7 royaumes c\u00e9lestes<br \/>\nD. Le gu\u00e9risseur<br \/>\nE. Son arbre de vie<br \/>\nF. Le sanctuaire ultime \u2013 Maison d&#039;Horus\/Re-horakhti<br \/>\nG.T.<span style=\"color: #000000;\">Escorte de ravelers\u2014Astart\u00e9<\/span><\/p>\n<p>L&#039;une des manifestations d&#039;Isis est Hathor\/Astart\u00e9. Comme d&#039;autres divinit\u00e9s \u00e9gyptiennes, elle est \u00e9galement connue sous le nom d&#039;Asera\/Serah\/Sarah, ce qui signifie une <strong><em>noble dame<\/em><\/strong>.<\/p>\n<p>Pour ne laisser aucun doute sur son origine \u00e9gyptienne, Aserah est toujours repr\u00e9sent\u00e9e sous sa forme \u00e9gyptienne, avec un croissant et un disque sur sa coiffure.<\/p>\n<p>Hathor repr\u00e9sente la matrice du principe spirituel m\u00e9taphysique, apportant nourriture spirituelle, gu\u00e9rison, joie, \u00e9bats amoureux, musique et gaiet\u00e9.<\/p>\n<p>Hathor, en tant que symbole de la nourriture spirituelle, joue \u00e9galement un r\u00f4le important dans les textes transformationnels (fun\u00e9raires), fournissant la nourriture\/orientation spirituelle requise par l&#039;\u00e2me du d\u00e9funt lors de son voyage \u00e0 travers la mer cosmique. Par cons\u00e9quent, Hathor\/Aserah est la patronne \u00e9gyptienne des voyages et de la navigation ; et, par cons\u00e9quent, elle appara\u00eet plus souvent dans ce r\u00f4le en dehors de l\u2019\u00c9gypte.<\/p>\n<p>Un texte de cercueil \u00e9gyptien [texte de cercueil no. 61] de l&#039;Empire du Milieu (2040-1783 avant notre \u00e8re) la d\u00e9crit comme Hathor :<\/p>\n<p style=\"padding-left: 30px;\"><strong><em>la Dame dont on dit qu&#039;elle \u00ab tient les rames de direction de \u00bb. . . aboiements&#039;.<\/em><\/strong><\/p>\n<p>La t\u00eate d&#039;Hathor est donc toujours repr\u00e9sent\u00e9e juste au-dessus de la poupe des navires o\u00f9 \u00e9taient mont\u00e9s les deux gouvernails (que les pilotes experts utilisaient pour guider le navire).<\/p>\n<p>Dans son r\u00f4le de gardienne des voyageurs, Hathor s&#039;appelle Astart\u00e9. Ses temples ont \u00e9t\u00e9 trouv\u00e9s dans les villes frontali\u00e8res, \u00e9tant donn\u00e9 qu&#039;elle \u00e9tait une patronne des voyageurs. Son temple \u00e0 Cadix, en Espagne, \u00e9tait l&#039;un des monuments majeurs de cette ville sainte. Le r\u00f4le d&#039;Astart\u00e9 dans l&#039;\u00c9gypte ancienne est bien document\u00e9. \u00c0 partir de petits fragments datant de l\u2019\u00e9poque de Rams\u00e8s II (1304-1237 avant notre \u00e8re), le r\u00f4le d\u2019Astart\u00e9 en tant que patronne des voyages \u00e0 l\u2019\u00e9tranger est \u00e9vident. Dans un fragment, le r\u00f4le d&#039;Astart\u00e9 en tant que patronne des marins est clairement \u00e9nonc\u00e9\u00a0:<\/p>\n<p style=\"padding-left: 30px;\"><strong><em> . . . Voici, Astart\u00e9 habite dans la r\u00e9gion de la mer. . .\u00bb<\/em><\/strong><\/p>\n<p>Pour ne laisser aucun doute sur son origine \u00e9gyptienne, Astart\u00e9 est toujours repr\u00e9sent\u00e9e sous sa forme \u00e9gyptienne avec un croissant et un disque sur sa coiffure.<\/p>\n<p>Dans un autre fragment, Renenutet s&#039;adresse \u00e0 Astart\u00e9 :<\/p>\n<p style=\"padding-left: 30px;\"><strong><em>Voici, si tu lui apportes un tribut, il fera gr\u00e2ce envers<\/em><\/strong><br \/>\n<strong><em>te. . .Donnez-lui donc son tribut en argent, or, lapis<\/em><\/strong><br \/>\n<strong><em>lazuli, et. . . bois.<\/em><\/strong><br \/>\n<strong><em>Et elle dit \u00e0 l&#039;Enn\u00e9ade des dieux :<\/em><\/strong><br \/>\n<strong><em>. . . le tribut de la mer ; qu&#039;il nous \u00e9coute. . .<br \/>\n<\/em><\/strong><\/p>\n<p>Pendant (et apr\u00e8s) les p\u00e9riodes turbulentes de la Reconqu\u00eate, de nombreuses personnes ont fui la p\u00e9ninsule ib\u00e9rique vers l&#039;Afrique du Nord, l&#039;\u00c9gypte et la France. La f\u00eate la plus importante du sud de la France est organis\u00e9e par les Roms (\u00e9gyptiens) au bord de la mer M\u00e9diterran\u00e9e, vers la fin du printemps. Le lieu de p\u00e8lerinage est l&#039;\u00e9glise de <strong>Notre-Dame de la Mer<\/strong>.<\/p>\n<p>Le nom de l&#039;\u00e9glise en langue \u00e9gyptienne ancienne signifie : Notre (notre sainte\/d\u00e9esse), Dame (Da-me signifie \u00ab la m\u00e8re \u00bb), de La Mer (signifie plan d&#039;eau\/mer \u2013 le m\u00eame qu&#039;en espagnol).<\/p>\n<p>Ce p\u00e8lerinage rom sur le site de cette \u00e9glise est le plus ancien de France.<\/p>\n<p>La tradition \u00ab historique \u00bb associ\u00e9e \u00e0 cette f\u00eate rom avait un lien solide avec l\u2019\u00c9gypte. Selon la tradition, une jeune fille \u00e9gyptienne \u00e0 la peau fonc\u00e9e appel\u00e9e Sainte Sarah est arriv\u00e9e dans un petit bateau sans rames ni voile, avec deux jeunes filles \u00e0 la peau blanche nomm\u00e9es Mary Salome et Mary Jacobe. Leur bateau aurait atterri sur cette partie de la c\u00f4te m\u00e9diterran\u00e9enne, apr\u00e8s avoir d\u00e9riv\u00e9 \u00e0 travers la mer M\u00e9diterran\u00e9e, vers 42 EC.<\/p>\n<p>Le \u00ab nom \u00bb du personnage central de ce festival est \u00e9galement significatif. Son nom \u2013 Sarah \u2013 est un mot \u00e9gyptien ancien qui est la forme f\u00e9minine de Sar qui \u00e9quivaut \u00e0 une personne de statut \u00e9lev\u00e9\/noble. Sarah veut donc dire le <strong><em>Noble dame<\/em><\/strong>, dans la langue \u00e9gyptienne ancienne. Dans les traditions \u00e9gyptiennes antiques, sainte Sarah est Hathor, patronne des voyageurs sur l\u2019eau. Son nom, Sarah, correspond au fait qu&#039;elle est <strong><em>Notre Sainte M\u00e8re de la Mer<\/em><\/strong>, Comme indiqu\u00e9 ci-dessus.<\/p>\n<p>Des r\u00e9cits similaires d&#039;une arche d\u00e9rivant vers les c\u00f4tes de la p\u00e9ninsule ib\u00e9rique se trouvent dans de nombreux endroits. De tels r\u00e9cits se trouvent, entre autres, \u00e0 Elche, en Espagne et \u00e0 Saint-Jacques-de-Compostelle.<\/p>\n<p>Ce n&#039;est pas un hasard si le th\u00e8me d&#039;une (femme) sainte et de ses deux anges gardiens (Marie Salom\u00e9 et Marie Jacob\u00e9) que l&#039;on retrouve dans le sud de la France se retrouve \u00e9galement \u00e0 Elche et dans de nombreux lieux o\u00f9 ces gens \u00e0 la peau fonc\u00e9e et bronz\u00e9e, descendants de les pharaons \u00e9gyptiens \u2013 se trouvent.<\/p>\n<p>Les \u00ab Deux Maries \u00bb sont les s\u0153urs jumelles Isis et Nephthys, les deux anges guides accompagnateurs d\u00e9crits plus t\u00f4t dans ce livre.<\/p>\n<p>&nbsp;<\/p>\n<p><span style=\"color: #ff0000;\"><strong>[Un extrait d&#039;Isis : <\/strong><\/span><strong>La femme divine<\/strong><span style=\"color: #ff0000;\"><strong> par Moustafa Gadalla]<br \/>\n<a href=\"https:\/\/egyptianwisdomcenter.org\/fr\/produit\/isis-femme-divine-2\/\"><span style=\"color: #0000ff;\">https:\/\/egyptianwisdomcenter.org\/product\/isis-femme-divine\/<\/span><\/a><\/strong><\/span><\/p>\n<p><img decoding=\"async\" class=\"aligncenter\" src=\"https:\/\/egyptianwisdomcenter.org\/wp-content\/uploads\/2023\/01\/isis-femme-divine-4.jpg\" \/><\/p>\n<p style=\"text-align: center;\"><a href=\"https:\/\/egyptianwisdomcenter.org\/fr\/produit\/isis-femme-divine-2\/\"><span style=\"color: #ff0000;\"><strong><span style=\"color: #0000ff;\">https:\/\/egyptianwisdomcenter.org\/product\/isis-femme-divine\/<\/span><\/strong><\/span><\/a><\/p>\n<p>&nbsp;<\/p>\n<p>&nbsp;<\/p>\n<p><span style=\"color: #ff0000;\"><strong>[Un extrait de Romani \u00e9gyptien : L&#039;essence de l&#039;Hispanie, 2e \u00e9dition de Moustafa Gadalla]<\/strong><\/span><\/p>\n<p><a href=\"https:\/\/egyptianwisdomcenter.org\/fr\/produit\/roman-egyptien-lessence-de-lhispanie-2e-edition\/\"><span style=\"color: #ff0000;\"><strong><span style=\"color: #0000ff;\">https:\/\/egyptianwisdomcenter.org\/product\/egyptian-romany-the-essence-of-hispania-2nd-edition\/<\/span><\/strong><\/span><\/a><\/p>\n<p><img decoding=\"async\" class=\"aligncenter\" src=\"https:\/\/books2read-prod.s3.amazonaws.com\/CACHE\/images\/ubl_book_images\/book_display_image_qaPDJrL\/0f50e50083bd15df18e00383d25e0605\" \/><\/p>\n<div dir=\"auto\">\n<p style=\"text-align: center;\"><a href=\"https:\/\/egyptianwisdomcenter.org\/fr\/produit\/roman-egyptien-lessence-de-lhispanie-2e-edition\/\"><span style=\"color: #ff0000;\"><strong><span style=\"color: #0000ff;\">https:\/\/egyptianwisdomcenter.org\/product\/egyptian-romany-the-essence-of-hispania-2nd-edition\/<\/span><\/strong><\/span><\/a><\/p>\n<\/div>","protected":false},"excerpt":{"rendered":"<p>Our (Holy) Lady Of The Sea &#8211; \u00a0Notre Dame De La Mer &nbsp; As the model for cosmic nourishment of all kinds, [&hellip;]<\/p>","protected":false},"author":3,"featured_media":0,"parent":0,"menu_order":0,"comment_status":"closed","ping_status":"closed","template":"","meta":{"footnotes":""},"class_list":["post-189","page","type-page","status-publish","hentry"],"aioseo_notices":[],"_links":{"self":[{"href":"https:\/\/egyptianwisdomcenter.org\/fr\/wp-json\/wp\/v2\/pages\/189","targetHints":{"allow":["GET"]}}],"collection":[{"href":"https:\/\/egyptianwisdomcenter.org\/fr\/wp-json\/wp\/v2\/pages"}],"about":[{"href":"https:\/\/egyptianwisdomcenter.org\/fr\/wp-json\/wp\/v2\/types\/page"}],"author":[{"embeddable":true,"href":"https:\/\/egyptianwisdomcenter.org\/fr\/wp-json\/wp\/v2\/users\/3"}],"replies":[{"embeddable":true,"href":"https:\/\/egyptianwisdomcenter.org\/fr\/wp-json\/wp\/v2\/comments?post=189"}],"version-history":[{"count":0,"href":"https:\/\/egyptianwisdomcenter.org\/fr\/wp-json\/wp\/v2\/pages\/189\/revisions"}],"wp:attachment":[{"href":"https:\/\/egyptianwisdomcenter.org\/fr\/wp-json\/wp\/v2\/media?parent=189"}],"curies":[{"name":"wp","href":"https:\/\/api.w.org\/{rel}","templated":true}]}}