{"id":190,"date":"2018-10-30T00:00:00","date_gmt":"2018-10-30T04:00:00","guid":{"rendered":"http:\/\/egyptianwisdomcenter.org\/nut-the-spirit-of-the-sky\/"},"modified":"2023-01-02T11:51:00","modified_gmt":"2023-01-02T16:51:00","slug":"nut-the-spirit-of-the-sky-2","status":"publish","type":"page","link":"https:\/\/egyptianwisdomcenter.org\/fr\/fou-lesprit-du-ciel-2\/","title":{"rendered":"Nut \u2014 L\u2019esprit du ciel"},"content":{"rendered":"<h2 style=\"text-align: center;\"><span style=\"color: #ff0000;\"><strong>Nut \u2014 L\u2019esprit du ciel<\/strong><\/span><\/h2>\n<p>&nbsp;<\/p>\n<p>Dans son r\u00f4le de firmament, Isis est reconnue comme <strong>Noix<\/strong>.<\/p>\n<p><a href=\"http:\/\/egyptianwisdomcenter.org\/wp-content\/uploads\/2019\/02\/isis-ch6-photo8-96c.jpg\"><img fetchpriority=\"high\" decoding=\"async\" class=\"size-full wp-image-590 aligncenter\" src=\"http:\/\/egyptianwisdomcenter.org\/wp-content\/uploads\/2019\/02\/isis-ch6-photo8-96c.jpg\" alt=\"\" width=\"192\" height=\"304\" \/><\/a><\/p>\n<p>Nut est associ\u00e9 \u00e0 de nombreuses fonctions connexes, telles que\u00a0:<\/p>\n<p style=\"padding-left: 30px;\">A. Le firmament du ciel<\/p>\n<p style=\"padding-left: 30px;\">B. Nut et Geb : la sph\u00e8re c\u00e9leste<\/p>\n<p style=\"padding-left: 30px;\">C. Nut Le ciel \u00e9toil\u00e9 astronomique c\u00e9leste, en ce qui concerne\u00a0:<\/p>\n<p style=\"padding-left: 60px;\">\u2013 principes soleil\/solaire et lune\/lunaire<br \/>\n\u2013 cycle du zodiaque<\/p>\n<p style=\"padding-left: 30px;\"><span style=\"color: #ff0000;\">D.<\/span> <span style=\"color: #ff0000;\">Nut l&#039;Esprit du Ciel; comme \u00e9tant pr\u00e9sent dans\u00a0:<\/span><\/p>\n<p style=\"padding-left: 60px;\"><span style=\"color: #ff0000;\">\u2013 cercueils et couvercles de cercueils<\/span><br \/>\n<span style=\"color: #ff0000;\">\u2013 Chambres fun\u00e9raires<\/span><br \/>\n<span style=\"color: #ff0000;\">\u2013 Arbre de vie Alimentation et Renaissance<\/span><\/p>\n<h3><strong><span style=\"color: #ff0000;\">D.<\/span> <span style=\"color: #ff0000;\">Nut L&#039;Esprit Du Ciel <\/span><\/strong><\/h3>\n<p>Nut, en tant qu&#039;Esprit du Ciel, est repr\u00e9sent\u00e9 en bonne place dans les lieux de repos des anciens \u00c9gyptiens, dans les chambres fun\u00e9raires, les cercueils et les couvercles de cercueils.<\/p>\n<p><a href=\"http:\/\/egyptianwisdomcenter.org\/wp-content\/uploads\/2019\/02\/isis-ch6-photo11-96c.jpg\"><img decoding=\"async\" class=\"size-full wp-image-593 aligncenter\" src=\"http:\/\/egyptianwisdomcenter.org\/wp-content\/uploads\/2019\/02\/isis-ch6-photo11-96c.jpg\" alt=\"\" width=\"300\" height=\"108\" \/><\/a><\/p>\n<p>&nbsp;<\/p>\n<p><a href=\"http:\/\/egyptianwisdomcenter.org\/wp-content\/uploads\/2019\/02\/isis-ch6-photo12-96c.jpg\"><img decoding=\"async\" class=\"size-full wp-image-594 aligncenter\" src=\"http:\/\/egyptianwisdomcenter.org\/wp-content\/uploads\/2019\/02\/isis-ch6-photo12-96c.jpg\" alt=\"\" width=\"307\" height=\"106\" \/><\/a><\/p>\n<p>&nbsp;<\/p>\n<p>Et ici, dans les chambres fun\u00e9raires :<\/p>\n<p><a href=\"http:\/\/egyptianwisdomcenter.org\/wp-content\/uploads\/2019\/02\/isis-ch6-photo13-96c.jpg\"><img loading=\"lazy\" decoding=\"async\" class=\"size-full wp-image-595 aligncenter\" src=\"http:\/\/egyptianwisdomcenter.org\/wp-content\/uploads\/2019\/02\/isis-ch6-photo13-96c.jpg\" alt=\"\" width=\"221\" height=\"292\" \/><\/a><\/p>\n<p>&nbsp;<\/p>\n<p><a href=\"http:\/\/egyptianwisdomcenter.org\/wp-content\/uploads\/2019\/02\/isis-ch6-photo14-96c.jpg\"><img loading=\"lazy\" decoding=\"async\" class=\"wp-image-596 aligncenter\" src=\"http:\/\/egyptianwisdomcenter.org\/wp-content\/uploads\/2019\/02\/isis-ch6-photo14-96c.jpg\" alt=\"\" width=\"261\" height=\"186\" \/><\/a><\/p>\n<p>&nbsp;<\/p>\n<p><a href=\"http:\/\/egyptianwisdomcenter.org\/wp-content\/uploads\/2019\/02\/isis-ch6-photo15-96c.jpg\"><img loading=\"lazy\" decoding=\"async\" class=\"wp-image-597 aligncenter\" src=\"http:\/\/egyptianwisdomcenter.org\/wp-content\/uploads\/2019\/02\/isis-ch6-photo15-96c.jpg\" alt=\"\" width=\"275\" height=\"193\" \/><\/a><\/p>\n<p>En tant qu\u2019esprit nourricier du ciel, Nout jaillit de l\u2019arbre de vie pour offrir aux \u00e2mes des d\u00e9funts une nourriture m\u00e9taphysique \u00e9ternelle.<\/p>\n<p><a href=\"http:\/\/egyptianwisdomcenter.org\/wp-content\/uploads\/2019\/02\/isis-ch6-photo-55-96c.jpg\"><img loading=\"lazy\" decoding=\"async\" class=\"size-full wp-image-637 aligncenter\" src=\"http:\/\/egyptianwisdomcenter.org\/wp-content\/uploads\/2019\/02\/isis-ch6-photo-55-96c.jpg\" alt=\"\" width=\"288\" height=\"203\" \/><\/a><\/p>\n<p>&nbsp;<\/p>\n<p><span style=\"color: #ff0000;\"><strong>[Un extrait de<\/strong><\/span> <strong>Isis : la femme divine<\/strong><span style=\"color: #ff0000;\"><strong> par Moustafa Gadalla]<br \/>\n<a href=\"https:\/\/egyptianwisdomcenter.org\/fr\/produit\/isis-femme-divine-2\/\"><span style=\"color: #0000ff;\">https:\/\/egyptianwisdomcenter.org\/product\/isis-femme-divine\/<\/span><\/a><\/strong><\/span><\/p>\n<p><img decoding=\"async\" class=\"aligncenter\" src=\"https:\/\/egyptianwisdomcenter.org\/wp-content\/uploads\/2023\/01\/isis-femme-divine-4.jpg\" \/><\/p>\n<div dir=\"auto\">\n<p style=\"text-align: center;\"><a href=\"https:\/\/egyptianwisdomcenter.org\/fr\/produit\/isis-femme-divine-2\/\"><span style=\"color: #ff0000;\"><strong><span style=\"color: #0000ff;\">https:\/\/egyptianwisdomcenter.org\/product\/isis-femme-divine\/<\/span><\/strong><\/span><\/a><\/p>\n<\/div>","protected":false},"excerpt":{"rendered":"<p>Nut &#8212; The Spirit Of The Sky &nbsp; In her role as the firmament, Isis is recognized as Nut. Nut is associated [&hellip;]<\/p>","protected":false},"author":3,"featured_media":0,"parent":0,"menu_order":0,"comment_status":"closed","ping_status":"closed","template":"","meta":{"footnotes":""},"class_list":["post-190","page","type-page","status-publish","hentry"],"aioseo_notices":[],"_links":{"self":[{"href":"https:\/\/egyptianwisdomcenter.org\/fr\/wp-json\/wp\/v2\/pages\/190","targetHints":{"allow":["GET"]}}],"collection":[{"href":"https:\/\/egyptianwisdomcenter.org\/fr\/wp-json\/wp\/v2\/pages"}],"about":[{"href":"https:\/\/egyptianwisdomcenter.org\/fr\/wp-json\/wp\/v2\/types\/page"}],"author":[{"embeddable":true,"href":"https:\/\/egyptianwisdomcenter.org\/fr\/wp-json\/wp\/v2\/users\/3"}],"replies":[{"embeddable":true,"href":"https:\/\/egyptianwisdomcenter.org\/fr\/wp-json\/wp\/v2\/comments?post=190"}],"version-history":[{"count":0,"href":"https:\/\/egyptianwisdomcenter.org\/fr\/wp-json\/wp\/v2\/pages\/190\/revisions"}],"wp:attachment":[{"href":"https:\/\/egyptianwisdomcenter.org\/fr\/wp-json\/wp\/v2\/media?parent=190"}],"curies":[{"name":"wp","href":"https:\/\/api.w.org\/{rel}","templated":true}]}}