{"id":228,"date":"2018-10-30T00:00:00","date_gmt":"2018-10-30T04:00:00","guid":{"rendered":"http:\/\/egyptianwisdomcenter.org\/the-awakening-potentials-awaken-your-inner-osiris\/"},"modified":"2023-01-02T12:03:11","modified_gmt":"2023-01-02T17:03:11","slug":"the-awakening-potentials-awaken-your-inner-osiris","status":"publish","type":"page","link":"https:\/\/egyptianwisdomcenter.org\/fr\/les-potentiels-deveil-reveillent-votre-osiris-interieur\/","title":{"rendered":"Les potentiels d\u2019\u00e9veil \u2013 R\u00e9veillez votre Osiris int\u00e9rieur !"},"content":{"rendered":"<h2 style=\"text-align: center;\"><span style=\"color: #0000ff;\"><strong>Les potentiels d\u2019\u00e9veil\u00a0\u00a0<\/strong><\/span><\/h2>\n<h2 style=\"text-align: center;\"><span style=\"color: #ff0000;\">R\u00e9veillez votre Osiris int\u00e9rieur !<\/span><\/h2>\n<p>&nbsp;<\/p>\n<p>Dans l&#039;histoire mod\u00e8le \u00e9gyptienne [du chapitre pr\u00e9c\u00e9dent], Osiris n&#039;\u00e9tait pas r\u00e9ellement mort au d\u00e9but : il \u00e9tait dans le coma ; un \u00e9tat d&#039;inconscience totale o\u00f9 les gens pensent qu&#039;ils sont \u00e9veill\u00e9s et conscients, mais ce n&#039;est pas le cas. Pour faire na\u00eetre l&#039;Espoir [Horus] et le rendre manifeste, les gens doivent ressusciter Osiris pour le sortir du coma. C\u2019est ainsi que nos \u00e2mes, nos esprits et notre essence vitale sont capables de passer de ce monde aux \u00e9tats de cr\u00e9ation les plus \u00e9volu\u00e9s vers l\u2019union divine.<\/p>\n<p>L&#039;\u00e9gyptologue britannique Sir EA Wallis Budge le r\u00e9sume \u00e0 la page VII de son livre : <em>Osiris et la r\u00e9surrection \u00e9gyptienne, Vol. je<\/em>, comme suit:<\/p>\n<p style=\"padding-left: 30px;\"><strong><em>La figure centrale de la religion \u00e9gyptienne antique \u00e9tait Osiris, et les principaux fondements de son culte \u00e9taient la croyance en sa divinit\u00e9, sa mort, sa r\u00e9surrection et son contr\u00f4le absolu sur la destin\u00e9e des corps et des \u00e2mes des hommes. Le point central de la religion de chaque Osirien \u00e9tait son espoir de r\u00e9surrection dans un corps transform\u00e9 et d&#039;immortalit\u00e9, qui ne pouvait \u00eatre r\u00e9alis\u00e9 par lui qu&#039;\u00e0 travers la mort et la r\u00e9surrection d&#039;Osiris.<\/em><\/strong><\/p>\n<p>Tous les morts \u00e9taient\/sont assimil\u00e9s \u00e0 Osiris, car Osiris est un principe cosmique et non une personne historique. La religion \u00e9gyptienne \u00e9tait une religion inclusive o\u00f9 Osiris vit en chacun de nous, ce qui a facilit\u00e9 une v\u00e9ritable compr\u00e9hension de qui nous sommes et de qui nous sommes destin\u00e9s \u00e0 devenir.<\/p>\n<p>Le principe qui fait na\u00eetre la vie de la mort apparente s&#039;appelle Osiris, qui symbolise le pouvoir du renouveau. Osiris repr\u00e9sente le processus, la croissance et les aspects cycliques sous-jacents de l&#039;univers.<\/p>\n<p>D\u00e8s la premi\u00e8re p\u00e9riode de l\u2019histoire de l\u2019\u00c9gypte ancienne, les \u00c9gyptiens croyaient qu\u2019Osiris \u00e9tait d\u2019origine divine, en partie divine et en partie humaine, et qu\u2019il s\u2019\u00e9tait ressuscit\u00e9 des morts sans avoir connu la corruption. Ce qu&#039;Osiris avait r\u00e9alis\u00e9 pour lui-m\u00eame, il pouvait le r\u00e9aliser pour l&#039;homme. En tant que mod\u00e8le, les anciens \u00c9gyptiens croyaient que ce qu\u2019Osiris faisait, ils pouvaient le faire. Parce qu\u2019il avait vaincu la mort, les justes pouvaient eux aussi vaincre la mort et atteindre la vie \u00e9ternelle. Ils ressusciteraient et atteindraient la vie \u00e9ternelle.<\/p>\n<p>Ci-dessous se trouve l\u2019une des nombreuses illustrations montrant le principe de r\u00e9surrection \u2013 Osiris. \u00c0 gauche, le neter barbu (dieu) lui pr\u00e9sente la \u00ab vie \u00bb (l&#039;ankh) et prononce des paroles de pouvoir.<\/p>\n<p><a href=\"http:\/\/egyptianwisdomcenter.org\/wp-content\/uploads\/2019\/02\/admin-ajax-2.jpg\"><img decoding=\"async\" class=\"size-full wp-image-582 aligncenter\" src=\"http:\/\/egyptianwisdomcenter.org\/wp-content\/uploads\/2019\/02\/admin-ajax-2.jpg\" alt=\"\" width=\"179\" height=\"163\" \/><\/a><\/p>\n<p>Le th\u00e8me dans le <em>Livre \u00e9gyptien des cavernes<\/em> parle de la n\u00e9cessit\u00e9 de la mort et de la dissolution (du charnel et du mat\u00e9riel) avant la naissance du spirituel.<\/p>\n<p>Ceci est repris par le J\u00e9sus biblique lorsqu&#039;il dit :<\/p>\n<p style=\"padding-left: 30px;\"><strong><em>Si un grain de bl\u00e9 tombe en terre et meurt, il demeure seul ; mais s&#039;il meurt, il produit beaucoup de fruit.<\/em><\/strong><strong> [Jean 12:24]<\/strong><\/p>\n<p>Paul fait \u00e9galement r\u00e9f\u00e9rence au m\u00eame principe dans I Corinthiens 15\u00a0:36\u00a0:<\/p>\n<p style=\"padding-left: 30px;\"><strong><em>\u2026 ce que tu s\u00e8mes ne vivifie pas, sauf s&#039;il meurt.<\/em><\/strong><\/p>\n<p><a href=\"http:\/\/egyptianwisdomcenter.org\/wp-content\/uploads\/2019\/02\/image101.jpg\"><img decoding=\"async\" class=\"size-full wp-image-111 aligncenter\" src=\"http:\/\/egyptianwisdomcenter.org\/wp-content\/uploads\/2019\/02\/image101.jpg\" alt=\"\" width=\"268\" height=\"114\" \/><\/a><\/p>\n<p>Un autre exemple est le symbolisme biblique du vin, qui remonte \u00e0 l\u2019\u00c9gypte ancienne, o\u00f9 les murs des tombeaux de l\u2019\u00c9gypte ancienne montrent des vignerons pressant du vin nouveau [selon la sc\u00e8ne des tombes de l\u2019\u00c9gypte ancienne ci-dessus], et la fabrication du vin est partout une m\u00e9taphore constante de la spiritualit\u00e9. processus et les th\u00e8mes de la transformation et du pouvoir int\u00e9rieur.<\/p>\n<p>\u00c0 certains endroits dans les \u00e9critures \u00e9gyptiennes, Osiris lui-m\u00eame \u00e9tait caract\u00e9ris\u00e9 comme la vigne.<\/p>\n<p>L&#039;\u00e2me, ou la partie de <em>Dieu<\/em> \u00e0 l&#039;int\u00e9rieur, provoque le ferment divin dans le corps de la vie. Il s&#039;y d\u00e9veloppe, comme sur la vigne, par le soleil du moi spirituel de l&#039;homme. La puissance ferment\u00e9e du vin \u00e9tait, \u00e0 son niveau spirituel le plus profond, un symbole de la pr\u00e9sence de Dieu incarn\u00e9 chez la personne spirituellement consciente.<\/p>\n<p>La progression le long du Chemin spirituel s\u2019acquiert par l\u2019effort et est une question d\u2019action consciente et disciplin\u00e9e. Chaque conscience nouvelle\/\u00e9lev\u00e9e \u00e9quivaut \u00e0 un nouvel \u00e9veil. Les niveaux de conscience sont appel\u00e9s <em>mort-renaissance<\/em>. Une telle pens\u00e9e est omnipr\u00e9sente dans l\u2019\u00c9gypte ancienne (et actuelle), o\u00f9 <em>naissance<\/em> et <em>Renaissance<\/em> sont un th\u00e8me constant. Le mot <em>la mort<\/em> est employ\u00e9 au sens figur\u00e9. Le th\u00e8me que l&#039;homme doit <em>\u00ab mourir avant de mourir \u00bb<\/em> ou qu&#039;il doit \u00eatre <em>\u00ab n\u00e9 de nouveau \u00bb<\/em> dans sa vie actuelle est pris symboliquement ou est comm\u00e9mor\u00e9 par un rituel. En cela, le candidat doit passer par certaines exp\u00e9riences sp\u00e9cifiques (techniquement appel\u00e9es \u00ab<em>d\u00e9c\u00e8s<\/em>\u00bb). Un bon exemple est le bapt\u00eame, qui \u00e9tait l&#039;objectif principal \u00e0 P\u00e2ques, apr\u00e8s le Car\u00eame, repr\u00e9sentant la mort de l&#039;ancien moi en s&#039;immergeant dans l&#039;eau et la mont\u00e9e du moi nouveau\/renouvel\u00e9 en sortant de l&#039;eau.<\/p>\n<p>&nbsp;<\/p>\n<div dir=\"auto\">\n<p><strong><span style=\"color: #ff0000;\">[Un extrait de <\/span>Racines \u00e9gyptiennes antiques du christianisme, 2e \u00e9dition<span style=\"color: #ff0000;\"> par Moustafa Gadalla]<br \/>\n<a href=\"https:\/\/egyptianwisdomcenter.org\/fr\/produit\/ancienne-egypte-les-racines-du-christianisme-2\/\"><span style=\"color: #0000ff;\">https:\/\/egyptianwisdomcenter.org\/product\/ancienne-egypte-les-racines-du-christianisme\/<\/span><\/a><br \/>\n<\/span><\/strong><\/p>\n<p><img decoding=\"async\" class=\"aligncenter\" src=\"https:\/\/egyptianwisdomcenter.org\/wp-content\/uploads\/2023\/01\/ancienne-egypte-les-racines-du-christianisme-2.jpg\" \/><\/p>\n<p style=\"text-align: center;\"><a href=\"https:\/\/egyptianwisdomcenter.org\/fr\/produit\/ancienne-egypte-les-racines-du-christianisme-2\/\"><strong><span style=\"color: #ff0000;\"><span style=\"color: #0000ff;\">https:\/\/egyptianwisdomcenter.org\/product\/ancienne-egypte-les-racines-du-christianisme\/<\/span><\/span><\/strong><\/a><\/p>\n<\/div>","protected":false},"excerpt":{"rendered":"<p>The Awakening Potentials\u00a0\u00a0 Awaken Your Inner Osiris! &nbsp; In the Egyptian model story [in the previous chapter], Osiris wasn\u2019t actually dead at [&hellip;]<\/p>","protected":false},"author":3,"featured_media":0,"parent":0,"menu_order":0,"comment_status":"closed","ping_status":"closed","template":"","meta":{"footnotes":""},"class_list":["post-228","page","type-page","status-publish","hentry"],"aioseo_notices":[],"_links":{"self":[{"href":"https:\/\/egyptianwisdomcenter.org\/fr\/wp-json\/wp\/v2\/pages\/228","targetHints":{"allow":["GET"]}}],"collection":[{"href":"https:\/\/egyptianwisdomcenter.org\/fr\/wp-json\/wp\/v2\/pages"}],"about":[{"href":"https:\/\/egyptianwisdomcenter.org\/fr\/wp-json\/wp\/v2\/types\/page"}],"author":[{"embeddable":true,"href":"https:\/\/egyptianwisdomcenter.org\/fr\/wp-json\/wp\/v2\/users\/3"}],"replies":[{"embeddable":true,"href":"https:\/\/egyptianwisdomcenter.org\/fr\/wp-json\/wp\/v2\/comments?post=228"}],"version-history":[{"count":0,"href":"https:\/\/egyptianwisdomcenter.org\/fr\/wp-json\/wp\/v2\/pages\/228\/revisions"}],"wp:attachment":[{"href":"https:\/\/egyptianwisdomcenter.org\/fr\/wp-json\/wp\/v2\/media?parent=228"}],"curies":[{"name":"wp","href":"https:\/\/api.w.org\/{rel}","templated":true}]}}