{"id":230,"date":"2018-10-30T00:00:00","date_gmt":"2018-10-30T04:00:00","guid":{"rendered":"http:\/\/egyptianwisdomcenter.org\/the-golden-goal-alchemy\/"},"modified":"2023-01-02T12:06:22","modified_gmt":"2023-01-02T17:06:22","slug":"the-golden-goal-alchemy","status":"publish","type":"page","link":"https:\/\/egyptianwisdomcenter.org\/fr\/lalchimie-du-but-en-or\/","title":{"rendered":"Le but en or : l&#039;alchimie"},"content":{"rendered":"<h2 style=\"text-align: center;\"><span style=\"color: #ff0000;\"><strong>Le but en or : l&#039;alchimie<\/strong><\/span><\/h2>\n<p>&nbsp;<\/p>\n<p>L&#039;alchimie signifie la m\u00e9thode\/le pouvoir\/le processus de transmutation d&#039;une chose en quelque chose de meilleur \u2013 symboliquement, le plomb en or.<\/p>\n<p>L\u2019or dans la v\u00e9ritable alchimie est une m\u00e9taphore de l\u2019accomplissement spirituel ultime. Le v\u00e9ritable alchimiste ne pratiquait pas une forme de chimie erron\u00e9e, comme les scientifiques modernes aiment le croire : il \u00e9tait engag\u00e9 dans une qu\u00eate spirituelle visant \u00e0 transformer la mati\u00e8re grossi\u00e8re (le plomb) en un v\u00e9hicule pour l\u2019esprit (l\u2019or).<\/p>\n<p>Cette tradition alchimiste\/soufie \u2013 de transformation de la mati\u00e8re en or \u2013 est d&#039;origine \u00e9gyptienne antique, comme en t\u00e9moigne leur langage comme suit\u00a0:<\/p>\n<p>\u2013 La mati\u00e8re chaotique en langue \u00e9gyptienne s\u2019appelle <em><strong>Ben,<\/strong><\/em> qui a plusieurs significations li\u00e9es : <em>la pierre primordiale, le monticule de la cr\u00e9ation, le premier \u00e9tat de la mati\u00e8re, l&#039;opposition\/n\u00e9gation, ce n&#039;est pas, il n&#039;y a pas, et la multiplicit\u00e9.<\/em><\/p>\n<p>\u2013 L\u2019image miroir de <em><strong>Ben<\/strong><\/em> est <em><strong>Bec<\/strong><\/em> (Ben \u00e9pel\u00e9 \u00e0 l&#039;envers), qui a \u00e9galement plusieurs significations connexes\u00a0: <em>or<\/em> (traditionnellement, le produit final fini et perfectionn\u00e9 \u2013 le but de l&#039;alchimiste),<em> seigneur, ma\u00eetre, tout, affirmation et pur.<\/em><\/p>\n<p>Thot, le neter (dieu) de l&#039;\u00c9gypte ancienne, est reconnu par tous les premiers (et plus tard) \u00e9crivains soufis comme l&#039;ancien mod\u00e8le de l&#039;alchimie, du mysticisme et de tous les sujets connexes. Le c\u00e9l\u00e8bre \u00e9crivain soufi Idries Shah admet le r\u00f4le de l&#039;\u00c9gypte via Thoth et Dhu&#039;I-Nun dans le soufisme et l&#039;alchimie comme suit\u00a0:<\/p>\n<p style=\"padding-left: 30px;\"><strong><em>\u00bb . . . la tradition alchimique est venue d&#039;Egypte directement des \u00e9crits de Thot<\/em><\/strong><br \/>\n<strong><em> . . . Selon la tradition soufie, la tradition a \u00e9t\u00e9 transmise par Dhu&#039;i-Nun l&#039;\u00c9gyptien, le roi ou seigneur du poisson, l&#039;un des plus c\u00e9l\u00e8bres professeurs soufis classiques. [Les Soufis, 1964]<\/em><\/strong><\/p>\n<p>Le nom de Thot appara\u00eet parmi les anciens ma\u00eetres de ce qu&#039;on appelle aujourd&#039;hui le <em>Voie des Soufis<\/em>. En d\u2019autres termes : les soufis comme les alchimistes reconnaissent Thot comme le fondement de leur connaissance.<\/p>\n<p>Idries Shah fait \u00e9galement directement r\u00e9f\u00e9rence \u00e0 l&#039;historien arabe espagnol Sa\u00efd de Tol\u00e8de (mort en 1069), qui donne cette tradition de l&#039;ancien \u00e9gyptien Thot :<\/p>\n<p style=\"padding-left: 30px;\"><strong><em>\u00ab Les sages affirment que toutes les sciences ant\u00e9diluviennes trouvent leur origine dans l&#039;Herm\u00e8s \u00e9gyptien [Thoth], en Haute-\u00c9gypte (\u00e0 savoir Khmunu (Hermopolis)). Les Juifs l&#039;appellent Enoch et les musulmans Idris. Il fut le premier \u00e0 parler de la mati\u00e8re du monde sup\u00e9rieur et des mouvements plan\u00e9taires. . . La m\u00e9decine et la po\u00e9sie \u00e9taient ses fonctions. . . [ainsi que] les sciences, y compris l&#039;alchimie et la magie<\/em><\/strong>. [Cf. Asin Palacios, Ibn Masarra, p. 13] Masarra signifie \u00e9gyptien<\/p>\n<p>La mystique \u00e9gyptienne englobe essentiellement deux types d\u2019exp\u00e9riences spirituelles :<\/p>\n<ol>\n<li>Une qu\u00eate de d\u00e9veloppement spirituel sous la forme d\u2019une ma\u00eetrise de soi \u00e9thique et d\u2019une vision religieuse personnelle du monde. L&#039;aspirant qui est capable de se purifier est maintenant pr\u00eat pour la deuxi\u00e8me qu\u00eate.<\/li>\n<li>La qu\u00eate pour trouver Dieu dans le monde manifest\u00e9 ainsi que pour trouver le monde manifest\u00e9 en Dieu. Ceci est accompli en acqu\u00e9rant des connaissances en utilisant \u00e0 la fois l&#039;intellect et l&#039;intuition afin de transcender les limites de nos sens humains.<\/li>\n<\/ol>\n<p>[Informations plus d\u00e9taill\u00e9es sur ce sujet dans <span style=\"color: #ff0000;\"><strong>Mystiques \u00e9gyptiens : Chercheurs de la Voie de Moustafa Gadalla<\/strong><\/span>]<\/p>\n<p>&nbsp;<\/p>\n<p>&nbsp;<\/p>\n<p><span style=\"color: #ff0000;\"><strong>[Un extrait de ]<\/strong><\/span><\/p>\n<p><img decoding=\"async\" class=\"aligncenter\" src=\"https:\/\/egyptianwisdomcenter.org\/wp-content\/uploads\/2023\/01\/cosmologie-egyptienne.jpg\" \/><\/p>\n<hr \/>\n<p>&nbsp;<\/p>\n<div dir=\"auto\">\n<div dir=\"auto\">\n<div dir=\"auto\">\n<p><span style=\"color: #ff0000;\"><strong>[<\/strong><\/span><strong>Mystiques \u00e9gyptiens : Chercheurs de la Voie, 2e \u00e9dition<\/strong><span style=\"color: #ff0000;\"><strong> par Moustafa Gadalla]<br \/>\n<a href=\"https:\/\/egyptianwisdomcenter.org\/fr\/produit\/mystiques-egyptiens-chercheurs-de-la-voie-2\/\"><span style=\"color: #0000ff;\">https:\/\/egyptianwisdomcenter.org\/product\/egyptian-mystics-seekers-of-the-way-2nd-edition\/<\/span><\/a><br \/>\n<\/strong><\/span><\/p>\n<p><img decoding=\"async\" class=\"aligncenter\" src=\"https:\/\/egyptianwisdomcenter.org\/wp-content\/uploads\/2023\/01\/mystiques-egyptiens-chercheurs-de-la-voie-1.jpg\" \/><\/p>\n<div dir=\"auto\" style=\"text-align: center;\"><a href=\"https:\/\/egyptianwisdomcenter.org\/fr\/produit\/mystiques-egyptiens-chercheurs-de-la-voie-2\/\"><span style=\"color: #ff0000;\"><strong><span style=\"color: #0000ff;\">https:\/\/egyptianwisdomcenter.org\/product\/egyptian-mystics-seekers-of-the-way-2nd-edition\/<\/span><\/strong><\/span><\/a><\/div>\n<\/div>\n<\/div>\n<\/div>","protected":false},"excerpt":{"rendered":"<p>The Golden Goal\u2014Alchemy &nbsp; Alchemy signifies the method\/power\/process of transmutation of one thing into something better\u2014symbolically, lead into gold. Gold in true [&hellip;]<\/p>","protected":false},"author":3,"featured_media":0,"parent":0,"menu_order":0,"comment_status":"closed","ping_status":"closed","template":"","meta":{"footnotes":""},"class_list":["post-230","page","type-page","status-publish","hentry"],"aioseo_notices":[],"_links":{"self":[{"href":"https:\/\/egyptianwisdomcenter.org\/fr\/wp-json\/wp\/v2\/pages\/230","targetHints":{"allow":["GET"]}}],"collection":[{"href":"https:\/\/egyptianwisdomcenter.org\/fr\/wp-json\/wp\/v2\/pages"}],"about":[{"href":"https:\/\/egyptianwisdomcenter.org\/fr\/wp-json\/wp\/v2\/types\/page"}],"author":[{"embeddable":true,"href":"https:\/\/egyptianwisdomcenter.org\/fr\/wp-json\/wp\/v2\/users\/3"}],"replies":[{"embeddable":true,"href":"https:\/\/egyptianwisdomcenter.org\/fr\/wp-json\/wp\/v2\/comments?post=230"}],"version-history":[{"count":0,"href":"https:\/\/egyptianwisdomcenter.org\/fr\/wp-json\/wp\/v2\/pages\/230\/revisions"}],"wp:attachment":[{"href":"https:\/\/egyptianwisdomcenter.org\/fr\/wp-json\/wp\/v2\/media?parent=230"}],"curies":[{"name":"wp","href":"https:\/\/api.w.org\/{rel}","templated":true}]}}