{"id":248,"date":"2018-11-02T00:00:00","date_gmt":"2018-11-02T04:00:00","guid":{"rendered":"http:\/\/egyptianwisdomcenter.org\/the-function-objective-of-the-temple\/"},"modified":"2023-02-14T19:22:31","modified_gmt":"2023-02-15T00:22:31","slug":"the-function-objective-of-the-temple-2","status":"publish","type":"page","link":"https:\/\/egyptianwisdomcenter.org\/fr\/lobjectif-fonctionnel-du-temple-2\/","title":{"rendered":"La fonction\/objectif du temple"},"content":{"rendered":"<h2 style=\"text-align: center;\"><span style=\"color: #ff0000;\"><strong>La fonction\/objectif du temple<\/strong><\/span><\/h2>\n<p>&nbsp;<\/p>\n<p>C\u2019est une tendance courante \u00e0 ignorer la fonction religieuse des temples \u00e9gyptiens antiques. Au lieu de cela, ils sont consid\u00e9r\u00e9s comme une simple galerie d\u2019art et\/ou un jeu de formes sur fond d\u2019une vague pr\u00e9sentation historique.<\/p>\n<p>En r\u00e9alit\u00e9, le temple \u00e9gyptien \u00e9tait le lien \u2013 la moyenne proportionnelle \u2013 entre les macrocosmes (le monde) et les microcosmes (l&#039;homme). C&#039;\u00e9tait une sc\u00e8ne sur laquelle se d\u00e9roulaient des rencontres entre les neteru (dieux\/d\u00e9esses) et le roi, en tant que repr\u00e9sentant du peuple. Nous devons essayer de le voir comme la relation entre forme et fonction.<\/p>\n<p>Le temple \u00e9gyptien \u00e9tait une machine permettant de g\u00e9n\u00e9rer et de maintenir l\u2019\u00e9nergie divine pour le b\u00e9n\u00e9fice de tous. C&#039;\u00e9tait le lieu dans lequel l&#039;\u00e9nergie cosmique des neteru (dieux\/d\u00e9esses) venait habiter et rayonner leurs \u00e9nergies vers la terre et les gens.<\/p>\n<p>Comme d\u00e9crit dans divers textes \u00e9gyptiens anciens, le temple ou pyl\u00f4ne est\u00a0:<\/p>\n<p style=\"padding-left: 30px;\"><strong><em>\u2026comme les piliers du ciel, [un temple] comme les cieux, reposant sur leurs quatre piliers\u2026 brillant comme l&#039;horizon du ciel\u2026 un lieu de r\u00e9sidence pour le seigneur de neteru\u2026<\/em><\/strong><\/p>\n<p>La puissance harmonieuse des plans du temple, les images grav\u00e9es sur les murs et les formes de culte conduisaient tous au m\u00eame but ; un objectif \u00e0 la fois spirituel (car il s&#039;agissait de mettre en mouvement des forces surhumaines) et pratique (dans le sens o\u00f9 le r\u00e9sultat final attendu \u00e9tait le maintien de la prosp\u00e9rit\u00e9 du pays).<\/p>\n<p>C\u2019est donc que le temple \u00e9gyptien n\u2019\u00e9tait pas un lieu de culte public au sens de notre compr\u00e9hension \u00ab moderne \u00bb. Ces lieux v\u00e9ritablement divins n&#039;\u00e9taient accessibles qu&#039;au sacerdoce, qui pouvait p\u00e9n\u00e9trer dans les sanctuaires int\u00e9rieurs o\u00f9 se pratiquaient les rites et c\u00e9r\u00e9monies sacr\u00e9s. Dans certains cas, seul le roi lui-m\u00eame ou son substitut autoris\u00e9 avait la permission d&#039;entrer.<\/p>\n<p>Le grand public participait aux nombreux grands festivals et c\u00e9l\u00e9brations organis\u00e9s \u00e0 l&#039;ext\u00e9rieur des temples en l&#039;honneur de diverses divinit\u00e9s. La participation du public \u00e9tait un devoir pour chacun et un aspect essentiel du processus de \u00ab culte \u00bb pour maintenir l\u2019harmonie universelle. [Pour plus d&#039;informations, voir <em>Mystiques \u00e9gyptiens : chercheurs de la Voie<\/em>, par Moustafa Gadalla.]<\/p>\n<p>En g\u00e9n\u00e9ral, le temple \u00e9gyptien \u00e9tait entour\u00e9 d\u2019un mur massif de briques crues. Ce mur isolait le temple de son environnement, qui repr\u00e9sentait symboliquement les forces du chaos. M\u00e9taphoriquement, la boue r\u00e9sulte de l&#039;union du ciel et de la terre. Le mur de briques \u00e9tait donc g\u00e9n\u00e9ralement dispos\u00e9 en rang\u00e9es ondul\u00e9es pour symboliser les eaux primitives, repr\u00e9sentant la premi\u00e8re \u00e9tape de la cr\u00e9ation.<\/p>\n<p><a href=\"http:\/\/egyptianwisdomcenter.org\/wp-content\/uploads\/2019\/02\/aecr-ch7-1-300c-1.jpg\"><img decoding=\"async\" class=\"size-medium wp-image-950 aligncenter\" src=\"http:\/\/egyptianwisdomcenter.org\/wp-content\/uploads\/2019\/02\/aecr-ch7-1-300c-1-149x300.jpg\" alt=\"\" width=\"149\" height=\"300\" \/><\/a><\/p>\n<p>Les murs ext\u00e9rieurs du temple ressemblaient \u00e0 une forteresse, afin de le d\u00e9fendre contre toute forme de mal. On acc\u00e9dait au temple par deux pyl\u00f4nes\u00a0; au-del\u00e0 duquel se trouvait une cour publique. Cette cour avait parfois des colonnades sur les c\u00f4t\u00e9s et un autel au milieu. Ensuite, le long de l&#039;axe du temple, venait l&#039;hypostyle ; une salle \u00e0 piliers souvent entour\u00e9e de petites pi\u00e8ces utilis\u00e9es pour le stockage de l&#039;\u00e9quipement du temple et pour d&#039;autres fonctions secondaires. Enfin, il y avait le sanctuaire, qui \u00e9tait une pi\u00e8ce sombre contenant le sanctuaire o\u00f9 \u00e9tait plac\u00e9e la figure du neter. Les portes du sanctuaire \u00e9taient ferm\u00e9es et scell\u00e9es toute l&#039;ann\u00e9e et n&#039;\u00e9taient ouvertes que pour les grandes f\u00eates. Le sanctuaire s&#039;appelait le Grand Si\u00e8ge. \u00c0 l\u2019ext\u00e9rieur des murs du temple se trouvaient les r\u00e9sidences du personnel sacerdotal ainsi que les ateliers, r\u00e9serves et autres structures auxiliaires.<\/p>\n<p>&nbsp;<\/p>\n<p><span style=\"color: #ff0000;\"><strong>[Un extrait de <\/strong><\/span><strong>L&#039;architecture m\u00e9taphysique de l&#039;\u00c9gypte ancienne par Moustafa Gadalla<\/strong><span style=\"color: #ff0000;\"><strong>]<br \/>\n<a href=\"https:\/\/egyptianwisdomcenter.org\/fr\/produit\/larchitecture-metaphysique-des-anciens-egyptiens-2\/\"><span style=\"color: #0000ff;\">https:\/\/egyptianwisdomcenter.org\/product\/the-ancient-egyptian-metaphysical-architecture\/<\/span><\/a><br \/>\n<\/strong><\/span><\/p>\n<p><img decoding=\"async\" class=\"aligncenter\" src=\"https:\/\/egyptianwisdomcenter.org\/wp-content\/uploads\/2023\/01\/l-architecture-metaphysique-des-anciens-egyptiens-1.jpg\" \/><\/p>\n<p style=\"text-align: center;\"><a href=\"https:\/\/egyptianwisdomcenter.org\/fr\/produit\/larchitecture-metaphysique-des-anciens-egyptiens-2\/\"><span style=\"color: #ff0000;\"><strong><span style=\"color: #0000ff;\">https:\/\/egyptianwisdomcenter.org\/product\/the-ancient-egyptian-metaphysical-architecture\/<\/span><\/strong><\/span><\/a><\/p>","protected":false},"excerpt":{"rendered":"<p>The Function\/Objective Of The Temple &nbsp; It is the common tendency to ignore the religious function of Ancient Egyptian temples. Instead, they [&hellip;]<\/p>","protected":false},"author":3,"featured_media":0,"parent":0,"menu_order":0,"comment_status":"closed","ping_status":"closed","template":"","meta":{"footnotes":""},"class_list":["post-248","page","type-page","status-publish","hentry"],"aioseo_notices":[],"_links":{"self":[{"href":"https:\/\/egyptianwisdomcenter.org\/fr\/wp-json\/wp\/v2\/pages\/248","targetHints":{"allow":["GET"]}}],"collection":[{"href":"https:\/\/egyptianwisdomcenter.org\/fr\/wp-json\/wp\/v2\/pages"}],"about":[{"href":"https:\/\/egyptianwisdomcenter.org\/fr\/wp-json\/wp\/v2\/types\/page"}],"author":[{"embeddable":true,"href":"https:\/\/egyptianwisdomcenter.org\/fr\/wp-json\/wp\/v2\/users\/3"}],"replies":[{"embeddable":true,"href":"https:\/\/egyptianwisdomcenter.org\/fr\/wp-json\/wp\/v2\/comments?post=248"}],"version-history":[{"count":0,"href":"https:\/\/egyptianwisdomcenter.org\/fr\/wp-json\/wp\/v2\/pages\/248\/revisions"}],"wp:attachment":[{"href":"https:\/\/egyptianwisdomcenter.org\/fr\/wp-json\/wp\/v2\/media?parent=248"}],"curies":[{"name":"wp","href":"https:\/\/api.w.org\/{rel}","templated":true}]}}