{"id":250,"date":"2018-11-02T00:00:00","date_gmt":"2018-11-02T04:00:00","guid":{"rendered":"http:\/\/egyptianwisdomcenter.org\/the-harmonic-design-parameters\/"},"modified":"2023-02-14T19:44:01","modified_gmt":"2023-02-15T00:44:01","slug":"the-harmonic-design-parameters-2","status":"publish","type":"page","link":"https:\/\/egyptianwisdomcenter.org\/fr\/les-parametres-de-conception-harmonique-2\/","title":{"rendered":"Les param\u00e8tres de conception harmonique"},"content":{"rendered":"<h2 style=\"text-align: center;\"><span style=\"color: #0000ff;\"><strong>Les param\u00e8tres de conception harmonique<\/strong><\/span><\/h2>\n<p>&nbsp;<\/p>\n<p>La conception harmonieuse de l\u2019architecture \u00e9gyptienne antique a \u00e9t\u00e9 obtenue gr\u00e2ce \u00e0 l\u2019unification de deux syst\u00e8mes\u00a0:<\/p>\n<p style=\"padding-left: 30px;\"><span style=\"color: #ff0000;\">1. Arithm\u00e9tique (nombres significatifs).<\/span><\/p>\n<p style=\"padding-left: 30px;\"><span style=\"color: #ff0000;\">2. Graphique (carr\u00e9, rectangles et quelques triangles).<\/span><\/p>\n<p>L\u2019union des deux syst\u00e8mes refl\u00e8te la relation des parties au tout, qui est l\u2019essence m\u00eame de la conception harmonieuse.<\/p>\n<p>Cette union de l&#039;arithm\u00e9tique et du graphisme suit les \u00e9l\u00e9ments d\u00e9crits ci-dessous.<\/p>\n<p><span style=\"color: #ff0000;\"><strong>1. Le syst\u00e8me arithm\u00e9tique comprenait\u00a0:<\/strong><\/span><\/p>\n<p><span style=\"text-decoration: underline;\"><strong>1-a. Les axes actifs<\/strong><\/span><\/p>\n<p>Un axe est une ligne imaginaire et id\u00e9ale autour de laquelle tourne un corps en mouvement. En g\u00e9om\u00e9trie, un axe est \u00e9galement imaginaire : une ligne sans \u00e9paisseur.<\/p>\n<p>Le temple \u00e9gyptien \u00e9tait consid\u00e9r\u00e9 comme une unit\u00e9 organique et vivante. Il est en mouvement constant ; ses alignements complexes et ses multiples asym\u00e9tries le font osciller autour de ses axes. Ce mouvement s&#039;effectue dans un rythme donn\u00e9 par le \u00ab module \u00bb ou le coefficient particulier de la chose ou de l&#039;id\u00e9e \u00e0 d\u00e9finir.<\/p>\n<p>La conception architecturale de l\u2019\u00c9gypte ancienne se distingue par sa forte sym\u00e9trie apparente autour d\u2019un axe longitudinal. C\u2019est le r\u00e9sultat de la connaissance \u00e9gyptienne antique des lois cosmiques. Le designer \u00e9gyptien a refl\u00e9t\u00e9 cette l\u00e9g\u00e8re asym\u00e9trie cosmique en veillant \u00e0 ce que les \u00e9l\u00e9ments de chaque c\u00f4t\u00e9 de l\u2019axe ne soient pas exactement identiques les uns aux autres. Bien que la plupart d&#039;entre eux soient \u00e9quilibr\u00e9s, les \u00e9l\u00e9ments ne sont pas sym\u00e9triques. Deux exemples sont pr\u00e9sent\u00e9s ci-dessous d&#039;axes d\u00e9finis sur des dessins \u00e9gyptiens anciens.<\/p>\n<p><img decoding=\"async\" class=\"aligncenter\" src=\"http:\/\/egyptianwisdomcenter.org\/wp-content\/uploads\/2019\/02\/axis-e1521047516378.png\" \/><\/p>\n<p>La ligne de l&#039;axe peut \u00eatre trouv\u00e9e dans quelques dessins architecturaux ou croquis r\u00e9cup\u00e9r\u00e9s sur papyrus et tablettes de diff\u00e9rentes p\u00e9riodes. Il s&#039;agissait probablement de notations d&#039;ouvriers et, malgr\u00e9 leur objectif pratique, la ligne d&#039;axe y est toujours trac\u00e9e de la m\u00eame mani\u00e8re conventionnelle que dans les dessins modernes.<\/p>\n<p>Dans les b\u00e2timents eux-m\u00eames, l&#039;axe est marqu\u00e9 par une ligne grav\u00e9e sur les pierres de l&#039;assise sup\u00e9rieure d&#039;une dalle de fondation, comme c&#039;est le cas du temple de Louxor.<\/p>\n<p><span style=\"text-decoration: underline;\"><strong>1-b. Points importants (le long de l&#039;axe)<\/strong><\/span><\/p>\n<p>Des points significatifs ont \u00e9t\u00e9 d\u00e9termin\u00e9s le long de l\u2019axe de conception. Ces points marquent l&#039;intersection d&#039;axes transversaux, l&#039;alignement d&#039;un portail central, la position d&#039;un autel, le centre du sanctuaire, etc. Ces points significatifs suivent une progression arithm\u00e9tique pr\u00e9cise. Dans la plupart des meilleurs plans, ces points significatifs sont \u00e0 des distances harmoniques les uns des autres, et leurs distances d&#039;une extr\u00e9mit\u00e9 \u00e0 l&#039;autre expriment les chiffres de la s\u00e9rie de sommation (appel\u00e9e Fibonacci), 3, 5, 8, 13, 21. , 34, 55, 89, 144, 233, 377, 610, . . . L&#039;analyse harmonique montre une s\u00e9rie de points significatifs lisibles des deux c\u00f4t\u00e9s, c&#039;est-\u00e0-dire que s&#039;il \u00e9tait invers\u00e9, un syst\u00e8me de points significatifs correspondrait \u00e9galement \u00e0 la S\u00e9rie avec le point de r\u00e9f\u00e9rence commen\u00e7ant \u00e0 l&#039;extr\u00e9mit\u00e9 oppos\u00e9e du plan.<\/p>\n<p>Un grand nombre de s\u00e9ries de sommations se sont cristallis\u00e9es dans les monuments \u00e9gyptiens d\u00e8s l&#039;Ancien Empire. La conception du temple pyramidal de Khafra (Chephren) atteint le chiffre de 233 coud\u00e9es dans sa longueur totale, mesur\u00e9e \u00e0 partir de la pyramide, avec une s\u00e9rie compl\u00e8te de DIX points significatifs.<\/p>\n<p>Le Temple de Karnak suit les chiffres de la S\u00e9rie Summation jusqu&#039;\u00e0 610 coud\u00e9es, soit DOUZE points significatifs. [Voir les sch\u00e9mas des deux temples dans le chapitre suivant].<\/p>\n<p><span style=\"color: #ff0000;\"><strong>2. Le syst\u00e8me graphique \u00e9tait compos\u00e9 de\u00a0:<\/strong><\/span><\/p>\n<p><span style=\"text-decoration: underline;\"><strong>2-a. Les Triangles T\u00e9lescopiques<\/strong><\/span><\/p>\n<p>Le plan typique du temple \u00e9gyptien augmente en largeur et en hauteur du sanctuaire vers l&#039;avant. Cette d\u00e9limitation globale reposait sur un \u00ab syst\u00e8me t\u00e9lescopique \u00bb de conception depuis l\u2019Ancien Empire. L&#039;augmentation de la largeur a \u00e9t\u00e9 r\u00e9alis\u00e9e par l&#039;utilisation de triangles cons\u00e9cutifs 1:2, 1:4 et 1:8 \u00e0 partir d&#039;un ou plusieurs points significatifs. [Voir le sch\u00e9ma du temple de Karnak (partiel) ci-dessous.]<\/p>\n<p><a href=\"https:\/\/pressbooks.com\/app\/uploads\/sites\/42617\/2015\/12\/telescopic-triangles.png\"><img fetchpriority=\"high\" decoding=\"async\" class=\"wp-image-318 size-full aligncenter\" src=\"http:\/\/egyptianwisdomcenter.org\/wp-content\/uploads\/2019\/02\/telescopic-triangles-e1521031649530.png\" alt=\"\" width=\"435\" height=\"555\" \/><\/a><\/p>\n<p>&nbsp;<\/p>\n<p>La m\u00eame configuration t\u00e9lescopique s&#039;appliquait au plan vertical, selon lequel le sol du temple descendait et les toits montaient vers l&#039;ext\u00e9rieur vers les pyl\u00f4nes du temple\u00a0; comme le montre plusieurs temples dans un chapitre pr\u00e9c\u00e9dent de ce livre.<\/p>\n<p><span style=\"text-decoration: underline;\"><strong>2-b. Les p\u00e9rim\u00e8tres rectangulaires<\/strong><\/span><\/p>\n<p>Les contours g\u00e9n\u00e9raux horizontaux et verticaux sont essentiellement de forme rectangulaire, tant pour l&#039;ensemble du plan que pour ses parties constitutives. Les configurations les plus courantes utilis\u00e9es sont\u00a0:<\/p>\n<ul>\n<li>Une place simple, comme celle utilis\u00e9e dans le temple pyramidal de Khafra (Chephren) \u00e0 Gizeh.<\/li>\n<\/ul>\n<ul>\n<li>Un double carr\u00e9 ou rectangle 1:2, comme le complexe Zoser \u00e0 Saqqarah, l&#039;enceinte int\u00e9rieure de Karnak et la salle des f\u00eates de Twt Homosis III<\/li>\n<\/ul>\n<ul>\n<li>Rectangles racines\u00a0: de nombreux exemples [illustr\u00e9s ci-dessous].<\/li>\n<\/ul>\n<p><a href=\"http:\/\/egyptianwisdomcenter.org\/wp-content\/uploads\/2019\/02\/2rectangle.png\"><img decoding=\"async\" class=\"size-full wp-image-286 aligncenter\" src=\"http:\/\/egyptianwisdomcenter.org\/wp-content\/uploads\/2019\/02\/2rectangle.png\" alt=\"\" width=\"287\" height=\"264\" \/><\/a><\/p>\n<p>&nbsp;<\/p>\n<ul>\n<li>Le rectangle de Neb (d&#039;or), o\u00f9 la \u00ab valeur num\u00e9rique \u00bb du rapport entre les deux c\u00f4t\u00e9s est \u00e9gale \u00e0 1,618 \u2013 de nombreux exemples comme dans le temple pyramidal de Khafra \u00e0 Gizeh [montr\u00e9 plus t\u00f4t].<\/li>\n<li><\/li>\n<\/ul>\n<h2><strong>\u00a0<span style=\"color: #0000ff;\">Le plan vertical<\/span><\/strong><\/h2>\n<p>Les anciens \u00c9gyptiens ma\u00eetrisaient le principe vertical ainsi que la ligne horizontale. Les hauteurs verticales ont suivi la m\u00eame augmentation proportionnelle que les largeurs horizontales \u00e0 mesure que l&#039;on ajoutait des fa\u00e7ades aux monuments, aspect caract\u00e9ristique des temples \u00e9gyptiens.<\/p>\n<p>La proportion harmonique \u00e9tait appliqu\u00e9e par les \u00c9gyptiens de l\u2019Antiquit\u00e9 dans les trois dimensions, telles que\u00a0:<\/p>\n<ul>\n<li>Les pyramides (bases carr\u00e9es et volume triangulaire).<\/li>\n<\/ul>\n<ul>\n<li>Le cas frappant de la Chambre du Roi dans la pyramide de Kh\u00e9ops (K\u00e9ops), qui fournit des relations exactes pour la grande diagonale de l&#039;espace par rapport \u00e0 la dimension du c\u00f4t\u00e9. [Voir le diagramme au chapitre 11.]<\/li>\n<\/ul>\n<ul>\n<li>Pyl\u00f4nes. [Voir le diagramme au chapitre 11.]<\/li>\n<\/ul>\n<ul>\n<li>Portes\/portails\/portails. [Voir le diagramme au chapitre 11.]<\/li>\n<\/ul>\n<ul>\n<li>Les hauteurs verticales ont suivi la m\u00eame augmentation proportionnelle que les largeurs horizontales, au fur et \u00e0 mesure des ajouts \u00e0 la fa\u00e7ade des monuments, aspect caract\u00e9ristique des temples \u00e9gyptiens.<\/li>\n<\/ul>\n<p><strong>Diverses applications de la conception harmonique dans les \u0153uvres de l\u2019\u00c9gypte ancienne tout au long de son histoire r\u00e9cup\u00e9r\u00e9e \u2013 et dans tout le pays \u2013 se trouvent dans le chapitre suivant de ce livre.<\/strong><\/p>\n<p>&nbsp;<\/p>\n<div dir=\"auto\">\n<p><span style=\"color: #ff0000;\"><strong>[Un extrait de <\/strong><\/span><strong>L&#039;architecture m\u00e9taphysique de l&#039;\u00c9gypte ancienne par Moustafa Gadalla<\/strong><span style=\"color: #ff0000;\"><strong>]<br \/>\n<a href=\"https:\/\/egyptianwisdomcenter.org\/fr\/produit\/larchitecture-metaphysique-des-anciens-egyptiens-2\/\"><span style=\"color: #0000ff;\">https:\/\/egyptianwisdomcenter.org\/product\/the-ancient-egyptian-metaphysical-architecture\/<\/span><\/a><br \/>\n<\/strong><\/span><\/p>\n<p><img decoding=\"async\" class=\"aligncenter\" src=\"https:\/\/egyptianwisdomcenter.org\/wp-content\/uploads\/2023\/01\/l-architecture-metaphysique-des-anciens-egyptiens-1.jpg\" \/><\/p>\n<p style=\"text-align: center;\"><a href=\"https:\/\/egyptianwisdomcenter.org\/fr\/produit\/larchitecture-metaphysique-des-anciens-egyptiens-2\/\"><span style=\"color: #ff0000;\"><strong><span style=\"color: #0000ff;\">https:\/\/egyptianwisdomcenter.org\/product\/the-ancient-egyptian-metaphysical-architecture\/<\/span><\/strong><\/span><\/a><\/p>\n<\/div>","protected":false},"excerpt":{"rendered":"<p>The Harmonic Design Parameters &nbsp; Harmonic design in Ancient Egyptian architecture was achieved through a unification of two systems: 1. Arithmetic (significant [&hellip;]<\/p>","protected":false},"author":3,"featured_media":0,"parent":0,"menu_order":0,"comment_status":"closed","ping_status":"closed","template":"","meta":{"footnotes":""},"class_list":["post-250","page","type-page","status-publish","hentry"],"aioseo_notices":[],"_links":{"self":[{"href":"https:\/\/egyptianwisdomcenter.org\/fr\/wp-json\/wp\/v2\/pages\/250","targetHints":{"allow":["GET"]}}],"collection":[{"href":"https:\/\/egyptianwisdomcenter.org\/fr\/wp-json\/wp\/v2\/pages"}],"about":[{"href":"https:\/\/egyptianwisdomcenter.org\/fr\/wp-json\/wp\/v2\/types\/page"}],"author":[{"embeddable":true,"href":"https:\/\/egyptianwisdomcenter.org\/fr\/wp-json\/wp\/v2\/users\/3"}],"replies":[{"embeddable":true,"href":"https:\/\/egyptianwisdomcenter.org\/fr\/wp-json\/wp\/v2\/comments?post=250"}],"version-history":[{"count":0,"href":"https:\/\/egyptianwisdomcenter.org\/fr\/wp-json\/wp\/v2\/pages\/250\/revisions"}],"wp:attachment":[{"href":"https:\/\/egyptianwisdomcenter.org\/fr\/wp-json\/wp\/v2\/media?parent=250"}],"curies":[{"name":"wp","href":"https:\/\/api.w.org\/{rel}","templated":true}]}}