{"id":254,"date":"2018-11-02T00:00:00","date_gmt":"2018-11-02T04:00:00","guid":{"rendered":"http:\/\/egyptianwisdomcenter.org\/the-cosmic-proportion-of-the-human-figure\/"},"modified":"2023-01-23T08:43:11","modified_gmt":"2023-01-23T13:43:11","slug":"the-cosmic-proportion-of-the-human-figure-2","status":"publish","type":"page","link":"https:\/\/egyptianwisdomcenter.org\/fr\/la-proportion-cosmique-de-la-figure-humaine-2\/","title":{"rendered":"La proportion cosmique de la figure humaine"},"content":{"rendered":"<h2 style=\"text-align: center;\"><span style=\"color: #ff0000;\"><strong>La proportion cosmique de la figure humaine<\/strong><\/span><\/h2>\n<p>&nbsp;<\/p>\n<p>La proportion est la proportionnalit\u00e9 des diff\u00e9rents \u00e9l\u00e9ments constitutifs avec le tout. Le corps humain est un excellent exemple d&#039;une telle proportion harmonieuse, o\u00f9 la structure humaine a \u00e9t\u00e9 form\u00e9e avec une telle convenance que les diff\u00e9rents membres sont proportionn\u00e9s \u00e0 l&#039;ensemble.<\/p>\n<p>Le canon \u00e9gyptien antique concernant la proportion harmonique des figures humaines ne diff\u00e9rait qu\u2019entre les enfants et les adultes. Les diff\u00e9rences refl\u00e9taient les diff\u00e9rences physiques r\u00e9elles \u00e0 ces deux \u00e9tapes. A la naissance, c&#039;est le nombril qui divise la taille de l&#039;enfant en deux moiti\u00e9s. \u00c0 la maturit\u00e9 (atteinte de la pubert\u00e9), la jonction des deux jambes (organes reproducteurs) se situe \u00e0 mi-hauteur de la silhouette adulte. La position du nombril divise d\u00e9sormais la hauteur en parties in\u00e9gales qui rendent les parties et le tout conformes \u00e0 la proportion Neb (d&#039;or).<\/p>\n<p>Les documents d\u00e9couverts les plus anciens datant de la Ve dynastie montrent que le point le plus \u00e9lev\u00e9 d\u00e9fini le long de l&#039;axe vertical est la racine des cheveux de la t\u00eate d&#039;une personne, lorsqu&#039;elle est pr\u00e9sent\u00e9e dans le royaume terrestre.<\/p>\n<p>Les figurations \u00e9gyptiennes marquent soigneusement - avec un bandeau, une couronne, un diad\u00e8me ou une articulation - une ligne de d\u00e9marcation pour le sommet du cr\u00e2ne de l&#039;homme terrestre, s\u00e9parant ainsi la couronne du cr\u00e2ne. La hauteur du corps a \u00e9t\u00e9 mesur\u00e9e sans la couronne, comme le montre ici cette grille \u00e9gyptienne antique r\u00e9cup\u00e9r\u00e9e.<\/p>\n<p><a href=\"http:\/\/egyptianwisdomcenter.org\/wp-content\/uploads\/2019\/02\/proportion.png\"><img fetchpriority=\"high\" decoding=\"async\" class=\"size-full wp-image-312 aligncenter\" src=\"http:\/\/egyptianwisdomcenter.org\/wp-content\/uploads\/2019\/02\/proportion.png\" alt=\"\" width=\"445\" height=\"333\" \/><\/a><\/p>\n<p>Les repr\u00e9sentations des neteru (dieux\/d\u00e9esses) et\/ou des \u00eatres humains dans l&#039;au-del\u00e0 sont repr\u00e9sent\u00e9es sur une grille de 18 carr\u00e9s, sur toute la hauteur jusqu&#039;au sommet de la t\u00eate (c&#039;est-\u00e0-dire incluant le sommet de la t\u00eate).<\/p>\n<p>La diff\u00e9rence de hauteur entre les deux royaumes refl\u00e8te la profonde compr\u00e9hension des anciens \u00c9gyptiens de la physiologie et du r\u00f4le des humains sur Terre.<\/p>\n<p>L&#039;ablation de cette partie du cerveau humain (le sommet de la t\u00eate) laisse l&#039;homme vivant mais sans discernement, donc sans jugement personnel. La personne est dans un \u00e9tat v\u00e9g\u00e9tatif, vivant et agissant uniquement comme ex\u00e9cutant d&#039;une impulsion qu&#039;elle re\u00e7oit, sans choix r\u00e9el. C&#039;est comme une personne dans le coma.<\/p>\n<p>Le nombril est situ\u00e9 \u00e0 environ 11,1 carr\u00e9s du bas du talon sur le syst\u00e8me de grille \u00e0 18 carr\u00e9s (ou le m\u00eame rapport \u00e9quivalent 0,618 pour les syst\u00e8mes avec ou sans grille). Une telle division suit les lois de l&#039;harmonie entre les deux parties elles-m\u00eames et les parties vers le tout, selon les deux relations suivantes\u00a0:<\/p>\n<p style=\"padding-left: 30px;\">1. Le rapport entre les deux parties (sup\u00e9rieure et inf\u00e9rieure) de la hauteur divine (18 carr\u00e9s de grille) est harmonieux.<\/p>\n<p style=\"padding-left: 60px;\">Haut : Le bas est 0,618<br \/>\nInf\u00e9rieur : Le haut est 1,618<\/p>\n<p><a href=\"http:\/\/egyptianwisdomcenter.org\/wp-content\/uploads\/2019\/02\/human-figuration.png\"><img decoding=\"async\" class=\"wp-image-313 aligncenter\" src=\"http:\/\/egyptianwisdomcenter.org\/wp-content\/uploads\/2019\/02\/human-figuration.png\" alt=\"\" width=\"377\" height=\"493\" \/><\/a><\/p>\n<p style=\"padding-left: 30px;\">2. Entre les deux parties de l&#039;unit\u00e9 enti\u00e8re (hauteur divine) \u2013 en prenant la pleine hauteur (jusqu&#039;\u00e0 la racine des cheveux de la t\u00eate de l&#039;homme terrestre) comme 1 \u2013 le corps depuis les pieds jusqu&#039;au nombril, dans le canon \u00e9gyptien, est \u00e9gal au r\u00e9ciproque de la Proportion Neb (Golden) (1\/N), soit 0,618. La partie allant du nombril \u00e0 la racine des cheveux est \u00e9gale \u00e0 la puissance 2 de l&#039;inverse de la proportion Neb (Golden) (1\/N2), soit 0,382.<\/p>\n<p style=\"text-align: left; padding-left: 60px;\">1\/N + 1\/N<sup>2<\/sup> = 1<br \/>\n0.618 + 0.382 = 1<br \/>\no\u00f9 N = la proportion Neb (Golden) (1,618)<\/p>\n<p style=\"padding-left: 30px;\">En raison de la relation intime entre la s\u00e9rie de sommation et la proportion Neb (dor\u00e9e), nous constatons que les diff\u00e9rentes parties de la figure suivent \u00e9galement la s\u00e9rie de sommation [comme le montre la grille originale ci-dessus du KV22 d&#039;Amenhotep III].<\/p>\n<p><strong>Plus d\u2019informations sur les math\u00e9matiques dans l\u2019\u00c9gypte ancienne dans la section annexes de ce livre.<\/strong><\/p>\n<p>&nbsp;<\/p>\n<p><span style=\"color: #ff0000;\"><strong>[Un extrait de <\/strong><\/span><strong>L&#039;architecture m\u00e9taphysique de l&#039;\u00c9gypte ancienne par Moustafa Gadalla<\/strong><span style=\"color: #ff0000;\"><strong>]<br \/>\n<a href=\"https:\/\/egyptianwisdomcenter.org\/fr\/produit\/larchitecture-metaphysique-des-anciens-egyptiens-2\/\"><span style=\"color: #0000ff;\">https:\/\/egyptianwisdomcenter.org\/product\/the-ancient-egyptian-metaphysical-architecture\/<\/span><\/a><br \/>\n<\/strong><\/span><\/p>\n<p><img decoding=\"async\" class=\"aligncenter\" src=\"https:\/\/egyptianwisdomcenter.org\/wp-content\/uploads\/2023\/01\/l-architecture-metaphysique-des-anciens-egyptiens-1.jpg\" \/><\/p>\n<p style=\"text-align: center;\"><a href=\"https:\/\/egyptianwisdomcenter.org\/fr\/produit\/larchitecture-metaphysique-des-anciens-egyptiens-2\/\"><span style=\"color: #ff0000;\"><strong><span style=\"color: #0000ff;\">https:\/\/egyptianwisdomcenter.org\/product\/the-ancient-egyptian-metaphysical-architecture\/<\/span><\/strong><\/span><\/a><\/p>\n<div dir=\"auto\"><\/div>","protected":false},"excerpt":{"rendered":"<p>The Cosmic Proportion Of The Human Figure &nbsp; Proportion is the commensuration of the various constituent parts with the whole. The human [&hellip;]<\/p>","protected":false},"author":3,"featured_media":0,"parent":0,"menu_order":0,"comment_status":"closed","ping_status":"closed","template":"","meta":{"footnotes":""},"class_list":["post-254","page","type-page","status-publish","hentry"],"aioseo_notices":[],"_links":{"self":[{"href":"https:\/\/egyptianwisdomcenter.org\/fr\/wp-json\/wp\/v2\/pages\/254","targetHints":{"allow":["GET"]}}],"collection":[{"href":"https:\/\/egyptianwisdomcenter.org\/fr\/wp-json\/wp\/v2\/pages"}],"about":[{"href":"https:\/\/egyptianwisdomcenter.org\/fr\/wp-json\/wp\/v2\/types\/page"}],"author":[{"embeddable":true,"href":"https:\/\/egyptianwisdomcenter.org\/fr\/wp-json\/wp\/v2\/users\/3"}],"replies":[{"embeddable":true,"href":"https:\/\/egyptianwisdomcenter.org\/fr\/wp-json\/wp\/v2\/comments?post=254"}],"version-history":[{"count":0,"href":"https:\/\/egyptianwisdomcenter.org\/fr\/wp-json\/wp\/v2\/pages\/254\/revisions"}],"wp:attachment":[{"href":"https:\/\/egyptianwisdomcenter.org\/fr\/wp-json\/wp\/v2\/media?parent=254"}],"curies":[{"name":"wp","href":"https:\/\/api.w.org\/{rel}","templated":true}]}}