{"id":257,"date":"2018-11-02T00:00:00","date_gmt":"2018-11-02T04:00:00","guid":{"rendered":"http:\/\/egyptianwisdomcenter.org\/the-metaphysical-funnel-conduit-design\/"},"modified":"2023-02-14T19:45:55","modified_gmt":"2023-02-15T00:45:55","slug":"the-metaphysical-funnel-conduit-design-2","status":"publish","type":"page","link":"https:\/\/egyptianwisdomcenter.org\/fr\/la-conception-du-conduit-dentonnoir-metaphysique-2\/","title":{"rendered":"La conception du conduit d&#039;entonnoir m\u00e9taphysique"},"content":{"rendered":"<h2 style=\"text-align: center;\"><span style=\"color: #ff0000;\"><strong>La conception du conduit d&#039;entonnoir m\u00e9taphysique<\/strong><\/span><\/h2>\n<p>&nbsp;<\/p>\n<p>La conception du temple partait g\u00e9n\u00e9ralement du sanctuaire, qui en est le point central. Le plan typique du temple \u00e9gyptien augmente en largeur et en hauteur du sanctuaire vers l&#039;avant. Cette d\u00e9limitation globale reposait sur un \u00ab syst\u00e8me t\u00e9lescopique \u00bb de conception.<\/p>\n<p><a href=\"http:\/\/egyptianwisdomcenter.org\/wp-content\/uploads\/2019\/02\/ema-ch5-telescopic2.jpg\"><img fetchpriority=\"high\" decoding=\"async\" class=\"wp-image-1635 aligncenter\" src=\"http:\/\/egyptianwisdomcenter.org\/wp-content\/uploads\/2019\/02\/ema-ch5-telescopic2.jpg\" alt=\"\" width=\"288\" height=\"350\" \/><\/a><\/p>\n<p>La m\u00eame configuration t\u00e9lescopique s&#039;appliquait au plan vertical, selon lequel le sol du temple descendait et les toits montaient, vers l&#039;ext\u00e9rieur, vers les pyl\u00f4nes du temple.<\/p>\n<p>Cette belle vue a\u00e9rienne du temple de M\u00e9dinet Habou \u00e0 Louxor montre clairement la graduation en hauteur entre l&#039;arri\u00e8re et l&#039;avant du temple. La vue a\u00e9rienne nous permet \u00e9galement de voir comment le temple \u00e9tait divis\u00e9 en diff\u00e9rentes zones, chacune avec son propre point d&#039;entr\u00e9e. En regardant le temple depuis son point d&#039;entr\u00e9e, nous pouvons voir l&#039;alignement parfait de toutes les ouvertures dans tout le temple et l&#039;effet d&#039;une telle conception t\u00e9lescopique.<\/p>\n<p><a href=\"http:\/\/egyptianwisdomcenter.org\/wp-content\/uploads\/2019\/02\/ema-ch5-photo3-72c-1.jpg\"><img decoding=\"async\" class=\"wp-image-2677 aligncenter\" src=\"http:\/\/egyptianwisdomcenter.org\/wp-content\/uploads\/2019\/02\/ema-ch5-photo3-72c-1.jpg\" alt=\"\" width=\"264\" height=\"126\" \/><\/a><\/p>\n<p><a href=\"http:\/\/egyptianwisdomcenter.org\/wp-content\/uploads\/2019\/02\/ema-ch5-photo4-72c-1.jpg\"><img decoding=\"async\" class=\"wp-image-2678 aligncenter\" src=\"http:\/\/egyptianwisdomcenter.org\/wp-content\/uploads\/2019\/02\/ema-ch5-photo4-72c-1.jpg\" alt=\"\" width=\"220\" height=\"149\" \/><\/a><\/p>\n<p><a href=\"http:\/\/egyptianwisdomcenter.org\/wp-content\/uploads\/2019\/02\/ema-ch5-photo5-72c-1.jpg\"><img loading=\"lazy\" decoding=\"async\" class=\"wp-image-2679 aligncenter\" src=\"http:\/\/egyptianwisdomcenter.org\/wp-content\/uploads\/2019\/02\/ema-ch5-photo5-72c-1.jpg\" alt=\"\" width=\"220\" height=\"146\" \/><\/a><\/p>\n<p>Ici, nous regardons du sanctuaire vers l&#039;entr\u00e9e du temple, qui nous montre le dessin t\u00e9lescopique dans l&#039;autre sens.<\/p>\n<p><a href=\"http:\/\/egyptianwisdomcenter.org\/wp-content\/uploads\/2019\/02\/ema-ch5-photo6-72c-1.jpg\"><img loading=\"lazy\" decoding=\"async\" class=\"wp-image-2680 aligncenter\" src=\"http:\/\/egyptianwisdomcenter.org\/wp-content\/uploads\/2019\/02\/ema-ch5-photo6-72c-1.jpg\" alt=\"\" width=\"223\" height=\"148\" \/><\/a><\/p>\n<p>&nbsp;<\/p>\n<p>Voici un autre exemple de conception t\u00e9lescopique dans le temple Deir Medinet \u00e0 Louxor.<\/p>\n<p><a href=\"http:\/\/egyptianwisdomcenter.org\/wp-content\/uploads\/2019\/02\/ema-ch5-photo7-72c-1.jpg\"><img loading=\"lazy\" decoding=\"async\" class=\"wp-image-2681 aligncenter\" src=\"http:\/\/egyptianwisdomcenter.org\/wp-content\/uploads\/2019\/02\/ema-ch5-photo7-72c-1.jpg\" alt=\"\" width=\"166\" height=\"251\" \/><\/a><\/p>\n<p>&nbsp;<\/p>\n<p>Dans le temple d&#039;Abydos : le m\u00eame mod\u00e8le t\u00e9lescopique.<\/p>\n<p><a href=\"http:\/\/egyptianwisdomcenter.org\/wp-content\/uploads\/2019\/02\/ema-ch5-photo8-72c-1.jpg\"><img loading=\"lazy\" decoding=\"async\" class=\"wp-image-2682 aligncenter\" src=\"http:\/\/egyptianwisdomcenter.org\/wp-content\/uploads\/2019\/02\/ema-ch5-photo8-72c-1.jpg\" alt=\"\" width=\"188\" height=\"184\" \/><\/a><\/p>\n<p>&nbsp;<\/p>\n<p>Dans le temple de Kom Ombo.<\/p>\n<p><a href=\"http:\/\/egyptianwisdomcenter.org\/wp-content\/uploads\/2019\/02\/ema-ch5-photo9-72c-1.jpg\"><img loading=\"lazy\" decoding=\"async\" class=\"wp-image-2683 aligncenter\" src=\"http:\/\/egyptianwisdomcenter.org\/wp-content\/uploads\/2019\/02\/ema-ch5-photo9-72c-1.jpg\" alt=\"\" width=\"180\" height=\"243\" \/><\/a><\/p>\n<p>&nbsp;<\/p>\n<p>Dans le temple de Philae \u00e0 Assouan :.<\/p>\n<p><a href=\"http:\/\/egyptianwisdomcenter.org\/wp-content\/uploads\/2019\/02\/ema-ch5-photo10-72c-1.jpg\"><img loading=\"lazy\" decoding=\"async\" class=\"wp-image-2684 aligncenter\" src=\"http:\/\/egyptianwisdomcenter.org\/wp-content\/uploads\/2019\/02\/ema-ch5-photo10-72c-1.jpg\" alt=\"\" width=\"177\" height=\"270\" \/><\/a><\/p>\n<p>&nbsp;<\/p>\n<p>La conception t\u00e9lescopique permet le flux d&#039;\u00e9nergie des \u00eatres humains vers le si\u00e8ge de l&#039;\u00e9nergie divine dans le sanctuaire.<\/p>\n<p>Si l\u2019\u00e9nergie divine accepte l\u2019offrande d\u2019un humain, elle rayonnera son \u00e9nergie divine vers l\u2019ext\u00e9rieur depuis le si\u00e8ge de l\u2019\u00e9nergie divine jusqu\u2019\u00e0 la porte d\u2019entr\u00e9e du temple.<\/p>\n<p>La repr\u00e9sentation du temple \u00e9gyptien nous montre comment l&#039;homme s&#039;approche du divin en pr\u00e9sentant des offrandes, le fruit du travail.<\/p>\n<p>Offrir des processions entrant et se dirigeant vers le point central du temple ou du tombeau est un th\u00e8me constant.<\/p>\n<p>\u00c0 la fin de la Grande Cour, le Pharaon ou ses d\u00e9l\u00e9gu\u00e9s offriront syst\u00e9matiquement des offrandes rituelles aux forces divines alors qu&#039;elles se dirigent vers le saint des plus saints.<\/p>\n<p>Les \u00e9nergies divines r\u00e9pondront \u00e0 l\u2019action propre de l\u2019homme en rayonnant ses \u00e9nergies divines au profit de tous ceux qui en sont dignes.<\/p>\n<p>&nbsp;<\/p>\n<div dir=\"auto\">\n<p><span style=\"color: #ff0000;\"><strong>[Un extrait de <\/strong><\/span><strong>L&#039;architecture m\u00e9taphysique de l&#039;\u00c9gypte ancienne par Moustafa Gadalla<\/strong><span style=\"color: #ff0000;\"><strong>]<br \/>\n<a href=\"https:\/\/egyptianwisdomcenter.org\/fr\/produit\/larchitecture-metaphysique-des-anciens-egyptiens-2\/\"><span style=\"color: #0000ff;\">https:\/\/egyptianwisdomcenter.org\/product\/the-ancient-egyptian-metaphysical-architecture\/<\/span><\/a><br \/>\n<\/strong><\/span><\/p>\n<p><img decoding=\"async\" class=\"aligncenter\" src=\"https:\/\/egyptianwisdomcenter.org\/wp-content\/uploads\/2023\/01\/l-architecture-metaphysique-des-anciens-egyptiens-1.jpg\" \/><\/p>\n<p style=\"text-align: center;\"><a href=\"https:\/\/egyptianwisdomcenter.org\/fr\/produit\/larchitecture-metaphysique-des-anciens-egyptiens-2\/\"><span style=\"color: #ff0000;\"><strong><span style=\"color: #0000ff;\">https:\/\/egyptianwisdomcenter.org\/product\/the-ancient-egyptian-metaphysical-architecture\/<\/span><\/strong><\/span><\/a><\/p>\n<\/div>","protected":false},"excerpt":{"rendered":"<p>The Metaphysical Funnel Conduit Design &nbsp; The design of the temple usually started from the sanctuary, which is the focal point. The [&hellip;]<\/p>","protected":false},"author":3,"featured_media":0,"parent":0,"menu_order":0,"comment_status":"closed","ping_status":"closed","template":"","meta":{"footnotes":""},"class_list":["post-257","page","type-page","status-publish","hentry"],"aioseo_notices":[],"_links":{"self":[{"href":"https:\/\/egyptianwisdomcenter.org\/fr\/wp-json\/wp\/v2\/pages\/257","targetHints":{"allow":["GET"]}}],"collection":[{"href":"https:\/\/egyptianwisdomcenter.org\/fr\/wp-json\/wp\/v2\/pages"}],"about":[{"href":"https:\/\/egyptianwisdomcenter.org\/fr\/wp-json\/wp\/v2\/types\/page"}],"author":[{"embeddable":true,"href":"https:\/\/egyptianwisdomcenter.org\/fr\/wp-json\/wp\/v2\/users\/3"}],"replies":[{"embeddable":true,"href":"https:\/\/egyptianwisdomcenter.org\/fr\/wp-json\/wp\/v2\/comments?post=257"}],"version-history":[{"count":0,"href":"https:\/\/egyptianwisdomcenter.org\/fr\/wp-json\/wp\/v2\/pages\/257\/revisions"}],"wp:attachment":[{"href":"https:\/\/egyptianwisdomcenter.org\/fr\/wp-json\/wp\/v2\/media?parent=257"}],"curies":[{"name":"wp","href":"https:\/\/api.w.org\/{rel}","templated":true}]}}