{"id":26655,"date":"2019-03-23T21:41:39","date_gmt":"2019-03-24T01:41:39","guid":{"rendered":"https:\/\/egyptianwisdomcenter.org\/consciencia-astronomica\/"},"modified":"2023-01-11T10:51:12","modified_gmt":"2023-01-11T15:51:12","slug":"consciencia-astronomica","status":"publish","type":"page","link":"https:\/\/egyptianwisdomcenter.org\/fr\/consciencia-astronomica\/","title":{"rendered":"Consci\u00eancia Astron\u00f4mica"},"content":{"rendered":"<h2 style=\"text-align: center;\"><span style=\"color: #0000ff;\">Consci\u00eancia Astron\u00f4mica<\/span><\/h2>\n<p>&nbsp;<\/p>\n<h3><span style=\"color: #ff0000;\"><strong>1. Consci\u00eancia C\u00f3smica E Astronomia<\/strong><\/span><\/h3>\n<p>O Egito, reconhecendo a influ\u00eancia dos c\u00e9us na terra, observou os c\u00e9us com a m\u00e1xima aten\u00e7\u00e3o. Os dados da astronomia foram estudados por seu significado: isto \u00e9, o estudo de correspond\u00eancias entre eventos nos c\u00e9us e acontecimentos na terra. Astronomia e astrologia foram, para eles, dois lados da mesma moeda.<\/p>\n<p>Registros eg\u00edpcios antigos de todos os assuntos do assunto mostram uma completa coordena\u00e7\u00e3o e correspond\u00eancia entre as atividades dos eg\u00edpcios na terra e os v\u00e1rios ciclos do universo (como algumas aplica\u00e7\u00f5es s\u00e3o descritas ao longo deste livro).<\/p>\n<p>Os eg\u00edpcios estavam muito conscientes de sua depend\u00eancia dos ciclos da terra e do c\u00e9u. Portanto, os sacerdotes do templo foram atribu\u00eddos a tarefa de observar os movimentos desses corpos celestiais. Eles tamb\u00e9m foram respons\u00e1veis por anotar outros acontecimentos celestiais e interpret\u00e1-los.<\/p>\n<p>In\u00fameros monumentos podem ser encontrados em todos os s\u00edtios antigos eg\u00edpcios, atestando a sua plena consci\u00eancia e conhecimento de cosmologia e astronomia.<\/p>\n<p>Clement Alexandrinus (200 D.C.) relatou sobre o conhecimento avan\u00e7ado da astronomia no Egito antigo. Ele se referiu a cinco volumes inter-relacionados no Egito antigo em astronomia \u2014 um contendo uma lista das estrelas fixas, outro sobre os fen\u00f4menos do sol e da lua, outros dois sobre o aumento das estrelas, e outro contendo uma cosmografia e geografia, o curso do sol , lua, e os cinco planetas. Estas refer\u00eancias indicam uma compreens\u00e3o completa da astronomia incompar\u00e1vel mesmo em nossos tempos atuais.<\/p>\n<p>Enquanto a Academia ocidental atribui o conhecimento da astronomia aos gregos, os pr\u00f3prios gregos atribu\u00edram seu conhecimento astron\u00f4mico aos sacerdotes eg\u00edpcios.<\/p>\n<p>O grande Strabo [64 A.C. \u2013 25 D.C.] admitiu, em c. 20 A.C. (cerca de 100 anos depois de Hipparchus) que:<\/p>\n<p style=\"padding-left: 30px;\"><strong><em>&#8220;Os padres eg\u00edpcios s\u00e3o supremos na ci\u00eancia do c\u00e9u&#8230; [os eg\u00edpcios]&#8230; transmitir alguns dos seus preceitos; Embora ocultem a maior parte. [Os eg\u00edpcios] revelaram aos gregos os segredos do ano inteiro, a quem o \u00faltimo ignorou como com muitas outras coisas &#8220;.<\/em><\/strong><\/p>\n<p>(Mais sobre o mais preciso ano calendaral eg\u00edpcio mais tarde neste cap\u00edtulo.)<\/p>\n<p>Astr\u00f4nomos estudando Egito h\u00e1 muito argumentaram que a astronomia eg\u00edpcia foi altamente avan\u00e7ada; que a precess\u00e3o dos equin\u00f3ricos era conhecido por eles, como era o sistema helioc\u00eantrico e muitos outros fen\u00f4menos supostamente s\u00f3 recentemente descoberto.<\/p>\n<p>&nbsp;<\/p>\n<h3><span style=\"color: #ff0000;\"><strong>2. Kepler E Astronomia Eg\u00edpcia<\/strong><\/span><\/h3>\n<p>Algumas d\u00e9cadas atr\u00e1s, aqueles que sugeriram que a astronomia tinha chegado a um estado avan\u00e7ado muito antes da inven\u00e7\u00e3o do telesc\u00f3pio foram geralmente ridicularizado ou ignorado. A astronomia &#8220;moderna&#8221; \u00e9 atribu\u00edda \u00e0s obras de Johannes Kepler [1571 \u2013 1630 D.C.], e ele \u00e9 creditado por ter &#8220;descoberto&#8221; as tr\u00eas leis planet\u00e1rias sem o &#8220;benef\u00edcio de um telesc\u00f3pio&#8221;.<\/p>\n<p style=\"padding-left: 30px;\">Lei 1. A \u00f3rbita de um planeta\/cometa sobre o sol \u00e9 uma elipse com o centro do sol de massa em um foco.<\/p>\n<p style=\"padding-left: 30px;\">Lei 2. Uma linha que une um planeta\/cometa e o sol varre para fora \u00e1reas iguais em intervalos iguais do tempo.<\/p>\n<p style=\"padding-left: 30px;\">Lei 3. Os quadrados dos per\u00edodos dos planetas s\u00e3o proporcionais aos cubos de seus eixos semiprincipais.<\/p>\n<p>As leis planet\u00e1rias que mostram as rela\u00e7\u00f5es entre planetas, dist\u00e2ncias, varia\u00e7\u00f5es de velocidade, configura\u00e7\u00f5es de \u00f3rbita, etc. nunca podem ser determinadas sem observa\u00e7\u00f5es, medi\u00e7\u00f5es, grava\u00e7\u00f5es e an\u00e1lises regulares; no entanto, nenhum desses acad\u00eamicos ocidentais nos dizer como Kepler chegou (fora do ar) nessas leis planet\u00e1rias. Na verdade, Kepler se vangloriou na impress\u00e3o, no final do <em>Livro V <\/em>de sua s\u00e9rie <em>harmonia do mundo<\/em>, que ele redescobriu as leis perdidas do Egito, como afirmado abaixo:<\/p>\n<p style=\"padding-left: 30px;\"><strong><em>&#8220;Agora, dezoito meses ap\u00f3s a primeira luz, tr\u00eas meses ap\u00f3s o verdadeiro dia, mas poucos dias depois do sol puro do que o estudo mais maravilhoso come\u00e7ou a brilhar, nada me restringe; \u00e9 o meu prazer de ceder ao frenesi inspirado, \u00e9 o meu prazer de provocar homens mortais com o reconhecimento sincero que <span style=\"text-decoration: underline;\">Eu estou roubando os vasos dourados dos eg\u00edpcios<\/span> para construir um tabern\u00e1culo para o meu Deus a partir deles, longe, longe dos limites do Egito &#8220;.<\/em><\/strong><\/p>\n<p>O jubilante Kepler n\u00e3o disse que ele mesmo descobriu alguma coisa. Em vez disso, era tudo eg\u00edpcio antigo.<\/p>\n<p>&nbsp;<\/p>\n<h3><span style=\"color: #ff0000;\"><strong>3. Observa\u00e7\u00f5es Astron\u00f4micas E Grava\u00e7\u00f5es<\/strong><\/span><\/h3>\n<p>In\u00fameros monumentos podem ser encontrados em todos os s\u00edtios antigos eg\u00edpcios, atestando a sua plena consci\u00eancia e conhecimento de cosmologia e astronomia. Um tipo sistem\u00e1tico da observa\u00e7\u00e3o astron\u00f4mica come\u00e7ou em Egipto antigo em uma estadia muito adiantada. Os antigos eg\u00edpcios compilaram informa\u00e7\u00f5es, fazendo gr\u00e1ficos das constela\u00e7\u00f5es com base em observa\u00e7\u00f5es e grava\u00e7\u00f5es.<\/p>\n<p>Um tipo sistem\u00e1tico de observa\u00e7\u00e3o astron\u00f4mica come\u00e7ou em tempos muito adiantados. Os textos astron\u00f4micos mais antigos atualmente conhecidos s\u00e3o encontrados nas tampas de caix\u00f5es de madeira que datam da 9\u00aa dinastia (c. 2150 A.C.).<\/p>\n<p>Esses textos s\u00e3o chamados de <em>calend\u00e1rios diagonais <\/em>ou <em>rel\u00f3gios de estrela diagonal<\/em>, que significam os objetivos e conte\u00fados desses textos: observar e documentar a rela\u00e7\u00e3o entre o movimento e o tempo das estrelas.<\/p>\n<p>A palavra &#8216; diagonal &#8216; significa medi\u00e7\u00e3o de \u00e2ngulos; ou seja, a dist\u00e2ncia do arco de movimento durante um per\u00edodo de tempo espec\u00edfico.<\/p>\n<p>As medidas angulares s\u00e3o conjuntamente da divis\u00e3o dos eg\u00edpcios do c\u00e9u em 36 segmentos angulares. Cada um tem um \u00e2ngulo central de 10 graus, para um total de 360 graus.<\/p>\n<p>Estes textos d\u00e3o os nomes dos decanos (as estrelas que se levantaram em intervalos de dez dias ao mesmo tempo que o sol), de que havia 36.<\/p>\n<p>Cartas estelares mais elaboradas foram encontradas no novo reino (1550 \u2013 1070 A.C.) no teto do t\u00famulo de Senenmut, arquiteto da Rainha Hatshepsut, e no teto do Templo de Abydos. Nos t\u00famulos de Set I e Ramses IV, VII e IX, inscri\u00e7\u00f5es que se relacionam com o primeiro e o 16\u00ba dia de cada m\u00eas d\u00e3o a posi\u00e7\u00e3o ocupada por uma estrela em cada uma das 12 horas da noite em rela\u00e7\u00e3o a uma figura sentada (sobre a orelha esquerda , sobre a orelha direita, etc.).<\/p>\n<p>&nbsp;<\/p>\n<h3><span style=\"color: #ff0000;\"><strong>4. <\/strong><strong>A Marca\u00e7\u00e3o Eg\u00edpcia Do Tempo Real<\/strong><\/span><\/h3>\n<p>O conhecimento eg\u00edpcio antigo da cronometragem \u00e9 refletido em sua divis\u00e3o do dia em 12 horas do dia e 12 horas da noite. O comprimento da hora n\u00e3o foi fixado, mas variou com as esta\u00e7\u00f5es. Os dias longos no ver\u00e3o significaram umas horas mais longas do dia e o oposto nos meses de inverno. 21 de mar\u00e7o e 23 de setembro, quando o Sol cruza o Equador e dia e noite est\u00e3o em todos os lugares de igual comprimento, s\u00e3o conhecidos como &#8220;equin\u00f3lios&#8221; (noites iguais). O comprimento vari\u00e1vel da hora significa sua compreens\u00e3o do equin\u00f3cio assim como sua compreens\u00e3o cheia da medida exata do tempo, como explicado abaixo.<\/p>\n<p><img decoding=\"async\" class=\"aligncenter\" src=\"https:\/\/ecportuguese.pressbooks.com\/wp-content\/uploads\/sites\/52497\/2016\/11\/Pic-6.png\" \/><\/p>\n<p>Porque a Terra gira em torno do sol no plano de sua \u00f3rbita uma vez por ano, a linha de refer\u00eancia ao sol est\u00e1 mudando constantemente, e o comprimento de um dia solar n\u00e3o \u00e9 o tempo verdadeiro de uma rota\u00e7\u00e3o da terra. \u00c9, portanto, que a nossa Astronomia &#8220;moderna&#8221; reconhece que o tempo real de uma rota\u00e7\u00e3o da terra, que \u00e9 conhecido como o dia sideral, \u00e9 baseado em uma rota\u00e7\u00e3o com rela\u00e7\u00e3o ao equin\u00f3cio vernal, quando o comprimento do dia e da noite s\u00e3o exatamente os mesmos.<\/p>\n<p>Os antigos eg\u00edpcios conheciam os segredos do tempo porque observaram e estudaram o movimento aparente das estrelas, da lua e do sol. Porque todos os corpos celestes est\u00e3o em constante movimento aparente em rela\u00e7\u00e3o ao observador, \u00e9 extremamente importante saber o tempo exato de uma observa\u00e7\u00e3o de um corpo celestial \u2014 que os antigos eg\u00edpcios dominaram h\u00e1 muito tempo.<\/p>\n<p>O movimento de cada corpo celestial foi medido na mudan\u00e7a angular como uma combina\u00e7\u00e3o de declina\u00e7\u00e3o e ascens\u00e3o direita; Estas s\u00e3o as coordenadas dadas das estrelas em um mapa do c\u00e9u.<\/p>\n<p>As observa\u00e7\u00f5es foram gravadas e plotadas em uma grade por sobrepor-sob o centro do c\u00e9u-uma figura humana sentada na posi\u00e7\u00e3o vertical, com o topo de sua cabe\u00e7a colocada abaixo do z\u00e9nite. A grade era tipicamente 8 segmentos horizontais e 12 segmentos verticais, representando as 12 horas da noite. As estrelas que estavam se aproximando do z\u00e9nite foram referenciadas ao longo de uma por\u00e7\u00e3o desta figura, e sua posi\u00e7\u00e3o foi indicada nas listas de estrelas: sobre a orelha esquerda, sobre a orelha direita, etc.<\/p>\n<p>Os textos astron\u00f4micos do Egito antigo d\u00e3o a posi\u00e7\u00e3o das estrelas durante as 12 horas da noite, em intervalos de 15 dias, e a partir desta informa\u00e7\u00e3o, a mudan\u00e7a na localiza\u00e7\u00e3o de um ponto particular no c\u00e9u pode ser medido. Estas medi\u00e7\u00f5es freq\u00fcentes, regulares e grava\u00e7\u00f5es levaram-nos a correlacionar a taxa de velocidade dos corpos celestiais e, como tal, os antigos eg\u00edpcios foram capazes de registrar graves e pequenas irregularidades no movimento percebido desses corpos celestes.<\/p>\n<p>Mapas dos c\u00e9us e tabelas de estrelas foram feitas no Egito a partir de uma data muito adiantada; as estrelas sendo agrupadas para formar constela\u00e7\u00f5es como aquelas retratadas nos tetos do t\u00famulo. Refer\u00eancias astron\u00f4micas para a importante constela\u00e7\u00e3o da perna de touro (grande urso) para Sirius, para Orion, e para outros grupos estelares s\u00e3o encontrados na pir\u00e2mide textos da 5\u00aa e 6\u00aa dinastias.<\/p>\n<p>Listas de decanos ou dez dias estrelas (ou grupos estelares) associados com tabelas de estrelas da hora j\u00e1 estavam em uso nos caix\u00f5es das dinastias 11 e 12 de Assyut.<\/p>\n<p><img decoding=\"async\" class=\"aligncenter\" src=\"https:\/\/pressbooks.com\/app\/uploads\/sites\/56539\/2017\/11\/aecr-ch11-1-e1514468421631-300x165-300x165.jpg\" \/><\/p>\n<p>&nbsp;<\/p>\n<p style=\"text-align: center;\"><strong>Lista de estrelas no dia 16 de babeh (Paophi) \u2014 27 de outubro \u2014 de Ramses<\/strong><br \/>\n<strong>T\u00famulo de IX em ta-APET (Tebas).<\/strong><\/p>\n<p>No caso do t\u00famulo de Ramses IX (1131-1112 A.C.), o teto mostra as posi\u00e7\u00f5es das v\u00e1rias estrelas ao longo de 12 per\u00edodos consecutivos de 15 dias. A partir desses gr\u00e1ficos de estrelas, os eg\u00edpcios antigos determinaram as posi\u00e7\u00f5es e mudan\u00e7as de localiza\u00e7\u00e3o e\/ou tempo das estrelas. Como tal, os antigos eg\u00edpcios estavam cientes do fato de que as estrelas mudaram lentamente e que isso foi facilmente mensur\u00e1vel no tr\u00e2nsito meridiano; e assim os eg\u00edpcios antigos sabiam e trabalharam a taxa de mudan\u00e7a precess\u00e3o.<\/p>\n<p>Os antigos eg\u00edpcios fizeram refer\u00eancia \u00e0s estrelas que definem o per\u00edmetro das v\u00e1rias constela\u00e7\u00f5es, tais como:<\/p>\n<p style=\"padding-left: 30px;\">perna do gigante<br \/>\ngarra do ganso<br \/>\ncabe\u00e7a do ganso<br \/>\ndificultar-parte do ganso<br \/>\nestrela de milhares<br \/>\nestrela s&#8217; ar<br \/>\ndedo-ponto da constela\u00e7\u00e3o s&#8217; Ah. Orion<br \/>\nas estrelas de S&#8217; Ah. Orion<br \/>\nestrela que segue Sirius<br \/>\ndedo-ponto de g\u00eameo-estrelas<br \/>\nestrelas da \u00e1gua<br \/>\nponto de dedo do S&#8217; Ah.<br \/>\ncabe\u00e7a do le\u00e3o<br \/>\ncauda do le\u00e3o<\/p>\n<p>&nbsp;<\/p>\n<h3><span style=\"color: #ff0000;\"><strong>5. O Ciclo Do Zod\u00edaco<\/strong><\/span><\/h3>\n<p><a href=\"https:\/\/egyptianwisdomcenter.org\/br\/wp-content\/uploads\/2019\/02\/ec3-136.jpg\"><img loading=\"lazy\" decoding=\"async\" class=\"size-medium wp-image-873 aligncenter\" src=\"https:\/\/egyptianwisdomcenter.org\/br\/wp-content\/uploads\/2019\/02\/ec3-136-300x129.jpg\" alt=\"\" width=\"300\" height=\"129\" \/><\/a><\/p>\n<p>O gr\u00e1fico estelar do p\u00f3lo norte do c\u00e9u, do t\u00famulo de Seti I [1333 \u2013 1304 A.C.] [mostrado acima], refor\u00e7a<br \/>\no significado eg\u00edpcio antigo da palavra Zod\u00edaco \u2014 como um c\u00edrculo de animais.<\/p>\n<p>A principal raz\u00e3o para a nossa consci\u00eancia, na terra, do Zod\u00edaco \u00e9 as intera\u00e7\u00f5es complexas entre a terra, sol e lua. Entre os v\u00e1rios volumes dos textos eg\u00edpcios antigos como reconhecidos por Clement Alexandrinus era um volume inteiro sobre os fen\u00f4menos do sol e da lua. O significado do sol e da lua no ritmo c\u00f3smico \u00e9 atribu\u00eddo alegoricamente a \u00cdsis e Osiris, que foi melhor descrito por Diodoro da Sic\u00edlia, <em>livro I<\/em>, 11. 5-6:<\/p>\n<p style=\"padding-left: 30px;\"><strong><em>Estes dois neteru (deuses), eles mant\u00eam, regulam todo o universo,. . .<br \/>\n<\/em><\/strong><\/p>\n<p>As a\u00e7\u00f5es g\u00eameas do sol e da lua na terra s\u00e3o a causa da precess\u00e3o. A lua e o sol puxam, gravitacionalmente, sobre a protuber\u00e2ncia equatorial da nossa terra. A lua tenta puxar o protuber\u00e2ncia no plano de sua \u00f3rbita em torno da terra, e o sol tenta puxar esta protuber\u00e2ncia no plano da \u00f3rbita da terra em torno do sol. Como resultado, a terra n\u00e3o gira em cima de seu eixo, mas mais como um pouco fora do centro Spinning Top. O resultado combinado destas duas tend\u00eancias faz com que o eixo da terra fa\u00e7a um cone duplo no espa\u00e7o, centrado no centro da terra-uma esp\u00e9cie de oscila\u00e7\u00e3o. Este movimento \u00e9 chamado de precess\u00e3o.<\/p>\n<p><img decoding=\"async\" class=\"aligncenter\" src=\"https:\/\/ecportuguese.pressbooks.com\/wp-content\/uploads\/sites\/52497\/2016\/11\/Pic-6.png\" \/><\/p>\n<p>A Terra gira de oeste para leste em seu eixo polar e gira sobre o sol em uma \u00f3rbita el\u00edptica com o sol em um foco da elipse. Ele conclui uma revolu\u00e7\u00e3o em um per\u00edodo de 365,2564 dias. A inclina\u00e7\u00e3o da terra (231\/2 graus com a perpendicular ao plano orbital), combinada com a sua revolu\u00e7\u00e3o em torno do sol, faz com que os comprimentos de dia e noite para mudar e tamb\u00e9m faz com que as diferentes esta\u00e7\u00f5es [mostrado acima].<\/p>\n<p>H\u00e1 v\u00e1rios componentes deste movimento vacilante da terra. Eles s\u00e3o simplesmente diferentes componentes de freq\u00fc\u00eancia dos mesmos efeitos f\u00edsicos-o cabo de guerra entre os tr\u00eas corpos.<\/p>\n<p>Se o c\u00e9u \u00e9 considerado como um pano de fundo constelado, ent\u00e3o por causa da oscila\u00e7\u00e3o da terra sobre o seu eixo, o equin\u00f3cio vernal a cada ano se eleva contra um contexto gradualmente deslocando de constela\u00e7\u00f5es. O efeito n\u00e3o \u00e9 real, mas <em>aparente<\/em>, e s\u00f3 envolve as estrelas. As estrelas n\u00e3o se movem realmente, mas parecem mover-se por causa do Wobble precess\u00e3o da terra. Os astr\u00f4nomos chamam isso de precess\u00e3o dos equin\u00f3lios.<\/p>\n<p>A mudan\u00e7a cont\u00ednua da posi\u00e7\u00e3o das estrelas atua como uma esp\u00e9cie de estrela-rel\u00f3gio para o nosso planeta. Para os eg\u00edpcios antigos, sabendo a taxa exata de mudan\u00e7a Processional e a coordenada de uma estrela, eles foram capazes de determinar a sua altitude no meridiano para qualquer tempo determinado, ou o seu ponto de subida no horizonte oriental.<\/p>\n<p>A precess\u00e3o dos equin\u00f3lios atrav\u00e9s das constela\u00e7\u00f5es d\u00e1 nomes \u00e0s doze idades do Zod\u00edaco. Demora aproximadamente 2.160 anos para o equin\u00f3cio a precess atrav\u00e9s de um signo do Zod\u00edaco. Assim, leva alguns 25.920 anos para o equin\u00f3cio da Primavera atravessar o circuito completo das constela\u00e7\u00f5es dos doze signos do Zod\u00edaco. Este ciclo completo \u00e9 chamado de grande\/ano completo.<\/p>\n<p>Cada uma das idades do zod\u00edaco\/sinais \u00e9 dividido em tr\u00eas segmentos iguais representados por tr\u00eas figuras humanas em conjunto com os eg\u00edpcios dividindo o c\u00e9u em 36 segmentos angulares. Cada um tem um \u00e2ngulo central de 10 graus, para um total de 360 graus.<\/p>\n<p>Como indicado e mostrado acima, estes Decanatos s\u00e3o representados na maior parte em um fluxo linear do per\u00edodo o mais adiantado da hist\u00f3ria recuperada Egyptian.<\/p>\n<p><img decoding=\"async\" class=\"aligncenter\" src=\"https:\/\/egyptianwisdomcenter.org\/br\/wp-content\/uploads\/2019\/02\/aecr-ch11-debdera5-300x115.jpg\" \/><\/p>\n<p>Essas mesmas representa\u00e7\u00f5es e organiza\u00e7\u00e3o de decan s\u00e3o exatamente os mesmos milhares de anos mais tarde, seja em fluxo linear no sal\u00e3o de estilo hipo do Templo de Dendera [ver fotografia no Ap\u00eandice C] ou em fluxo circular, como mostrado aqui no mesmo templo eg\u00edpcio, com o muito mesmo triplo decanos para cada uma das doze constela\u00e7\u00f5es zodiacal<\/p>\n<p><img decoding=\"async\" class=\"aligncenter\" src=\"https:\/\/egyptianwisdomcenter.org\/br\/wp-content\/uploads\/2019\/02\/aecr-ch11-dendera1-300x300.jpg\" \/><\/p>\n<p>Se\u00e7\u00e3o do zod\u00edaco de Dendera:<\/p>\n<p><img decoding=\"async\" class=\"aligncenter\" src=\"https:\/\/egyptianwisdomcenter.org\/br\/wp-content\/uploads\/2019\/02\/aecr-ch11-dendera2-300x142.jpg\" \/><\/p>\n<p>Uma se\u00e7\u00e3o ampliada do zod\u00edaco de Dendera:<\/p>\n<p><a href=\"https:\/\/egyptianwisdomcenter.org\/br\/wp-content\/uploads\/2019\/02\/aecr-ch11-dendera3.jpg\"><img loading=\"lazy\" decoding=\"async\" class=\"size-medium wp-image-705 aligncenter\" src=\"https:\/\/egyptianwisdomcenter.org\/br\/wp-content\/uploads\/2019\/02\/aecr-ch11-dendera3-300x235.jpg\" alt=\"\" width=\"300\" height=\"235\" \/><\/a><\/p>\n<p>&nbsp;<\/p>\n<p>Abaixo est\u00e1 a carta do Zod\u00edaco eg\u00edpcio mostrando os principais itens com menos detalhes do que o gr\u00e1fico original.<\/p>\n<p><a href=\"https:\/\/egyptianwisdomcenter.org\/br\/wp-content\/uploads\/2019\/02\/aecr-ch11-dendera4.jpg\"><img loading=\"lazy\" decoding=\"async\" class=\"size-medium wp-image-706 aligncenter\" src=\"https:\/\/egyptianwisdomcenter.org\/br\/wp-content\/uploads\/2019\/02\/aecr-ch11-dendera4-300x296.jpg\" alt=\"\" width=\"300\" height=\"296\" \/><\/a><\/p>\n<p>Os sinais do Zod\u00edaco est\u00e3o representados em dois locais no templo Het-Heru (Hathor) em Dendera. \u00c9 claramente eg\u00edpcio antigo, com suas figuras, s\u00edmbolos, etc. O mesmo simbolismo exato de idade do Zod\u00edaco representado, divindades, figuras, etc. s\u00e3o encontrados em numerosos templos e t\u00famulos eg\u00edpcios antigos em todo o pa\u00eds, muito antes da era greco-romana.<\/p>\n<p>A Academia ocidental desconsiderou a evid\u00eancia f\u00edsica esmagadora, assim como a afirma\u00e7\u00e3o de fontes eg\u00edpcias antigas, que a precess\u00e3o dos equin\u00f3cios era conhecida no Egito desde tempos imemoriais. A Academia entregou o cr\u00e9dito ao &#8220;grego&#8221; Hipparchus de Alexandria [c. 160 \u2013 125 A.C.]. Esta \u00e9 mais uma tentativa pat\u00e9tica de creditar um Europeu com uma conquista importante. No entanto, neste caso, Hipparchus (que nunca se alegou como a fonte) nunca poderia ter feito sozinho algo que requer observa\u00e7\u00f5es astron\u00f4micas, medi\u00e7\u00f5es e grava\u00e7\u00f5es por s\u00e9culos e mil\u00eanios.<\/p>\n<p>Enquanto a Academia ocidental atribui o conhecimento da astronomia aos gregos, os pr\u00f3prios gregos atribu\u00edram seu conhecimento astron\u00f4mico aos sacerdotes eg\u00edpcios. O grande Strabo [64 A.C. \u2013 25 D.C.] admitiu, em c. 20 BCE (aproximadamente 100 anos ap\u00f3s Hipparchus), isso:<\/p>\n<p style=\"padding-left: 30px;\"><strong><em>Os padres eg\u00edpcios s\u00e3o supremos na ci\u00eancia do c\u00e9u&#8230; [os eg\u00edpcios]&#8230; transmitir alguns dos seus preceitos; Embora ocultem a maior parte. [Os eg\u00edpcios] revelaram aos gregos os segredos do ano inteiro, a quem o \u00faltimo ignorou como com muitas outras coisas&#8230;<\/em><\/strong><\/p>\n<p>&nbsp;<\/p>\n<p><span style=\"color: #ff0000;\"><strong>[Trechos <span style=\"color: #3366ff;\">A Cosmologia Eg\u00edpcia: O Universo Animado, Terceira Edi\u00e7\u00e3o<\/span><\/strong><\/span><span style=\"color: #ff0000;\"><strong> por Moustafa Gadalla]<\/strong><\/span><\/p>\n<p><span style=\"color: #0000ff;\"><strong>https:\/\/egyptianwisdomcenter.org\/product\/a-cosmologia-egipcia\/<\/strong><\/span><\/p>\n<p><img decoding=\"async\" class=\"aligncenter\" src=\"https:\/\/egypt-tehuti.org\/wp-content\/uploads\/2016\/10\/cover-portuguese-6-e1514410197313-225x338.jpg\" \/><\/p>\n<p style=\"text-align: center;\"><span style=\"color: #0000ff;\"><strong>https:\/\/egyptianwisdomcenter.org\/product\/a-cosmologia-egipcia\/<\/strong><\/span><\/p>\n<p>&nbsp;<\/p>\n<p>&nbsp;<\/p>\n<p style=\"text-align: center;\"><strong>&#8212;&#8212;<\/strong><\/p>\n<div dir=\"auto\">\n<div dir=\"auto\">\n<p><span style=\"color: #0000ff;\"><strong>https:\/\/egyptianwisdomcenter.org\/product\/a-cultura-do-antigo-egito-revelada\/<\/strong><\/span><\/p>\n<p><img decoding=\"async\" class=\"aligncenter\" src=\"https:\/\/egypt-tehuti.org\/wp-content\/uploads\/2017\/11\/4-e1514402417574-225x338.jpg\" \/><\/p>\n<p style=\"text-align: center;\"><span style=\"color: #0000ff;\"><strong>https:\/\/egyptianwisdomcenter.org\/product\/a-cultura-do-antigo-egito-revelada\/<\/strong><\/span><\/p>\n<\/div>\n<\/div>\n<p>&nbsp;<\/p>\n","protected":false},"excerpt":{"rendered":"<p>Consci\u00eancia Astron\u00f4mica &nbsp; 1. Consci\u00eancia C\u00f3smica E Astronomia O Egito, reconhecendo a influ\u00eancia dos c\u00e9us na terra, observou os c\u00e9us com a [&hellip;]<\/p>\n","protected":false},"author":3,"featured_media":0,"parent":0,"menu_order":0,"comment_status":"closed","ping_status":"closed","template":"","meta":{"_monsterinsights_skip_tracking":false,"_monsterinsights_sitenote_active":false,"_monsterinsights_sitenote_note":"","_monsterinsights_sitenote_category":0,"footnotes":""},"class_list":["post-26655","page","type-page","status-publish","hentry"],"aioseo_notices":[],"_links":{"self":[{"href":"https:\/\/egyptianwisdomcenter.org\/fr\/wp-json\/wp\/v2\/pages\/26655","targetHints":{"allow":["GET"]}}],"collection":[{"href":"https:\/\/egyptianwisdomcenter.org\/fr\/wp-json\/wp\/v2\/pages"}],"about":[{"href":"https:\/\/egyptianwisdomcenter.org\/fr\/wp-json\/wp\/v2\/types\/page"}],"author":[{"embeddable":true,"href":"https:\/\/egyptianwisdomcenter.org\/fr\/wp-json\/wp\/v2\/users\/3"}],"replies":[{"embeddable":true,"href":"https:\/\/egyptianwisdomcenter.org\/fr\/wp-json\/wp\/v2\/comments?post=26655"}],"version-history":[{"count":0,"href":"https:\/\/egyptianwisdomcenter.org\/fr\/wp-json\/wp\/v2\/pages\/26655\/revisions"}],"wp:attachment":[{"href":"https:\/\/egyptianwisdomcenter.org\/fr\/wp-json\/wp\/v2\/media?parent=26655"}],"curies":[{"name":"wp","href":"https:\/\/api.w.org\/{rel}","templated":true}]}}