{"id":267,"date":"2018-11-02T00:00:00","date_gmt":"2018-11-02T04:00:00","guid":{"rendered":"http:\/\/egyptianwisdomcenter.org\/energy-flow-and-connectivity-in-egyptian-works\/"},"modified":"2023-01-03T01:28:25","modified_gmt":"2023-01-03T06:28:25","slug":"energy-flow-and-connectivity-in-egyptian-works-2","status":"publish","type":"page","link":"https:\/\/egyptianwisdomcenter.org\/fr\/flux-denergie-et-connectivite-dans-les-oeuvres-egyptiennes-2\/","title":{"rendered":"Flux d&#039;\u00e9nergie et connectivit\u00e9 dans les \u0153uvres \u00e9gyptiennes"},"content":{"rendered":"<h2 style=\"text-align: center;\"><span style=\"color: #ff0000;\"><strong>Flux d&#039;\u00e9nergie et connectivit\u00e9 <\/strong><\/span><\/h2>\n<h2 style=\"text-align: center;\"><span style=\"color: #ff0000;\"><strong>Dans les \u0153uvres \u00e9gyptiennes<\/strong><\/span><\/h2>\n<p>&nbsp;<\/p>\n<p>&nbsp;<\/p>\n<p>Dans le <em>Litanies de R\u00e9<\/em>, la force cr\u00e9atrice cosmique \u2013 \u00e9tant Re \u2013 est d\u00e9crite comme\u00a0:<\/p>\n<p style=\"padding-left: 30px;\"><strong><em>\u00ab Celui qui est uni \u2013 qui sort de ses propres membres \u00bb.<\/em><\/strong><\/p>\n<p>C&#039;est la d\u00e9finition parfaite de l&#039;unit\u00e9 des multiplicit\u00e9s comme arch\u00e9type de l&#039;univers cr\u00e9\u00e9.<\/p>\n<p>Afin d&#039;assurer la fonction d&#039;un temple, d&#039;une statue, etc. <strong>en tant qu&#039;organisme vivant<\/strong>, ses composants doivent \u00eatre connect\u00e9s pour que l\u2019\u00e9nergie cosmique puisse circuler sans entrave.<\/p>\n<p>Il est faux de penser simplement qu&#039;une connexion entre deux composants\/parties sert uniquement \u00e0 assurer la stabilit\u00e9 structurelle de la ou des parties et de l&#039;ensemble du b\u00e2timent.<\/p>\n<p>Nous pouvons tirer des indices du corps humain (la maison de l\u2019\u00e2me) en examinant le temple \u00e9gyptien (la maison de l\u2019\u00e2me\/\u00e9nergie\/neter cosmique).<\/p>\n<p>Le corps humain est reli\u00e9 aux muscles, etc., mais les veines et les nerfs ne sont pas interrompus au niveau des articulations osseuses du squelette. Le temple \u00e9gyptien antique vivant a \u00e9t\u00e9 con\u00e7u de la m\u00eame mani\u00e8re.<\/p>\n<p>L\u2019unit\u00e9 des \u00e9l\u00e9ments constitutifs du temple doit \u00eatre semblable \u00e0 celle des \u00e9l\u00e9ments constitutifs du corps humain. Les murs d&#039;un temple sont constitu\u00e9s de blocs et de coins, et ces composants (blocs) doivent \u00eatre reli\u00e9s entre eux de mani\u00e8re \u00e0 permettre la circulation de l&#039;\u00e9nergie divine, tout comme les parties d&#039;un \u00eatre humain.<\/p>\n<p>Des bas-reliefs de toutes tailles, ainsi que des symboles hi\u00e9roglyphiques, s&#039;\u00e9tendent avec une perfection totale sur deux blocs contigus. L\u2019intention est tr\u00e8s claire : combler le joint entre des blocs adjacents les uns \u00e0 c\u00f4t\u00e9 des autres ou les uns sur les autres.<\/p>\n<p><a href=\"http:\/\/egyptianwisdomcenter.org\/wp-content\/uploads\/2019\/02\/ema-ch5-photo11-72c-1.jpg\"><img decoding=\"async\" class=\"wp-image-2685 aligncenter\" src=\"http:\/\/egyptianwisdomcenter.org\/wp-content\/uploads\/2019\/02\/ema-ch5-photo11-72c-1.jpg\" alt=\"\" width=\"216\" height=\"182\" \/><\/a><\/p>\n<p>Les blocs eux-m\u00eames \u00e9taient r\u00e9unis dans un certain type de syst\u00e8me nerveux\/\u00e9nerg\u00e9tique. La poursuite du flux d\u2019\u00e9nergie n\u00e9cessitait des mod\u00e8les d\u2019imbrication sp\u00e9ciaux.<\/p>\n<p>La pratique consistant \u00e0 assembler des blocs pr\u00e9valait dans tous les temples \u00e9gyptiens tout au long de l\u2019histoire connue de l\u2019\u00c9gypte ancienne. Voici quelques exemples de candidatures pour rejoindre :<\/p>\n<p>1. D\u00e9couper dans chaque bloc de pierre une encoche superficielle de 2 cm de profondeur, en forme de queue d&#039;aronde, qui reliait la pierre \u00e0<br \/>\nla pierre adjacente. Ces mortaises relient un bloc \u00e0 un autre, sorte de syst\u00e8me nerveux ou art\u00e9riel parcourant tout le temple.<\/p>\n<p><a href=\"http:\/\/egyptianwisdomcenter.org\/wp-content\/uploads\/2019\/02\/eh-133top-1.jpg\"><img decoding=\"async\" class=\"size-full wp-image-1389 aligncenter\" src=\"http:\/\/egyptianwisdomcenter.org\/wp-content\/uploads\/2019\/02\/eh-133top-1.jpg\" alt=\"\" width=\"264\" height=\"82\" \/><\/a><\/p>\n<p>Aucun mat\u00e9riau de liaison n&#039;a jamais \u00e9t\u00e9 trouv\u00e9 dans ces encoches peu profondes en queue d&#039;aronde. Il n&#039;y a pas d&#039;architecture ou de structure<br \/>\nimportance, quelle qu&#039;elle soit, pour de telles encoches, avec ou sans tenons en bois.<\/p>\n<p><a href=\"http:\/\/egyptianwisdomcenter.org\/wp-content\/uploads\/2019\/02\/eh-133middle-1.jpg\"><img decoding=\"async\" class=\"size-full wp-image-1390 aligncenter\" src=\"http:\/\/egyptianwisdomcenter.org\/wp-content\/uploads\/2019\/02\/eh-133middle-1.jpg\" alt=\"\" width=\"252\" height=\"150\" \/><\/a><\/p>\n<p>2. Il y a des marques de marteau artificielles fr\u00e9quentes, intentionnelles, bien d\u00e9finies, rectangulaires, nettes et artificielles sur le dessus des blocs.<br \/>\nEncore une fois, ceux-ci n\u2019ont aucune valeur structurelle. [Voir illustration ci-dessus]<\/p>\n<p>3. Les colonnes constitu\u00e9es de blocs circulaires simples ont leurs sections reli\u00e9es par un cercle bien d\u00e9fini de marteau soign\u00e9.<br \/>\nDes marques. Encore une fois, ceux-ci n\u2019ont aucune valeur structurelle. [Voir illustration ci-dessous]<\/p>\n<p><a href=\"http:\/\/egyptianwisdomcenter.org\/wp-content\/uploads\/2019\/02\/eh-133bottom-1.jpg\"><img loading=\"lazy\" decoding=\"async\" class=\"size-full wp-image-1392 aligncenter\" src=\"http:\/\/egyptianwisdomcenter.org\/wp-content\/uploads\/2019\/02\/eh-133bottom-1.jpg\" alt=\"\" width=\"279\" height=\"155\" \/><\/a><\/p>\n<p>4. Les colonnes construites \u00e0 partir de blocs semi-circulaires (exprimant la dualit\u00e9) pr\u00e9sentent une encoche superficielle de 1\u2033 (2 cm) de profondeur, en forme de queue d&#039;aronde, entre les deux blocs semi-circulaires. Encore une fois, ces encoches sont architecturalement et structurellement<br \/>\nn&#039;a aucun sens. [Voir l&#039;illustration ci-dessus]<\/p>\n<p>5. Les pav\u00e9s dans et autour des b\u00e2timents \u00e9gyptiens antiques sont pos\u00e9s en mosa\u00efque, afin d&#039;\u00e9viter les points pointus.<br \/>\ncoins et lignes de fissures continues, comme les \u00e9normes pav\u00e9s autour des pyramides de Gizeh. On peut clairement voir ces blocs \u00e0 angles carr\u00e9s tr\u00e8s durables, parfaitement ajust\u00e9s, qui mesurent plusieurs m\u00e8tres (m\u00e8tres) de longueur.<\/p>\n<p><a href=\"http:\/\/egyptianwisdomcenter.org\/wp-content\/uploads\/2019\/02\/eh-134-1.jpg\"><img loading=\"lazy\" decoding=\"async\" class=\"wp-image-1394 aligncenter\" src=\"http:\/\/egyptianwisdomcenter.org\/wp-content\/uploads\/2019\/02\/eh-134-1.jpg\" alt=\"\" width=\"156\" height=\"116\" \/><\/a><\/p>\n<p>Les \u00c9gyptiens de l\u2019Antiquit\u00e9, tout au long de leur histoire, ont \u00e9vit\u00e9 les simples joints brusques et imbriqu\u00e9s. La cr\u00e9ation de coins continus et ininterrompus a permis aux \u00e9nergies de circuler sans entrave. Voici quelques exemples de demandes d\u2019adh\u00e9sion, que l\u2019on trouve dans divers endroits en \u00c9gypte\u00a0:<\/p>\n<p><strong>1.<\/strong>\u00a0Dans le temple de la vall\u00e9e des pyramides de Khafra \u00e0 Gizeh, pr\u00e8s du Sphinx.<\/p>\n<p>La plupart des pierres sont serties sous diff\u00e9rents angles. Cette pratique, courante dans les b\u00e2timents \u00e9gyptiens, ne pr\u00e9sente aucun avantage structurel par rapport aux assises r\u00e9guli\u00e8res. Les calculs et le travail suppl\u00e9mentaires impliqu\u00e9s dans ce type de jointage sont consid\u00e9rables, et cette notion occidentale de \u00ab aspects pratiques de conception \u00bb ou de \u00ab consid\u00e9ration \u00e9conomique \u00bb ne devrait jamais \u00eatre prise en compte dans l&#039;\u00c9gypte ancienne.<\/p>\n<p><a href=\"http:\/\/egyptianwisdomcenter.org\/wp-content\/uploads\/2019\/02\/ema-ch5-photo12-72c-1.jpg\"><img loading=\"lazy\" decoding=\"async\" class=\"wp-image-2686 aligncenter\" src=\"http:\/\/egyptianwisdomcenter.org\/wp-content\/uploads\/2019\/02\/ema-ch5-photo12-72c-1.jpg\" alt=\"\" width=\"183\" height=\"276\" \/><\/a><\/p>\n<p>Les coins de pierre ne sont pas des queues d&#039;aronde r\u00e9guli\u00e8res et imbriqu\u00e9es, mais plut\u00f4t des pierres angulaires invers\u00e9es altern\u00e9es. Les joints font le tour des coins. Pour former de tels coins, toute la face de la pierre a \u00e9t\u00e9 creus\u00e9e, dans certains cas de fa\u00e7on spectaculaire, sur plus d&#039;un pied (30 cm) \u2013 dans d&#039;autres cas, cr\u00e9ant \u00e0 peine un retour d&#039;environ un pouce (2 cm) seulement.<\/p>\n<p>Cette m\u00e9thode unique de cr\u00e9ation de coins \u00e9tait couramment utilis\u00e9e tout au long de l\u2019histoire \u00e9gyptienne. Le but de cette caract\u00e9ristique unique est d\u2019\u00e9viter les fissures continues, afin de maintenir l\u2019unit\u00e9 du temple. En cons\u00e9quence, les composants du temple doivent \u00eatre connect\u00e9s afin que l\u2019\u00e9nergie cosmique puisse circuler partout, sans entrave.<\/p>\n<p><a href=\"http:\/\/egyptianwisdomcenter.org\/wp-content\/uploads\/2019\/02\/ema-ch5-photo13-72c-1.jpg\"><img loading=\"lazy\" decoding=\"async\" class=\"wp-image-2687 aligncenter\" src=\"http:\/\/egyptianwisdomcenter.org\/wp-content\/uploads\/2019\/02\/ema-ch5-photo13-72c-1.jpg\" alt=\"\" width=\"214\" height=\"160\" \/><\/a><\/p>\n<p>&nbsp;<\/p>\n<p><strong>2.<\/strong> \u00c9galement trouv\u00e9 \u00e0 Saqqarah \u00e0 l&#039;\u00e9poque de l&#039;Ancien Empire.<\/p>\n<p>Apr\u00e8s avoir travers\u00e9 l&#039;entr\u00e9e par le mur d&#039;enceinte, on retrouve les m\u00eames techniques de sch\u00e9ma de jointoiement :<\/p>\n<p><a href=\"http:\/\/egyptianwisdomcenter.org\/wp-content\/uploads\/2019\/02\/ema-ch5-photo14-72c-1.jpg\"><img loading=\"lazy\" decoding=\"async\" class=\"wp-image-2688 aligncenter\" src=\"http:\/\/egyptianwisdomcenter.org\/wp-content\/uploads\/2019\/02\/ema-ch5-photo14-72c-1.jpg\" alt=\"\" width=\"235\" height=\"161\" \/><\/a><\/p>\n<p><a href=\"http:\/\/egyptianwisdomcenter.org\/wp-content\/uploads\/2019\/02\/ema-ch5-photo15-72c-1.jpg\"><img loading=\"lazy\" decoding=\"async\" class=\"wp-image-2689 aligncenter\" src=\"http:\/\/egyptianwisdomcenter.org\/wp-content\/uploads\/2019\/02\/ema-ch5-photo15-72c-1.jpg\" alt=\"\" width=\"169\" height=\"254\" \/><\/a><\/p>\n<p>&nbsp;<\/p>\n<p><strong>3.<\/strong> Plus au sud, en \u00c9gypte, au complexe des temples de Karnak, nous retrouvons la m\u00eame technique pour assembler les blocs et les repr\u00e9sentations qui y sont plac\u00e9es.<\/p>\n<p><a href=\"http:\/\/egyptianwisdomcenter.org\/wp-content\/uploads\/2019\/02\/ema-ch5-photo16-72c-1.jpg\"><img loading=\"lazy\" decoding=\"async\" class=\"wp-image-2690 aligncenter\" src=\"http:\/\/egyptianwisdomcenter.org\/wp-content\/uploads\/2019\/02\/ema-ch5-photo16-72c-1.jpg\" alt=\"\" width=\"150\" height=\"276\" \/><\/a><\/p>\n<p>&nbsp;<\/p>\n<p><strong>4.<\/strong> En remontant plus au sud le long du Nil, nous arrivons au temple de Kom Ombo. L\u00e0 encore, on retrouve des symboles hi\u00e9roglyphiques s&#039;\u00e9tendant sur deux blocs contigus avec une totale perfection.<\/p>\n<p><a href=\"http:\/\/egyptianwisdomcenter.org\/wp-content\/uploads\/2019\/02\/ema-ch5-photo17-72c-1.jpg\"><img loading=\"lazy\" decoding=\"async\" class=\"wp-image-2691 aligncenter\" src=\"http:\/\/egyptianwisdomcenter.org\/wp-content\/uploads\/2019\/02\/ema-ch5-photo17-72c-1.jpg\" alt=\"\" width=\"235\" height=\"156\" \/><\/a><\/p>\n<p><a href=\"http:\/\/egyptianwisdomcenter.org\/wp-content\/uploads\/2019\/02\/ema-ch5-photo18-72c-1.jpg\"><img loading=\"lazy\" decoding=\"async\" class=\"wp-image-2692 aligncenter\" src=\"http:\/\/egyptianwisdomcenter.org\/wp-content\/uploads\/2019\/02\/ema-ch5-photo18-72c-1.jpg\" alt=\"\" width=\"232\" height=\"164\" \/><\/a><\/p>\n<p>Au bout de ce mur particulier, nous rencontrons les connexions organiques internes entre les blocs des murs du temple. Nous trouvons ici des marques de marteau intentionnelles, bien d\u00e9finies, nettes et artificielles sur le c\u00f4t\u00e9 des blocs. De tels travaux n&#039;ont absolument aucune valeur structurelle (et je le dis en toute autorit\u00e9, puisque je suis ing\u00e9nieur civil avec plus de 40 ans d&#039;exp\u00e9rience).<\/p>\n<p>Il y a des marques de marteau artificielles fr\u00e9quentes, intentionnelles, bien d\u00e9finies, rectangulaires, nettes, artificielles sur le dessus des blocs. Encore une fois, ceux-ci n\u2019ont aucune valeur structurelle. Ce martelage soign\u00e9 et intentionnel est coh\u00e9rent avec <strong>un objectif organique et non structurel.<\/strong><\/p>\n<p><a href=\"http:\/\/egyptianwisdomcenter.org\/wp-content\/uploads\/2019\/02\/ema-ch5-photo19-72c-1.jpg\"><img loading=\"lazy\" decoding=\"async\" class=\"wp-image-2693 aligncenter\" src=\"http:\/\/egyptianwisdomcenter.org\/wp-content\/uploads\/2019\/02\/ema-ch5-photo19-72c-1.jpg\" alt=\"\" width=\"231\" height=\"164\" \/><\/a><\/p>\n<p>Au bas du mur de ce temple particulier, nous rencontrons d\u2019autres d\u00e9tails de conception organique. Dans chaque bloc de pierre se trouve une encoche superficielle de 1 pouce (2 cm) de profondeur, en forme de queue d&#039;aronde, qui reliait la pierre \u00e0 la pierre adjacente. Ces mortaises relient un bloc \u00e0 un autre, sorte de syst\u00e8me nerveux ou art\u00e9riel parcourant tout le temple.<\/p>\n<p><a href=\"http:\/\/egyptianwisdomcenter.org\/wp-content\/uploads\/2019\/02\/ema-ch5-photo20-72c-1.jpg\"><img loading=\"lazy\" decoding=\"async\" class=\"wp-image-2694 aligncenter\" src=\"http:\/\/egyptianwisdomcenter.org\/wp-content\/uploads\/2019\/02\/ema-ch5-photo20-72c-1.jpg\" alt=\"\" width=\"227\" height=\"209\" \/><\/a><\/p>\n<p>Des encoches plus organiques de type queue d&#039;aronde se trouvent partout. Aucun mat\u00e9riau de liaison n&#039;a jamais \u00e9t\u00e9 trouv\u00e9 dans ces encoches peu profondes en queue d&#039;aronde. De telles encoches, avec ou sans tenons en bois, n&#039;ont aucune importance architecturale ou structurelle. Nous trouvons \u00e9galement des marques de marteau fr\u00e9quentes, intentionnelles, bien d\u00e9finies, rectangulaires, nettes et artificielles sur le dessus des blocs. Encore une fois, ceux-ci n\u2019ont aucune valeur structurelle.<\/p>\n<p><a href=\"http:\/\/egyptianwisdomcenter.org\/wp-content\/uploads\/2019\/02\/ema-ch5-photo21-72c-1.jpg\"><img loading=\"lazy\" decoding=\"async\" class=\"wp-image-2695 aligncenter\" src=\"http:\/\/egyptianwisdomcenter.org\/wp-content\/uploads\/2019\/02\/ema-ch5-photo21-72c-1.jpg\" alt=\"\" width=\"224\" height=\"149\" \/><\/a><\/p>\n<p>&nbsp;<\/p>\n<p><strong>5.<\/strong> Au temple de Louxor, nous trouvons ceci <strong>technique de jointoiement organique <\/strong>devant les grandes statues de granit assises. Une fissure inclin\u00e9e dans le granit a \u00e9t\u00e9 \u00ab r\u00e9par\u00e9e \u00bb en r\u00e9alisant deux entailles en queue d&#039;aronde. La d\u00e9marche symbolique (ou mieux encore, organique) est incontournable.<\/p>\n<p><a href=\"http:\/\/egyptianwisdomcenter.org\/wp-content\/uploads\/2019\/02\/ema-ch5-photo22-72c-1.jpg\"><img loading=\"lazy\" decoding=\"async\" class=\"wp-image-2696 aligncenter\" src=\"http:\/\/egyptianwisdomcenter.org\/wp-content\/uploads\/2019\/02\/ema-ch5-photo22-72c-1.jpg\" alt=\"\" width=\"184\" height=\"276\" \/><\/a><\/p>\n<p><a href=\"http:\/\/egyptianwisdomcenter.org\/wp-content\/uploads\/2019\/02\/ema-ch5-photo23-72c-1.jpg\"><img loading=\"lazy\" decoding=\"async\" class=\"wp-image-2697 aligncenter\" src=\"http:\/\/egyptianwisdomcenter.org\/wp-content\/uploads\/2019\/02\/ema-ch5-photo23-72c-1.jpg\" alt=\"\" width=\"181\" height=\"235\" \/><\/a><\/p>\n<p>&nbsp;<\/p>\n<p><strong>6.<\/strong> Nous trouvons des types similaires de statues jointes dans les sphinx \u00e0 t\u00eate d&#039;homme qui s&#039;\u00e9tendent sur 3 km entre les temples de Louxor et de Karnak.<\/p>\n<p><a href=\"http:\/\/egyptianwisdomcenter.org\/wp-content\/uploads\/2019\/02\/ema-ch5-photo24-72c-1.jpg\"><img loading=\"lazy\" decoding=\"async\" class=\"wp-image-2698 aligncenter\" src=\"http:\/\/egyptianwisdomcenter.org\/wp-content\/uploads\/2019\/02\/ema-ch5-photo24-72c-1.jpg\" alt=\"\" width=\"242\" height=\"161\" \/><\/a><\/p>\n<p><a href=\"http:\/\/egyptianwisdomcenter.org\/wp-content\/uploads\/2019\/02\/ema-ch5-photo25-72c-1.jpg\"><img loading=\"lazy\" decoding=\"async\" class=\"wp-image-2699 aligncenter\" src=\"http:\/\/egyptianwisdomcenter.org\/wp-content\/uploads\/2019\/02\/ema-ch5-photo25-72c-1.jpg\" alt=\"\" width=\"237\" height=\"158\" \/><\/a><\/p>\n<p>&nbsp;<\/p>\n<p><strong>7.<\/strong> Sur cette impressionnante route pav\u00e9e entre les deux temples de Louxor et Karnak, nous rencontrons une autre application des motifs de joints organiques dans les pav\u00e9s qui sont pos\u00e9s en mosa\u00efque afin d&#039;\u00e9viter les coins pointus et les lignes de fissures continues, comme les \u00e9normes pav\u00e9s. autour des pyramides de Gizeh. On peut clairement voir ces blocs \u00e0 angles carr\u00e9s tr\u00e8s durables, parfaitement ajust\u00e9s et mesurant plusieurs m\u00e8tres (m\u00e8tres) de longueur.<\/p>\n<p><a href=\"http:\/\/egyptianwisdomcenter.org\/wp-content\/uploads\/2019\/02\/ema-ch5-photo26-72c-1.jpg\"><img loading=\"lazy\" decoding=\"async\" class=\"wp-image-2700 aligncenter\" src=\"http:\/\/egyptianwisdomcenter.org\/wp-content\/uploads\/2019\/02\/ema-ch5-photo26-72c-1.jpg\" alt=\"\" width=\"260\" height=\"173\" \/><\/a><\/p>\n<p><a href=\"http:\/\/egyptianwisdomcenter.org\/wp-content\/uploads\/2019\/02\/ema-ch5-photo27-72c-1.jpg\"><img loading=\"lazy\" decoding=\"async\" class=\"wp-image-2701 aligncenter\" src=\"http:\/\/egyptianwisdomcenter.org\/wp-content\/uploads\/2019\/02\/ema-ch5-photo27-72c-1.jpg\" alt=\"\" width=\"255\" height=\"170\" \/><\/a><\/p>\n<p>&nbsp;<\/p>\n<p><strong>8.<\/strong> Plus au nord, sur le plateau de Gizeh, nous retrouvons le m\u00eame motif organique sur la chauss\u00e9e allant de la pyramide de Khafra jusqu&#039;\u00e0 son temple de la vall\u00e9e, \u00e0 c\u00f4t\u00e9 du Sphinx.<\/p>\n<p><a href=\"http:\/\/egyptianwisdomcenter.org\/wp-content\/uploads\/2019\/02\/ema-ch5-photo28-72c-1.jpg\"><img loading=\"lazy\" decoding=\"async\" class=\"wp-image-2702 aligncenter\" src=\"http:\/\/egyptianwisdomcenter.org\/wp-content\/uploads\/2019\/02\/ema-ch5-photo28-72c-1.jpg\" alt=\"\" width=\"254\" height=\"169\" \/><\/a><\/p>\n<p><a href=\"http:\/\/egyptianwisdomcenter.org\/wp-content\/uploads\/2019\/02\/ema-ch5-photo29-72c-1.jpg\"><img loading=\"lazy\" decoding=\"async\" class=\"wp-image-2703 aligncenter\" src=\"http:\/\/egyptianwisdomcenter.org\/wp-content\/uploads\/2019\/02\/ema-ch5-photo29-72c-1.jpg\" alt=\"\" width=\"263\" height=\"175\" \/><\/a><\/p>\n<p>&nbsp;<\/p>\n<p><strong>9.<\/strong> Les m\u00eames motifs dans d\u2019immenses pav\u00e9s parfaitement ajust\u00e9s se retrouvent autour de la base de la pyramide de Khafra.<\/p>\n<p><a href=\"http:\/\/egyptianwisdomcenter.org\/wp-content\/uploads\/2019\/02\/ema-ch5-photo30-72c-1.jpg\"><img loading=\"lazy\" decoding=\"async\" class=\"wp-image-2704 aligncenter\" src=\"http:\/\/egyptianwisdomcenter.org\/wp-content\/uploads\/2019\/02\/ema-ch5-photo30-72c-1.jpg\" alt=\"\" width=\"266\" height=\"177\" \/><\/a><\/p>\n<p>&nbsp;<\/p>\n<p><strong>10.<\/strong> Les m\u00eames sch\u00e9mas se retrouvent partout sur le plateau de Gizeh.<\/p>\n<p>Les anciens \u00c9gyptiens, tout au long de leur histoire, ont \u00e9vit\u00e9 les joints simples, abrupts et imbriqu\u00e9s. La cr\u00e9ation de coins continus et ininterrompus a permis aux \u00e9nergies de circuler sans entrave.<\/p>\n<p>&nbsp;<\/p>\n<p><span style=\"color: #ff0000;\"><strong>[Un extrait de <\/strong><\/span><strong>L&#039;architecture m\u00e9taphysique de l&#039;\u00c9gypte ancienne par Moustafa Gadalla<\/strong><span style=\"color: #ff0000;\"><strong>]<\/strong><\/span><\/p>\n<p><a href=\"https:\/\/egyptianwisdomcenter.org\/fr\/produit\/larchitecture-metaphysique-des-anciens-egyptiens-2\/\"><span style=\"color: #0000ff;\"><strong>https:\/\/egyptianwisdomcenter.org\/product\/the-ancient-egyptian-metaphysical-architecture\/<\/strong><\/span><\/a><\/p>\n<p><img decoding=\"async\" class=\"aligncenter\" src=\"https:\/\/egyptianwisdomcenter.org\/wp-content\/uploads\/2023\/01\/l-architecture-metaphysique-des-anciens-egyptiens-1.jpg\" \/><\/p>\n<div dir=\"auto\">\n<p style=\"text-align: center;\"><a href=\"https:\/\/egyptianwisdomcenter.org\/fr\/produit\/larchitecture-metaphysique-des-anciens-egyptiens-2\/\"><span style=\"color: #0000ff;\"><strong>https:\/\/egyptianwisdomcenter.org\/product\/the-ancient-egyptian-metaphysical-architecture\/<\/strong><\/span><\/a><\/p>\n<\/div>","protected":false},"excerpt":{"rendered":"<p>Energy Flow And Connectivity In Egyptian Works &nbsp; &nbsp; In the Litany of Re, the cosmic creative force\u2014being Re\u2014is described as: &#8220;The [&hellip;]<\/p>","protected":false},"author":3,"featured_media":0,"parent":0,"menu_order":0,"comment_status":"closed","ping_status":"closed","template":"","meta":{"footnotes":""},"class_list":["post-267","page","type-page","status-publish","hentry"],"aioseo_notices":[],"_links":{"self":[{"href":"https:\/\/egyptianwisdomcenter.org\/fr\/wp-json\/wp\/v2\/pages\/267","targetHints":{"allow":["GET"]}}],"collection":[{"href":"https:\/\/egyptianwisdomcenter.org\/fr\/wp-json\/wp\/v2\/pages"}],"about":[{"href":"https:\/\/egyptianwisdomcenter.org\/fr\/wp-json\/wp\/v2\/types\/page"}],"author":[{"embeddable":true,"href":"https:\/\/egyptianwisdomcenter.org\/fr\/wp-json\/wp\/v2\/users\/3"}],"replies":[{"embeddable":true,"href":"https:\/\/egyptianwisdomcenter.org\/fr\/wp-json\/wp\/v2\/comments?post=267"}],"version-history":[{"count":0,"href":"https:\/\/egyptianwisdomcenter.org\/fr\/wp-json\/wp\/v2\/pages\/267\/revisions"}],"wp:attachment":[{"href":"https:\/\/egyptianwisdomcenter.org\/fr\/wp-json\/wp\/v2\/media?parent=267"}],"curies":[{"name":"wp","href":"https:\/\/api.w.org\/{rel}","templated":true}]}}