{"id":292,"date":"2018-11-02T00:00:00","date_gmt":"2018-11-02T04:00:00","guid":{"rendered":"http:\/\/egyptianwisdomcenter.org\/false-doors-the-physical-metaphysical-threshold\/"},"modified":"2023-02-14T20:11:41","modified_gmt":"2023-02-15T01:11:41","slug":"false-doors-the-physical-metaphysical-threshold-2","status":"publish","type":"page","link":"https:\/\/egyptianwisdomcenter.org\/fr\/fausses-portes-le-seuil-metaphysique-physique-2\/","title":{"rendered":"Les \u00ab fausses portes \u00bb : le seuil physique et m\u00e9taphysique"},"content":{"rendered":"<h2 style=\"text-align: center;\"><span style=\"color: #ff0000;\"><strong>Les \u00ab fausses portes \u00bb : le seuil physique et m\u00e9taphysique<\/strong><\/span><\/h2>\n<p>&nbsp;<\/p>\n<p>Sur le c\u00f4t\u00e9 ouest de TOUS les temples, sanctuaires et tombeaux priv\u00e9s \u00e9gyptiens de toutes les \u00e9poques de l\u2019histoire de l\u2019\u00c9gypte ancienne, il y a toujours une fissure dans le mur \u2013 ou ce qui est commun\u00e9ment d\u00e9crit comme une fissure. <em>fausse porte<\/em>.<\/p>\n<p>L\u2019ouest est le point d\u2019entr\u00e9e de l\u2019esprit du d\u00e9funt. C&#039;est le seuil entre le domaine physique terrestre et le domaine m\u00e9taphysique.<\/p>\n<p>La \u00ab fausse porte \u00bb est essentiellement une forme de mur encastr\u00e9 avec des socles en pierre similaires dans les d\u00e9tails \u00e0 une porte\/fen\u00eatre ordinaire capable de s&#039;ouvrir et de se fermer. La \u00ab fausse porte \u00bb peut prendre la forme de &#039;<em>Mehrab<\/em>&#039;, une niche dans le mur pouvant contenir une effigie ou une relique.<\/p>\n<p>Dans les temples divins, la fausse porte se trouve tout au fond du sanctuaire et fait l&#039;interface entre les sph\u00e8res divine et humaine.<\/p>\n<p>L&#039;action humaine entrante se forme et le flux directionnel se termine \u00e0 la fausse porte, et le flux sortant des b\u00e9n\u00e9dictions divines commence et s&#039;\u00e9coule vers l&#039;ext\u00e9rieur vers l&#039;entr\u00e9e du temple.<\/p>\n<p>En regardant, par exemple, le temple massif de M\u00e9dinet Habu sur la rive ouest de Louxor \u2013 et son mur Occidental \u2013<\/p>\n<p><a href=\"http:\/\/egyptianwisdomcenter.org\/wp-content\/uploads\/2019\/02\/ema-ch5-photo3-72c-1.jpg\"><img decoding=\"async\" class=\"wp-image-2677 aligncenter\" src=\"http:\/\/egyptianwisdomcenter.org\/wp-content\/uploads\/2019\/02\/ema-ch5-photo3-72c-1.jpg\" alt=\"\" width=\"258\" height=\"123\" \/><\/a><\/p>\n<p>nous trouvons - la fausse porte :<\/p>\n<p><a href=\"http:\/\/egyptianwisdomcenter.org\/wp-content\/uploads\/2019\/02\/ema-ch6-photo1-72c-1.jpg\"><img decoding=\"async\" class=\"wp-image-2747 aligncenter\" src=\"http:\/\/egyptianwisdomcenter.org\/wp-content\/uploads\/2019\/02\/ema-ch6-photo1-72c-1.jpg\" alt=\"\" width=\"179\" height=\"200\" \/><\/a><\/p>\n<p>&nbsp;<\/p>\n<p>Plus au nord, \u00e0 Abydos, on trouve une fausse porte similaire sur son mur occidental.<\/p>\n<p><a href=\"http:\/\/egyptianwisdomcenter.org\/wp-content\/uploads\/2019\/02\/ema-ch6-photo2-72c-1.jpg\"><img decoding=\"async\" class=\"wp-image-2748 aligncenter\" src=\"http:\/\/egyptianwisdomcenter.org\/wp-content\/uploads\/2019\/02\/ema-ch6-photo2-72c-1.jpg\" alt=\"\" width=\"174\" height=\"190\" \/><\/a><\/p>\n<p>&nbsp;<\/p>\n<p>De m\u00eame, sur des centaines de tombes\/mastabas du plateau de Gizeh\u00a0:<\/p>\n<p><a href=\"http:\/\/egyptianwisdomcenter.org\/wp-content\/uploads\/2019\/02\/ema-ch6-photo3-72c-1.jpg\"><img loading=\"lazy\" decoding=\"async\" class=\"wp-image-2749 aligncenter\" src=\"http:\/\/egyptianwisdomcenter.org\/wp-content\/uploads\/2019\/02\/ema-ch6-photo3-72c-1.jpg\" alt=\"\" width=\"194\" height=\"152\" \/><\/a><\/p>\n<p>&nbsp;<\/p>\n<p>De fausses portes se trouvent \u00e9galement le long des murs ouest des tombes de Saqqarah\u00a0:<\/p>\n<p><a href=\"http:\/\/egyptianwisdomcenter.org\/wp-content\/uploads\/2019\/02\/ema-ch6-photo4-72c-1.jpg\"><img loading=\"lazy\" decoding=\"async\" class=\"wp-image-2750 aligncenter\" src=\"http:\/\/egyptianwisdomcenter.org\/wp-content\/uploads\/2019\/02\/ema-ch6-photo4-72c-1.jpg\" alt=\"\" width=\"182\" height=\"281\" \/><\/a><\/p>\n<p>&nbsp;<\/p>\n<p>Le terme \u00ab fausse porte \u00bb est lui-m\u00eame quelque peu inappropri\u00e9, car, du point de vue \u00e9gyptien, ces \u00e9l\u00e9ments \u00e9taient des portails enti\u00e8rement fonctionnels par lesquels l&#039;esprit du d\u00e9funt pouvait quitter ou entrer dans le tombeau int\u00e9rieur pour recevoir les offrandes qui lui \u00e9taient pr\u00e9sent\u00e9es.<\/p>\n<h3><strong>Caract\u00e9ristiques compl\u00e9mentaires des fausses portes des tombes\u00a0:<\/strong><\/h3>\n<p style=\"padding-left: 30px;\">1. La plupart de ces panneaux montrent le propri\u00e9taire debout ou assis devant une table d&#039;offrandes. La figure du propri\u00e9taire est sculpt\u00e9e de face et d\u00e9passe le seuil de la porte. Les reliefs du d\u00e9funt en position debout apparaissent \u00e9galement sur les montants de la fausse porte, repr\u00e9sentant ainsi le propri\u00e9taire sortant pour recevoir les offrandes fun\u00e9raires.<\/p>\n<p><a href=\"http:\/\/egyptianwisdomcenter.org\/wp-content\/uploads\/2019\/02\/ema-ch6-photo5-72c-1.jpg\"><img loading=\"lazy\" decoding=\"async\" class=\"wp-image-2751 aligncenter\" src=\"http:\/\/egyptianwisdomcenter.org\/wp-content\/uploads\/2019\/02\/ema-ch6-photo5-72c-1.jpg\" alt=\"\" width=\"171\" height=\"211\" \/><\/a><\/p>\n<p style=\"padding-left: 30px;\">2. Une table d&#039;offrandes devant le personnage d\u00e9c\u00e9d\u00e9 est remplie de miches de pain tranch\u00e9es et de textes simples \u00e9num\u00e9rant diverses offrandes de nourriture et de boissons qui vont du pain et de la bi\u00e8re de base au b\u0153uf et \u00e0 la volaille, aux l\u00e9gumes, aux v\u00eatements et aux huiles sacramentelles. . L&#039;autel, avec ses tranches de pain, peut \u00eatre compl\u00e9t\u00e9 par d&#039;autres tables contenant des offrandes ou des vases de libation.<\/p>\n<p style=\"padding-left: 30px;\">3. Les visiteurs am\u00e8nent les animaux et les oiseaux sacrificiels et d\u00e9coupent le taureau sacrificiel \u00e0 la porte du tombeau. Au milieu se trouve le d\u00e9funt, assis sous son pavillon (signifiant un royaume diff\u00e9rent) et recevant le sacrifice.<\/p>\n<p style=\"padding-left: 30px;\">4. Derri\u00e8re la porte se trouve le puits fun\u00e9raire principal. Le puits principal menait du milieu du toit du mastaba \u00e0 la chambre fun\u00e9raire.<\/p>\n<p><a href=\"http:\/\/egyptianwisdomcenter.org\/wp-content\/uploads\/2019\/02\/ema-ch6-photo8-72c-1.jpg\"><img loading=\"lazy\" decoding=\"async\" class=\"size-full wp-image-2752 aligncenter\" src=\"http:\/\/egyptianwisdomcenter.org\/wp-content\/uploads\/2019\/02\/ema-ch6-photo8-72c-1.jpg\" alt=\"\" width=\"194\" height=\"349\" \/><\/a><\/p>\n<p>&nbsp;<\/p>\n<h3><strong>Les Rendez-vous du Festival Aux \u00ab Fausses \u00bb Portes<\/strong><\/h3>\n<p>Aux jours de f\u00eates et d&#039;offrandes, lorsque les visiteurs pr\u00e9sentaient le banquet selon les rites coutumiers, cette grande figure peinte, en train d&#039;avancer, et vue \u00e0 la lueur de torches vacillantes ou de lampes fumantes, pouvait bien para\u00eetre dot\u00e9e de vie. C&#039;\u00e9tait comme si l&#039;anc\u00eatre d\u00e9c\u00e9d\u00e9 lui-m\u00eame sortait du mur et se tenait myst\u00e9rieusement devant ses descendants pour r\u00e9clamer leur hommage. L&#039;inscription sur le linteau reprend, une fois de plus, le nom et le grade du d\u00e9funt. Des portraits fid\u00e8les de lui et d&#039;autres membres de sa famille figurent dans les bas-reliefs des montants des portes. Des sc\u00e8nes le repr\u00e9sentent assis tranquillement \u00e0 une table avec les d\u00e9tails du festin soigneusement enregistr\u00e9s \u00e0 ses c\u00f4t\u00e9s, depuis le premier moment o\u00f9 l&#039;on lui apporte de l&#039;eau pour ses ablutions jusqu&#039;\u00e0 celui o\u00f9, toutes les comp\u00e9tences culinaires \u00e9tant \u00e9puis\u00e9es, il n&#039;a plus qu&#039;\u00e0 regagner sa demeure. dans un \u00e9tat de satisfaction b\u00e9atifi\u00e9e.<\/p>\n<p>Par la faveur divine, l&#039;\u00e2me (ou plut\u00f4t les doubles [Ka-s] du pain, de la viande et des boissons) passa dans l&#039;autre monde et y rafra\u00eechit le double humain [Ka]. Il n&#039;\u00e9tait cependant pas n\u00e9cessaire que l&#039;offre ait une existence mat\u00e9rielle pour \u00eatre efficace. Le premier venu qui r\u00e9p\u00e9terait \u00e0 haute voix le nom et les formules inscrites sur la pierre assurait \u00e0 l&#039;occupant inconnu, par ce seul moyen, la possession imm\u00e9diate de toutes les choses qu&#039;il \u00e9num\u00e9rait.<\/p>\n<p>&nbsp;<\/p>\n<p><span style=\"color: #ff0000;\"><strong>[Un extrait de <a href=\"https:\/\/egypt-tehuti.org\/product\/ancient-egyptian-architecture\/\">L&#039;architecture m\u00e9taphysique de l&#039;\u00c9gypte ancienne par Moustafa Gadalla<\/a>]<\/strong><\/span><\/p>\n<p><img decoding=\"async\" class=\"aligncenter\" src=\"https:\/\/egyptianwisdomcenter.org\/wp-content\/uploads\/2023\/01\/l-architecture-metaphysique-des-anciens-egyptiens-1.jpg\" \/><\/p>\n<div dir=\"auto\" style=\"text-align: center;\"><a href=\"https:\/\/egyptianwisdomcenter.org\/fr\/produit\/larchitecture-metaphysique-des-anciens-egyptiens-2\/\"><span style=\"color: #0000ff;\">https:\/\/egyptianwisdomcenter.org\/product\/the-ancient-egyptian-metaphysical-architecture\/<\/span><\/a><\/div>","protected":false},"excerpt":{"rendered":"<p>&#8220;False Doors&#8221;\u2014The Physical Metaphysical Threshold &nbsp; On the western side of ALL Egyptian temples, shrines, and private tombs of all eras of [&hellip;]<\/p>","protected":false},"author":3,"featured_media":0,"parent":0,"menu_order":0,"comment_status":"closed","ping_status":"closed","template":"","meta":{"footnotes":""},"class_list":["post-292","page","type-page","status-publish","hentry"],"aioseo_notices":[],"_links":{"self":[{"href":"https:\/\/egyptianwisdomcenter.org\/fr\/wp-json\/wp\/v2\/pages\/292","targetHints":{"allow":["GET"]}}],"collection":[{"href":"https:\/\/egyptianwisdomcenter.org\/fr\/wp-json\/wp\/v2\/pages"}],"about":[{"href":"https:\/\/egyptianwisdomcenter.org\/fr\/wp-json\/wp\/v2\/types\/page"}],"author":[{"embeddable":true,"href":"https:\/\/egyptianwisdomcenter.org\/fr\/wp-json\/wp\/v2\/users\/3"}],"replies":[{"embeddable":true,"href":"https:\/\/egyptianwisdomcenter.org\/fr\/wp-json\/wp\/v2\/comments?post=292"}],"version-history":[{"count":0,"href":"https:\/\/egyptianwisdomcenter.org\/fr\/wp-json\/wp\/v2\/pages\/292\/revisions"}],"wp:attachment":[{"href":"https:\/\/egyptianwisdomcenter.org\/fr\/wp-json\/wp\/v2\/media?parent=292"}],"curies":[{"name":"wp","href":"https:\/\/api.w.org\/{rel}","templated":true}]}}