{"id":299,"date":"2018-11-02T00:00:00","date_gmt":"2018-11-02T04:00:00","guid":{"rendered":"http:\/\/egyptianwisdomcenter.org\/stylistic-ornamentation-and-decoration\/"},"modified":"2023-01-03T01:33:31","modified_gmt":"2023-01-03T06:33:31","slug":"stylistic-ornamentation-and-decoration-2","status":"publish","type":"page","link":"https:\/\/egyptianwisdomcenter.org\/fr\/ornementation-stylistique-et-decoration-2\/","title":{"rendered":"Ornementation Et D\u00e9coration Stylistique"},"content":{"rendered":"<h2 style=\"text-align: center;\"><span style=\"color: #ff0000;\"><strong>D\u00e9tails architecturaux \u00e9gyptiens stylistiques<\/strong><\/span><\/h2>\n<p>&nbsp;<\/p>\n<p>Plusieurs \u00e9l\u00e9ments architecturaux stylistiques ont \u00e9galement \u00e9t\u00e9 utilis\u00e9s dans l&#039;\u00c9gypte ancienne, tels que\u00a0:<\/p>\n<p><span style=\"text-decoration: underline; color: #ff0000;\"><strong>Architrave <\/strong><\/span>\u2013 L\u2019architrave est d\u00e9riv\u00e9e en \u00c9gypte de la poutre en pierre, s\u2019\u00e9tendant de pilier en pilier dans les tombeaux et les temples.<\/p>\n<p><a href=\"http:\/\/egyptianwisdomcenter.org\/wp-content\/uploads\/2019\/02\/ema-ch6-photo6372c-1.jpg\"><img fetchpriority=\"high\" decoding=\"async\" class=\"wp-image-2803 aligncenter\" src=\"http:\/\/egyptianwisdomcenter.org\/wp-content\/uploads\/2019\/02\/ema-ch6-photo6372c-1.jpg\" alt=\"\" width=\"290\" height=\"193\" \/><\/a><\/p>\n<p>&nbsp;<\/p>\n<p>Depuis la I\u00e8re dynastie, le plus petit tombeau-mastaba priv\u00e9 pr\u00e9sente une architrave typique au-dessus de la porte d&#039;entr\u00e9e.<\/p>\n<p>L&#039;architrave en pierre \u00e9tait utilis\u00e9e pour augmenter la taille de leurs temples et leur ajouter un portique.<\/p>\n<p><a href=\"http:\/\/egyptianwisdomcenter.org\/wp-content\/uploads\/2019\/02\/ema-ch6-photo32-72c-1.jpg\"><img decoding=\"async\" class=\"wp-image-2776 aligncenter\" src=\"http:\/\/egyptianwisdomcenter.org\/wp-content\/uploads\/2019\/02\/ema-ch6-photo32-72c-1.jpg\" alt=\"\" width=\"262\" height=\"177\" \/><\/a><\/p>\n<p><a href=\"http:\/\/egyptianwisdomcenter.org\/wp-content\/uploads\/2019\/02\/ema-ch6-photo33-72c-1.jpg\"><img decoding=\"async\" class=\"wp-image-2777 aligncenter\" src=\"http:\/\/egyptianwisdomcenter.org\/wp-content\/uploads\/2019\/02\/ema-ch6-photo33-72c-1.jpg\" alt=\"\" width=\"261\" height=\"174\" \/><\/a><\/p>\n<p>&nbsp;<\/p>\n<p>Des denticules carr\u00e9s au-dessus d&#039;une architrave ont \u00e9galement \u00e9t\u00e9 utilis\u00e9s depuis les d\u00e9buts de l&#039;histoire de l&#039;\u00c9gypte et peuvent \u00eatre vus sur la fa\u00e7ade d&#039;une tombe \u00e0 Beni Hassan et sur le plafond de l&#039;une des tombes rupestres des pyramides, imitant les poutres en palmier.<\/p>\n<p>Ici, il est montr\u00e9 avec de beaux d\u00e9tails au complexe des temples de Karnak \u00e0 Louxor\u00a0:<\/p>\n<p><a href=\"http:\/\/egyptianwisdomcenter.org\/wp-content\/uploads\/2019\/02\/ema-ch6-photo6672c-1.jpg\"><img loading=\"lazy\" decoding=\"async\" class=\"wp-image-2804 aligncenter\" src=\"http:\/\/egyptianwisdomcenter.org\/wp-content\/uploads\/2019\/02\/ema-ch6-photo6672c-1.jpg\" alt=\"\" width=\"187\" height=\"255\" \/><\/a><\/p>\n<p>&nbsp;<\/p>\n<p><strong><span style=\"text-decoration: underline;\">Corniche<\/span> <\/strong>\u2013 Il a \u00e9t\u00e9 constamment utilis\u00e9 comme d\u00e9tail important dans la conception des fausses portes que l\u2019on trouve dans chaque tombe et temple de l\u2019\u00c9gypte ancienne. Notez \u00e9galement d\u2019autres fonctionnalit\u00e9s.<\/p>\n<p>Vous trouverez ci-dessous un exemple enti\u00e8rement peint provenant d\u2019une tombe de Saqqarah datant d\u2019il y a environ 45 si\u00e8cles.<\/p>\n<p><a href=\"http:\/\/egyptianwisdomcenter.org\/wp-content\/uploads\/2019\/02\/ema-ch6-photo4-72c-1.jpg\"><img loading=\"lazy\" decoding=\"async\" class=\"wp-image-2750 aligncenter\" src=\"http:\/\/egyptianwisdomcenter.org\/wp-content\/uploads\/2019\/02\/ema-ch6-photo4-72c-1.jpg\" alt=\"\" width=\"188\" height=\"290\" \/><\/a><\/p>\n<p>&nbsp;<\/p>\n<p>Pour leurs appareils, les \u00c9gyptiens s\u00e9lectionnaient fr\u00e9quemment des objets tels que le lotus et d&#039;autres fleurs, et ceux-ci, ainsi que divers animaux ou leurs t\u00eates, \u00e9taient adapt\u00e9s pour former une corniche, notamment dans leurs maisons et leurs tombeaux, ou pour d\u00e9corer des meubles fantaisie. et s&#039;habiller.<\/p>\n<p><span style=\"text-decoration: underline;\"><strong>Torus <\/strong><\/span>\u2013 Le tore est utilis\u00e9 en \u00c9gypte depuis son histoire la plus recul\u00e9e, il y a plus de 5 000 ans, et est pr\u00e9sent\u00e9 ici comme un d\u00e9tail important de ce qu&#039;on appelle la fausse porte de chaque tombe et temple \u00e9gyptiens.<\/p>\n<p><a href=\"http:\/\/egyptianwisdomcenter.org\/wp-content\/uploads\/2019\/02\/ema-ch6-photo1-72c-1.jpg\"><img loading=\"lazy\" decoding=\"async\" class=\"wp-image-2747 aligncenter\" src=\"http:\/\/egyptianwisdomcenter.org\/wp-content\/uploads\/2019\/02\/ema-ch6-photo1-72c-1.jpg\" alt=\"\" width=\"216\" height=\"241\" \/><\/a><\/p>\n<p>&nbsp;<\/p>\n<h3><span style=\"color: #ff0000;\"><strong>Ornementation Et D\u00e9coration Stylistique<\/strong><\/span><\/h3>\n<p>Beaucoup de gens n\u00e9gligent les talents artistiques des anciens \u00c9gyptiens en se concentrant uniquement sur les repr\u00e9sentations figuratives des b\u00e2timents \u00e9gyptiens.<\/p>\n<p>Certaines variations artistiques sont remarqu\u00e9es par certains, mais m\u00eame alors, on nous dit que les Egyptiens avaient <em>pas d&#039;imagination <\/em>et ne pouvaient donc qu&#039;imiter la nature, comme ces chapeaux de colonnes de palmiers qui ressemblent aux palmiers abondants en \u00c9gypte.<\/p>\n<p><a href=\"http:\/\/egyptianwisdomcenter.org\/wp-content\/uploads\/2019\/02\/ema-ch6bw-48-96c-1.jpg\"><img loading=\"lazy\" decoding=\"async\" class=\"size-full wp-image-2419 aligncenter\" src=\"http:\/\/egyptianwisdomcenter.org\/wp-content\/uploads\/2019\/02\/ema-ch6bw-48-96c-1.jpg\" alt=\"\" width=\"211\" height=\"193\" \/><\/a><\/p>\n<p>Les mod\u00e8les de conception en \u00c9gypte peuvent g\u00e9n\u00e9ralement \u00eatre class\u00e9s comme floraux, g\u00e9om\u00e9triques, figuratifs ou une combinaison des deux ou des trois.<\/p>\n<p>Le <span style=\"text-decoration: underline;\"><strong>motifs figuratifs <\/strong><\/span>dominer naturellement les temples et les tombeaux ; mais les motifs floraux et g\u00e9om\u00e9triques sont abondants.<\/p>\n<p>La mentalit\u00e9 occidentale est obs\u00e9d\u00e9e par l\u2019id\u00e9e de donner des noms \u00e0 chaque variation de ces mod\u00e8les et d\u2019attacher un adjectif grec\/romain \u00e0 chacun, malgr\u00e9 sa pr\u00e9existence en \u00c9gypte.<\/p>\n<p>Le <span style=\"text-decoration: underline;\"><strong>floral <\/strong><\/span>Le type est repr\u00e9sent\u00e9 dans une gamme de maturit\u00e9 v\u00e9g\u00e9tale, du bouton ferm\u00e9 \u00e0 la fleur ouverte.<\/p>\n<p>Les colonnes des temples \u00e9gyptiens \u00e9taient bien plus que des structures de soutien. Les colonnes font partie du temple anim\u00e9, organique et vivant.<\/p>\n<p>Ils apparaissent avec des bourgeons ferm\u00e9s :<\/p>\n<p><a href=\"http:\/\/egyptianwisdomcenter.org\/wp-content\/uploads\/2019\/02\/ema-ch6-photo6672c-1.jpg\"><img loading=\"lazy\" decoding=\"async\" class=\"wp-image-2804 aligncenter\" src=\"http:\/\/egyptianwisdomcenter.org\/wp-content\/uploads\/2019\/02\/ema-ch6-photo6672c-1.jpg\" alt=\"\" width=\"180\" height=\"245\" \/><\/a><\/p>\n<p><a href=\"http:\/\/egyptianwisdomcenter.org\/wp-content\/uploads\/2019\/02\/ema-ch6-photo6772c-1.jpg\"><img loading=\"lazy\" decoding=\"async\" class=\"wp-image-2805 aligncenter\" src=\"http:\/\/egyptianwisdomcenter.org\/wp-content\/uploads\/2019\/02\/ema-ch6-photo6772c-1.jpg\" alt=\"\" width=\"158\" height=\"314\" \/><\/a><\/p>\n<p>&nbsp;<\/p>\n<p>et fleur ouverte\u00a0:<\/p>\n<p><a href=\"http:\/\/egyptianwisdomcenter.org\/wp-content\/uploads\/2019\/02\/ema-ch6-photo6872c-1.jpg\"><img loading=\"lazy\" decoding=\"async\" class=\"wp-image-2806 aligncenter\" src=\"http:\/\/egyptianwisdomcenter.org\/wp-content\/uploads\/2019\/02\/ema-ch6-photo6872c-1.jpg\" alt=\"\" width=\"179\" height=\"203\" \/><\/a><\/p>\n<p>&nbsp;<\/p>\n<p><span style=\"text-decoration: underline;\"><strong>Mod\u00e8les de conception g\u00e9om\u00e9trique<\/strong><\/span> sont partout, depuis les plafonds \u00e9toil\u00e9s.<\/p>\n<p><a href=\"http:\/\/egyptianwisdomcenter.org\/wp-content\/uploads\/2019\/02\/ema-ch6-photo6972c-1.jpg\"><img loading=\"lazy\" decoding=\"async\" class=\"wp-image-2807 aligncenter\" src=\"http:\/\/egyptianwisdomcenter.org\/wp-content\/uploads\/2019\/02\/ema-ch6-photo6972c-1.jpg\" alt=\"\" width=\"272\" height=\"161\" \/><\/a><\/p>\n<p>&nbsp;<\/p>\n<p>\u00c0 toutes sortes de motifs dans les tombes et les temples partout en \u00c9gypte, bien avant qu&#039;ils ne parviennent \u00e0 l&#039;Europe.<\/p>\n<p><a href=\"http:\/\/egyptianwisdomcenter.org\/wp-content\/uploads\/2019\/02\/ema-ch6-photo7072c-1.jpg\"><img loading=\"lazy\" decoding=\"async\" class=\"wp-image-2808 aligncenter\" src=\"http:\/\/egyptianwisdomcenter.org\/wp-content\/uploads\/2019\/02\/ema-ch6-photo7072c-1.jpg\" alt=\"\" width=\"246\" height=\"125\" \/><\/a><\/p>\n<p><a href=\"http:\/\/egyptianwisdomcenter.org\/wp-content\/uploads\/2019\/02\/ema-ch6-photo7172c-1.jpg\"><img loading=\"lazy\" decoding=\"async\" class=\"wp-image-2809 aligncenter\" src=\"http:\/\/egyptianwisdomcenter.org\/wp-content\/uploads\/2019\/02\/ema-ch6-photo7172c-1.jpg\" alt=\"\" width=\"262\" height=\"170\" \/><\/a><\/p>\n<p><a href=\"http:\/\/egyptianwisdomcenter.org\/wp-content\/uploads\/2019\/02\/ema-ch6-photo7272c-1.jpg\"><img loading=\"lazy\" decoding=\"async\" class=\"wp-image-2810 aligncenter\" src=\"http:\/\/egyptianwisdomcenter.org\/wp-content\/uploads\/2019\/02\/ema-ch6-photo7272c-1.jpg\" alt=\"\" width=\"252\" height=\"224\" \/><\/a><\/p>\n<p><a href=\"http:\/\/egyptianwisdomcenter.org\/wp-content\/uploads\/2019\/02\/ema-ch6-photo7372c-1.jpg\"><img loading=\"lazy\" decoding=\"async\" class=\"wp-image-2812 aligncenter\" src=\"http:\/\/egyptianwisdomcenter.org\/wp-content\/uploads\/2019\/02\/ema-ch6-photo7372c-1.jpg\" alt=\"\" width=\"242\" height=\"161\" \/><\/a><\/p>\n<p><a href=\"http:\/\/egyptianwisdomcenter.org\/wp-content\/uploads\/2019\/02\/ema-ch6-photo7472c-1.jpg\"><img loading=\"lazy\" decoding=\"async\" class=\"wp-image-2813 aligncenter\" src=\"http:\/\/egyptianwisdomcenter.org\/wp-content\/uploads\/2019\/02\/ema-ch6-photo7472c-1.jpg\" alt=\"\" width=\"253\" height=\"129\" \/><\/a><\/p>\n<p><a href=\"http:\/\/egyptianwisdomcenter.org\/wp-content\/uploads\/2019\/02\/ema-ch6-photo7572c-1.jpg\"><img loading=\"lazy\" decoding=\"async\" class=\"wp-image-2814 aligncenter\" src=\"http:\/\/egyptianwisdomcenter.org\/wp-content\/uploads\/2019\/02\/ema-ch6-photo7572c-1.jpg\" alt=\"\" width=\"242\" height=\"230\" \/><\/a><\/p>\n<p><a href=\"http:\/\/egyptianwisdomcenter.org\/wp-content\/uploads\/2019\/02\/ema-ch6-photo7672c-1.jpg\"><img loading=\"lazy\" decoding=\"async\" class=\"wp-image-2815 aligncenter\" src=\"http:\/\/egyptianwisdomcenter.org\/wp-content\/uploads\/2019\/02\/ema-ch6-photo7672c-1.jpg\" alt=\"\" width=\"247\" height=\"164\" \/><\/a><\/p>\n<p>&nbsp;<\/p>\n<p>&nbsp;<\/p>\n<p><span style=\"text-decoration: underline;\"><strong>D\u00e9corations figuratives<\/strong><\/span> se trouvent dans de nombreux endroits.<\/p>\n<p>Le vautour:<\/p>\n<p><a href=\"http:\/\/egyptianwisdomcenter.org\/wp-content\/uploads\/2019\/02\/ema-ch6-photo72c-1.jpg\"><img loading=\"lazy\" decoding=\"async\" class=\"wp-image-2811 aligncenter\" src=\"http:\/\/egyptianwisdomcenter.org\/wp-content\/uploads\/2019\/02\/ema-ch6-photo72c-1.jpg\" alt=\"\" width=\"292\" height=\"158\" \/><\/a><\/p>\n<p>&nbsp;<\/p>\n<p>H\u00e9thor portant un sistre sur la t\u00eate :<\/p>\n<p><a href=\"http:\/\/egyptianwisdomcenter.org\/wp-content\/uploads\/2019\/02\/ema-ch6-photo78-72c-1.jpg\"><img loading=\"lazy\" decoding=\"async\" class=\"wp-image-2817 aligncenter\" src=\"http:\/\/egyptianwisdomcenter.org\/wp-content\/uploads\/2019\/02\/ema-ch6-photo78-72c-1.jpg\" alt=\"\" width=\"187\" height=\"251\" \/><\/a><\/p>\n<p>&nbsp;<\/p>\n<p>Le cobra :<\/p>\n<p><a href=\"http:\/\/egyptianwisdomcenter.org\/wp-content\/uploads\/2019\/02\/ema-ch6-photo7972c-1.jpg\"><img loading=\"lazy\" decoding=\"async\" class=\"wp-image-2818 aligncenter\" src=\"http:\/\/egyptianwisdomcenter.org\/wp-content\/uploads\/2019\/02\/ema-ch6-photo7972c-1.jpg\" alt=\"\" width=\"260\" height=\"141\" \/><\/a><\/p>\n<p>&nbsp;<\/p>\n<p><span style=\"text-decoration: underline;\"><strong>Une combinaison de 2 ou des trois formes<\/strong><\/span> de d\u00e9corations : florales, g\u00e9om\u00e9triques et figuratives.<\/p>\n<p><a href=\"http:\/\/egyptianwisdomcenter.org\/wp-content\/uploads\/2019\/02\/ema-ch6-photo8072c-1.jpg\"><img loading=\"lazy\" decoding=\"async\" class=\"wp-image-2819 aligncenter\" src=\"http:\/\/egyptianwisdomcenter.org\/wp-content\/uploads\/2019\/02\/ema-ch6-photo8072c-1.jpg\" alt=\"\" width=\"272\" height=\"180\" \/><\/a><\/p>\n<p>&nbsp;<\/p>\n<p>Les \u00c9gyptiens ne se sont pas toujours limit\u00e9s \u00e0 la simple imitation d\u2019objets naturels \u00e0 des fins ornementales.<\/p>\n<p>Leurs plafonds et corniches offrent de nombreuses fantaisies gracieuses ; parmi lesquels se trouvent le guilloch\u00e9 (appel\u00e9 \u00e0 tort la bordure toscane), le chevron et le motif \u00e0 volutes.<\/p>\n<p>Ces objets peuvent \u00eatre vus dans une tombe datant de la 6e dynastie ; ils \u00e9taient donc connus en \u00c9gypte bien des si\u00e8cles avant d\u2019\u00eatre adopt\u00e9s plus tard par les Grecs et les Romains.<\/p>\n<p><a href=\"http:\/\/egyptianwisdomcenter.org\/wp-content\/uploads\/2019\/02\/ema-ch6-photo76a-72c-1.jpg\"><img loading=\"lazy\" decoding=\"async\" class=\"wp-image-2816 aligncenter\" src=\"http:\/\/egyptianwisdomcenter.org\/wp-content\/uploads\/2019\/02\/ema-ch6-photo76a-72c-1.jpg\" alt=\"\" width=\"205\" height=\"210\" \/><\/a><\/p>\n<p>&nbsp;<\/p>\n<p><span style=\"text-decoration: underline;\"><strong>Guilloch\u00e9<\/strong><\/span>\u00a0\u2013 La forme la plus compliqu\u00e9e du guillochage couvrait tout un plafond \u00e9gyptien plus de mille ans avant d\u2019\u00eatre repr\u00e9sent\u00e9e sur ces objets relativement tardifs trouv\u00e9s \u00e0 Ninive.<\/p>\n<p><a href=\"http:\/\/egyptianwisdomcenter.org\/wp-content\/uploads\/2019\/02\/ema-ch6-photo7472c-1.jpg\"><img loading=\"lazy\" decoding=\"async\" class=\"wp-image-2813 aligncenter\" src=\"http:\/\/egyptianwisdomcenter.org\/wp-content\/uploads\/2019\/02\/ema-ch6-photo7472c-1.jpg\" alt=\"\" width=\"249\" height=\"127\" \/><\/a><\/p>\n<p><a href=\"http:\/\/egyptianwisdomcenter.org\/wp-content\/uploads\/2019\/02\/ema-ch6-photo8072c-1.jpg\"><img loading=\"lazy\" decoding=\"async\" class=\"wp-image-2819 aligncenter\" src=\"http:\/\/egyptianwisdomcenter.org\/wp-content\/uploads\/2019\/02\/ema-ch6-photo8072c-1.jpg\" alt=\"\" width=\"248\" height=\"164\" \/><\/a><\/p>\n<p>&nbsp;<\/p>\n<p><span style=\"text-decoration: underline;\"><strong>Un chevron<\/strong><\/span> est un type d\u2019ornement que l\u2019on trouve \u00e9galement couramment dans l\u2019\u00c9gypte ancienne.<\/p>\n<p><a href=\"http:\/\/egyptianwisdomcenter.org\/wp-content\/uploads\/2019\/02\/ema-ch6-photo7272c-1.jpg\"><img loading=\"lazy\" decoding=\"async\" class=\"wp-image-2810 aligncenter\" src=\"http:\/\/egyptianwisdomcenter.org\/wp-content\/uploads\/2019\/02\/ema-ch6-photo7272c-1.jpg\" alt=\"\" width=\"261\" height=\"232\" \/><\/a><\/p>\n<p><a href=\"http:\/\/egyptianwisdomcenter.org\/wp-content\/uploads\/2019\/02\/ema-ch6-photo7172c-1.jpg\"><img loading=\"lazy\" decoding=\"async\" class=\"wp-image-2809 aligncenter\" src=\"http:\/\/egyptianwisdomcenter.org\/wp-content\/uploads\/2019\/02\/ema-ch6-photo7172c-1.jpg\" alt=\"\" width=\"267\" height=\"173\" \/><\/a><\/p>\n<p><a href=\"http:\/\/egyptianwisdomcenter.org\/wp-content\/uploads\/2019\/02\/ema-ch6-photo8172c-1.jpg\"><img loading=\"lazy\" decoding=\"async\" class=\"wp-image-2820 aligncenter\" src=\"http:\/\/egyptianwisdomcenter.org\/wp-content\/uploads\/2019\/02\/ema-ch6-photo8172c-1.jpg\" alt=\"\" width=\"246\" height=\"364\" \/><\/a><\/p>\n<p>&nbsp;<\/p>\n<p><span style=\"text-decoration: underline;\"><strong>Le parchemin<\/strong><\/span> se retrouve \u00e9galement dans l\u2019Egypte ancienne.<\/p>\n<p><a href=\"http:\/\/egyptianwisdomcenter.org\/wp-content\/uploads\/2019\/02\/ema-ch6-photo6872c-1.jpg\"><img loading=\"lazy\" decoding=\"async\" class=\"wp-image-2806 aligncenter\" src=\"http:\/\/egyptianwisdomcenter.org\/wp-content\/uploads\/2019\/02\/ema-ch6-photo6872c-1.jpg\" alt=\"\" width=\"188\" height=\"213\" \/><\/a><\/p>\n<p>&nbsp;<\/p>\n<p><span style=\"text-decoration: underline;\"><strong>Couleurs<\/strong><\/span><\/p>\n<p>La couleur \u00e9tait un \u00e9l\u00e9ment essentiel de l\u2019architecture \u00e9gyptienne.<\/p>\n<p>Quiconque comprend l\u2019harmonie des couleurs ne manquera pas d\u2019admettre que les anciens \u00c9gyptiens connaissaient parfaitement leur r\u00e9partition et leurs combinaisons appropri\u00e9es.<\/p>\n<p><a href=\"http:\/\/egyptianwisdomcenter.org\/wp-content\/uploads\/2019\/02\/ema-ch6-photo60-72c-1.jpg\"><img loading=\"lazy\" decoding=\"async\" class=\"wp-image-2802 aligncenter\" src=\"http:\/\/egyptianwisdomcenter.org\/wp-content\/uploads\/2019\/02\/ema-ch6-photo60-72c-1.jpg\" alt=\"\" width=\"257\" height=\"211\" \/><\/a><\/p>\n<p><a href=\"http:\/\/egyptianwisdomcenter.org\/wp-content\/uploads\/2019\/02\/ema-ch6-photo8272c-1.jpg\"><img loading=\"lazy\" decoding=\"async\" class=\"wp-image-2821 aligncenter\" src=\"http:\/\/egyptianwisdomcenter.org\/wp-content\/uploads\/2019\/02\/ema-ch6-photo8272c-1.jpg\" alt=\"\" width=\"215\" height=\"266\" \/><\/a><\/p>\n<p>Mais le choix des couleurs, comme tout le reste, refl\u00e8te la profonde compr\u00e9hension m\u00e9taphysique des \u00c9gyptiens de la signification et de l&#039;\u00e9nergie de chaque couleur, et diverses couleurs sont d\u00e9riv\u00e9es d&#039;une combinaison de couleurs de base.<\/p>\n<p><a href=\"http:\/\/egyptianwisdomcenter.org\/wp-content\/uploads\/2019\/02\/ema-ch6-photo8372c-1.jpg\"><img loading=\"lazy\" decoding=\"async\" class=\"wp-image-2822 aligncenter\" src=\"http:\/\/egyptianwisdomcenter.org\/wp-content\/uploads\/2019\/02\/ema-ch6-photo8372c-1.jpg\" alt=\"\" width=\"205\" height=\"254\" \/><\/a><\/p>\n<p>&nbsp;<\/p>\n<p>Les plafonds des temples \u00e9gyptiens \u00e9taient peints en bleu et parsem\u00e9s d&#039;\u00e9toiles pour repr\u00e9senter le firmament (comme dans les premi\u00e8res \u00e9glises europ\u00e9ennes) ; et sur la partie au-dessus du passage central (par lequel passaient le roi et les processions religieuses) se trouvaient des vautours et d&#039;autres embl\u00e8mes ; le globe ail\u00e9 ayant toujours sa place au-dessus des portes. L&#039;ensemble du b\u00e2timent, ainsi que ses sphinx et autres accessoires, \u00e9tait richement peint.<\/p>\n<p>&nbsp;<\/p>\n<p><span style=\"color: #ff0000;\"><strong>[Un extrait de <\/strong><\/span><strong>L&#039;architecture m\u00e9taphysique de l&#039;\u00c9gypte ancienne<\/strong><span style=\"color: #ff0000;\"><strong> par Moustafa Gadalla]<br \/>\n<a href=\"https:\/\/egyptianwisdomcenter.org\/fr\/produit\/larchitecture-metaphysique-des-anciens-egyptiens-2\/\"><span style=\"color: #0000ff;\">https:\/\/egyptianwisdomcenter.org\/product\/the-ancient-egyptian-metaphysical-architecture\/<\/span><\/a><br \/>\n<\/strong><\/span><\/p>\n<p><img decoding=\"async\" class=\"aligncenter\" src=\"https:\/\/egyptianwisdomcenter.org\/wp-content\/uploads\/2023\/01\/l-architecture-metaphysique-des-anciens-egyptiens-1.jpg\" \/><\/p>\n<p style=\"text-align: center;\"><a href=\"https:\/\/egyptianwisdomcenter.org\/fr\/produit\/larchitecture-metaphysique-des-anciens-egyptiens-2\/\"><span style=\"color: #ff0000;\"><strong><span style=\"color: #0000ff;\">https:\/\/egyptianwisdomcenter.org\/product\/the-ancient-egyptian-metaphysical-architecture\/<\/span><\/strong><\/span><\/a><\/p>\n<div dir=\"auto\"><\/div>","protected":false},"excerpt":{"rendered":"<p>Stylistic Egyptian Architectural Details &nbsp; Several stylistic architectural features were also used in Ancient Egypt, such as: Architrave \u2013 The architrave was [&hellip;]<\/p>","protected":false},"author":3,"featured_media":0,"parent":0,"menu_order":0,"comment_status":"closed","ping_status":"closed","template":"","meta":{"footnotes":""},"class_list":["post-299","page","type-page","status-publish","hentry"],"aioseo_notices":[],"_links":{"self":[{"href":"https:\/\/egyptianwisdomcenter.org\/fr\/wp-json\/wp\/v2\/pages\/299","targetHints":{"allow":["GET"]}}],"collection":[{"href":"https:\/\/egyptianwisdomcenter.org\/fr\/wp-json\/wp\/v2\/pages"}],"about":[{"href":"https:\/\/egyptianwisdomcenter.org\/fr\/wp-json\/wp\/v2\/types\/page"}],"author":[{"embeddable":true,"href":"https:\/\/egyptianwisdomcenter.org\/fr\/wp-json\/wp\/v2\/users\/3"}],"replies":[{"embeddable":true,"href":"https:\/\/egyptianwisdomcenter.org\/fr\/wp-json\/wp\/v2\/comments?post=299"}],"version-history":[{"count":0,"href":"https:\/\/egyptianwisdomcenter.org\/fr\/wp-json\/wp\/v2\/pages\/299\/revisions"}],"wp:attachment":[{"href":"https:\/\/egyptianwisdomcenter.org\/fr\/wp-json\/wp\/v2\/media?parent=299"}],"curies":[{"name":"wp","href":"https:\/\/api.w.org\/{rel}","templated":true}]}}