{"id":30915,"date":"2019-03-25T16:44:19","date_gmt":"2019-03-25T20:44:19","guid":{"rendered":"http:\/\/egyptianwisdomcenter.org\/scarabeo\/"},"modified":"2023-01-08T06:58:37","modified_gmt":"2023-01-08T11:58:37","slug":"scarabeo","status":"publish","type":"page","link":"https:\/\/egyptianwisdomcenter.org\/fr\/scarabeo\/","title":{"rendered":"Scarabeo"},"content":{"rendered":"<h2 style=\"text-align: center;\"><span style=\"color: #ff0000;\"><strong>Scarabeo<\/strong><\/span><\/h2>\n<p>&nbsp;<\/p>\n<p>Re \u00e8 spesso rappresentato come un grande scarabeo scarabeo nero seduto nella barca solare e rotolare il disco solare; o come un uomo la cui testa umana \u00e8 sostituita da uno scarabeo.<\/p>\n<p><a href=\"http:\/\/egyptianwisdomcenter.org\/wp-content\/uploads\/2019\/02\/ed-ch9-photo3-96c-146x300.jpg\"><img decoding=\"async\" class=\"size-medium wp-image-899 aligncenter\" src=\"http:\/\/egyptianwisdomcenter.org\/wp-content\/uploads\/2019\/02\/ed-ch9-photo3-96c-146x300.jpg\" alt=\"\" width=\"146\" height=\"300\" \/><\/a><\/p>\n<p>Come tale, re \u00e8 lo scarabeo divino originale. Il nome egiziano per lo scarabeo \u00e8 stato Khepri, una parola multipla che significa:<\/p>\n<p style=\"padding-left: 30px;\"><strong><em>Questo che porta all&#8217;essere.<\/em><\/strong><\/p>\n<p>Re (RA) \u00e8 descritta nei <em>testi funerari (piramide) di unas<\/em>:<\/p>\n<p style=\"padding-left: 30px;\"><strong><em>&#8220;Ti fanno venire a essere come re, nel nome di Khepri&#8221;.<\/em><\/strong><\/p>\n<p>Khepri lo scarabeo \u00e8 uno dei 75 manifestazione del processo di creazione, tutti aspetti di re, la forza creativa divina.<\/p>\n<p>Horapollo Niliaeus spiega il simbolismo dello scarabeo in questo modo:<\/p>\n<p style=\"padding-left: 30px;\"><strong><em>&#8220;Per significare l&#8217;unigenito, o nascita, o un padre, o il mondo, o l&#8217;uomo, essi [egiziani] disegnano uno scarabeo. L&#8217;unigenito, <span style=\"text-decoration: underline;\">perch\u00e9 questo animale \u00e8 autogenerato, non nato della femmina<\/span>. Per la sua nascita si svolge solo nel seguente modo. Quando il maschio vuole avere la progenie, ci vuole qualche mucca-letame e fa una palla rotonda di esso, molto a forma di mondo. Rotolandolo con le zampe posteriori da est a ovest, si affaccia ad est, in modo da dargli la forma del mondo, perch\u00e9 il mondo \u00e8 portato da est a ovest &#8220;.<\/em><\/strong><\/p>\n<p>Negli antichi testi transformationali (funerari) egizi, il defunto, identificato con Osiride, pass\u00f2 attraverso tappe analoghe nella notte degli inferi e rinasce come nuova RA (re) nella sua forma di Khepri (lo scarabeo) al mattino. L&#8217;analogia al sole, che scompare di notte e che appare al mattino, \u00e8 chiara. Lo scarabeo \u00e8 il simbolo della qualit\u00e0 trasformante del sole; la luce che esce dalle tenebre. Gli amuleti dello scarabeo venivano abitualmente sepolti con il defunto per promuovere la rinascita.<\/p>\n<p>Il coleottero Scarabeo \u00e8, quindi, sempre trovato all&#8217;inizio di un ciclo.<\/p>\n<p>Qui \u00e8 associato con l&#8217;uovo cosmico.<\/p>\n<p><a href=\"https:\/\/egyptianwisdomcenter.org\/wp-content\/uploads\/2019\/02\/ed-ch9-photo4-96c.jpg\"><img fetchpriority=\"high\" decoding=\"async\" class=\"size-full wp-image-900 aligncenter\" src=\"https:\/\/egyptianwisdomcenter.org\/wp-content\/uploads\/2019\/02\/ed-ch9-photo4-96c.jpg\" alt=\"\" width=\"240\" height=\"220\" \/><\/a><\/p>\n<p>Qui, \u00e8 all&#8217;inizio di un ciclo zodiacale che durano circa 26.000 anni a partire dall&#8217;et\u00e0 di Leo, il leone.<\/p>\n<p><a href=\"http:\/\/egyptianwisdomcenter.org\/wp-content\/uploads\/2019\/02\/ed-ch9-photo5-96c-300x200.jpg\"><img decoding=\"async\" class=\"size-medium wp-image-901 aligncenter\" src=\"http:\/\/egyptianwisdomcenter.org\/wp-content\/uploads\/2019\/02\/ed-ch9-photo5-96c-300x200.jpg\" alt=\"\" width=\"300\" height=\"200\" \/><\/a><\/p>\n<p>&nbsp;<\/p>\n<p><span style=\"color: #ff0000;\"><strong>[Un estratto dalle Egyptian Divinities: The All Who Are THE ONE, 2nd ed.(<\/strong><\/span><span style=\"color: #ff0000;\"><strong>divinit\u00e0 egizie: il tutto chi \u00e8 l&#8217;uno, 2a edizione) di Moustafa Gadalla]<\/strong><\/span><\/p>\n<p><span style=\"color: #ff0000;\"><strong><a href=\"https:\/\/egyptianwisdomcenter.org\/fr\/produit\/divinites-egyptiennes-tous-ceux-qui-sont-un-2e-edition\/\"><span style=\"color: #0000ff;\">https:\/\/egyptianwisdomcenter.org\/product\/egyptian-divinities-the-all-who-are-the-one-2nd-edition\/<\/span><\/a><\/strong><\/span><\/p>\n<p><img decoding=\"async\" class=\"aligncenter\" src=\"https:\/\/books2read-prod.s3.amazonaws.com\/CACHE\/images\/ubl_book_images\/book_display_image_qOuT56H\/40d95446cc17340ec7b02939eaa44c10\" \/><\/p>\n<p style=\"text-align: center;\"><a href=\"https:\/\/egyptianwisdomcenter.org\/fr\/produit\/divinites-egyptiennes-tous-ceux-qui-sont-un-2e-edition\/\"><strong><span style=\"color: #ff0000;\"><span style=\"color: #0000ff;\">https:\/\/egyptianwisdomcenter.org\/product\/egyptian-divinities-the-all-who-are-the-one-2nd-edition\/<\/span><\/span><\/strong><\/a><\/p>\n<div dir=\"auto\"><\/div>","protected":false},"excerpt":{"rendered":"<p>Scarabeo &nbsp; Re \u00e8 spesso rappresentato come un grande scarabeo scarabeo nero seduto nella barca solare e rotolare il disco solare; o [&hellip;]<\/p>","protected":false},"author":3,"featured_media":0,"parent":0,"menu_order":0,"comment_status":"closed","ping_status":"closed","template":"","meta":{"footnotes":""},"class_list":["post-30915","page","type-page","status-publish","hentry"],"aioseo_notices":[],"_links":{"self":[{"href":"https:\/\/egyptianwisdomcenter.org\/fr\/wp-json\/wp\/v2\/pages\/30915","targetHints":{"allow":["GET"]}}],"collection":[{"href":"https:\/\/egyptianwisdomcenter.org\/fr\/wp-json\/wp\/v2\/pages"}],"about":[{"href":"https:\/\/egyptianwisdomcenter.org\/fr\/wp-json\/wp\/v2\/types\/page"}],"author":[{"embeddable":true,"href":"https:\/\/egyptianwisdomcenter.org\/fr\/wp-json\/wp\/v2\/users\/3"}],"replies":[{"embeddable":true,"href":"https:\/\/egyptianwisdomcenter.org\/fr\/wp-json\/wp\/v2\/comments?post=30915"}],"version-history":[{"count":0,"href":"https:\/\/egyptianwisdomcenter.org\/fr\/wp-json\/wp\/v2\/pages\/30915\/revisions"}],"wp:attachment":[{"href":"https:\/\/egyptianwisdomcenter.org\/fr\/wp-json\/wp\/v2\/media?parent=30915"}],"curies":[{"name":"wp","href":"https:\/\/api.w.org\/{rel}","templated":true}]}}