{"id":324,"date":"2018-11-02T00:00:00","date_gmt":"2018-11-02T04:00:00","guid":{"rendered":"http:\/\/egyptianwisdomcenter.org\/pyramid-power\/"},"modified":"2023-01-03T01:35:37","modified_gmt":"2023-01-03T06:35:37","slug":"pyramid-power-2","status":"publish","type":"page","link":"https:\/\/egyptianwisdomcenter.org\/fr\/puissance-pyramidale-2\/","title":{"rendered":"Puissance pyramidale"},"content":{"rendered":"<h2 style=\"text-align: center;\"><span style=\"color: #ff0000;\"><strong>Puissance pyramidale<\/strong><\/span><\/h2>\n<p>&nbsp;<\/p>\n<p>De nombreux chercheurs ont d\u00e9couvert que la forme pyramidale poss\u00e9dait certaines propri\u00e9t\u00e9s qui la rendaient responsable de pouvoirs extraordinaires. Ils ont exp\u00e9riment\u00e9 divers objets en pla\u00e7ant chaque objet dans la position \u00e9quivalente de la \u00ab Chambre du Roi \u00bb dans un mod\u00e8le \u00e0 l&#039;\u00e9chelle d&#039;une pyramide correctement orient\u00e9e. Ils ont d\u00e9couvert que les mat\u00e9riaux hautement p\u00e9rissables \u00e9taient pr\u00e9serv\u00e9s, que les lames de rasoir \u00e9mouss\u00e9es et d\u00e9mod\u00e9es en acier au carbone retrouvaient leurs ar\u00eates vives apr\u00e8s une nuit, etc. Beaucoup ont conclu que la forme pyramidale elle-m\u00eame en \u00e9tait responsable et qu&#039;elle modifiait d&#039;une mani\u00e8re ou d&#039;une autre les propri\u00e9t\u00e9s physiques, chimiques et biologiques. processus qui pourraient avoir lieu dans cette forme. Cette exp\u00e9rimentation a conduit au ph\u00e9nom\u00e8ne connu sous le nom de \u00ab Pyramid Power \u00bb.<\/p>\n<p>On ressent la puissance de ces pyramides \u00e9gyptiennes \u00e0 l\u2019int\u00e9rieur ou \u00e0 l\u2019ext\u00e9rieur car leurs configurations sont harmonieusement proportionn\u00e9es.<\/p>\n<p>Les pyramides \u00e9taient harmonieusement proportionn\u00e9es pour agir\/fonctionner de la m\u00eame mani\u00e8re que <em>serres<\/em> \u2013 c\u2019est \u00e0 dire attirer et retenir certaines \u00e9nergies. Dans le cas de la pyramide \u00e9gyptienne, il faudrait l&#039;appeler la <em>maison bleue <\/em>effet.<\/p>\n<p>Dans le cas de l&#039;effet de serre, c&#039;est la r\u00e9tention de chaleur du soleil \u00e0 la surface de la Terre, provoqu\u00e9e par le dioxyde de carbone atmosph\u00e9rique, qui admet le rayonnement \u00e0 ondes courtes mais absorbe le rayonnement \u00e0 ondes longues \u00e9mis par la Terre.<\/p>\n<p>Dans le cas du <em>maison bleue <\/em>effet, le b\u00e2timent conserve l\u2019\u00e9nergie de l\u2019orgone. L&#039;orgone vient de l&#039;espace. C\u2019est ce qui fait scintiller les \u00e9toiles et rendre le ciel bleu.<\/p>\n<p>L&#039;orgone peut \u00eatre accumul\u00e9e en construisant une bo\u00eete avec du bois \u00e0 l&#039;ext\u00e9rieur et de la t\u00f4le \u00e0 l&#039;int\u00e9rieur. La mati\u00e8re organique laisse passer l\u2019orgone et l\u2019int\u00e9rieur m\u00e9tallique la refl\u00e8te.<\/p>\n<p>Cette condition\/ph\u00e9nom\u00e8ne pourrait donc \u00eatre appel\u00e9 le <em>maison bleue <\/em>effet. Des concentrations anormalement \u00e9lev\u00e9es d\u2019\u00e9nergie psi-org s\u2019accumulent \u00e0 l\u2019int\u00e9rieur d\u2019une telle bo\u00eete.<\/p>\n<p>Psi-org combine les abr\u00e9viations d&#039;\u00e9nergie psychique et orgonale. Ce sont des noms diff\u00e9rents pour la m\u00eame force. Le champ psi, qui produit l&#039;aura humaine et est responsable de tous les pouvoirs psychiques, n&#039;est autre que ce que Wilhelm Reich, le controvers\u00e9 disciple autrichien de Freud, a appel\u00e9 \u00ab l&#039;\u00e9nergie orgone \u00bb.<\/p>\n<p>Les \u00c9gyptiens savaient tout sur l\u2019\u00e9nergie psi-org, car ils l\u2019utilisaient. Les anciens \u00c9gyptiens furent les premiers \u00e0 d\u00e9couvrir que la forme d&#039;une pyramide bien proportionn\u00e9e pouvait concentrer l&#039;\u00e9nergie psi-org.<\/p>\n<p>L\u2019effet Bluehouse augmente consid\u00e9rablement lorsque la surface de la pyramide est lamin\u00e9e.<\/p>\n<p>Les premiers historiens et voyageurs nous ont racont\u00e9 comment brillaient les pierres d\u2019enveloppe des pyramides. Les pierres de cuvelage ont \u00e9t\u00e9 extraites pendant et apr\u00e8s le XIIIe si\u00e8cle pour construire des mosqu\u00e9es et des palais ou pour br\u00fbler de la chaux.<\/p>\n<p>Les tests de ce type d&#039;\u00e9nergie ont \u00e9t\u00e9 effectu\u00e9s par le Dr Harald Puton, un physicien belge tr\u00e8s comp\u00e9tent qui a d\u00e9couvert que toute forme d&#039;\u00e9nergie psi est augment\u00e9e en \u00e9tant assis sous une telle pyramide aux proportions harmoniques. Une telle personne est plus t\u00e9l\u00e9pathique, plus clairvoyante et plus pr\u00e9monitoire. Il est plus facile d\u2019initier des exp\u00e9riences hors du corps dans ces conditions. De plus, l\u2019aura du corps est plus intense \u00e0 l\u2019int\u00e9rieur d\u2019une pyramide.<\/p>\n<p style=\"text-align: center;\">\u0394 \u0394 \u0394<\/p>\n<p><span style=\"text-decoration: underline;\"><strong>Les canaux \u00e9nerg\u00e9tiques des int\u00e9rieurs des pyramides<\/strong><\/span><\/p>\n<p>Comme indiqu\u00e9 pr\u00e9c\u00e9demment, les v\u00e9ritables pyramides en pierre solide d&#039;\u00c9gypte ont des passages \u00e9troits et des pi\u00e8ces vides totalement d\u00e9pourvues de toute inscription ou \u00e9l\u00e9ment fun\u00e9raire.<\/p>\n<p>Les int\u00e9rieurs de ces pyramides solides v\u00e9ritablement form\u00e9es constituent essentiellement un r\u00e9seau de canalisation d\u2019\u00e9nergie. Un tel r\u00e9seau \u00e9nerg\u00e9tique est constitu\u00e9 de pi\u00e8ces vides, de couloirs \u00e9troits, de grands couloirs, de pentes raides, de murs vides, de surfaces lisses, etc.<\/p>\n<p>&nbsp;<\/p>\n<p><span style=\"color: #ff0000;\"><strong>[Un extrait de <\/strong><\/span><strong>Les pyramides \u00e9gyptiennes revisit\u00e9es<\/strong><span style=\"color: #ff0000;\"><strong> par Moustafa Gadalla]<br \/>\n<a href=\"https:\/\/egyptianwisdomcenter.org\/fr\/produit\/les-pyramides-degypte-revisitees-2\/\"><span style=\"color: #0000ff;\">https:\/\/egyptianwisdomcenter.org\/product\/les-pyramides-degypte-revisitees\/<\/span><\/a><br \/>\n<\/strong><\/span><\/p>\n<p><img decoding=\"async\" class=\"aligncenter\" src=\"https:\/\/egyptianwisdomcenter.org\/wp-content\/uploads\/2023\/01\/les-pyramides-d-egypte-revisitees-1.jpg\" \/><\/p>\n<p style=\"text-align: center;\"><a href=\"https:\/\/egyptianwisdomcenter.org\/fr\/produit\/les-pyramides-degypte-revisitees-2\/\"><span style=\"color: #ff0000;\"><strong><span style=\"color: #0000ff;\">https:\/\/egyptianwisdomcenter.org\/product\/les-pyramides-degypte-revisitees\/<\/span><\/strong><\/span><\/a><\/p>\n<div dir=\"auto\"><\/div>","protected":false},"excerpt":{"rendered":"<p>Pyramid Power &nbsp; Many researchers found that there was some property in the pyramidal shape that made it responsible for extraordinary powers. [&hellip;]<\/p>","protected":false},"author":3,"featured_media":0,"parent":0,"menu_order":0,"comment_status":"closed","ping_status":"closed","template":"","meta":{"footnotes":""},"class_list":["post-324","page","type-page","status-publish","hentry"],"aioseo_notices":[],"_links":{"self":[{"href":"https:\/\/egyptianwisdomcenter.org\/fr\/wp-json\/wp\/v2\/pages\/324","targetHints":{"allow":["GET"]}}],"collection":[{"href":"https:\/\/egyptianwisdomcenter.org\/fr\/wp-json\/wp\/v2\/pages"}],"about":[{"href":"https:\/\/egyptianwisdomcenter.org\/fr\/wp-json\/wp\/v2\/types\/page"}],"author":[{"embeddable":true,"href":"https:\/\/egyptianwisdomcenter.org\/fr\/wp-json\/wp\/v2\/users\/3"}],"replies":[{"embeddable":true,"href":"https:\/\/egyptianwisdomcenter.org\/fr\/wp-json\/wp\/v2\/comments?post=324"}],"version-history":[{"count":0,"href":"https:\/\/egyptianwisdomcenter.org\/fr\/wp-json\/wp\/v2\/pages\/324\/revisions"}],"wp:attachment":[{"href":"https:\/\/egyptianwisdomcenter.org\/fr\/wp-json\/wp\/v2\/media?parent=324"}],"curies":[{"name":"wp","href":"https:\/\/api.w.org\/{rel}","templated":true}]}}