{"id":326,"date":"2018-11-02T00:00:00","date_gmt":"2018-11-02T04:00:00","guid":{"rendered":"http:\/\/egyptianwisdomcenter.org\/the-flawed-common-construction-theory-of-the-pyramids\/"},"modified":"2023-01-03T01:36:24","modified_gmt":"2023-01-03T06:36:24","slug":"the-flawed-common-construction-theory-of-the-pyramids-2","status":"publish","type":"page","link":"https:\/\/egyptianwisdomcenter.org\/fr\/la-theorie-commune-erronee-de-la-construction-des-pyramides-2\/","title":{"rendered":"La \u00ab th\u00e9orie commune de la construction \u00bb erron\u00e9e des pyramides"},"content":{"rendered":"<h2 style=\"text-align: center;\"><span style=\"color: #0000ff;\">La \u00ab th\u00e9orie commune de la construction \u00bb erron\u00e9e des pyramides<\/span><\/h2>\n<p>&nbsp;<\/p>\n<h3><span style=\"color: #ff0000;\"><strong>1. La \u00ab th\u00e9orie \u00bb commune<\/strong><\/span><\/h3>\n<p>De nombreux \u00e9gyptologues universitaires affirment qu\u2019il n\u2019existe aucun document \u00e9gyptien antique, quelle que soit cette p\u00e9riode, d\u00e9crivant la fa\u00e7on dont les pyramides ont \u00e9t\u00e9 construites. Leur erreur est qu\u2019ils ont pr\u00e9d\u00e9termin\u00e9 la m\u00e9thode de construction et recherchent uniquement les documents pour affirmer leur th\u00e9orie pr\u00e9con\u00e7ue. C\u2019est pourquoi ils ont invent\u00e9 une th\u00e9orie. Leur th\u00e9orie \u00ab invent\u00e9e \u00bb est la suivante\u00a0:<\/p>\n<p style=\"padding-left: 30px;\">un. Les blocs de la pyramide sont de deux types\u00a0:<\/p>\n<p style=\"padding-left: 60px;\">je. Les blocs de base \u00e9taient construits principalement \u00e0 partir de blocs de calcaire local extraits de carri\u00e8re et ciment\u00e9s par une fine couche de mortier.<\/p>\n<p style=\"padding-left: 60px;\">ii. Des pierres d&#039;enveloppe ext\u00e9rieure en calcaire \u00e0 grains fins, qui ont \u00e9t\u00e9 extraites de Tura sur la rive est du Nil et transport\u00e9es par ferry \u00e0 travers le Nil jusqu&#039;au site.<\/p>\n<p><a href=\"http:\/\/egyptianwisdomcenter.org\/wp-content\/uploads\/2019\/02\/epr-ph-49bot-72c.jpg\"><img decoding=\"async\" class=\"size-full wp-image-1527 aligncenter\" src=\"http:\/\/egyptianwisdomcenter.org\/wp-content\/uploads\/2019\/02\/epr-ph-49bot-72c.jpg\" alt=\"\" width=\"216\" height=\"112\" \/><\/a><\/p>\n<p>&nbsp;<\/p>\n<p style=\"padding-left: 30px;\">b. Pour couper et fa\u00e7onner les blocs de pierre, les \u00c9gyptiens utilisaient ce qui suit\u00a0:<\/p>\n<p style=\"padding-left: 60px;\">je. ciseaux en cuivre et \u00e9ventuellement outils en fer<\/p>\n<p style=\"padding-left: 60px;\">ii. pilons de silex, de quartz et de diorite<\/p>\n<p style=\"padding-left: 60px;\">iii. grands pieds de biche en bois<\/p>\n<p style=\"padding-left: 30px;\">c. Pour transporter les blocs de pierre, ils utilisaient des tra\u00eeneaux et des rouleaux en bois. Ensuite, les pierres \u00ab extraites \u00bb \u00e9taient hiss\u00e9es sur des rampes temporaires, qui augmentaient en hauteur et en longueur au fur et \u00e0 mesure qu&#039;elles s&#039;\u00e9levaient vers les niveaux successifs de la pyramide.<\/p>\n<h3><strong>un. La \u00ab source \u00bb non identifi\u00e9e des blocs extraits<\/strong><\/h3>\n<p>Consid\u00e9rons les faits incontest\u00e9s suivants concernant la pyramide de Kh\u00e9ops (Kh\u00e9ops) de Gizeh. [Des faits similaires \u00e0 ceux mentionn\u00e9s ici sont \u00e9galement applicables \u00e0 toutes les pyramides en ma\u00e7onnerie.]<\/p>\n<p class=\"hanging-indent\" style=\"padding-left: 30px;\">1. La Grande Pyramide contient environ 2,6 millions de blocs de construction pesant chacun entre deux et soixante-dix tonnes.<\/p>\n<p class=\"hanging-indent\" style=\"padding-left: 30px;\">2. Presque aucun des blocs pyramidaux ne correspond au substrat rocheux de Gizeh, que ce soit chimiquement ou min\u00e9ralogiquement.<\/p>\n<p class=\"hanging-indent\" style=\"padding-left: 30px;\">3. Le substrat rocheux du Palteau de Gizeh est constitu\u00e9 de strates, tandis que les blocs pyramidaux ne contiennent aucune strate.<\/p>\n<p class=\"hanging-indent\" style=\"padding-left: 30px;\">4. Les strates et les d\u00e9fauts rendent impossible la taille de la pierre \u00e0 des dimensions parfaitement uniformes.<\/p>\n<p class=\"hanging-indent\" style=\"padding-left: 30px;\">5. Les g\u00e9ologues et les g\u00e9ochimistes ne peuvent s&#039;entendre sur l&#039;origine des blocs de la pyramide. Cela \u00e0 lui seul brise la th\u00e9orie commune selon laquelle la ma\u00e7onnerie centrale de la pyramide a \u00e9t\u00e9 extraite du substrat rocheux local.<\/p>\n<p class=\"hanging-indent\" style=\"padding-left: 30px;\">6. La pierre naturelle est constitu\u00e9e de coquilles fossiles qui reposent horizontalement ou \u00e0 plat dans le substrat rocheux suite \u00e0 la formation de couches s\u00e9dimentaires du substrat rocheux sur des millions d&#039;ann\u00e9es. Les blocs des pyramides de ma\u00e7onnerie d&#039;\u00c9gypte pr\u00e9sentent des coquilles m\u00e9lang\u00e9es, ce qui indique qu&#039;il s&#039;agit de pierre moul\u00e9e artificielle. Dans tout b\u00e9ton, les granulats sont en d\u00e9sordre et, par cons\u00e9quent, le b\u00e9ton coul\u00e9 est d\u00e9pourvu de couches s\u00e9dimentaires. Ces pyramides \u00e9taient essentiellement constitu\u00e9es de calcaire coquillier fossile, un mat\u00e9riau h\u00e9t\u00e9rog\u00e8ne tr\u00e8s difficile \u00e0 tailler avec pr\u00e9cision.<\/p>\n<p class=\"hanging-indent\" style=\"padding-left: 30px;\">7. Les scientifiques fran\u00e7ais ont d\u00e9couvert que la densit\u00e9 apparente des blocs pyramidaux est 20% plus l\u00e9g\u00e8re que celle du calcaire local. Les blocs coul\u00e9s sont toujours 20-25% plus l\u00e9gers que la roche naturelle, car ils sont pleins de bulles d&#039;air.<\/p>\n<h3><strong>b. Impossibilit\u00e9s de couper et de fa\u00e7onner<\/strong><\/h3>\n<p class=\"hanging-indent\" style=\"padding-left: 30px;\">1. Les outils en pierre ou en cuivre (qui sont un m\u00e9tal mou), utilis\u00e9s par les \u00c9gyptiens \u00e0 cette \u00e9poque, ne peuvent pas couper de gros granites ou des millions de blocs de calcaire avec une pr\u00e9cision de papier, et jamais dans les d\u00e9lais impartis pour la construction de ces pyramides.<\/p>\n<p class=\"hanging-indent\" style=\"padding-left: 30px;\">2. Le calcaire se fend fr\u00e9quemment lors de la coupe. Les failles et les strates dans le substrat rocheux garantissent que pour chaque bloc coup\u00e9 selon les normes, au moins un d&#039;entre eux se fissurera ou sera mal dimensionn\u00e9 lors de l&#039;exploitation en carri\u00e8re.<\/p>\n<p style=\"padding-left: 60px;\"><strong>&gt;&gt; \u00c9tant donn\u00e9 les millions de blocs de toutes ces pyramides, il devrait y avoir des millions de blocs fissur\u00e9s \u00e0 proximit\u00e9 ou quelque part en \u00c9gypte\u00a0; mais on ne les trouve nulle part.<\/strong><\/p>\n<p style=\"padding-left: 60px;\">En bref : pas de d\u00e9chets de blocs fissur\u00e9s, pas d\u2019exploitation de carri\u00e8re. Les historiens de l\u2019Antiquit\u00e9 qui ont document\u00e9 leurs visites en \u00c9gypte n\u2019ont pas mentionn\u00e9 d\u2019amas de blocs bris\u00e9s.<\/p>\n<p style=\"padding-left: 30px;\">3. Pour extraire les pierres, certains ont sugg\u00e9r\u00e9 que les \u00c9gyptiens auraient chauff\u00e9 la surface de la pierre \u00e0 une temp\u00e9rature tr\u00e8s \u00e9lev\u00e9e avec le feu, puis l&#039;auraient pulv\u00e9ris\u00e9e avec de l&#039;eau pour la faire fendre. Cette suggestion n&#039;est pas valide car\u00a0:<\/p>\n<p style=\"padding-left: 60px;\"><strong> Premi\u00e8rement<\/strong>, cette m\u00e9thode aboutit \u00e0 fournir des surfaces irr\u00e9guli\u00e8res et non \u00e0 r\u00e9aliser des blocs de forme r\u00e9guli\u00e8re. Cette m\u00e9thode ne peut \u00eatre utilis\u00e9e que pour r\u00e9duire de gros morceaux de gr\u00e8s, de granit ou de basalte en petits agr\u00e9gats fragment\u00e9s irr\u00e9guliers.<\/p>\n<p style=\"padding-left: 60px;\"><strong>Deuxi\u00e8mement<\/strong>, le chauffage par le feu transf\u00e8re le calcaire en chaux \u00e0 704<sup>o<\/sup> (1,300<sup>o<\/sup> F). Autrement dit, nous n\u2019avons plus de morceaux de roche solides. Ainsi, la production de blocs pyramidaux en chauffant du calcaire est impossible.<\/p>\n<p class=\"hanging-indent\" style=\"padding-left: 30px;\">4. Il existe environ dix longueurs de blocs standard dans toute la pyramide. De m\u00eame, un nombre limit\u00e9 de tailles standard s&#039;applique \u00e9galement dans d&#039;autres pyramides. Il est impossible de sculpter des dimensions aussi uniformes. Cependant, disposer de moules de formage de b\u00e9ton standardis\u00e9s est une conclusion plus logique.<\/p>\n<p><a href=\"http:\/\/egyptianwisdomcenter.org\/wp-content\/uploads\/2019\/02\/epr-ch7-photo1-96c.jpg\"><img fetchpriority=\"high\" decoding=\"async\" class=\"wp-image-1411 aligncenter\" src=\"http:\/\/egyptianwisdomcenter.org\/wp-content\/uploads\/2019\/02\/epr-ch7-photo1-96c.jpg\" alt=\"\" width=\"293\" height=\"219\" \/><\/a><\/p>\n<p class=\"hanging-indent\" style=\"padding-left: 30px;\">5. Un autre fait positif est la longueur de certains blocs. Il a \u00e9t\u00e9 remarqu\u00e9 que les blocs les plus longs des pyramides ont toujours la m\u00eame longueur. Il s\u2019agit l\u00e0 d\u2019une preuve extr\u00eamement solide en faveur de l\u2019utilisation de moules de coul\u00e9e.<\/p>\n<p><a href=\"http:\/\/egyptianwisdomcenter.org\/wp-content\/uploads\/2019\/02\/epr-ch7-photo2-96c.jpg\"><img decoding=\"async\" class=\"size-full wp-image-1412 aligncenter\" src=\"http:\/\/egyptianwisdomcenter.org\/wp-content\/uploads\/2019\/02\/epr-ch7-photo2-96c.jpg\" alt=\"\" width=\"288\" height=\"192\" \/><\/a><\/p>\n<h3><strong>c. La logistique de la th\u00e9orie des rampes fabriqu\u00e9es<\/strong><\/h3>\n<p class=\"hanging-indent\">\u0394 Il s\u2019agit d\u2019une invention totale, mais elle a \u00e9t\u00e9 r\u00e9p\u00e9t\u00e9e tellement de fois qu\u2019elle est devenue une <em>fait<\/em>, dans l&#039;esprit de la plupart des gens.<\/p>\n<p class=\"hanging-indent\">\u0394 H\u00e9rodote n&#039;a jamais mentionn\u00e9 de telles rampes. Son r\u00e9cit historique d\u00e9crit la chauss\u00e9e en pierre typique entre la base de la pyramide et le Temple de la Vall\u00e9e. Cette chauss\u00e9e \u00e9tait un \u00e9l\u00e9ment permanent qui mesurait, comme H\u00e9rodote l&#039;a d\u00e9crit, 3 300 pieds (1 006 m) de long, 60 pieds (18 m) de large et 48 pieds (15 m) de haut, et n&#039;\u00e9tait pas utilis\u00e9e pour transporter des blocs.<\/p>\n<p class=\"hanging-indent\">\u0394 De nombreux acad\u00e9miciens veulent croire que la seule mani\u00e8re de construire la pyramide consiste \u00e0 augmenter \u00e0 la fois la hauteur et la longueur d&#039;une rampe temporaire au fur et \u00e0 mesure qu&#039;elle s&#039;\u00e9l\u00e8ve aux niveaux successifs de la pyramide.<\/p>\n<p class=\"hanging-indent\">\u0394 Les gens qui sont bloqu\u00e9s sur la th\u00e9orie des rampes font r\u00e9f\u00e9rence \u00e0 ce qui semble \u00eatre une rampe de boue, trouv\u00e9e au complexe de Sekhemket \u00e0 Saqqarah. M\u00eame s\u2019il s\u2019agissait d\u2019une rampe, elle ne faisait que 7 m de haut. Les pyramides construites sont bien plus hautes que cela.<\/p>\n<p class=\"hanging-indent\">\u0394 L&#039;ing\u00e9nieur civil danois P. Garde-Hanson a calcul\u00e9 que pour construire une rampe jusqu&#039;au sommet de la pyramide de Kh\u00e9ops, il faudrait 17,5 millions de m\u00e8tres cubes (13,4 millions de m\u00e8tres cubes) de mat\u00e9riaux (7 fois la quantit\u00e9 n\u00e9cessaire pour la pyramide elle-m\u00eame). ). Une main d&#039;\u0153uvre de 240 000 personnes aurait \u00e9t\u00e9 n\u00e9cessaire pour construire une telle rampe, pendant les 23 ann\u00e9es de r\u00e8gne de Kh\u00e9ops.<\/p>\n<p class=\"hanging-indent\">\u0394 Le d\u00e9mant\u00e8lement de la rampe apr\u00e8s l&#039;ach\u00e8vement de la pyramide de Kh\u00e9ops aurait n\u00e9cessit\u00e9 300 000 personnes et huit ann\u00e9es suppl\u00e9mentaires. Une telle quantit\u00e9 de d\u00e9chets n\u2019est visible nulle part dans les environs et n\u2019a jamais \u00e9t\u00e9 mentionn\u00e9e par les historiens pr\u00e9c\u00e9dents.<\/p>\n<p class=\"hanging-indent\">\u0394 Apr\u00e8s avoir atteint des chiffres aussi incroyables, Garde-Hanson a th\u00e9oris\u00e9 une combinaison d&#039;une rampe et d&#039;un dispositif de levage. Il a \u00e9mis l\u2019hypoth\u00e8se d\u2019une rampe qui atteindrait la moiti\u00e9 de la pyramide. \u00c0 un tel niveau, environ 90 pour cent du mat\u00e9riel n\u00e9cessaire \u00e0 la pyramide aurait \u00e9t\u00e9 utilis\u00e9. Le deuxi\u00e8me \u00e9l\u00e9ment de sa th\u00e9orie modifi\u00e9e, \u00e0 savoir l&#039;existence d&#039;un myst\u00e9rieux dispositif de levage, \u00e9tait et est toujours une question non r\u00e9solue.<\/p>\n<p class=\"hanging-indent\" style=\"padding-left: 30px;\">Hypoth\u00e9tiquement, acceptons les th\u00e9ories de Garde-Hanson et essayons de visualiser les chiffres ahurissants : 4 000 carriers \u00e0 l&#039;ann\u00e9e produisant 330 blocs par jour. Pendant la saison des inondations, 4 000 blocs par jour sont transport\u00e9s vers le Nil, transport\u00e9s par ferry, hiss\u00e9s par la rampe jusqu&#039;au plateau de Gizeh et mis en place au c\u0153ur.<span style=\"text-decoration: underline;\">\u00e0 un rythme de 6,67 blocs par minute<\/span>! Imaginez 6,67 blocs toutes les 60 secondes\u00a0!<\/p>\n<p class=\"hanging-indent\" style=\"padding-left: 30px;\">Ce taux est impossible \u00e0 atteindre. C\u2019est une autre raison de n\u00e9gliger la validit\u00e9 des th\u00e9ories des carri\u00e8res et des rampes.<\/p>\n<p class=\"hanging-indent\">\u0394\u00a0 <span style=\"text-decoration: underline;\">Construire et retirer de telles rampes aurait \u00e9t\u00e9 une t\u00e2che bien plus grande que de construire n&#039;importe laquelle des pyramides elles-m\u00eames.<\/span>. Par cons\u00e9quent, alors que les acad\u00e9miciens imaginent des \u00ab moyens primitifs \u00bb pour les anciens \u00c9gyptiens, ils compliquent leurs propres th\u00e9ories infond\u00e9es.<\/p>\n<p style=\"text-align: center;\">\u0394 \u0394 \u0394<\/p>\n<h3><span style=\"color: #ff0000;\"><strong>2. Les trois pyramides oubli\u00e9es de Snefru<\/strong><\/span><\/h3>\n<p>Snefru, au cours de son r\u00e8gne de 24 ans, put construire les deux pyramides principales de Dahshur ainsi qu&#039;une troisi\u00e8me pyramide \u00e0 Meidum. Cela signifie qu&#039;au cours de son r\u00e8gne de 24 ans, il fut responsable de la production de quelque neuf millions de tonnes de pierre, soit plusieurs fois la quantit\u00e9 de la Grande Pyramide de Gizeh. M\u00eame essayer de calculer la logistique d\u2019un tel travail en utilisant des termes modernes est une t\u00e2che ardue.<\/p>\n<p style=\"text-align: center;\">\u0394 \u0394 \u0394<\/p>\n<h3><span style=\"color: #ff0000;\"><strong>3. Questions de synth\u00e8se r\u00e9futant la \u00ab th\u00e9orie commune \u00bb \u00e9labor\u00e9e en Occident<\/strong><\/span><\/h3>\n<p>En n\u2019ayant pas l\u2019esprit ouvert, ces acad\u00e9miciens ont rendu difficile la recherche de r\u00e9ponses \u00e0 de nombreuses questions.<\/p>\n<p>\u00c0 partir des \u00e9l\u00e9ments de la \u00ab th\u00e9orie commune \u00bb de la taille, du transport et du levage des pierres, comment pouvons-nous logiquement r\u00e9pondre aux questions suivantes\u00a0:<\/p>\n<p class=\"hanging-indent\" style=\"padding-left: 30px;\">1. O\u00f9 ont-ils obtenu l\u2019\u00e9norme quantit\u00e9 de mat\u00e9riaux n\u00e9cessaires \u00e0 la construction de cette pyramide et d\u2019autres ? Il n\u2019y a aucune preuve physique d\u2019une telle source ?<\/p>\n<p class=\"hanging-indent\" style=\"padding-left: 30px;\">2. Comment ont-ils r\u00e9ussi \u00e0 rendre les c\u00f4t\u00e9s inclin\u00e9s des pyramides absolument plats ?<\/p>\n<p class=\"hanging-indent\" style=\"padding-left: 30px;\">3. Comment ont-ils fait pour que les quatre c\u00f4t\u00e9s en pente se rejoignent en un point parfait au sommet\u00a0?<\/p>\n<p class=\"hanging-indent\" style=\"padding-left: 30px;\">4. Comment ont-ils rendu les niveaux si nivel\u00e9s\u00a0?<\/p>\n<p class=\"hanging-indent\" style=\"padding-left: 30px;\">5. Comment ont-ils coup\u00e9 les pierres pour qu\u2019elles s\u2019embo\u00eetent si pr\u00e9cis\u00e9ment ?<\/p>\n<p class=\"hanging-indent\" style=\"padding-left: 30px;\">6. Quels outils ont-ils utilis\u00e9s\u00a0?<\/p>\n<p class=\"hanging-indent\" style=\"padding-left: 30px;\">7. Comment le nombre requis de travailleurs (estim\u00e9 entre 240 et 300 000 personnes) pourrait-il man\u0153uvrer sur un chantier confin\u00e9 ?<\/p>\n<p class=\"hanging-indent\" style=\"padding-left: 30px;\">8. Comment ont-ils coup\u00e9 les blocs de mani\u00e8re si uniforme ?<\/p>\n<p class=\"hanging-indent\" style=\"padding-left: 30px;\">9. Comment ont-ils plac\u00e9 certains des blocs les plus lourds de la pyramide, \u00e0 des hauteurs aussi \u00e9lev\u00e9es ?<\/p>\n<p class=\"hanging-indent\" style=\"padding-left: 30px;\">10. Comment les 115 000 blocs de cuvelage ont-ils \u00e9t\u00e9 con\u00e7us pour s&#039;ajuster \u00e0 la largeur d&#039;un cheveu ou plus pr\u00e8s, comme ce fut le cas dans la pyramide de Kh\u00e9ops\u00a0?<\/p>\n<p class=\"hanging-indent\" style=\"padding-left: 30px;\">11. Comment tous les travaux ont-ils \u00e9t\u00e9 r\u00e9alis\u00e9s en 20 ans environ ?<\/p>\n<p>Toutes ces questions invalident la \u00ab th\u00e9orie commune \u00bb. Le bon sens, ainsi que les preuves physiques, conduisent \u00e0 la conclusion que les blocs ont \u00e9t\u00e9 fabriqu\u00e9s par l&#039;homme, comme nous l&#039;expliquerons plus loin.<\/p>\n<p>&nbsp;<\/p>\n<p><span style=\"color: #ff0000;\"><strong>[Un extrait de <\/strong><\/span><strong>Les pyramides \u00e9gyptiennes revisit\u00e9es par Moustafa Gadalla<\/strong><span style=\"color: #ff0000;\"><strong>]<br \/>\n<a href=\"https:\/\/egyptianwisdomcenter.org\/fr\/produit\/les-pyramides-degypte-revisitees-2\/\"><span style=\"color: #0000ff;\">https:\/\/egyptianwisdomcenter.org\/product\/les-pyramides-degypte-revisitees\/<\/span><\/a><br \/>\n<\/strong><\/span><img decoding=\"async\" class=\"aligncenter\" src=\"https:\/\/egyptianwisdomcenter.org\/wp-content\/uploads\/2023\/01\/les-pyramides-d-egypte-revisitees-1.jpg\" \/><\/p>\n<div dir=\"auto\" style=\"text-align: center;\"><a href=\"https:\/\/egyptianwisdomcenter.org\/fr\/produit\/les-pyramides-degypte-revisitees-2\/\"><span style=\"color: #ff0000;\"><strong><span style=\"color: #0000ff;\">https:\/\/egyptianwisdomcenter.org\/product\/les-pyramides-degypte-revisitees\/<\/span><\/strong><\/span><\/a><\/div>","protected":false},"excerpt":{"rendered":"<p>The Flawed &#8220;Common Construction Theory&#8221; Of The Pyramids &nbsp; 1. The Common &#8216;Theory&#8217; Many academic Egyptologists claim that there are no Ancient [&hellip;]<\/p>","protected":false},"author":3,"featured_media":0,"parent":0,"menu_order":0,"comment_status":"closed","ping_status":"closed","template":"","meta":{"footnotes":""},"class_list":["post-326","page","type-page","status-publish","hentry"],"aioseo_notices":[],"_links":{"self":[{"href":"https:\/\/egyptianwisdomcenter.org\/fr\/wp-json\/wp\/v2\/pages\/326","targetHints":{"allow":["GET"]}}],"collection":[{"href":"https:\/\/egyptianwisdomcenter.org\/fr\/wp-json\/wp\/v2\/pages"}],"about":[{"href":"https:\/\/egyptianwisdomcenter.org\/fr\/wp-json\/wp\/v2\/types\/page"}],"author":[{"embeddable":true,"href":"https:\/\/egyptianwisdomcenter.org\/fr\/wp-json\/wp\/v2\/users\/3"}],"replies":[{"embeddable":true,"href":"https:\/\/egyptianwisdomcenter.org\/fr\/wp-json\/wp\/v2\/comments?post=326"}],"version-history":[{"count":0,"href":"https:\/\/egyptianwisdomcenter.org\/fr\/wp-json\/wp\/v2\/pages\/326\/revisions"}],"wp:attachment":[{"href":"https:\/\/egyptianwisdomcenter.org\/fr\/wp-json\/wp\/v2\/media?parent=326"}],"curies":[{"name":"wp","href":"https:\/\/api.w.org\/{rel}","templated":true}]}}