{"id":361,"date":"2018-11-02T00:00:00","date_gmt":"2018-11-02T04:00:00","guid":{"rendered":"http:\/\/egyptianwisdomcenter.org\/sacred-geometry\/"},"modified":"2023-10-20T16:27:18","modified_gmt":"2023-10-20T20:27:18","slug":"sacred-geometry-2","status":"publish","type":"page","link":"https:\/\/egyptianwisdomcenter.org\/fr\/sacred-geometry-2\/","title":{"rendered":"G\u00e9om\u00e9trie sacr\u00e9e"},"content":{"rendered":"<h2 style=\"text-align: center;\"><span style=\"color: #ff0000;\">G\u00e9om\u00e9trie sacr\u00e9e<\/span><\/h2>\n<p>&nbsp;<\/p>\n<h3><span style=\"color: #0000ff;\"><strong>1. G\u00e9om\u00e9trie sacr\u00e9e de l&#039;architecture divine <\/strong><\/span><\/h3>\n<p>Pour les anciens \u00c9gyptiens, la g\u00e9om\u00e9trie \u00e9tait bien plus qu&#039;une \u00e9tude des points, des lignes, des surfaces et des solides, ainsi que de leurs propri\u00e9t\u00e9s et de leurs mesures. L\u2019harmonie inh\u00e9rente \u00e0 la g\u00e9om\u00e9trie \u00e9tait reconnue dans l\u2019\u00c9gypte ancienne comme l\u2019expression la plus convaincante d\u2019un plan divin qui sous-tend le monde \u2013 un plan m\u00e9taphysique qui d\u00e9termine le physique.<\/p>\n<p>Pour les anciens \u00c9gyptiens, la g\u00e9om\u00e9trie \u00e9tait le moyen par lequel l\u2019humanit\u00e9 pouvait comprendre les myst\u00e8res de l\u2019ordre divin. La g\u00e9om\u00e9trie existe partout dans la nature : son ordre sous-tend la structure de toutes choses, des mol\u00e9cules aux galaxies. La nature de la forme g\u00e9om\u00e9trique permet son fonctionnement. Une conception utilisant les principes de la g\u00e9om\u00e9trie sacr\u00e9e doit atteindre le m\u00eame objectif : utiliser la forme pour servir\/repr\u00e9senter une fonction.<\/p>\n<p>H\u00e9rodote, p\u00e8re de l\u2019histoire et grec d\u2019origine, a d\u00e9clar\u00e9 en 500 avant notre \u00e8re\u00a0:<\/p>\n<p style=\"padding-left: 30px;\"><strong><em>Maintenant, permettez-moi de parler davantage de l&#039;Egypte car elle a beaucoup de choses admirables et ce qu&#039;on y voit est sup\u00e9rieur \u00e0 n&#039;importe quel autre pays.<\/em><\/strong><\/p>\n<p>Les \u0153uvres de l&#039;\u00c9gyptien antique, grandes ou petites, sont admir\u00e9es de tous parce qu&#039;elles sont proportionnellement harmonieuses et, en tant que telles, font appel \u00e0 nos sentiments int\u00e9rieurs comme ext\u00e9rieurs. Ce concept de conception harmonieuse est commun\u00e9ment connu sous le nom de g\u00e9om\u00e9trie sacr\u00e9e, o\u00f9 toutes les figures peuvent \u00eatre dessin\u00e9es ou cr\u00e9\u00e9es \u00e0 l&#039;aide d&#039;une ligne droite (pas n\u00e9cessairement d&#039;une r\u00e8gle) et d&#039;un compas, c&#039;est-\u00e0-dire sans mesure (en fonction uniquement des proportions).<\/p>\n<p>&nbsp;<\/p>\n<h3><span style=\"color: #0000ff;\"><strong>2. La corde sacr\u00e9e \u00e9gyptienne [Outil]<\/strong><\/span><\/h3>\n<p>Puisque la g\u00e9om\u00e9trie sacr\u00e9e est bas\u00e9e sur des proportions harmoniques, l\u2019unit\u00e9 de distance (longueur) peut th\u00e9oriquement \u00eatre n\u2019importe quelle unit\u00e9. Le seul outil n\u00e9cessaire est une corde compos\u00e9e de 12 distances \u00e9galement espac\u00e9es. La distance unitaire peut \u00eatre petite ou grande, de mani\u00e8re \u00e0 s&#039;adapter \u00e0 la conception requise des \u0153uvres d&#039;art sur une toile, des statues ou \u00e0 la disposition des b\u00e2timents.<\/p>\n<p><img decoding=\"async\" class=\"size-full wp-image-68364 aligncenter\" src=\"https:\/\/egyptianwisdomcenter.org\/wp-content\/uploads\/2023\/10\/ema-7.2-200c-1-150x77-1.jpg\" alt=\"\" width=\"150\" height=\"77\" \/><\/p>\n<p>Les temples et autres b\u00e2timents de l\u2019\u00c9gypte ancienne \u00e9taient am\u00e9nag\u00e9s lors d\u2019une c\u00e9r\u00e9monie religieuse. Ce trac\u00e9 a \u00e9t\u00e9 r\u00e9alis\u00e9 par des personnes tr\u00e8s comp\u00e9tentes que les Grecs appellent <em>harp\u00e9donaptes.<\/em><\/p>\n<p>Les harp\u00e9donaptes sont des personnes qui adh\u00e9raient strictement aux principes de la g\u00e9om\u00e9trie sacr\u00e9e (en utilisant uniquement une ligne droite et un compas). Leur corde \u00e9tait (et est toujours, dans certaines parties de l\u2019\u00c9gypte actuelle) une corde tr\u00e8s sp\u00e9ciale compos\u00e9e d\u2019une corde \u00e0 13 n\u0153uds avec 12 distances \u00e9galement espac\u00e9es d\u2019une coud\u00e9e \u00e9gyptienne (1,72\u2032 ou 0,5236 m).<\/p>\n<p>Toute corde de 13 n\u0153uds \u00e9quidistants est l\u2019outil de base utilis\u00e9 pour \u00e9tablir diverses formes g\u00e9om\u00e9triques.<\/p>\n<p>&nbsp;<\/p>\n<h3><span style=\"color: #0000ff;\"><strong>3. Disposition g\u00e9n\u00e9rale des formes g\u00e9om\u00e9triques<\/strong><\/span><\/h3>\n<p>Les triangles sont les \u00e9l\u00e9ments constitutifs de toute conception.<\/p>\n<p>La formation la plus simple est le triangle \u00e9quilat\u00e9ral, qui peut \u00eatre trac\u00e9 avec la corde \u00e9gyptienne nou\u00e9e \u00e0 douze intervalles \u00e9gaux et enroul\u00e9e autour de trois piquets de mani\u00e8re \u00e0 former trois c\u00f4t\u00e9s mesurant chacun quatre unit\u00e9s.<\/p>\n<p>&nbsp;<\/p>\n<p><img decoding=\"async\" class=\"size-full wp-image-68377 aligncenter\" src=\"https:\/\/egyptianwisdomcenter.org\/wp-content\/uploads\/2023\/10\/ema-7.3-1-200c-1-150x150-1.jpg\" alt=\"\" width=\"150\" height=\"150\" srcset=\"https:\/\/egyptianwisdomcenter.org\/wp-content\/uploads\/2023\/10\/ema-7.3-1-200c-1-150x150-1.jpg 150w, https:\/\/egyptianwisdomcenter.org\/wp-content\/uploads\/2023\/10\/ema-7.3-1-200c-1-150x150-1-45x45.jpg 45w, https:\/\/egyptianwisdomcenter.org\/wp-content\/uploads\/2023\/10\/ema-7.3-1-200c-1-150x150-1-100x100.jpg 100w\" sizes=\"(max-width: 150px) 100vw, 150px\" \/><\/p>\n<p>&nbsp;<\/p>\n<p>La ligne joignant n\u2019importe quel coin au milieu du c\u00f4t\u00e9 oppos\u00e9 est sa perpendiculaire.<\/p>\n<p>Cependant, l&#039;origine de la disposition du b\u00e2timent historique r\u00e9side dans la mise en place du triangle 3:4:5 avec la corde \u00e9gyptienne, enroul\u00e9e autour de trois piquets de mani\u00e8re \u00e0 former trois c\u00f4t\u00e9s mesurant trois, quatre et cinq unit\u00e9s, ce qui fournit un angle de 90\u00b0. angle entre ses 3 et 4 c\u00f4t\u00e9s.<\/p>\n<p><img decoding=\"async\" class=\"size-full wp-image-68390 aligncenter\" src=\"https:\/\/egyptianwisdomcenter.org\/wp-content\/uploads\/2023\/10\/ema-7.3-2-300-150x140-1.jpg\" alt=\"\" width=\"150\" height=\"140\" \/><\/p>\n<p>&nbsp;<\/p>\n<p>C&#039;\u00e9tait une t\u00e2che relativement simple de tracer des rectangles et d&#039;autres figures g\u00e9om\u00e9triques plus complexes apr\u00e8s avoir \u00e9tabli le triangle rectangle 3:4:5.<\/p>\n<p>Un carr\u00e9 EBCF, par exemple, peut \u00eatre \u00e9tabli comme indiqu\u00e9 ci-dessous\u00a0:<\/p>\n<p><img loading=\"lazy\" decoding=\"async\" class=\"size-full wp-image-68403 aligncenter\" src=\"https:\/\/egyptianwisdomcenter.org\/wp-content\/uploads\/2023\/10\/ema-7.3-3-72c-1-1-150x121-1.jpg\" alt=\"\" width=\"150\" height=\"121\" \/><\/p>\n<p>&nbsp;<\/p>\n<p>(A) Construisez deux triangles 3:4:5 avec une diagonale AC commune.<\/p>\n<p style=\"padding-left: 30px;\">(B) Connectez FE o\u00f9 FC = EB = 3 unit\u00e9s.<\/p>\n<p>La corde \u00e9gyptienne peut \u00eatre utilis\u00e9e comme boussole pour tracer des courbes circulaires, comme le montre le sch\u00e9ma ci-dessous.<\/p>\n<p><img loading=\"lazy\" decoding=\"async\" class=\"size-medium wp-image-68416 aligncenter\" src=\"https:\/\/egyptianwisdomcenter.org\/wp-content\/uploads\/2023\/10\/Capture-300x82.png\" alt=\"\" width=\"300\" height=\"82\" srcset=\"https:\/\/egyptianwisdomcenter.org\/wp-content\/uploads\/2023\/10\/Capture-300x82.png 300w, https:\/\/egyptianwisdomcenter.org\/wp-content\/uploads\/2023\/10\/Capture-230x63.png 230w, https:\/\/egyptianwisdomcenter.org\/wp-content\/uploads\/2023\/10\/Capture-350x95.png 350w, https:\/\/egyptianwisdomcenter.org\/wp-content\/uploads\/2023\/10\/Capture.png 404w\" sizes=\"(max-width: 300px) 100vw, 300px\" \/><\/p>\n<p>&nbsp;<\/p>\n<p>D&#039;autres formes, telles que le triangle ou le rectangle Neb (d&#039;or) 8:5, comme indiqu\u00e9 ci-dessous, peuvent \u00e9galement \u00eatre \u00e9tablies avec la corde \u00e9gyptienne.<\/p>\n<p>&nbsp;<\/p>\n<p>&nbsp;<\/p>\n<p>[Pour voir la formation d&#039;une grande vari\u00e9t\u00e9 de formes g\u00e9om\u00e9triques, lisez <em>G\u00e9om\u00e9trie sacr\u00e9e et num\u00e9rologie <\/em>par ce m\u00eame auteur.]<\/p>\n<p>Le symbole hi\u00e9roglyphique du neter (dieu) R\u00ea, la force cr\u00e9atrice cosmique, est le cercle. Lorsque la corde est enroul\u00e9e selon un cercle complet, arch\u00e9type de la cr\u00e9ation, nous constatons que le rayon de ce cercle sacr\u00e9 est \u00e9gal \u00e0 1,91 coud\u00e9es. En convertissant cette mesure de 1,91 coud\u00e9es de rayon dans le syst\u00e8me m\u00e9trique, nous obtenons exactement 1 m\u00e8tre (1,91 x 0,5236). 1 m\u00e8tre = 1\/100 000\u00e8me \u2013 partie du quart du m\u00e9ridien terrestre. En d\u2019autres termes, cette corde \u00e9gyptienne particuli\u00e8re \u00e0 13 n\u0153uds et l\u2019unit\u00e9 de mesure \u00e9gyptienne connue sous le nom de coud\u00e9e sont bas\u00e9es sur la mesure de la circonf\u00e9rence de la Terre.<\/p>\n<p>&nbsp;<\/p>\n<p><img loading=\"lazy\" decoding=\"async\" class=\"size-medium wp-image-68429 aligncenter\" src=\"https:\/\/egyptianwisdomcenter.org\/wp-content\/uploads\/2023\/10\/Capture1-300x128.png\" alt=\"\" width=\"300\" height=\"128\" srcset=\"https:\/\/egyptianwisdomcenter.org\/wp-content\/uploads\/2023\/10\/Capture1-300x128.png 300w, https:\/\/egyptianwisdomcenter.org\/wp-content\/uploads\/2023\/10\/Capture1-230x98.png 230w, https:\/\/egyptianwisdomcenter.org\/wp-content\/uploads\/2023\/10\/Capture1.png 345w\" sizes=\"(max-width: 300px) 100vw, 300px\" \/><\/p>\n<p>Tout au long de ce livre, vous constaterez que cette corde est le seul outil n\u00e9cessaire pour \u00e9tablir toutes les formes g\u00e9om\u00e9triques sacr\u00e9es, d&#039;une ligne droite \u00e0 une courbe en passant par d&#039;autres formes.<\/p>\n<p>&nbsp;<\/p>\n<p><span style=\"color: #ff0000;\"><strong>[Un extrait de <\/strong><\/span><strong>L&#039;architecture m\u00e9taphysique de l&#039;\u00c9gypte ancienne<\/strong><span style=\"color: #ff0000;\"><strong> par Moustafa Gadalla]<br \/>\n<a href=\"https:\/\/egyptianwisdomcenter.org\/fr\/produit\/larchitecture-metaphysique-des-anciens-egyptiens-2\/\"><span style=\"color: #0000ff;\">https:\/\/egyptianwisdomcenter.org\/product\/the-ancient-egyptian-metaphysical-architecture\/<\/span><\/a><br \/>\n<\/strong><\/span><\/p>\n<p><img decoding=\"async\" class=\"aligncenter\" src=\"https:\/\/egyptianwisdomcenter.org\/wp-content\/uploads\/2023\/01\/l-architecture-metaphysique-des-anciens-egyptiens-1.jpg\" \/><\/p>\n<p style=\"text-align: center;\"><span style=\"color: #ff0000;\"><strong><a href=\"https:\/\/egyptianwisdomcenter.org\/fr\/produit\/larchitecture-metaphysique-des-anciens-egyptiens-2\/\"><span style=\"color: #0000ff;\">https:\/\/egyptianwisdomcenter.org\/product\/the-ancient-egyptian-metaphysical-architecture\/<\/span><\/a><br \/>\n<\/strong><\/span><\/p>\n<p>&nbsp;<\/p>\n<div dir=\"auto\"><\/div>","protected":false},"excerpt":{"rendered":"<p>Sacred Geometry &nbsp; 1. Sacred Geometry Of Divine Architecture Geometry to the Ancient Egyptians was much more than a study of points, [&hellip;]<\/p>","protected":false},"author":3,"featured_media":0,"parent":0,"menu_order":0,"comment_status":"closed","ping_status":"closed","template":"","meta":{"footnotes":""},"class_list":["post-361","page","type-page","status-publish","hentry"],"aioseo_notices":[],"_links":{"self":[{"href":"https:\/\/egyptianwisdomcenter.org\/fr\/wp-json\/wp\/v2\/pages\/361","targetHints":{"allow":["GET"]}}],"collection":[{"href":"https:\/\/egyptianwisdomcenter.org\/fr\/wp-json\/wp\/v2\/pages"}],"about":[{"href":"https:\/\/egyptianwisdomcenter.org\/fr\/wp-json\/wp\/v2\/types\/page"}],"author":[{"embeddable":true,"href":"https:\/\/egyptianwisdomcenter.org\/fr\/wp-json\/wp\/v2\/users\/3"}],"replies":[{"embeddable":true,"href":"https:\/\/egyptianwisdomcenter.org\/fr\/wp-json\/wp\/v2\/comments?post=361"}],"version-history":[{"count":2,"href":"https:\/\/egyptianwisdomcenter.org\/fr\/wp-json\/wp\/v2\/pages\/361\/revisions"}],"predecessor-version":[{"id":68442,"href":"https:\/\/egyptianwisdomcenter.org\/fr\/wp-json\/wp\/v2\/pages\/361\/revisions\/68442"}],"wp:attachment":[{"href":"https:\/\/egyptianwisdomcenter.org\/fr\/wp-json\/wp\/v2\/media?parent=361"}],"curies":[{"name":"wp","href":"https:\/\/api.w.org\/{rel}","templated":true}]}}