{"id":366,"date":"2018-11-04T00:00:00","date_gmt":"2018-11-04T04:00:00","guid":{"rendered":"http:\/\/egyptianwisdomcenter.org\/the-three-roles-of-each-egyptian-hieroglyphic-image\/"},"modified":"2023-01-03T00:36:24","modified_gmt":"2023-01-03T05:36:24","slug":"the-three-roles-of-each-egyptian-hieroglyphic-image-2","status":"publish","type":"page","link":"https:\/\/egyptianwisdomcenter.org\/fr\/les-trois-roles-de-chaque-image-hieroglyphique-egyptienne-2\/","title":{"rendered":"Les trois r\u00f4les de chaque image hi\u00e9roglyphique \u00e9gyptienne"},"content":{"rendered":"<h2 style=\"text-align: center;\"><span style=\"color: #ff0000;\"><strong>Les trois r\u00f4les de chaque image hi\u00e9roglyphique \u00e9gyptienne<\/strong><\/span><\/h2>\n<p>&nbsp;<\/p>\n<p>Les \u00ab Hi\u00e9roglyphes \u00bb d&#039;Horapollon sont le seul v\u00e9ritable trait\u00e9 hi\u00e9roglyphique conserv\u00e9 de l&#039;Antiquit\u00e9 classique. Il se compose de deux livres, l&#039;un contenant 70 chapitres et l&#039;autre 119\u00a0; chacun traitant d&#039;un hi\u00e9roglyphe particulier.<\/p>\n<p>Les relations entre signe et signification \u00e9taient, selon Horapollon, toujours de nature all\u00e9gorique, et elles \u00e9taient toujours \u00e9tablies au moyen d&#039;un raisonnement \u00ab philosophique \u00bb.<\/p>\n<p>En cons\u00e9quence, chaque hi\u00e9roglyphe \u00e9gyptien a un court titre d\u00e9crivant soit le hi\u00e9roglyphe lui-m\u00eame en termes simples (comme, par exemple, \u00ab l&#039;explication de l&#039;image d&#039;un faucon \u00bb), soit indiquant la nature du sujet all\u00e9gorique \u00e0 expliquer, comme \u00ab comment signifier l&#039;\u00e9ternit\u00e9 \u00bb ou \u00ab comment signifier l&#039;univers \u00bb.<\/p>\n<p>De m\u00eame, Cl\u00e9ment d&#039;Alexandrie, dans <em>Stromates Livre V, <\/em>Le chapitre IV, nous raconte les deux r\u00f4les principaux (litt\u00e9ral et symbolique) des hi\u00e9roglyphes \u00e9gyptiens, et comment ces derniers (<strong>Symbolique<\/strong>) contient deux r\u00f4les : \u00eatre <strong>figuratif <\/strong>et <strong>all\u00e9gorique [mystique]<\/strong>:<\/p>\n<p style=\"padding-left: 30px;\"><strong><em>\u00ab Le hi\u00e9roglyphe \u00e9gyptien, dont un aspect est litt\u00e9ral par les premiers \u00e9l\u00e9ments, et l&#039;autre symbolique.<\/em><\/strong><\/p>\n<p style=\"padding-left: 30px;\"><strong><em>Parmi les symboliques, les uns parlent litt\u00e9ralement par imitation, les autres \u00e9crivent pour ainsi dire au sens figur\u00e9 ; et un autre est tout \u00e0 fait all\u00e9gorique, utilisant certaines \u00e9nigmes.<\/em><\/strong><\/p>\n<p><strong>[JE]<\/strong>\u00a0Sur le premier r\u00f4le\/sujet \u2013 litt\u00e9ralement, par imitation \u2013 le discours de Cl\u00e9ment <em>Stromates Livre V, <\/em>le chapitre IV continue :<\/p>\n<p style=\"padding-left: 30px;\"><strong><em>\u00ab Voulant exprimer Soleil par \u00e9crit, ils font un cercle ; et la Lune, une figure comme la Lune, comme sa forme propre \u00bb.<\/em><\/strong><\/p>\n<p><strong>[II]<\/strong>\u00a0Au deuxi\u00e8me<strong>\u00a0<\/strong>r\u00f4le\/sujet\u2014<strong>figuratif-<\/strong>chez Cl\u00e9ment <em>Stromates Livre V, <\/em>Le chapitre IV continue :<\/p>\n<p style=\"padding-left: 30px;\"><strong><em>\u00ab Mais en utilisant le style figuratif, en transposant et en transf\u00e9rant,<\/em><\/strong><br \/>\n<strong><em>en changeant et en se transformant de toutes les mani\u00e8res qui leur conviennent, ils dessinent des personnages \u00bb.<\/em><\/strong><\/p>\n<p><strong>[III]<\/strong>\u00a0Sur le troisi\u00e8me r\u00f4le\/sujet\u2014<strong>all\u00e9gorique<\/strong>\u2014 Chez Cl\u00e9ment <em>Stromates Livre V, <\/em>Le chapitre IV continue :<\/p>\n<p style=\"padding-left: 30px;\"><strong><em>\u00ab\u00a0Que ce qui suit soit consid\u00e9r\u00e9 comme un sp\u00e9cimen de la troisi\u00e8me esp\u00e8ce, l&#039;Enigmatique. Pour le reste des \u00e9toiles, \u00e0 cause de leur course oblique, elles ont repr\u00e9sent\u00e9 comme des corps de serpents ; mais le soleil, comme celui d&#039;un scarab\u00e9e, parce qu&#039;il fait une figure ronde de bouse de b\u0153uf et la roule devant sa face. Et on dit que cette cr\u00e9ature vit six mois sous terre, et l&#039;autre partie de l&#039;ann\u00e9e en surface, qu&#039;elle jette sa semence dans la boule et qu&#039;elle met bas ; et qu\u2019il n\u2019y a pas de femelle scarab\u00e9e.<\/em><\/strong><\/p>\n<p>Cl\u00e9ment, comme TOUS les \u00e9crivains classiques de l&#039;Antiquit\u00e9, affirmait que les hi\u00e9roglyphes \u00e9gyptiens repr\u00e9sentent de v\u00e9ritables images de la loi divine. Les relations entre signe et sens ont toujours \u00e9t\u00e9 de nature all\u00e9gorique et ont toujours \u00e9t\u00e9 \u00e9tablies au moyen d&#039;un raisonnement \u00ab philosophique \u00bb.<\/p>\n<p>Pour r\u00e9sumer, l\u2019\u00e9criture hi\u00e9roglyphique symbolique est essentiellement divis\u00e9e en trois r\u00f4les\u00a0:<\/p>\n<p style=\"padding-left: 30px;\">1) l&#039;Imitatif (un objet se repr\u00e9sente)<br \/>\n2) le Figuratif (un objet repr\u00e9sente une de ses qualit\u00e9s) ; et<br \/>\n3) l&#039;all\u00e9gorique (un objet est li\u00e9 par des processus conceptuels \u00e9nigmatiques)<\/p>\n<p>En fait, ces cat\u00e9gories d\u00e9crivent les relations entre les formes visuelles et leurs significations. Une forme visuelle peut \u00eatre mim\u00e9tique ou imitative, copiant directement les caract\u00e9ristiques de l&#039;objet qu&#039;elle repr\u00e9sente ; il peut \u00eatre associatif, sugg\u00e9rant des attributs qui ne sont pas visuellement pr\u00e9sents, tels que des propri\u00e9t\u00e9s abstraites incapables d&#039;une repr\u00e9sentation litt\u00e9rale\u00a0; et enfin, il peut \u00eatre symbolique, n&#039;ayant de sens que lorsqu&#039;il est d\u00e9cod\u00e9 selon des conventions ou des syst\u00e8mes de connaissances qui, m\u00eame s&#039;ils ne sont pas intrins\u00e8quement visuels, sont communiqu\u00e9s par des moyens visuels.<\/p>\n<p>Chaque hi\u00e9roglyphe particulier peut \u00eatre expos\u00e9 \u00e0 partir de<\/p>\n<p style=\"padding-left: 30px;\">\u2013 signification \u00e9vidente\/directe du signe, ou<br \/>\n\u2013 par les emplois sp\u00e9cifiques de chacun dans les diff\u00e9rents contextes.<\/p>\n<p>Les r\u00e8gles r\u00e9gissant la conception des all\u00e9gories et des symboles, avec leurs distinctions subtiles entre comparaisons cyriologiques, tropologiques, m\u00e9taphoriques, anaglyphiques et \u00e9nigmatiques, ont rendu possibles de telles interpr\u00e9tations symboliques.<\/p>\n<p><strong>De tels expos\u00e9s hi\u00e9roglyphiques combinent l\u2019ensemble des connaissances religieuses, philosophiques et scientifiques dans une vision grandiose d\u2019une cosmologie vivante.<\/strong><\/p>\n<p>Tous les \u00e9crivains antiques de l\u2019Antiquit\u00e9 sont d\u2019accord, comme le philosophe n\u00e9o-platonicien Lamblichus, qui \u00e9crivait, dans son <em>Les myst\u00e8res<\/em>: <strong>&quot;<em>Les caract\u00e8res hi\u00e9roglyphiques \u00e9gyptiens n\u2019ont pas \u00e9t\u00e9 cr\u00e9\u00e9s par hasard ou par folie, mais avec une grande ing\u00e9niosit\u00e9, \u00e0 l\u2019exemple de la nature. Divers auteurs h\u00e9breux et arabes \u00e9taient du m\u00eame avis. Ils ne consacrent \u00ab pas les histoires ou les \u00e9loges des rois, mais les plus hauts myst\u00e8res de la Divinit\u00e9 \u00bb.<\/em><\/strong><\/p>\n<p>Les aspects \u00e0 trois niveaux des images hi\u00e9roglyphiques \u00e9gyptiennes sont coh\u00e9rents avec la pens\u00e9e \u00e9gyptienne g\u00e9n\u00e9rale de la conscience transcendantaliste \u2013 la correspondance entre conscience et conscience \u2013 et il en va de m\u00eame pour toute conscience possible ; et donc, le monde. Dans les textes \u00e9gyptiens, il n&#039;y a pas de distinction artificielle entre \u00ab sacr\u00e9 \u00bb et \u00ab mondain \u00bb.<\/p>\n<p>C&#039;est la base de la \u00ab th\u00e9orie des correspondances \u00bb, et en fait de tout le symbolisme traditionnel dans lequel un v\u00e9ritable symbole est impr\u00e9gn\u00e9 d&#039;une partie de la puissance de son original. Contrairement \u00e0 la vision anthropologique selon laquelle l&#039;origine des symboles r\u00e9side dans de simples similitudes, cette doctrine les consid\u00e8re comme des r\u00e9alit\u00e9s primaires dont la relation r\u00e9elle est per\u00e7ue par l&#039;intellect sup\u00e9rieur de l&#039;homme.<\/p>\n<p>Il doit y avoir quelque chose d&#039;identique dans une image et dans ce qu&#039;elle repr\u00e9sente \u2013 une identit\u00e9 de la \u00ab structure latente \u00bb.<\/p>\n<p>L&#039;id\u00e9ogramme est un mode pr\u00e9cis de repr\u00e9sentation de la r\u00e9alit\u00e9. L\u2019interpr\u00e9tation traditionnelle de la communication pr\u00e9tend traiter le signe mat\u00e9riel comme la simple apparence d\u2019une r\u00e9alit\u00e9 id\u00e9ale sous-jacente.<\/p>\n<p>Repr\u00e9senter n\u2019est pas synonyme de copier la nature ; L\u2019\u00e9criture id\u00e9ogrammique n\u2019est mim\u00e9tique que dans le sens o\u00f9 elle tente de mettre en \u0153uvre des processus naturels.<\/p>\n<p>La diff\u00e9rence entre les images et le monde est que le monde est \u00ab la somme totale de la r\u00e9alit\u00e9 \u00bb, mais qu&#039;une image \u00ab repr\u00e9sente seulement une situation dans l&#039;espace logique \u00bb.<\/p>\n<p>Les id\u00e9ogrammes peuvent \u00eatre d\u00e9finis comme des images destin\u00e9es \u00e0 repr\u00e9senter des choses ou des pens\u00e9es. Il existe deux sortes d&#039;id\u00e9ogrammes :<\/p>\n<p style=\"padding-left: 30px;\">1) Images ou repr\u00e9sentations r\u00e9elles d\u2019objets\u00a0;<br \/>\n2) Des symboles picturaux, utilis\u00e9s pour sugg\u00e9rer des id\u00e9es abstraites.<\/p>\n<p>&nbsp;<\/p>\n<div dir=\"auto\">\n<p><span style=\"color: #ff0000;\"><strong>[Un extrait de <\/strong><\/span><strong>Le hi\u00e9roglyphe \u00e9gyptien : langage m\u00e9taphysique par Moustafa Gadalla<\/strong><span style=\"color: #ff0000;\"><strong>]<br \/>\n<a href=\"https:\/\/egyptianwisdomcenter.org\/fr\/produit\/le-langage-metaphysique-des-hieroglyphes-egyptiens-2\/\"><span style=\"color: #0000ff;\">https:\/\/egyptianwisdomcenter.org\/product\/le-langage-metaphysique-des-hieroglyphes-egyptiens\/<\/span><\/a><br \/>\n<\/strong><\/span><\/p>\n<p><img decoding=\"async\" class=\"aligncenter\" src=\"https:\/\/egyptianwisdomcenter.org\/wp-content\/uploads\/2023\/01\/le-langage-metaphysique-des-hieroglyphes-egyptiens-4.jpg\" \/><\/p>\n<div dir=\"auto\" style=\"text-align: center;\"><a href=\"https:\/\/egyptianwisdomcenter.org\/fr\/produit\/le-langage-metaphysique-des-hieroglyphes-egyptiens-2\/\"><span style=\"color: #ff0000;\"><strong><span style=\"color: #0000ff;\">https:\/\/egyptianwisdomcenter.org\/product\/le-langage-metaphysique-des-hieroglyphes-egyptiens\/<\/span><\/strong><\/span><\/a><\/div>\n<\/div>","protected":false},"excerpt":{"rendered":"<p>The Three Roles Of Each Egyptian Hieroglyphic Image &nbsp; The \u2018Hieroglyphics\u2019 of Horapollo is the only true hieroglyphic treatise preserved from classical [&hellip;]<\/p>","protected":false},"author":3,"featured_media":0,"parent":0,"menu_order":0,"comment_status":"closed","ping_status":"closed","template":"","meta":{"footnotes":""},"class_list":["post-366","page","type-page","status-publish","hentry"],"aioseo_notices":[],"_links":{"self":[{"href":"https:\/\/egyptianwisdomcenter.org\/fr\/wp-json\/wp\/v2\/pages\/366","targetHints":{"allow":["GET"]}}],"collection":[{"href":"https:\/\/egyptianwisdomcenter.org\/fr\/wp-json\/wp\/v2\/pages"}],"about":[{"href":"https:\/\/egyptianwisdomcenter.org\/fr\/wp-json\/wp\/v2\/types\/page"}],"author":[{"embeddable":true,"href":"https:\/\/egyptianwisdomcenter.org\/fr\/wp-json\/wp\/v2\/users\/3"}],"replies":[{"embeddable":true,"href":"https:\/\/egyptianwisdomcenter.org\/fr\/wp-json\/wp\/v2\/comments?post=366"}],"version-history":[{"count":0,"href":"https:\/\/egyptianwisdomcenter.org\/fr\/wp-json\/wp\/v2\/pages\/366\/revisions"}],"wp:attachment":[{"href":"https:\/\/egyptianwisdomcenter.org\/fr\/wp-json\/wp\/v2\/media?parent=366"}],"curies":[{"name":"wp","href":"https:\/\/api.w.org\/{rel}","templated":true}]}}