{"id":379,"date":"2018-11-04T00:00:00","date_gmt":"2018-11-04T04:00:00","guid":{"rendered":"http:\/\/egyptianwisdomcenter.org\/sacred-geometry-and-natural-sciences\/"},"modified":"2023-01-03T01:44:03","modified_gmt":"2023-01-03T06:44:03","slug":"sacred-geometry-and-natural-sciences-2","status":"publish","type":"page","link":"https:\/\/egyptianwisdomcenter.org\/fr\/geometrie-sacree-et-sciences-naturelles-2\/","title":{"rendered":"G\u00e9om\u00e9trie sacr\u00e9e et sciences naturelles"},"content":{"rendered":"<h2 style=\"text-align: center;\"><span style=\"color: #ff0000;\"><strong>G\u00e9om\u00e9trie sacr\u00e9e et sciences naturelles<\/strong><\/span><\/h2>\n<p>&nbsp;<\/p>\n<p>Pour les \u00c9gyptiens de l\u2019Antiquit\u00e9, la g\u00e9om\u00e9trie \u00e9tait bien plus qu\u2019une \u00e9tude de points, de lignes, de surfaces et de solides ; et leurs propri\u00e9t\u00e9s et mesures. L\u2019harmonie h\u00e9rit\u00e9e de la g\u00e9om\u00e9trie \u00e9tait reconnue dans l\u2019\u00c9gypte ancienne comme l\u2019expression la plus convaincante d\u2019un plan divin qui sous-tend le monde \u2013 un plan m\u00e9taphysique qui d\u00e9termine le physique.<\/p>\n<p>Pour les anciens \u00c9gyptiens, la g\u00e9om\u00e9trie \u00e9tait le moyen par lequel l\u2019humanit\u00e9 pouvait comprendre les myst\u00e8res de l\u2019ordre divin. La g\u00e9om\u00e9trie existe partout dans la nature : son ordre sous-tend la structure de toutes choses, des mol\u00e9cules aux galaxies. La nature de la forme g\u00e9om\u00e9trique permet son fonctionnement. La conception, utilisant les principes de la g\u00e9om\u00e9trie sacr\u00e9e, doit atteindre le m\u00eame objectif\u00a0; c&#039;est-\u00e0-dire un formulaire pour servir\/repr\u00e9senter une fonction.<\/p>\n<p>La g\u00e9om\u00e9trie sacr\u00e9e traite non seulement des proportions des figures g\u00e9om\u00e9triques, mais aussi des relations harmonieuses des parties avec le tout, comme les parties de l&#039;\u00eatre humain dans leurs relations les unes avec les autres, la structure des plantes et des animaux et les formes. de cristaux et d\u2019objets naturels, qui sont tous des manifestations du continuum universel.<\/p>\n<p>La cl\u00e9 de la proportion harmonique divine (g\u00e9om\u00e9trie sacr\u00e9e) est la relation entre la progression de la croissance et la proportion. La proportion harmonique et la progression sont l&#039;essence de l&#039;univers cr\u00e9\u00e9. Cela correspond \u00e0 la nature qui nous entoure. La nature qui nous entoure suit cette relation harmonieuse. La progression naturelle suit une s\u00e9rie popularis\u00e9e en Occident sous le nom de \u00ab s\u00e9rie Fibonacci \u00bb.<\/p>\n<p>Puisque cette s\u00e9rie existait avant Fibonacci (n\u00e9 en 1179 CE), elle ne devrait pas porter son nom. Fibonacci lui-m\u00eame et ses commentateurs occidentaux n\u2019ont m\u00eame pas affirm\u00e9 qu\u2019il s\u2019agissait de sa \u00ab cr\u00e9ation \u00bb. Appelons-le tel qu&#039;il est : un <em>S\u00e9rie de synth\u00e8se<\/em>. Il s&#039;agit d&#039;une s\u00e9rie progressive dans laquelle vous commencez par les deux premiers nombres du syst\u00e8me \u00e9gyptien antique, c&#039;est-\u00e0-dire 2 et 3. Ensuite, vous ajoutez leur total au nombre pr\u00e9c\u00e9dent, et ainsi de suite. Tout chiffre est la somme des deux pr\u00e9c\u00e9dents. La s\u00e9rie serait donc : 2, 3, 5, 8, 13, 21, 34, 55, 89, 144, 233, 377, 610, etc.<\/p>\n<p>Cette s\u00e9rie se refl\u00e8te dans toute la nature. Le nombre de graines d\u2019un tournesol, les p\u00e9tales de n\u2019importe quelle fleur, la disposition des pommes de pin, la croissance d\u2019une coquille de nautile, etc. \u2013 suivent tous le m\u00eame sch\u00e9ma de ces s\u00e9ries.<\/p>\n<p>Des preuves accablantes indiquent que la s\u00e9rie Sommation \u00e9tait connue des anciens \u00c9gyptiens. Les plans \u00e9gyptiens antiques des temples et des tombeaux, tout au long de sa longue histoire, montrent que les \u00e9l\u00e9ments majeurs des temples sont positionn\u00e9s le long de leur axe longitudinal, suivant les num\u00e9ros cons\u00e9cutifs de la s\u00e9rie de sommation (2, 3, 5, 8, 13, 21, 34, 55, 89, 144, 233, 377, 610, etc.).<\/p>\n<p>Une fois que les dimensions des monuments \u00e9gyptiens antiques sont indiqu\u00e9es dans les unit\u00e9s \u00e9gyptiennes antiques de la coud\u00e9e (1,72 pi\/0,528 m), il devient clair que la s\u00e9rie Summation est une id\u00e9e originale des anciens Egyptiens. La s\u00e9rie de sommations est parfaitement conforme et peut \u00eatre consid\u00e9r\u00e9e comme une expression des math\u00e9matiques \u00e9gyptiennes, qui ont \u00e9t\u00e9 d\u00e9finies par chacun comme une th\u00e9orie essentiellement <em>proc\u00e9dure additive<\/em>.<\/p>\n<p>Il existe des preuves de la connaissance de la s\u00e9rie de sommation depuis le temple pyramidal (appel\u00e9 \u00e0 tort morgue) de Khafra (Chephren) \u00e0 Gizeh, construit en 2500 avant notre \u00e8re (environ 3 700 ans avant Fibonacci).<\/p>\n<p>Les points essentiels du temple [montr\u00e9s ici] sont conformes \u00e0 la s\u00e9rie de sommation, qui atteint le chiffre de 233 coud\u00e9es dans sa longueur totale, mesur\u00e9e \u00e0 partir de la pyramide, avec DIX nombres cons\u00e9cutifs de la s\u00e9rie.<\/p>\n<p><a href=\"http:\/\/egyptianwisdomcenter.org\/wp-content\/uploads\/2019\/02\/aecr-ch12-1.jpg\"><img fetchpriority=\"high\" decoding=\"async\" class=\"wp-image-875 aligncenter\" src=\"http:\/\/egyptianwisdomcenter.org\/wp-content\/uploads\/2019\/02\/aecr-ch12-1-143x300.jpg\" alt=\"\" width=\"186\" height=\"390\" \/><\/a><\/p>\n<p>Concernant l&#039;application \u00e9troite actuelle du terme \u00ab g\u00e9om\u00e9trie \u00bb, tous les aspects de notre g\u00e9om\u00e9trie moderne ont \u00e9t\u00e9 perfectionn\u00e9s dans l&#039;\u00c9gypte ancienne il y a longtemps. Leurs connaissances avanc\u00e9es sont clairement \u00e9videntes dans quelques papyrus r\u00e9cup\u00e9r\u00e9s, commun\u00e9ment appel\u00e9s papyrus \u00ab math\u00e9matiques \u00bb de l\u2019\u00c9gypte ancienne. Plus de d\u00e9tails concernant ces papyrus seront fournis ult\u00e9rieurement.<\/p>\n<p>&nbsp;<\/p>\n<p><span style=\"color: #ff0000;\"><strong>[Un extrait de <\/strong><\/span><strong>\u00c9gyptien ancien : la culture r\u00e9v\u00e9l\u00e9e, deuxi\u00e8me \u00e9dition<\/strong><span style=\"color: #ff0000;\"><strong> par Moustafa Gadalla]<br \/>\n<a href=\"https:\/\/egyptianwisdomcenter.org\/fr\/produit\/la-culture-de-legypte-ancienne-revelee-2\/\"><span style=\"color: #0000ff;\">https:\/\/egyptianwisdomcenter.org\/product\/la-culture-de-legypte-ancienne-revelee\/<\/span><\/a><br \/>\n<\/strong><\/span><\/p>\n<p><img decoding=\"async\" class=\"aligncenter\" src=\"https:\/\/egyptianwisdomcenter.org\/wp-content\/uploads\/2023\/01\/la-culture-de-l-egypte-ancienne-revelee-4.jpg\" \/><\/p>\n<p style=\"text-align: center;\"><a href=\"https:\/\/egyptianwisdomcenter.org\/fr\/produit\/la-culture-de-legypte-ancienne-revelee-2\/\"><span style=\"color: #ff0000;\"><strong><span style=\"color: #0000ff;\">https:\/\/egyptianwisdomcenter.org\/product\/la-culture-de-legypte-ancienne-revelee\/<\/span><\/strong><\/span><\/a><\/p>\n<div dir=\"auto\"><\/div>","protected":false},"excerpt":{"rendered":"<p>Sacred Geometry And Natural Sciences &nbsp; Geometry, to the Ancient Egyptians, was much more than a study of points, lines, surfaces, and [&hellip;]<\/p>","protected":false},"author":3,"featured_media":0,"parent":0,"menu_order":0,"comment_status":"closed","ping_status":"closed","template":"","meta":{"footnotes":""},"class_list":["post-379","page","type-page","status-publish","hentry"],"aioseo_notices":[],"_links":{"self":[{"href":"https:\/\/egyptianwisdomcenter.org\/fr\/wp-json\/wp\/v2\/pages\/379","targetHints":{"allow":["GET"]}}],"collection":[{"href":"https:\/\/egyptianwisdomcenter.org\/fr\/wp-json\/wp\/v2\/pages"}],"about":[{"href":"https:\/\/egyptianwisdomcenter.org\/fr\/wp-json\/wp\/v2\/types\/page"}],"author":[{"embeddable":true,"href":"https:\/\/egyptianwisdomcenter.org\/fr\/wp-json\/wp\/v2\/users\/3"}],"replies":[{"embeddable":true,"href":"https:\/\/egyptianwisdomcenter.org\/fr\/wp-json\/wp\/v2\/comments?post=379"}],"version-history":[{"count":0,"href":"https:\/\/egyptianwisdomcenter.org\/fr\/wp-json\/wp\/v2\/pages\/379\/revisions"}],"wp:attachment":[{"href":"https:\/\/egyptianwisdomcenter.org\/fr\/wp-json\/wp\/v2\/media?parent=379"}],"curies":[{"name":"wp","href":"https:\/\/api.w.org\/{rel}","templated":true}]}}