{"id":382,"date":"2018-11-04T00:00:00","date_gmt":"2018-11-04T04:00:00","guid":{"rendered":"http:\/\/egyptianwisdomcenter.org\/squaring-the-circle\/"},"modified":"2023-10-21T12:22:12","modified_gmt":"2023-10-21T16:22:12","slug":"squaring-the-circle-2","status":"publish","type":"page","link":"https:\/\/egyptianwisdomcenter.org\/fr\/la-quadrature-du-cercle-2\/","title":{"rendered":"La quadrature du cercle"},"content":{"rendered":"<h2 style=\"text-align: center;\"><span style=\"color: #ff0000;\"><strong>La quadrature du cercle<\/strong><\/span><\/h2>\n<h3 style=\"text-align: center;\"><span style=\"color: #0000ff;\"><strong>La manifestation de la cr\u00e9ation<\/strong><\/span><\/h3>\n<p>&nbsp;<\/p>\n<p>Pour les \u00c9gyptiens de l\u2019Antiquit\u00e9, la \u00ab quadrature du cercle \u00bb repr\u00e9sentait la r\u00e9alisation de la cr\u00e9ation \u2013 le processus de transformation du concept de cr\u00e9ation en sa manifestation r\u00e9elle.<\/p>\n<p>Une telle transformation est refl\u00e9t\u00e9e et \u00e9vidente dans tous les papyrus \u00ab math\u00e9matiques \u00bb de l\u2019\u00c9gypte ancienne. Dans tous ces papyrus, l&#039;aire d&#039;un cercle \u00e9tait obtenue par <strong>la quadrature du cercle<\/strong>. Le diam\u00e8tre \u00e9tait toujours repr\u00e9sent\u00e9 par 9 coud\u00e9es. Les papyrus \u00e9gyptiens antiques assimilent le cercle de 9 coud\u00e9es de diam\u00e8tre \u00e0 un carr\u00e9 de 8 coud\u00e9es de c\u00f4t\u00e9.<\/p>\n<p><img decoding=\"async\" class=\"size-full wp-image-68458 aligncenter\" src=\"https:\/\/egyptianwisdomcenter.org\/wp-content\/uploads\/2023\/10\/eh-49-300-150x150-1.jpg\" alt=\"\" width=\"150\" height=\"150\" srcset=\"https:\/\/egyptianwisdomcenter.org\/wp-content\/uploads\/2023\/10\/eh-49-300-150x150-1.jpg 150w, https:\/\/egyptianwisdomcenter.org\/wp-content\/uploads\/2023\/10\/eh-49-300-150x150-1-45x45.jpg 45w, https:\/\/egyptianwisdomcenter.org\/wp-content\/uploads\/2023\/10\/eh-49-300-150x150-1-100x100.jpg 100w\" sizes=\"(max-width: 150px) 100vw, 150px\" \/><\/p>\n<p>Le chiffre 9, comme le diam\u00e8tre, repr\u00e9sente l&#039;Enn\u00e9ade, le groupe de 9 neteru (dieux, d\u00e9esses) qui ont produit les ingr\u00e9dients de la cr\u00e9ation. Les 9 sont tous des aspects de Re, la force cr\u00e9atrice cosmique primitive dont le symbole est\/\u00e9tait le cercle.<\/p>\n<p>8 correspond au monde physique tel que nous le vivons. 8 est le nombre de Thot, et \u00e0 Khmunu (Hermopolis), Thot est connu comme le <strong>Ma\u00eetre de la Cit\u00e9 des Huit.<\/strong><\/p>\n<p>Musicalement, le rapport 8:9 est le son parfait. Le rapport 8:9 est pr\u00e9sent dans les \u0153uvres \u00e9gyptiennes antiques, comme la proportion de la chambre int\u00e9rieure du sanctuaire sup\u00e9rieur du temple de Louxor.<\/p>\n<p>Les sch\u00e9mas m\u00e9taphysiques sous-jacents de l&#039;univers manifest\u00e9 sont repr\u00e9sent\u00e9s dans la relation entre <strong>la quadrature du cercle <\/strong>(Re et Thot \u2013 con\u00e7us et manifest\u00e9s).<\/p>\n<p>Thot a transform\u00e9 le concept de cr\u00e9ation (symbolis\u00e9 dans un cercle) en une r\u00e9alit\u00e9 physique et m\u00e9taphysique. Une telle transformation se refl\u00e8te dans le processus \u00e9gyptien de \u00ab la quadrature du cercle \u00bb.<\/p>\n<p>L&#039;aire d&#039;un cercle de 9 coud\u00e9es comme diam\u00e8tre = 63,61725.<\/p>\n<p>L&#039;aire d&#039;un cercle carr\u00e9 de 8 coud\u00e9es de c\u00f4t\u00e9 = 64.<\/p>\n<p>La diff\u00e9rence = 64 \u2013 63,61725 = 0,38.<\/p>\n<p>Une telle diff\u00e9rence = 0,6%, ce qui refl\u00e8te la consid\u00e9ration \u00e9gyptienne antique d&#039;un l\u00e9ger \u00e9cart par rapport \u00e0 la perfection dans le monde manifest\u00e9.<\/p>\n<p>Un bon exemple de cette l\u00e9g\u00e8re imperfection est l\u2019orbite de la Terre autour du soleil, qui suit une forme elliptique et non un cercle parfait.<\/p>\n<p>Musicalement, le rapport 8:9 est le son parfait.<\/p>\n<p>Le rapport 8:9 = 2 \u00e0 sa puissance 3 et 3 \u00e0 sa puissance 2. C&#039;est la relation parfaite entre les r\u00e9ciproques de 2 et 3 et leurs puissances r\u00e9ciproques de 3 et 2. Les nombres 2 et 3 sont les deux nombres cosmiques primaires, comme nous le verrons au chapitre 9 de ce livre.<\/p>\n<p>Les murs du temple \u00e9gyptien \u00e9taient recouverts d&#039;images anim\u00e9es, notamment de hi\u00e9roglyphes, pour faciliter la communication entre le haut et le bas.<\/p>\n<p>Le cadre \u00e9gyptien antique \u00e9tait g\u00e9n\u00e9ralement un carr\u00e9, repr\u00e9sentant le monde manifest\u00e9 (la quadrature du cercle). De plus, la grille carr\u00e9e elle-m\u00eame avait une signification symbolique pour le monde manifest\u00e9, ce qui facilitait \u00e9galement la construction des rectangles racines de 2, 3 et 5, sur\/par le fond du ou des carr\u00e9s. Les coins des carr\u00e9s et des rectangles de racine \u00e9taient d\u00e9finis par des encoches le long du p\u00e9rim\u00e8tre ou soigneusement d\u00e9finis par des lignes incis\u00e9es.<\/p>\n<p>&nbsp;<\/p>\n<p><span style=\"color: #ff0000;\"><strong>[Un extrait de <span style=\"color: #000000;\">L&#039;architecture m\u00e9taphysique de l&#039;\u00c9gypte ancienne<\/span> par Moustafa Gadalla]<br \/>\n<a href=\"https:\/\/egyptianwisdomcenter.org\/fr\/produit\/larchitecture-metaphysique-des-anciens-egyptiens-2\/\"><span style=\"color: #0000ff;\">https:\/\/egyptianwisdomcenter.org\/product\/the-ancient-egyptian-metaphysical-architecture\/<\/span><\/a><br \/>\n<\/strong><\/span><\/p>\n<p><img decoding=\"async\" class=\"aligncenter\" src=\"https:\/\/egyptianwisdomcenter.org\/wp-content\/uploads\/2023\/01\/l-architecture-metaphysique-des-anciens-egyptiens-1.jpg\" \/><\/p>\n<p style=\"text-align: center;\"><a href=\"https:\/\/egyptianwisdomcenter.org\/fr\/produit\/larchitecture-metaphysique-des-anciens-egyptiens-2\/\"><span style=\"color: #0000ff;\"><strong>https:\/\/egyptianwisdomcenter.org\/product\/the-ancient-egyptian-metaphysical-architecture\/<\/strong><\/span><\/a><\/p>\n<div dir=\"auto\"><\/div>\n<div dir=\"auto\"><\/div>","protected":false},"excerpt":{"rendered":"<p>Squaring The Circle The Manifestation Of Creation &nbsp; \u201cSquaring the circle\u201d for the Ancient Egyptians represented the realization of creation\u2014the transformation process [&hellip;]<\/p>","protected":false},"author":3,"featured_media":0,"parent":0,"menu_order":0,"comment_status":"closed","ping_status":"closed","template":"","meta":{"footnotes":""},"class_list":["post-382","page","type-page","status-publish","hentry"],"aioseo_notices":[],"_links":{"self":[{"href":"https:\/\/egyptianwisdomcenter.org\/fr\/wp-json\/wp\/v2\/pages\/382","targetHints":{"allow":["GET"]}}],"collection":[{"href":"https:\/\/egyptianwisdomcenter.org\/fr\/wp-json\/wp\/v2\/pages"}],"about":[{"href":"https:\/\/egyptianwisdomcenter.org\/fr\/wp-json\/wp\/v2\/types\/page"}],"author":[{"embeddable":true,"href":"https:\/\/egyptianwisdomcenter.org\/fr\/wp-json\/wp\/v2\/users\/3"}],"replies":[{"embeddable":true,"href":"https:\/\/egyptianwisdomcenter.org\/fr\/wp-json\/wp\/v2\/comments?post=382"}],"version-history":[{"count":4,"href":"https:\/\/egyptianwisdomcenter.org\/fr\/wp-json\/wp\/v2\/pages\/382\/revisions"}],"predecessor-version":[{"id":68471,"href":"https:\/\/egyptianwisdomcenter.org\/fr\/wp-json\/wp\/v2\/pages\/382\/revisions\/68471"}],"wp:attachment":[{"href":"https:\/\/egyptianwisdomcenter.org\/fr\/wp-json\/wp\/v2\/media?parent=382"}],"curies":[{"name":"wp","href":"https:\/\/api.w.org\/{rel}","templated":true}]}}