{"id":383,"date":"2018-11-04T00:00:00","date_gmt":"2018-11-04T04:00:00","guid":{"rendered":"http:\/\/egyptianwisdomcenter.org\/the-sacred-ratios\/"},"modified":"2023-01-06T00:14:11","modified_gmt":"2023-01-06T05:14:11","slug":"the-sacred-ratios-2","status":"publish","type":"page","link":"https:\/\/egyptianwisdomcenter.org\/fr\/les-ratios-sacres-2\/","title":{"rendered":"Les ratios sacr\u00e9s"},"content":{"rendered":"<h2 style=\"text-align: center;\"><span style=\"color: #0000ff;\"><strong>Les \u00ab ratios \u00bb sacr\u00e9s<\/strong><\/span><\/h2>\n<p>&nbsp;<\/p>\n<p>Les anciens \u00c9gyptiens connaissaient <em>nombres transcendantaux<\/em> <em>pi<\/em> et <em>phi<\/em>. Ils ont manifest\u00e9 leur savoir dans les proportions harmonieuses de leurs b\u00e2timents et de leurs \u0153uvres d&#039;art.<\/p>\n<p><span style=\"color: #ff0000;\"><strong>1. La proportion d&#039;or<\/strong> <\/span>(lequel <em>num\u00e9riquement<\/em> = 1,618), auquel les universitaires occidentaux ont r\u00e9cemment attribu\u00e9 un symbole arbitraire \u2013 la lettre de l\u2019alphabet grec \u03c6 (phi) \u2013 \u00e9tait connue et utilis\u00e9e bien avant les Grecs. Et le pire, c\u2019est qu\u2019il n\u2019existe aucune preuve factuelle que les Grecs le savaient !<\/p>\n<p>L&#039;int\u00e9grit\u00e9 et l&#039;honn\u00eatet\u00e9 exigent qu&#039;un terme \u00e9gyptien ancien soit utilis\u00e9 pour d\u00e9signer cette proportion\u00a0; c&#039;est-\u00e0-dire la proportion Neb (dor\u00e9e). Neb signifie or ; divin. Cette proportion est \u00e9galement connue dans les textes occidentaux sous le nom de <em>Dor\u00e9 <\/em>et <em>Divin<\/em>, depuis le 19\u00e8me si\u00e8cle.<\/p>\n<p>La proportion Neb (dor\u00e9e) peut \u00eatre d\u00e9riv\u00e9e math\u00e9matiquement de la s\u00e9rie de sommation, dont les anciens \u00c9gyptiens ont manifest\u00e9 leur connaissance il y a au moins 4 500 ans. Au fur et \u00e0 mesure que la S\u00e9rie de Somme progresse (2, 3, 5, 8, 13, 21, 34, 55, 89, 144,\u2026), le rapport entre les nombres successifs tend vers la Proportion Neb (Or). Les ratios 55:34, 89:55, 144:89, etc. ont tous la m\u00eame \u00ab valeur \u00bb de 1,618. Comme indiqu\u00e9 pr\u00e9c\u00e9demment, les temples et sanctuaires de l\u2019\u00c9gypte ancienne ont \u00e9t\u00e9 segment\u00e9s selon les num\u00e9ros progressifs de la s\u00e9rie Summation \u2013 les points significatifs le long de l\u2019axe du plan de construction.<\/p>\n<p>La proportion Neb (dor\u00e9e) peut \u00e9galement \u00eatre d\u00e9riv\u00e9e graphiquement, de plusieurs mani\u00e8res qui \u00e9taient toutes courantes dans les b\u00e2timents \u00e9gyptiens tout au long de son histoire dynastique. [Voir le d\u00e9tail des diff\u00e9rentes mani\u00e8res de <em>L&#039;architecture m\u00e9taphysique de l&#039;\u00c9gypte ancienne <\/em>par Moustafa Gadalla.]<\/p>\n<p><span style=\"color: #ff0000;\"><strong>2. L&#039;indice du cercle<\/strong><\/span> est la repr\u00e9sentation fonctionnelle du cercle. C&#039;est le rapport entre la circonf\u00e9rence du cercle et son diam\u00e8tre. Il est popularis\u00e9 dans le monde universitaire occidental par la lettre grecque <em>pi <\/em>et \u00e9tant donn\u00e9 une valeur de 3,1415927.<\/p>\n<p>Les \u00c9gyptiens ont manifest\u00e9 leur connaissance des propri\u00e9t\u00e9s du cercle et d&#039;autres courbes d\u00e8s leurs archives survivantes. Un document de la 3e dynastie [~ 2630 avant notre \u00e8re] montre la d\u00e9finition de la courbe d&#039;un toit, \u00e0 Saqqarah, par un syst\u00e8me de coordonn\u00e9es [illustr\u00e9 ici]. Cela montre que leur connaissance du cercle leur a permis de calculer les coordonn\u00e9es le long de cette courbe verticale. En cons\u00e9quence, les ouvriers du b\u00e2timent suivaient des dimensions pr\u00e9cises dans leurs courbes circulaires ex\u00e9cut\u00e9es.<\/p>\n<p><a href=\"http:\/\/egyptianwisdomcenter.org\/wp-content\/uploads\/2019\/02\/aecr-ch12-2-72c-1.jpg\"><img decoding=\"async\" class=\"size-full wp-image-1086 aligncenter\" src=\"http:\/\/egyptianwisdomcenter.org\/wp-content\/uploads\/2019\/02\/aecr-ch12-2-72c-1.jpg\" alt=\"\" width=\"151\" height=\"124\" \/><\/a><\/p>\n<p>Les \u00c9gyptiens avaient \u00e9galement construit leurs chapiteaux avec neuf \u00e9l\u00e9ments, et parfois avec sept, en plus de polygones \u00e0 6, 8, 11 et 13 c\u00f4t\u00e9s, car ils connaissaient les propri\u00e9t\u00e9s du cercle et sa relation avec les coordonn\u00e9es perpendiculaires et d&#039;autres figures g\u00e9om\u00e9triques.<\/p>\n<p>Une telle application \u00e9tait \u00e9vidente en \u00c9gypte au moins 2 000 ans avant qu\u2019Archim\u00e8de ne parvienne sur cette terre.<\/p>\n<p><span style=\"text-decoration: underline; color: #ff0000;\">La disposition typique des portes de l&#039;\u00c9gypte ancienne incorporait les deux ratios sacr\u00e9s (pi et phi)<\/span>, comme montr\u00e9 et expliqu\u00e9 ici.<\/p>\n<p><a href=\"http:\/\/egyptianwisdomcenter.org\/wp-content\/uploads\/2019\/02\/epr-ph-pyrpower3.jpg\"><img decoding=\"async\" class=\"wp-image-877 aligncenter\" src=\"http:\/\/egyptianwisdomcenter.org\/wp-content\/uploads\/2019\/02\/epr-ph-pyrpower3.jpg\" alt=\"\" width=\"168\" height=\"280\" \/><\/a><\/p>\n<p style=\"padding-left: 30px;\">1. Le contour g\u00e9n\u00e9ral dans le plan vertical est le double carr\u00e9, rapport 1:2. [H = 2B]<\/p>\n<p style=\"padding-left: 30px;\">2. La largeur de l&#039;ouverture est bas\u00e9e sur un carr\u00e9 inscrit dans un demi-cercle, la mani\u00e8re typique de l&#039;\u00c9gypte ancienne de proportionner un rectangle racine de cinq. Ainsi, l\u2019\u00e9paisseur du montant de porte est \u00e9gale \u00e0 0,618 de la largeur de l\u2019ouverture.<\/p>\n<p style=\"padding-left: 30px;\">3. La hauteur de l&#039;ouverture (h) = 3,1415 = pi<\/p>\n<p>&nbsp;<\/p>\n<div dir=\"auto\">\n<p><strong><span style=\"color: #ff0000;\">[Un extrait de\u00a0<\/span><\/strong><strong>\u00c9gyptien ancien : la culture r\u00e9v\u00e9l\u00e9e, deuxi\u00e8me \u00e9dition<span style=\"color: #ff0000;\"> par Moustafa Gadalla]<br \/>\n<a href=\"https:\/\/egyptianwisdomcenter.org\/fr\/produit\/la-culture-de-legypte-ancienne-revelee-2\/\"><span style=\"color: #0000ff;\">https:\/\/egyptianwisdomcenter.org\/product\/la-culture-de-legypte-ancienne-revelee\/<\/span><\/a><br \/>\n<\/span><\/strong><\/p>\n<p><img decoding=\"async\" class=\"aligncenter\" src=\"https:\/\/egyptianwisdomcenter.org\/wp-content\/uploads\/2023\/01\/la-culture-de-l-egypte-ancienne-revelee-4.jpg\" \/><\/p>\n<div dir=\"auto\" style=\"text-align: center;\"><a href=\"https:\/\/egyptianwisdomcenter.org\/fr\/produit\/la-culture-de-legypte-ancienne-revelee-2\/\"><span style=\"color: #0000ff;\"><strong>https:\/\/egyptianwisdomcenter.org\/product\/la-culture-de-legypte-ancienne-revelee\/<\/strong><\/span><\/a><\/div>\n<\/div>","protected":false},"excerpt":{"rendered":"<p>The Sacred \u201cRatios\u201d &nbsp; The Ancient Egyptians knew the transcendental numbers pi and phi. They manifested their knowledge in their harmonic proportioning [&hellip;]<\/p>","protected":false},"author":3,"featured_media":0,"parent":0,"menu_order":0,"comment_status":"closed","ping_status":"closed","template":"","meta":{"footnotes":""},"class_list":["post-383","page","type-page","status-publish","hentry"],"aioseo_notices":[],"_links":{"self":[{"href":"https:\/\/egyptianwisdomcenter.org\/fr\/wp-json\/wp\/v2\/pages\/383","targetHints":{"allow":["GET"]}}],"collection":[{"href":"https:\/\/egyptianwisdomcenter.org\/fr\/wp-json\/wp\/v2\/pages"}],"about":[{"href":"https:\/\/egyptianwisdomcenter.org\/fr\/wp-json\/wp\/v2\/types\/page"}],"author":[{"embeddable":true,"href":"https:\/\/egyptianwisdomcenter.org\/fr\/wp-json\/wp\/v2\/users\/3"}],"replies":[{"embeddable":true,"href":"https:\/\/egyptianwisdomcenter.org\/fr\/wp-json\/wp\/v2\/comments?post=383"}],"version-history":[{"count":0,"href":"https:\/\/egyptianwisdomcenter.org\/fr\/wp-json\/wp\/v2\/pages\/383\/revisions"}],"wp:attachment":[{"href":"https:\/\/egyptianwisdomcenter.org\/fr\/wp-json\/wp\/v2\/media?parent=383"}],"curies":[{"name":"wp","href":"https:\/\/api.w.org\/{rel}","templated":true}]}}